{"id":2127,"date":"2024-11-27T10:58:20","date_gmt":"2024-11-27T09:58:20","guid":{"rendered":"https:\/\/www.amserv.de\/?page_id=2127"},"modified":"2026-03-03T11:03:47","modified_gmt":"2026-03-03T10:03:47","slug":"amserv-als-arbeitgeber","status":"publish","type":"page","link":"https:\/\/www.amserv.de\/en\/company\/career\/amserv-als-arbeitgeber\/","title":{"rendered":"AMServ als Arbeitgeber"},"content":{"rendered":"<h1>AMServ: Ihre Zukunft, unser Antrieb!<\/h1>\n<div>\n<p><strong>AMServ als Arbeitgeber<\/strong><\/p>\n<\/div>\n<div>\n<p>Bei AMServ sind wir mehr als nur ein Unternehmen \u2013 wir sind eine Gemeinschaft von Innovator*innen, Probleml\u00f6ser*innen und Vision\u00e4r*innen. Unsere Leidenschaft f\u00fcr exzellenten Service und technologische Fortschritte treibt uns an, die besten L\u00f6sungen f\u00fcr unsere Kund*innen zu entwickeln. Wir sind davon \u00fcberzeugt, dass unser Erfolg direkt mit dem Engagement und der Kreativit\u00e4t unserer <strong>\u00fcber 145 Mitarbeitenden<\/strong> verbunden ist.<\/p>\n<p>Unsere Mission ist es, durch erstklassige Dienstleistungen und innovative L\u00f6sungen einen echten Mehrwert f\u00fcr unsere Kund*innen zu schaffen. Wir setzen auf Qualit\u00e4t, Zuverl\u00e4ssigkeit, Effizienz und Nachhaltigkeit in allem, was wir tun.<\/p>\n<\/div>\n<h4>Warum AMServ?<\/h4>\n<div>\n<p>Wenn Sie sich f\u00fcr eine Karriere bei AMServ entscheiden, entscheiden Sie sich f\u00fcr ein dynamisches Arbeitsumfeld, in dem Ihre Ideen gesch\u00e4tzt werden. Wir bieten Ihnen:<\/p>\n<\/div>\n<ul>\n<li>\n<div>\n<p><strong>Entwicklungsm\u00f6glichkeiten:<\/strong> Wir investieren in Ihre berufliche Weiterbildung und pers\u00f6nliche Entwicklung.<\/p>\n<\/div>\n<\/li>\n<li>\n<div>\n<p><strong>Vielf\u00e4ltige Karrierem\u00f6glichkeiten:<\/strong> Egal ob Sie am Anfang Ihrer Karriere stehen oder bereits Erfahrung mitbringen \u2013 bei uns finden Sie den richtigen Platz.<\/p>\n<\/div>\n<\/li>\n<li>\n<div>\n<p><strong>Ein unterst\u00fctzendes Team:<\/strong> Arbeiten Sie mit talentierten Kolleginnen und Kollegen zusammen, die Ihre Leidenschaft teilen und bereit sind, gemeinsam zu wachsen. Wir glauben an die Kraft der Zusammenarbeit. Gemeinsam erreichen wir mehr.<\/p>\n<\/div>\n<\/li>\n<li>\n<div>\n<p><strong>Flexible Arbeitsmodelle:<\/strong> Wir verstehen die Bedeutung einer ausgewogenen Work-Life-Balance und bieten flexible Arbeitszeiten sowie Homeoffice-M\u00f6glichkeiten.<\/p>\n<\/div>\n<\/li>\n<li>\n<div>\n<p><strong>Innovation:<\/strong> Wir f\u00f6rdern kreative Ideen und neue Ans\u00e4tze, um Herausforderungen zu meistern.<\/p>\n<\/div>\n<\/li>\n<li>\n<div>\n<p><strong>Integrit\u00e4t:<\/strong> Ehrlichkeit und Transparenz sind die Grundlagen unseres Schaffens.<\/p>\n<\/div>\n<\/li>\n<li>\n<div>\n<p><strong>Kunden- und Mitarbeiterorientierung:<\/strong> Die Zufriedenheit unserer Kund*innen und Mitarbeitenden steht im Mittelpunkt unseres Handelns.<\/p>\n<\/div>\n<\/li>\n<\/ul>\n<div>Zus\u00e4tzliche Benefits<\/div>\n<div>\n<p>Bei AMSERV k\u00fcmmern wir uns um das Wohlbefinden unserer Mitarbeitenden. Zu unseren attraktiven Zusatzleistungen geh\u00f6ren unter anderem:<\/p>\n<\/div>\n<ul>\n<li>\n<p>        <img decoding=\"async\" src=\"\/wp-content\/uploads\/2025\/03\/AMServ_kostenloses-Trinkwasser.svg\" alt=\"\"><\/p>\n<div>\n<p><strong>Kostenloses Wasser:<\/strong> Bleiben Sie hydratisiert! Bei uns gibt es kostenloses Wasser f\u00fcr alle Mitarbeitenden.<\/p>\n<\/div>\n<\/li>\n<li>\n<p>        <img decoding=\"async\" src=\"\/wp-content\/uploads\/2025\/03\/AMServ_kostenloses-Obst.svg\" alt=\"\"><\/p>\n<div>\n<p><strong>Obstkorb: <\/strong>Genie\u00dfen Sie frisches Obst an unseren Standorten \u2013 gesund und lecker!<\/p>\n<\/div>\n<\/li>\n<li>\n<p>        <img decoding=\"async\" src=\"\/wp-content\/uploads\/2025\/03\/AMServ_Jobrad.svg\" alt=\"\"><\/p>\n<div>\n<p><strong>JobRad:<\/strong> Nutzen Sie unser JobRad-Angebot und fahren Sie mit einem Dienstrad zur Arbeit \u2013 gut f\u00fcr die Umwelt und Ihre Gesundheit!<\/p>\n<\/div>\n<\/li>\n<li>\n<p>        <img decoding=\"async\" src=\"\/wp-content\/uploads\/2025\/03\/AMServ_Team-Events.svg\" alt=\"\"><\/p>\n<div><strong>Team Events:<\/strong> Besuchen Sie regelm\u00e4\u00dfige Team Events.<\/div>\n<\/li>\n<li>\n<p>        <img decoding=\"async\" src=\"\/wp-content\/uploads\/2025\/03\/AMServ_Corporate-Benefits.svg\" alt=\"\"><\/p>\n<div><strong>Corporate Benefits:<\/strong> Attraktive Angebote von starken Marken, einl\u00f6sbar in Online-Shops und Filialen.<\/div>\n<\/li>\n<\/ul>\n<div>Werden Sie Teil unseres Teams!<\/div>\n<div>\n<p>Sind Sie bereit, Ihre Karriere auf das n\u00e4chste Level zu heben? Schauen Sie sich unsere aktuellen <a href=\"https:\/\/www.amserv.de\/unternehmen\/karriere\/stellenangebote-fach-und-fuehrungskraefte\/\">Stellenangebote<\/a> an und entdecken Sie die M\u00f6glichkeiten bei AMServ.<\/p>\n<\/div>\n<p><p>\n        <a href=\"\/unternehmen\/karriere\/stellenangebote-fach-und-fuehrungskraefte\/#listings\">Offene Stellenausschreibungen<\/a>\n    <\/p>\n<\/p>\n<h4>Kontakt<\/h4>\n<p><img decoding=\"async\" src=\"\/wp-content\/uploads\/2024\/11\/amserv_patrick-beck.jpg\" alt=\"\"><\/p>\n<div>\n<p><strong>AMServ Gruppe<\/strong><br \/>Patrick Beck<br \/>Leiter Personal<\/p>\n<\/div>\n<div>\n<p>    <img decoding=\"async\" src=\"\/wp-content\/uploads\/2024\/03\/phone.svg\" alt=\"\"><\/p>\n<p><a href=\"tel:+498000267378\"><\/p>\n<p><a href=\"tel:+491625366252\" class=\"google-event\" data-event-action=\"telefonnummer_geklickt\" data-event-category=\"Kontakt\" data-event-label=\"+491625366252\">+49 (0) 162 5366252<\/a><\/p>\n<p><\/a><\/p>\n<\/div>\n<p><iframe src=\"https:\/\/youtube.com\/shorts\/waj38xUNrvM?si=QL6MY2OkOPvnGc7t\"><\/iframe><\/p>\n<p><!--more--><br \/>\n<!-- {\"type\":\"layout\",\"children\":[{\"type\":\"section\",\"props\":{\"image\":\"wp-content\/uploads\/2024\/12\/amserv_Header_Arbeitgeber.jpg\",\"image_position\":\"center-center\",\"image_size\":\"cover\",\"padding_bottom\":\"xlarge\",\"padding_top\":\"xlarge\",\"style\":\"default\",\"title_breakpoint\":\"xl\",\"title_position\":\"top-left\",\"title_rotation\":\"left\",\"vertical_align\":\"\",\"width\":\"\"},\"children\":[{\"type\":\"row\",\"children\":[{\"type\":\"column\",\"props\":{\"image_position\":\"center-center\",\"position_sticky_breakpoint\":\"m\"}}]}],\"name\":\"Headerbild\"},{\"type\":\"section\",\"props\":{\"image_position\":\"center-center\",\"padding_bottom\":\"none\",\"padding_top\":\"none\",\"style\":\"muted\",\"title_breakpoint\":\"xl\",\"title_position\":\"top-left\",\"title_rotation\":\"left\",\"vertical_align\":\"\",\"width\":\"default\"},\"children\":[{\"type\":\"row\",\"children\":[{\"type\":\"column\",\"props\":{\"image_position\":\"center-center\",\"position_sticky_breakpoint\":\"m\"},\"children\":[{\"type\":\"breadcrumbs\",\"props\":{\"home_text\":\"Home\",\"show_current\":true,\"show_home\":true}}]}]}],\"name\":\"Breadcrumbs\"},{\"type\":\"section\",\"props\":{\"image_position\":\"center-center\",\"padding_bottom\":\"small\",\"padding_top\":\"small\",\"style\":\"default\",\"title_breakpoint\":\"xl\",\"title_position\":\"top-left\",\"title_rotation\":\"left\",\"vertical_align\":\"\",\"width\":\"default\"},\"children\":[{\"type\":\"row\",\"props\":{\"layout\":\"2-3,1-3\"},\"children\":[{\"type\":\"column\",\"props\":{\"image_position\":\"center-center\",\"position_sticky_breakpoint\":\"m\",\"width_medium\":\"2-3\"},\"children\":[{\"type\":\"headline\",\"props\":{\"content\":\"AMServ: Ihre Zukunft, unser Antrieb!\",\"image_align\":\"left\",\"image_margin\":\"xsmall\",\"title_element\":\"h1\"}},{\"type\":\"text\",\"props\":{\"column_breakpoint\":\"m\",\"content\":\"\n\n<p><strong>AMServ als Arbeitgeber<\/strong><\/p>\n\n\",\"margin_bottom\":\"default\",\"margin_top\":\"remove\"}},{\"type\":\"text\",\"props\":{\"column_breakpoint\":\"m\",\"content\":\"\n\n<p>Bei AMServ sind wir mehr als nur ein Unternehmen \u2013 wir sind eine Gemeinschaft von Innovator*innen, Probleml\u00f6ser*innen und Vision\u00e4r*innen. Unsere Leidenschaft f\u00fcr exzellenten Service und technologische Fortschritte treibt uns an, die besten L\u00f6sungen f\u00fcr unsere Kund*innen zu entwickeln. Wir sind davon \u00fcberzeugt, dass unser Erfolg direkt mit dem Engagement und der Kreativit\u00e4t unserer <strong>\u00fcber 145 Mitarbeitenden<\/strong> verbunden ist.<\/p>\n\n\\n\n\n<p>Unsere Mission ist es, durch erstklassige Dienstleistungen und innovative L\u00f6sungen einen echten Mehrwert f\u00fcr unsere Kund*innen zu schaffen. Wir setzen auf Qualit\u00e4t, Zuverl\u00e4ssigkeit, Effizienz und Nachhaltigkeit in allem, was wir tun.<\/p>\n\n\",\"margin_bottom\":\"default\",\"margin_top\":\"default\"}},{\"type\":\"headline\",\"props\":{\"content\":\"Warum AMServ?\",\"image_align\":\"left\",\"image_margin\":\"xsmall\",\"title_element\":\"h4\"}},{\"type\":\"text\",\"props\":{\"column_breakpoint\":\"m\",\"content\":\"\n\n<p>Wenn Sie sich f\u00fcr eine Karriere bei AMServ entscheiden, entscheiden Sie sich f\u00fcr ein dynamisches Arbeitsumfeld, in dem Ihre Ideen gesch\u00e4tzt werden. Wir bieten Ihnen:<\/p>\n\n\",\"margin_bottom\":\"default\",\"margin_top\":\"default\"}},{\"type\":\"list\",\"props\":{\"column_breakpoint\":\"m\",\"image_align\":\"left\",\"image_svg_color\":\"emphasis\",\"image_vertical_align\":true,\"list_element\":\"ul\",\"list_horizontal_separator\":\", \",\"list_marker\":\"disc\",\"list_marker_color\":\"emphasis\",\"list_type\":\"vertical\",\"show_image\":true,\"show_link\":true},\"children\":[{\"type\":\"list_item\",\"props\":{\"content\":\"\n\n<p><strong>Entwicklungsm\u00f6glichkeiten:<\/strong> Wir investieren in Ihre berufliche Weiterbildung und pers\u00f6nliche Entwicklung.<\/p>\n\n\"}},{\"type\":\"list_item\",\"props\":{\"content\":\"\n\n<p><strong>Vielf\u00e4ltige Karrierem\u00f6glichkeiten:<\/strong> Egal ob Sie am Anfang Ihrer Karriere stehen oder bereits Erfahrung mitbringen \u2013 bei uns finden Sie den richtigen Platz.<\/p>\n\n\"}},{\"type\":\"list_item\",\"props\":{\"content\":\"\n\n<p><strong>Ein unterst\u00fctzendes Team:<\/strong> Arbeiten Sie mit talentierten Kolleginnen und Kollegen zusammen, die Ihre Leidenschaft teilen und bereit sind, gemeinsam zu wachsen. Wir glauben an die Kraft der Zusammenarbeit. Gemeinsam erreichen wir mehr.<\/p>\n\n\"}},{\"type\":\"list_item\",\"props\":{\"content\":\"\n\n<p><strong>Flexible Arbeitsmodelle:<\/strong> Wir verstehen die Bedeutung einer ausgewogenen Work-Life-Balance und bieten flexible Arbeitszeiten sowie Homeoffice-M\u00f6glichkeiten.<\/p>\n\n\"}},{\"type\":\"list_item\",\"props\":{\"content\":\"\n\n<p><strong>Innovation:<\/strong> Wir f\u00f6rdern kreative Ideen und neue Ans\u00e4tze, um Herausforderungen zu meistern.<\/p>\n\n\"}},{\"type\":\"list_item\",\"props\":{\"content\":\"\n\n<p><strong>Integrit\u00e4t:<\/strong> Ehrlichkeit und Transparenz sind die Grundlagen unseres Schaffens.<\/p>\n\n\"}},{\"type\":\"list_item\",\"props\":{\"content\":\"\n\n<p><strong>Kunden- und Mitarbeiterorientierung:<\/strong> Die Zufriedenheit unserer Kund*innen und Mitarbeitenden steht im Mittelpunkt unseres Handelns.<\/p>\n\n\"}}]},{\"type\":\"headline\",\"props\":{\"content\":\"Zus\u00e4tzliche Benefits\",\"image_align\":\"left\",\"image_margin\":\"xsmall\",\"title_element\":\"div\",\"title_style\":\"h4\"}},{\"type\":\"text\",\"props\":{\"column_breakpoint\":\"m\",\"content\":\"\n\n<p>Bei AMSERV k\u00fcmmern wir uns um das Wohlbefinden unserer Mitarbeitenden. Zu unseren attraktiven Zusatzleistungen geh\u00f6ren unter anderem:<\/p>\n\n\",\"margin_bottom\":\"default\",\"margin_top\":\"default\"}},{\"type\":\"list\",\"props\":{\"column_breakpoint\":\"m\",\"image_align\":\"left\",\"image_svg_color\":\"emphasis\",\"image_vertical_align\":true,\"list_element\":\"ul\",\"list_horizontal_separator\":\", \",\"list_marker_color\":\"emphasis\",\"list_style\":\"divider\",\"list_type\":\"vertical\",\"show_image\":true,\"show_link\":true},\"children\":[{\"type\":\"list_item\",\"props\":{\"content\":\"\n\n<p><strong>Kostenloses Wasser:<\/strong> Bleiben Sie hydratisiert! Bei uns gibt es kostenloses Wasser f\u00fcr alle Mitarbeitenden.<\/p>\n\n\",\"image\":\"wp-content\/uploads\/2025\/03\/AMServ_kostenloses-Trinkwasser.svg\"}},{\"type\":\"list_item\",\"props\":{\"content\":\"\n\n<p><strong>Obstkorb: <\/strong>Genie\u00dfen Sie frisches Obst an unseren Standorten \u2013 gesund und lecker!<\/p>\n\n\",\"image\":\"wp-content\/uploads\/2025\/03\/AMServ_kostenloses-Obst.svg\"}},{\"type\":\"list_item\",\"props\":{\"content\":\"\n\n<p><strong>JobRad:<\/strong> Nutzen Sie unser JobRad-Angebot und fahren Sie mit einem Dienstrad zur Arbeit \u2013 gut f\u00fcr die Umwelt und Ihre Gesundheit!<\/p>\n\n\",\"image\":\"wp-content\/uploads\/2025\/03\/AMServ_Jobrad.svg\"}},{\"type\":\"list_item\",\"props\":{\"content\":\"<strong>Team Events:<\/strong> Besuchen Sie regelm\u00e4\u00dfige Team Events.\",\"image\":\"wp-content\/uploads\/2025\/03\/AMServ_Team-Events.svg\"}},{\"type\":\"list_item\",\"props\":{\"content\":\"<strong>Corporate Benefits:<\/strong> Attraktive Angebote von starken Marken, einl\u00f6sbar in Online-Shops und Filialen.\",\"image\":\"wp-content\/uploads\/2025\/03\/AMServ_Corporate-Benefits.svg\"}}]},{\"type\":\"headline\",\"props\":{\"content\":\"Werden Sie Teil unseres Teams!\",\"image_align\":\"left\",\"image_margin\":\"xsmall\",\"title_element\":\"div\",\"title_style\":\"h4\"}},{\"type\":\"text\",\"props\":{\"column_breakpoint\":\"m\",\"content\":\"\n\n<p>Sind Sie bereit, Ihre Karriere auf das n\u00e4chste Level zu heben? Schauen Sie sich unsere aktuellen <a href=\\\"https:\/\/www.amserv.de\/unternehmen\/karriere\/stellenangebote-fach-und-fuehrungskraefte\/\\\">Stellenangebote<\/a> an und entdecken Sie die M\u00f6glichkeiten bei AMServ.<\/p>\n\n\",\"margin_bottom\":\"default\",\"margin_top\":\"default\"}},{\"type\":\"button\",\"props\":{\"grid_column_gap\":\"small\",\"grid_row_gap\":\"small\",\"margin_bottom\":\"default\",\"margin_top\":\"default\"},\"children\":[{\"type\":\"button_item\",\"props\":{\"button_style\":\"primary\",\"content\":\"Offene Stellenausschreibungen\",\"dialog_layout\":\"modal\",\"dialog_offcanvas_flip\":true,\"icon_align\":\"left\",\"link\":\"unternehmen\/karriere\/stellenangebote-fach-und-fuehrungskraefte\/#listings\"}}]}]},{\"type\":\"column\",\"props\":{\"image_position\":\"center-center\",\"position_sticky\":\"column\",\"position_sticky_breakpoint\":\"m\",\"position_sticky_offset\":\"80\",\"width_medium\":\"1-3\"},\"children\":[{\"type\":\"headline\",\"props\":{\"content\":\"Kontakt\",\"image_align\":\"left\",\"image_margin\":\"xsmall\",\"title_element\":\"h4\"}},{\"type\":\"image\",\"props\":{\"image\":\"wp-content\/uploads\/2024\/11\/amserv_patrick-beck.jpg\",\"image_svg_color\":\"emphasis\",\"margin_bottom\":\"default\",\"margin_top\":\"default\",\"maxwidth\":\"medium\"}},{\"type\":\"text\",\"props\":{\"column_breakpoint\":\"m\",\"content\":\"\n\n<p><strong>AMServ Gruppe<\/strong><br \/>Patrick Beck<br \/>Leiter Personal<\/p>\n\n\",\"margin_bottom\":\"small\",\"margin_top\":\"small\"}},{\"type\":\"list\",\"props\":{\"class\":\"sidebarContactList\",\"column_breakpoint\":\"m\",\"image_align\":\"left\",\"image_svg_color\":\"emphasis\",\"image_svg_inline\":true,\"image_vertical_align\":false,\"image_width\":\"18\",\"list_element\":\"ul\",\"list_horizontal_separator\":\", \",\"list_type\":\"vertical\",\"show_image\":true,\"show_link\":true},\"children\":[{\"type\":\"list_item\",\"props\":{\"content\":\"\n\n<p><a href=\\\"tel:+491625366252\\\" class=\\\"google-event\\\" data-event-action=\\\"telefonnummer_geklickt\\\" data-event-category=\\\"Kontakt\\\" data-event-label=\\\"+491625366252\\\">+49 (0) 162 5366252<\/a><\/p>\n\n\",\"icon\":\"\",\"image\":\"wp-content\/uploads\/2024\/03\/phone.svg\",\"link\":\"tel:+498000267378\"}}],\"name\":\"Liste-Kontakt-Bewerbung\"},{\"type\":\"video\",\"props\":{\"margin_bottom\":\"large\",\"margin_top\":\"large\",\"video\":\"https:\/\/youtube.com\/shorts\/waj38xUNrvM?si=QL6MY2OkOPvnGc7t\",\"video_controls\":true,\"video_loading\":\"lazy\",\"video_width\":300}}]}]}],\"name\":\"Zweispaltig\"}],\"version\":\"5.0.18\"} --><\/p>\n","protected":false},"excerpt":{"rendered":"<p>AMServ: Ihre Zukunft, unser Antrieb! AMServ als Arbeitgeber Bei AMServ sind wir mehr als nur ein Unternehmen \u2013 wir sind eine Gemeinschaft von Innovator*innen, Probleml\u00f6ser*innen und Vision\u00e4r*innen. Unsere Leidenschaft f\u00fcr exzellenten Service und technologische Fortschritte treibt uns an, die besten L\u00f6sungen f\u00fcr unsere Kund*innen zu entwickeln. Wir sind davon \u00fcberzeugt, dass unser Erfolg direkt mit [&#8230;]<\/p>\n<p><a class=\"el-content uk-button uk-button-primary uk-margin-remove-bottom excerpt\" href=\"https:\/\/www.amserv.de\/en\/company\/career\/amserv-als-arbeitgeber\/\">Read more&#8230;<\/a><\/p>\n","protected":false},"author":2,"featured_media":0,"parent":2116,"menu_order":0,"comment_status":"closed","ping_status":"closed","template":"","meta":{"footnotes":""},"class_list":["post-2127","page","type-page","status-publish","hentry"],"_links":{"self":[{"href":"https:\/\/www.amserv.de\/en\/wp-json\/wp\/v2\/pages\/2127","targetHints":{"allow":["GET"]}}],"collection":[{"href":"https:\/\/www.amserv.de\/en\/wp-json\/wp\/v2\/pages"}],"about":[{"href":"https:\/\/www.amserv.de\/en\/wp-json\/wp\/v2\/types\/page"}],"author":[{"embeddable":true,"href":"https:\/\/www.amserv.de\/en\/wp-json\/wp\/v2\/users\/2"}],"replies":[{"embeddable":true,"href":"https:\/\/www.amserv.de\/en\/wp-json\/wp\/v2\/comments?post=2127"}],"version-history":[{"count":28,"href":"https:\/\/www.amserv.de\/en\/wp-json\/wp\/v2\/pages\/2127\/revisions"}],"predecessor-version":[{"id":3464,"href":"https:\/\/www.amserv.de\/en\/wp-json\/wp\/v2\/pages\/2127\/revisions\/3464"}],"up":[{"embeddable":true,"href":"https:\/\/www.amserv.de\/en\/wp-json\/wp\/v2\/pages\/2116"}],"wp:attachment":[{"href":"https:\/\/www.amserv.de\/en\/wp-json\/wp\/v2\/media?parent=2127"}],"curies":[{"name":"wp","href":"https:\/\/api.w.org\/{rel}","templated":true}]}}