{"id":330,"date":"2024-03-07T22:37:20","date_gmt":"2024-03-07T21:37:20","guid":{"rendered":"https:\/\/www.amserv.de\/?page_id=330"},"modified":"2026-04-13T15:34:12","modified_gmt":"2026-04-13T13:34:12","slug":"generatoren-reparatur-wartung-instandsetzung","status":"publish","type":"page","link":"https:\/\/www.amserv.de\/en\/service\/generators\/","title":{"rendered":"Generators"},"content":{"rendered":"<h1>Reparatur, Wartung und Instandsetzung von Generatoren <\/h1>\n<div>\n<p><strong>F\u00fcr Generatoren unterschiedlichster Art und Hersteller sind wir durch \u00fcber 60 Jahre Erfahrung Ihr flexibler und zuverl\u00e4ssiger Partner bei der \u00dcberholung und Instandsetzung.<\/strong><\/p>\n<\/div>\n<div>\n<p>In unseren Reparaturwerken bieten wir Ihnen durch unsere hochqualifizierten Mitarbeiter ein umfassendes Serviceangebot f\u00fcr ihre Generatoren.<\/p>\n<p>Unser Know-How umfasst Asynchron- und Synchrongeneratoren, die im Nieder- oder Hochspannungsnetz betrieben werden. Egal ob langsam laufende Wasserkraftgeneratoren oder dampfbetriebene Turbogeneratoren, wir stehen Ihnen mit modernen Pr\u00fcf- und Instandsetzungsmethoden zur Seite.<\/p>\n<p>Auch bei der Modernisierung von Generatoren mit Wirkungsgradverbesserungen durch neue Blechpakete und Neuwicklungen mit zeitgem\u00e4\u00dfer Isolationstechnik im Nieder- und Hochspannungsbereich unterst\u00fctzen wir Sie gerne.<\/p>\n<\/div>\n<h4>Unser Leistungsspektrum:<\/h4>\n<ul>\n<li>\n<div>Zustandserfassung<\/div>\n<\/li>\n<li>\n<div>Revisionen vor Ort<\/div>\n<\/li>\n<li>\n<div>Wicklungsreinigungen (auch vor Ort)<\/div>\n<\/li>\n<li>\n<div>\u00dcberdrehen von Kollektoren und Schleifringen (auch vor Ort)<\/div>\n<\/li>\n<li>\n<div>Erneuerung der B\u00fcrstenhalter und Kohleb\u00fcrsten<\/div>\n<\/li>\n<li>\n<div>Teilreparaturen an Wicklungen vor Ort<\/div>\n<\/li>\n<li>\n<div>Neuwicklung von Niederspannungsgeneratoren aller Art<\/div>\n<\/li>\n<li>\n<div>Neuwicklung von Hochspannungsgeneratoren in moderner VPI- oder klassischer Resin-Rich-Technologie<\/div>\n<\/li>\n<li>\n<div>Neuwicklung von Hochspannungsgeneratoren mit Stab- oder R\u00f6belstabwicklungen<\/div>\n<\/li>\n<li>\n<div>Erneuerung von Blechpaketen<\/div>\n<\/li>\n<li>\n<div>Erneuerung der Schleifringe<\/div>\n<\/li>\n<li>\n<div>Modernisierung und Sanierung von Polr\u00e4dern<\/div>\n<\/li>\n<li>\n<div>Lagertausch<\/div>\n<\/li>\n<\/ul>\n<div><\/div>\n<h4>Kontakt<\/h4>\n<div>\n<p><strong>AMServ<\/strong><br \/>Service f\u00fcr rotierende<br \/>elektrische Maschinen<\/p>\n<\/div>\n<ul>\n<li>\n<p>        <img decoding=\"async\" src=\"\/wp-content\/uploads\/2024\/03\/phone.svg\" alt=\"\"><\/p>\n<div>\n<p><a href=\"tel:+498000267378\" class=\"google-event\" data-event-action=\"telefonnummer_geklickt\" data-event-category=\"Kontakt\" data-event-label=\"+498000267378\">+49 (0) 8000 267378<br \/>+49 (0) 8000 AMSERV<\/a><\/p>\n<\/div>\n<\/li>\n<li>\n<p>        <img decoding=\"async\" src=\"\/wp-content\/uploads\/2024\/03\/envelope.svg\" alt=\"\"><\/p>\n<div>\n<p><a href=\"mailto:info@amserv.de\" class=\"google-event\" data-event-action=\"mailadresse_geklickt\" data-event-category=\"Kontakt\" data-event-label=\"info@amserv.de\">info@amserv.de<\/a><\/p>\n<\/div>\n<\/li>\n<\/ul>\n<p><!--more--><br \/>\n<!-- {\"type\":\"layout\",\"children\":[{\"type\":\"section\",\"props\":{\"image\":\"wp-content\\\/uploads\\\/2024\\\/03\\\/service.jpg\",\"image_position\":\"center-center\",\"image_size\":\"cover\",\"padding\":\"xlarge\",\"padding_remove_bottom\":false,\"padding_remove_top\":false,\"style\":\"default\",\"title_breakpoint\":\"xl\",\"title_position\":\"top-left\",\"title_rotation\":\"left\",\"vertical_align\":\"\",\"width\":\"\"},\"children\":[{\"type\":\"row\",\"children\":[{\"type\":\"column\",\"props\":{\"image_position\":\"center-center\",\"position_sticky_breakpoint\":\"m\"}}]}],\"name\":\"Headerbild\"},{\"type\":\"section\",\"props\":{\"image_position\":\"center-center\",\"padding\":\"none\",\"style\":\"muted\",\"title_breakpoint\":\"xl\",\"title_position\":\"top-left\",\"title_rotation\":\"left\",\"vertical_align\":\"\",\"width\":\"default\"},\"children\":[{\"type\":\"row\",\"children\":[{\"type\":\"column\",\"props\":{\"image_position\":\"center-center\",\"position_sticky_breakpoint\":\"m\"},\"children\":[{\"type\":\"breadcrumbs\",\"props\":{\"home_text\":\"Home\",\"show_current\":true,\"show_home\":true}}]}]}],\"name\":\"Breadcrumbs\"},{\"type\":\"section\",\"props\":{\"image_position\":\"center-center\",\"padding\":\"small\",\"padding_remove_bottom\":false,\"style\":\"default\",\"title_breakpoint\":\"xl\",\"title_position\":\"top-left\",\"title_rotation\":\"left\",\"vertical_align\":\"\",\"width\":\"default\"},\"children\":[{\"type\":\"row\",\"props\":{\"layout\":\"2-3,1-3\"},\"children\":[{\"type\":\"column\",\"props\":{\"image_position\":\"center-center\",\"position_sticky_breakpoint\":\"m\",\"width_medium\":\"2-3\"},\"children\":[{\"type\":\"headline\",\"props\":{\"content\":\"Reparatur, Wartung und Instandsetzung von Generatoren \",\"content_en_gb\":\"repair, maintenance and overhaul of generators\",\"content_fr_fr\":\"r\\u00c9paration, maintenance et entretien de g\\u00c9n\\u00c9rateurs\",\"title_element\":\"h1\"}},{\"type\":\"text\",\"props\":{\"column_breakpoint\":\"m\",\"content\":\"\n\n<p><strong>F\\u00fcr Generatoren unterschiedlichster Art und Hersteller sind wir durch \\u00fcber 60 Jahre Erfahrung Ihr flexibler und zuverl\\u00e4ssiger Partner bei der \\u00dcberholung und Instandsetzung.<\\\/strong><\\\/p>\",\"content_en_gb\":\"\n\n<p><strong>We are your flexible and reliable partner for the overhaul and maintenance of generators of various types and manufacturers thanks to over 60 years of experience.<\\\/strong><\\\/p>\",\"content_fr_fr\":\"\n\n<p><strong>Avec plus de 60 ans d'exp\\u00e9rience, nous sommes votre partenaire flexible et fiable en ce qui concerne la r\\u00e9vision et l'entretien de g\\u00e9n\\u00e9rateurs de types et fabricants les plus divers.<\\\/strong><\\\/p>\",\"margin\":\"default\",\"margin_remove_top\":true}},{\"type\":\"text\",\"props\":{\"column_breakpoint\":\"m\",\"content\":\"\n\n<p>In unseren Reparaturwerken bieten wir Ihnen durch unsere hochqualifizierten Mitarbeiter ein umfassendes Serviceangebot f\\u00fcr ihre Generatoren.<\\\/p>\\n\n\n<p>Unser Know-How umfasst Asynchron- und Synchrongeneratoren, die im Nieder- oder Hochspannungsnetz betrieben werden. Egal ob langsam laufende Wasserkraftgeneratoren oder dampfbetriebene Turbogeneratoren, wir stehen Ihnen mit modernen Pr\\u00fcf- und Instandsetzungsmethoden zur Seite.<\\\/p>\\n\n\n<p>Auch bei der Modernisierung von Generatoren mit Wirkungsgradverbesserungen durch neue Blechpakete und Neuwicklungen mit zeitgem\\u00e4\\u00dfer Isolationstechnik im Nieder- und Hochspannungsbereich unterst\\u00fctzen wir Sie gerne.<\\\/p>\",\"content_en_gb\":\"\n\n<p>At our repair facilities, our highly-qualified employees provide you with a comprehensive service package for your generators.<\\\/p>\\n\n\n<p>Our expertise includes asynchronous and synchronous generators that are operated on the low voltage network or high voltage network. Whether you are working with slow hydropower generators or steam-driven turbo generators, we will provide you with support thanks to our modern testing and repair methods.<\\\/p>\\n\n\n<p>We are also happy to provide you with support in modernising generators with efficiency improvements using new laminated cores and rewindings with contemporary insulation technology on the low voltage network and high voltage network.<\\\/p>\",\"content_fr_fr\":\"\n\n<p>Les employ\\u00e9s hautement qualifi\\u00e9s de nos ateliers de r\\u00e9paration vous proposent une gamme compl\\u00e8te de services pour vos g\\u00e9n\\u00e9rateurs.<\\\/p>\\n\n\n<p>Notre savoir-faire s'\\u00e9tend aux g\\u00e9n\\u00e9rateurs asynchrones et synchrones utilis\\u00e9s dans le r\\u00e9seaux basse ou haute tension. Qu'il s'agisse de g\\u00e9n\\u00e9rateurs hydro\\u00e9lectriques \\u00e0 fonctionnement lent ou de turbog\\u00e9n\\u00e9rateurs \\u00e0 vapeur, nous sommes \\u00e0 votre disposition avec des m\\u00e9thodes modernes d'essai et d'entretien.<\\\/p>\\n\n\n<p>Nous vous assisterons \\u00e9galement volontiers lors de la modernisation des g\\u00e9n\\u00e9rateurs en am\\u00e9liorant leur rendement gr\\u00e2ce \\u00e0 des noyaux feuillet\\u00e9s neufs et des rebobinages dot\\u00e9s d'une technologie d'isolation moderne dans le domaine des basses et hautes tensions.<\\\/p>\",\"margin\":\"default\"}},{\"type\":\"headline\",\"props\":{\"content\":\"Unser Leistungsspektrum:\",\"content_en_gb\":\"our range of services:\",\"content_fr_fr\":\"notre gamme de prestations&nbsp;:\",\"title_element\":\"h4\"}},{\"type\":\"list\",\"props\":{\"column_breakpoint\":\"s\",\"image_align\":\"left\",\"image_svg_color\":\"emphasis\",\"image_vertical_align\":true,\"list_element\":\"ul\",\"list_horizontal_separator\":\", \",\"list_marker\":\"disc\",\"list_marker_color\":\"emphasis\",\"list_type\":\"vertical\",\"show_image\":false,\"show_link\":false},\"children\":[{\"type\":\"list_item\",\"props\":{\"content\":\"Zustandserfassung\",\"content_en_gb\":\"\n\n<p>Root cause analysis<\\\/p>\",\"content_fr_fr\":\"\n\n<p>D\\u00e9tection d'\\u00e9tat<\\\/p>\"}},{\"type\":\"list_item\",\"props\":{\"content\":\"Revisionen vor Ort\",\"content_en_gb\":\"\n\n<p>On-site changes<\\\/p>\",\"content_fr_fr\":\"\n\n<p>R\\u00e9visions sur place<\\\/p>\"}},{\"type\":\"list_item\",\"props\":{\"content\":\"Wicklungsreinigungen (auch vor Ort)\",\"content_en_gb\":\"\n\n<p>Cleaning of windings (on-site too)<\\\/p>\",\"content_fr_fr\":\"\n\n<p>Nettoyages de bobinages (\\u00e9galement sur place)<\\\/p>\"}},{\"type\":\"list_item\",\"props\":{\"content\":\"\\u00dcberdrehen von Kollektoren und Schleifringen (auch vor Ort)\",\"content_en_gb\":\"\n\n<p>Over-revving collectors and collector rings (on-site too)<\\\/p>\",\"content_fr_fr\":\"\n\n<p>Surfilage de collecteurs et bagues collectrices (\\u00e9galement sur place)<\\\/p>\"}},{\"type\":\"list_item\",\"props\":{\"content\":\"Erneuerung der B\\u00fcrstenhalter und Kohleb\\u00fcrsten\",\"content_en_gb\":\"\n\n<p>Replacement of the brush holder and carbon brushes<\\\/p>\",\"content_fr_fr\":\"\n\n<p>Remplacement des porte-balais et balais de charbon<\\\/p>\"}},{\"type\":\"list_item\",\"props\":{\"content\":\"Teilreparaturen an Wicklungen vor Ort\",\"content_en_gb\":\"\n\n<p>On-site partial repairs for windings<\\\/p>\",\"content_fr_fr\":\"\n\n<p>R\\u00e9parations partielles d'enroulements sur place<\\\/p>\"}},{\"type\":\"list_item\",\"props\":{\"content\":\"Neuwicklung von Niederspannungsgeneratoren aller Art\",\"content_en_gb\":\"\n\n<p>Rewinding for all kinds of low voltage generators<\\\/p>\",\"content_fr_fr\":\"\n\n<p>Rebobinage de g\\u00e9n\\u00e9rateurs basse tension en tout genre<\\\/p>\"}},{\"type\":\"list_item\",\"props\":{\"content\":\"Neuwicklung von Hochspannungsgeneratoren in moderner VPI- oder klassischer Resin-Rich-Technologie\",\"content_en_gb\":\"\n\n<p>Rewinding for high voltage generators with modern VPI or traditional resin-rich technology<\\\/p>\",\"content_fr_fr\":\"\n\n<p>Rebobinage de g\\u00e9n\\u00e9rateurs haute tension r\\u00e9alis\\u00e9s en technologie moderne VPI ou en technologie classique \\u00ab riche en r\\u00e9sine \\u00bb<\\\/p>\"}},{\"type\":\"list_item\",\"props\":{\"content\":\"Neuwicklung von Hochspannungsgeneratoren mit Stab- oder R\\u00f6belstabwicklungen\",\"content_en_gb\":\"\n\n<p>Rewinding for high voltage generators with bar windings or Roebel bar windings<\\\/p>\",\"content_fr_fr\":\"\n\n<p>Rebobinage de g\\u00e9n\\u00e9rateurs haute tension avec enroulements \\u00e0 barre\\\/barre Roebel<\\\/p>\"}},{\"type\":\"list_item\",\"props\":{\"content\":\"Erneuerung von Blechpaketen\",\"content_en_gb\":\"\n\n<p>Replacement of laminated cores<\\\/p>\",\"content_fr_fr\":\"\n\n<p>Remplacement des noyaux feuillet\\u00e9s<\\\/p>\"}},{\"type\":\"list_item\",\"props\":{\"content\":\"Erneuerung der Schleifringe\",\"content_en_gb\":\"\n\n<p>Replacement of collector rings<\\\/p>\",\"content_fr_fr\":\"\n\n<p>Remplacement des bagues collectrices<\\\/p>\"}},{\"type\":\"list_item\",\"props\":{\"content\":\"Modernisierung und Sanierung von Polr\\u00e4dern\",\"content_en_gb\":\"\n\n<p>Modernisation and renovation of magnet wheels<\\\/p>\",\"content_fr_fr\":\"\n\n<p>Modernisation et remise en \\u00e9tat des roues polaires<\\\/p>\"}},{\"type\":\"list_item\",\"props\":{\"content\":\"Lagertausch\",\"content_en_gb\":\"\n\n<p>Bearing replacement<\\\/p>\",\"content_fr_fr\":\"\n\n<p>Remplacement des paliers<\\\/p>\"}}],\"name\":\"Liste\"},{\"type\":\"text\",\"props\":{\"column_breakpoint\":\"m\",\"content\":\"[smartslider3 slider=\\\"5\\\"]\",\"margin\":\"medium\"},\"name\":\"Slider eingebettet (via Shortcode)\"}]},{\"type\":\"column\",\"props\":{\"image_position\":\"center-center\",\"position_sticky\":\"column\",\"position_sticky_breakpoint\":\"m\",\"position_sticky_offset\":\"80\",\"width_medium\":\"1-3\"},\"children\":[{\"type\":\"headline\",\"props\":{\"content\":\"Kontakt\",\"content_en_gb\":\"Contact\",\"content_fr_fr\":\"Contact\",\"title_element\":\"h4\"},\"name\":\"Sidebar Headline\"},{\"type\":\"text\",\"props\":{\"column_breakpoint\":\"m\",\"content\":\"\n\n<p><strong>AMServ<\\\/strong><br \\\/>Service f\\u00fcr rotierende<br \\\/>elektrische Maschinen<\\\/p>\",\"content_en_gb\":\"\n\n<p><strong>AMServ<\\\/strong><br \\\/>Service for rotating<br \/> electrical machines<\\\/p>\",\"content_fr_fr\":\"\n\n<p><strong>AMServ<\\\/strong><br \\\/>Service pour machines<br \/>\\u00e9lectriques tournantes<\\\/p>\",\"margin\":\"small\"},\"name\":\"Sidebar Text\"},{\"type\":\"list\",\"props\":{\"class\":\"sidebarContactList\",\"column_breakpoint\":\"m\",\"icon_color\":\"emphasis\",\"icon_width\":\"25\",\"image_align\":\"left\",\"image_svg_color\":\"emphasis\",\"image_svg_inline\":true,\"image_vertical_align\":false,\"image_width\":\"18\",\"list_element\":\"ul\",\"list_horizontal_separator\":\", \",\"list_type\":\"vertical\",\"show_image\":true,\"show_link\":true},\"children\":[{\"type\":\"list_item\",\"props\":{\"content\":\"\n\n<p><a href=\\\"tel:+498000267378\\\" class=\\\"google-event\\\" data-event-action=\\\"telefonnummer_geklickt\\\" data-event-category=\\\"Kontakt\\\" data-event-label=\\\"+498000267378\\\">+49 (0) 8000 267378<br \\\/>+49 (0) 8000 AMSERV<\\\/a><\\\/p>\",\"icon\":\"\",\"image\":\"wp-content\\\/uploads\\\/2024\\\/03\\\/phone.svg\"}},{\"type\":\"list_item\",\"props\":{\"content\":\"\n\n<p><a href=\\\"mailto:info@amserv.de\\\" class=\\\"google-event\\\" data-event-action=\\\"mailadresse_geklickt\\\" data-event-category=\\\"Kontakt\\\" data-event-label=\\\"info@amserv.de\\\">info@amserv.de<\\\/a><\\\/p>\",\"icon\":\"\",\"image\":\"wp-content\\\/uploads\\\/2024\\\/03\\\/envelope.svg\"}}],\"name\":\"Liste-Kontakt2\"}]}]}],\"name\":\"Zweispaltig\"}],\"version\":\"4.5.25\"} --><\/p>\n","protected":false},"excerpt":{"rendered":"<p>Reparatur, Wartung und Instandsetzung von Generatoren F\u00fcr Generatoren unterschiedlichster Art und Hersteller sind wir durch \u00fcber 60 Jahre Erfahrung Ihr flexibler und zuverl\u00e4ssiger Partner bei der \u00dcberholung und Instandsetzung. In unseren Reparaturwerken bieten wir Ihnen durch unsere hochqualifizierten Mitarbeiter ein umfassendes Serviceangebot f\u00fcr ihre Generatoren. Unser Know-How umfasst Asynchron- und Synchrongeneratoren, die im Nieder- oder [&#8230;]<\/p>\n<p><a class=\"el-content uk-button uk-button-primary uk-margin-remove-bottom excerpt\" href=\"https:\/\/www.amserv.de\/en\/service\/generators\/\">Read more&#8230;<\/a><\/p>\n","protected":false},"author":2,"featured_media":0,"parent":35,"menu_order":0,"comment_status":"closed","ping_status":"closed","template":"","meta":{"footnotes":""},"class_list":["post-330","page","type-page","status-publish","hentry"],"_links":{"self":[{"href":"https:\/\/www.amserv.de\/en\/wp-json\/wp\/v2\/pages\/330","targetHints":{"allow":["GET"]}}],"collection":[{"href":"https:\/\/www.amserv.de\/en\/wp-json\/wp\/v2\/pages"}],"about":[{"href":"https:\/\/www.amserv.de\/en\/wp-json\/wp\/v2\/types\/page"}],"author":[{"embeddable":true,"href":"https:\/\/www.amserv.de\/en\/wp-json\/wp\/v2\/users\/2"}],"replies":[{"embeddable":true,"href":"https:\/\/www.amserv.de\/en\/wp-json\/wp\/v2\/comments?post=330"}],"version-history":[{"count":42,"href":"https:\/\/www.amserv.de\/en\/wp-json\/wp\/v2\/pages\/330\/revisions"}],"predecessor-version":[{"id":3091,"href":"https:\/\/www.amserv.de\/en\/wp-json\/wp\/v2\/pages\/330\/revisions\/3091"}],"up":[{"embeddable":true,"href":"https:\/\/www.amserv.de\/en\/wp-json\/wp\/v2\/pages\/35"}],"wp:attachment":[{"href":"https:\/\/www.amserv.de\/en\/wp-json\/wp\/v2\/media?parent=330"}],"curies":[{"name":"wp","href":"https:\/\/api.w.org\/{rel}","templated":true}]}}