{"id":339,"date":"2024-03-07T22:39:05","date_gmt":"2024-03-07T21:39:05","guid":{"rendered":"https:\/\/www.amserv.de\/?page_id=339"},"modified":"2026-04-13T15:41:08","modified_gmt":"2026-04-13T13:41:08","slug":"notstromaggregate-reparatur-wartung-instandsetzung","status":"publish","type":"page","link":"https:\/\/www.amserv.de\/en\/service\/emergency-generators\/","title":{"rendered":"Emergency generators"},"content":{"rendered":"<h1>Wartung, Reparatur und Modernisierung von Notstromaggregaten \/ USV-Anlagen <\/h1>\n<div>\n<p><strong>Wir leisten umfassenden Service f\u00fcr Notstromanlagen aller Fabrikate, z.B. in Krankenh\u00e4usern, Banken und Industrieanlagen.<\/strong><\/p>\n<\/div>\n<div>\n<p>Unser Service beinhaltet Lastpr\u00fcfungen, sowie Wartung, Reparatur und Modernisierung an Dieselmotoren, Generatoren und Schaltanlagen.<\/p>\n<\/div>\n<div><\/div>\n<h4>Wir bieten Wartungs- und Instandhaltungsma\u00dfnahmen f\u00fcr:<\/h4>\n<h5>Dieselmotoren<\/h5>\n<ul>\n<li>\n<div>Kraftstoffanlage, Einspritzpumpe<\/div>\n<\/li>\n<li>\n<div>K\u00fchlwasseranlage<\/div>\n<\/li>\n<li>\n<div>Abgasanlage<\/div>\n<\/li>\n<li>\n<div>\u00d6lkreislauf, Luftfilter<\/div>\n<\/li>\n<li>\n<div>Ventile, Gl\u00fchkerzen<\/div>\n<\/li>\n<li>\n<div>Lichtmaschine<\/div>\n<\/li>\n<li>\n<div>Anlasser<\/div>\n<\/li>\n<li>\n<div>Hubmagnet , Kupplung<\/div>\n<\/li>\n<\/ul>\n<h5>Generatoren<\/h5>\n<ul>\n<li>\n<div>Isolationswert<\/div>\n<\/li>\n<li>\n<div>Lager, Schleifringe<\/div>\n<\/li>\n<li>\n<div>Kohleb\u00fcrsten<\/div>\n<\/li>\n<li>\n<div>Regler<\/div>\n<\/li>\n<\/ul>\n<h5>Schaltschrank-Automatik<\/h5>\n<ul>\n<li>\n<div>Funktionsprobe<\/div>\n<\/li>\n<li>\n<div>Leerlauf, Lastlauf<\/div>\n<\/li>\n<li>\n<div>\u00dcberpr\u00fcfen der Warn- und Abschaltfunktion<\/div>\n<\/li>\n<\/ul>\n<h5>Ersatzteilservice<\/h5>\n<ul>\n<li>\n<div>Lieferung bzw. Einbau<\/div>\n<\/li>\n<li>\n<div>Alternativl\u00f6sungen<\/div>\n<\/li>\n<li>\n<div>Neufertigung<\/div>\n<\/li>\n<\/ul>\n<h5>Umbau und Modernisierung<\/h5>\n<ul>\n<li>\n<div>Startautomatik<\/div>\n<\/li>\n<li>\n<div>Nachr\u00fcstung f\u00fcr Netzparallelbetrieb<\/div>\n<\/li>\n<li>\n<div>Komplette Schaltanlage<\/div>\n<\/li>\n<li>\n<div>Abgasanlage<\/div>\n<\/li>\n<li>\n<div>K\u00fchler<\/div>\n<\/li>\n<li>\n<div>Abluftjalousie<\/div>\n<\/li>\n<li>\n<div>Batterieanlage<\/div>\n<\/li>\n<\/ul>\n<h4>Kontakt<\/h4>\n<div>\n<p><strong>AMServ<\/strong><br \/>Service f\u00fcr rotierende<br \/>elektrische Maschinen<\/p>\n<\/div>\n<ul>\n<li>\n<p>        <img decoding=\"async\" src=\"\/wp-content\/uploads\/2024\/03\/phone.svg\" alt=\"\"><\/p>\n<div>\n<p><a href=\"tel:+498000267378\" class=\"google-event\" data-event-action=\"telefonnummer_geklickt\" data-event-category=\"Kontakt\" data-event-label=\"+498000267378\">+49 (0) 8000 267378<br \/>+49 (0) 8000 AMSERV<\/a><\/p>\n<\/div>\n<\/li>\n<li>\n<p>        <img decoding=\"async\" src=\"\/wp-content\/uploads\/2024\/03\/envelope.svg\" alt=\"\"><\/p>\n<div>\n<p><a href=\"mailto:info@amserv.de\" class=\"google-event\" data-event-action=\"mailadresse_geklickt\" data-event-category=\"Kontakt\" data-event-label=\"info@amserv.de\">info@amserv.de<\/a><\/p>\n<\/div>\n<\/li>\n<\/ul>\n<p><!--more--><br \/>\n<!-- {\"type\":\"layout\",\"children\":[{\"type\":\"section\",\"props\":{\"image\":\"wp-content\\\/uploads\\\/2024\\\/03\\\/service.jpg\",\"image_position\":\"center-center\",\"image_size\":\"cover\",\"padding\":\"xlarge\",\"padding_remove_bottom\":false,\"padding_remove_top\":false,\"style\":\"default\",\"title_breakpoint\":\"xl\",\"title_position\":\"top-left\",\"title_rotation\":\"left\",\"vertical_align\":\"\",\"width\":\"\"},\"children\":[{\"type\":\"row\",\"children\":[{\"type\":\"column\",\"props\":{\"image_position\":\"center-center\",\"position_sticky_breakpoint\":\"m\"}}]}],\"name\":\"Headerbild\"},{\"type\":\"section\",\"props\":{\"image_position\":\"center-center\",\"padding\":\"none\",\"style\":\"muted\",\"title_breakpoint\":\"xl\",\"title_position\":\"top-left\",\"title_rotation\":\"left\",\"vertical_align\":\"\",\"width\":\"default\"},\"children\":[{\"type\":\"row\",\"children\":[{\"type\":\"column\",\"props\":{\"image_position\":\"center-center\",\"position_sticky_breakpoint\":\"m\"},\"children\":[{\"type\":\"breadcrumbs\",\"props\":{\"home_text\":\"Home\",\"show_current\":true,\"show_home\":true}}]}]}],\"name\":\"Breadcrumbs\"},{\"type\":\"section\",\"props\":{\"image_position\":\"center-center\",\"padding\":\"small\",\"padding_remove_bottom\":false,\"style\":\"default\",\"title_breakpoint\":\"xl\",\"title_position\":\"top-left\",\"title_rotation\":\"left\",\"vertical_align\":\"\",\"width\":\"default\"},\"children\":[{\"type\":\"row\",\"props\":{\"layout\":\"2-3,1-3\"},\"children\":[{\"type\":\"column\",\"props\":{\"image_position\":\"center-center\",\"position_sticky_breakpoint\":\"m\",\"width_medium\":\"2-3\"},\"children\":[{\"type\":\"headline\",\"props\":{\"content\":\"Wartung, Reparatur und Modernisierung von Notstromaggregaten \\\/ USV-Anlagen \",\"content_en_gb\":\"maintenance, repair and modernisation of emergency generators \\\/ ups systems\",\"content_fr_fr\":\"maintenance, r\\u00c9paration et modernisation des g\\u00c9n\\u00c9rateurs de secours \\\/ alimentations sans interruption\",\"title_element\":\"h1\"}},{\"type\":\"text\",\"props\":{\"column_breakpoint\":\"m\",\"content\":\"\n\n<p><strong>Wir leisten umfassenden Service f\\u00fcr Notstromanlagen aller Fabrikate, z.B. in Krankenh\\u00e4usern, Banken und Industrieanlagen.<\\\/strong><\\\/p>\",\"content_en_gb\":\"\n\n<p><strong>We provide a comprehensive service for emergency generators of all brands, e.g. in hospitals, banks and industrial plants.<\\\/strong><\\\/p>\",\"content_fr_fr\":\"\n\n<p><strong>Nous fournissons un service complet pour les g\\u00e9n\\u00e9rateurs de secours de toutes les marques, p. ex., dans les centres hospitaliers, les banques et les installations industrielles.<\\\/strong><\\\/p>\",\"margin\":\"default\",\"margin_remove_top\":true}},{\"type\":\"text\",\"props\":{\"column_breakpoint\":\"m\",\"content\":\"\n\n<p>Unser Service beinhaltet Lastpr\\u00fcfungen, sowie Wartung, Reparatur und Modernisierung an Dieselmotoren, Generatoren und Schaltanlagen.<\\\/p>\",\"content_en_gb\":\"\n\n<p>Our services include load tests, maintenance, repairs and modernisation for\\u00ad diesel engines, generators and switchgears.<\\\/p>\",\"content_fr_fr\":\"\n\n<p>Notre service comprend des tests de charge ainsi que la maintenance, la r\\u00e9paration et la modernisation de \\u00admoteurs diesel, de g\\u00e9n\\u00e9rateurs et d'installations de distribution.<\\\/p>\",\"margin\":\"default\"}},{\"type\":\"text\",\"props\":{\"column_breakpoint\":\"m\",\"content\":\"[smartslider3 slider=\\\"9\\\"]\",\"margin\":\"medium\"},\"name\":\"Slider eingebettet (via Shortcode)\"},{\"type\":\"headline\",\"props\":{\"content\":\"Wir bieten Wartungs- und Instandhaltungsma\\u00dfnahmen f\\u00fcr:\",\"content_en_gb\":\"we offer maintenance and servicing for the following:\",\"content_fr_fr\":\"nous proposons des mesures de maintenance et d'entretien pour&nbsp;:\",\"title_element\":\"h4\"}},{\"type\":\"fragment\",\"props\":{\"margin\":\"default\"},\"children\":[{\"type\":\"row\",\"props\":{\"layout\":\"1-2,1-2\"},\"children\":[{\"type\":\"column\",\"props\":{\"image_position\":\"center-center\",\"position_sticky_breakpoint\":\"m\",\"width_medium\":\"1-2\"},\"children\":[{\"type\":\"headline\",\"props\":{\"content\":\"Dieselmotoren\",\"content_en_gb\":\"<strong>Diesel engines<\\\/strong><span><\\\/span>\\n\n\n<ul><\\\/ul>\",\"content_fr_fr\":\"<strong>moteurs diesel<\\\/strong><span><\\\/span>\\n\n\n<ul><\\\/ul>\",\"title_element\":\"h5\"}},{\"type\":\"list\",\"props\":{\"column_breakpoint\":\"s\",\"image_align\":\"left\",\"image_svg_color\":\"emphasis\",\"image_vertical_align\":true,\"list_element\":\"ul\",\"list_horizontal_separator\":\", \",\"list_marker\":\"disc\",\"list_marker_color\":\"emphasis\",\"list_type\":\"vertical\",\"show_image\":false,\"show_link\":false},\"children\":[{\"type\":\"list_item\",\"props\":{\"content\":\"Kraftstoffanlage, Einspritzpumpe\",\"content_en_gb\":\"\n\n<p>Fuel systems, fuel injection pumps<\\\/p>\",\"content_fr_fr\":\"\n\n<p>syst\\u00e8me de carburant, pompe d'injection<\\\/p>\"}},{\"type\":\"list_item\",\"props\":{\"content\":\"K\\u00fchlwasseranlage\",\"content_en_gb\":\"\n\n<p>Cooling water systems<\\\/p>\",\"content_fr_fr\":\"\n\n<p>syst\\u00e8me de refroidissement<\\\/p>\"}},{\"type\":\"list_item\",\"props\":{\"content\":\"Abgasanlage\",\"content_en_gb\":\"\n\n<p>Exhaust gas systems<\\\/p>\",\"content_fr_fr\":\"\n\n<p>dispositif de gaz d'\\u00e9chappement<\\\/p>\"}},{\"type\":\"list_item\",\"props\":{\"content\":\"\\u00d6lkreislauf, Luftfilter\",\"content_en_gb\":\"\n\n<p>Oil circulation systems, air filters<\\\/p>\",\"content_fr_fr\":\"\n\n<p>circuit d'huile, filtre \\u00e0 air<\\\/p>\"}},{\"type\":\"list_item\",\"props\":{\"content\":\"Ventile, Gl\\u00fchkerzen\",\"content_en_gb\":\"\n\n<p>Valves, heater plugs<\\\/p>\",\"content_fr_fr\":\"\n\n<p>soupapes, bougies de pr\\u00e9chauffage<\\\/p>\"}},{\"type\":\"list_item\",\"props\":{\"content\":\"Lichtmaschine\",\"content_en_gb\":\"\n\n<p>Alternators<\\\/p>\",\"content_fr_fr\":\"\n\n<p>alternateur<\\\/p>\"}},{\"type\":\"list_item\",\"props\":{\"content\":\"Anlasser\",\"content_en_gb\":\"\n\n<p>Starter<\\\/p>\",\"content_fr_fr\":\"\n\n<p>d\\u00e9marreur<\\\/p>\"}},{\"type\":\"list_item\",\"props\":{\"content\":\"Hubmagnet , Kupplung\",\"content_en_gb\":\"\n\n<p>Solenoid, coupling<\\\/p>\",\"content_fr_fr\":\"\n\n<p>\\u00e9lectroaimant de levage, accouplement<\\\/p>\"}}],\"name\":\"Liste\"},{\"type\":\"headline\",\"props\":{\"content\":\"Generatoren\",\"content_en_gb\":\"<strong>Generators<\\\/strong>\",\"content_fr_fr\":\"<strong>g\\u00e9n\\u00e9rateurs<\\\/strong>\",\"title_element\":\"h5\"}},{\"type\":\"list\",\"props\":{\"column_breakpoint\":\"s\",\"image_align\":\"left\",\"image_svg_color\":\"emphasis\",\"image_vertical_align\":true,\"list_element\":\"ul\",\"list_horizontal_separator\":\", \",\"list_marker\":\"disc\",\"list_marker_color\":\"emphasis\",\"list_type\":\"vertical\",\"show_image\":false,\"show_link\":false},\"children\":[{\"type\":\"list_item\",\"props\":{\"content\":\"Isolationswert\",\"content_en_gb\":\"\n\n<p>Insulation value<\\\/p>\",\"content_fr_fr\":\"\n\n<p>valeur d'isolation<\\\/p>\"}},{\"type\":\"list_item\",\"props\":{\"content\":\"Lager, Schleifringe\",\"content_en_gb\":\"\n\n<p>Bearings, collector rings<\\\/p>\",\"content_fr_fr\":\"\n\n<p>paliers, bagues collectrices<\\\/p>\"}},{\"type\":\"list_item\",\"props\":{\"content\":\"Kohleb\\u00fcrsten\",\"content_en_gb\":\"\n\n<p>Carbon brushes<\\\/p>\",\"content_fr_fr\":\"\n\n<p>balais de charbon<\\\/p>\"}},{\"type\":\"list_item\",\"props\":{\"content\":\"Regler\",\"content_en_gb\":\"\n\n<p>Controllers<\\\/p>\",\"content_fr_fr\":\"\n\n<p>r\\u00e9gulateurs<\\\/p>\"}}],\"name\":\"Liste\"}]},{\"type\":\"column\",\"props\":{\"image_position\":\"center-center\",\"position_sticky_breakpoint\":\"m\",\"width_medium\":\"1-2\"},\"children\":[{\"type\":\"headline\",\"props\":{\"content\":\"Schaltschrank-Automatik\",\"content_en_gb\":\"<strong>Switchboard automatic systems<\\\/strong><span><\\\/span>\\n\n\n<ul><\\\/ul>\",\"content_fr_fr\":\"<strong>armoire \\u00e9lectrique automatique<\\\/strong><span><\\\/span>\\n\n\n<ul><\\\/ul>\",\"margin_remove_top\":false,\"title_element\":\"h5\"}},{\"type\":\"list\",\"props\":{\"column_breakpoint\":\"s\",\"image_align\":\"left\",\"image_svg_color\":\"emphasis\",\"image_vertical_align\":true,\"list_element\":\"ul\",\"list_horizontal_separator\":\", \",\"list_marker\":\"disc\",\"list_marker_color\":\"emphasis\",\"list_type\":\"vertical\",\"show_image\":false,\"show_link\":false},\"children\":[{\"type\":\"list_item\",\"props\":{\"content\":\"Funktionsprobe\",\"content_en_gb\":\"\n\n<p>Performance check<\\\/p>\",\"content_fr_fr\":\"\n\n<p>essai de fonctionnement<\\\/p>\"}},{\"type\":\"list_item\",\"props\":{\"content\":\"Leerlauf, Lastlauf\",\"content_en_gb\":\"\n\n<p>Idle, load test<\\\/p>\",\"content_fr_fr\":\"\n\n<p>marche \\u00e0 vide, marche en charge<\\\/p>\"}},{\"type\":\"list_item\",\"props\":{\"content\":\"\\u00dcberpr\\u00fcfen der Warn- und Abschaltfunktion\",\"content_en_gb\":\"\n\n<p>Checks of the warning and shutdown function<\\\/p>\",\"content_fr_fr\":\"\n\n<p>contr\\u00f4le de la fonction d'avertissement et d'arr\\u00eat<\\\/p>\"}}],\"name\":\"Liste\"},{\"type\":\"headline\",\"props\":{\"content\":\"Ersatzteilservice\",\"content_en_gb\":\"<strong>Spare part service<\\\/strong><span><\\\/span>\\n\n\n<ul><\\\/ul>\",\"content_fr_fr\":\"<strong>fourniture de pi\\u00e8ces de rechange<\\\/strong><span><\\\/span>\\n\n\n<ul><\\\/ul>\",\"title_element\":\"h5\"}},{\"type\":\"list\",\"props\":{\"column_breakpoint\":\"s\",\"image_align\":\"left\",\"image_svg_color\":\"emphasis\",\"image_vertical_align\":true,\"list_element\":\"ul\",\"list_horizontal_separator\":\", \",\"list_marker\":\"disc\",\"list_marker_color\":\"emphasis\",\"list_type\":\"vertical\",\"show_image\":false,\"show_link\":false},\"children\":[{\"type\":\"list_item\",\"props\":{\"content\":\"Lieferung bzw. Einbau\",\"content_en_gb\":\"\n\n<p>Supply and\\\/or installation<\\\/p>\",\"content_fr_fr\":\"\n\n<p>livraison ou montage<\\\/p>\"}},{\"type\":\"list_item\",\"props\":{\"content\":\"Alternativl\\u00f6sungen\",\"content_en_gb\":\"\n\n<p>Alternative solutions<\\\/p>\",\"content_fr_fr\":\"\n\n<p>solutions de rechange<\\\/p>\"}},{\"type\":\"list_item\",\"props\":{\"content\":\"Neufertigung\",\"content_en_gb\":\"\n\n<p>New production<\\\/p>\",\"content_fr_fr\":\"\n\n<p>nouvelle fabrication<\\\/p>\"}}],\"name\":\"Liste\"},{\"type\":\"headline\",\"props\":{\"content\":\"Umbau und Modernisierung\",\"content_en_gb\":\"<strong>Modifications and modernisation<\\\/strong><span><\\\/span>\\n\n\n<ul><\\\/ul>\",\"content_fr_fr\":\"<strong>transformation et modernisation<\\\/strong><span><\\\/span>\\n\n\n<ul><\\\/ul>\",\"title_element\":\"h5\"}},{\"type\":\"list\",\"props\":{\"column_breakpoint\":\"s\",\"image_align\":\"left\",\"image_svg_color\":\"emphasis\",\"image_vertical_align\":true,\"list_element\":\"ul\",\"list_horizontal_separator\":\", \",\"list_marker\":\"disc\",\"list_marker_color\":\"emphasis\",\"list_type\":\"vertical\",\"show_image\":false,\"show_link\":false},\"children\":[{\"type\":\"list_item\",\"props\":{\"content\":\"Startautomatik\",\"content_en_gb\":\"\n\n<p>Automatic choke<\\\/p>\",\"content_fr_fr\":\"\n\n<p>starter automatique<\\\/p>\"}},{\"type\":\"list_item\",\"props\":{\"content\":\"Nachr\\u00fcstung f\\u00fcr Netzparallelbetrieb\",\"content_en_gb\":\"\n\n<p>Retrofitting for mains parallel operation<\\\/p>\",\"content_fr_fr\":\"\n\n<p>rattrapage pour exploitation en parall\\u00e8le avec le r\\u00e9seau<\\\/p>\"}},{\"type\":\"list_item\",\"props\":{\"content\":\"Komplette Schaltanlage\",\"content_en_gb\":\"\n\n<p>Complete switchgear<\\\/p>\",\"content_fr_fr\":\"\n\n<p>installation compl\\u00e8te de distribution<\\\/p>\"}},{\"type\":\"list_item\",\"props\":{\"content\":\"Abgasanlage\",\"content_en_gb\":\"\n\n<p>Exhaust gas systems<\\\/p>\",\"content_fr_fr\":\"\n\n<p>dispositif de gaz d'\\u00e9chappement<\\\/p>\"}},{\"type\":\"list_item\",\"props\":{\"content\":\"K\\u00fchler\",\"content_en_gb\":\"\n\n<p>Coolers<\\\/p>\",\"content_fr_fr\":\"\n\n<p>radiateur<\\\/p>\"}},{\"type\":\"list_item\",\"props\":{\"content\":\"Abluftjalousie\",\"content_en_gb\":\"\n\n<p>Exhaust air shutters<\\\/p>\",\"content_fr_fr\":\"\n\n<p>grille d'\\u00e9vacuation d'air<\\\/p>\"}},{\"type\":\"list_item\",\"props\":{\"content\":\"Batterieanlage\",\"content_en_gb\":\"\n\n<p>Battery systems<\\\/p>\",\"content_fr_fr\":\"\n\n<p>syst\\u00e8me de batteries<\\\/p>\"}}],\"name\":\"Liste\"}]}]}]}]},{\"type\":\"column\",\"props\":{\"image_position\":\"center-center\",\"position_sticky\":\"column\",\"position_sticky_breakpoint\":\"m\",\"position_sticky_offset\":\"80\",\"width_medium\":\"1-3\"},\"children\":[{\"type\":\"headline\",\"props\":{\"content\":\"Kontakt\",\"content_en_gb\":\"Contact\",\"content_fr_fr\":\"Contact\",\"title_element\":\"h4\"},\"name\":\"Sidebar Headline\"},{\"type\":\"text\",\"props\":{\"column_breakpoint\":\"m\",\"content\":\"\n\n<p><strong>AMServ<\\\/strong><br \\\/>Service f\\u00fcr rotierende<br \\\/>elektrische Maschinen<\\\/p>\",\"content_en_gb\":\"\n\n<p><strong>AMServ<\\\/strong><br \\\/>Service for rotating<br \/> electrical machines<\\\/p>\",\"content_fr_fr\":\"\n\n<p><strong>AMServ<\\\/strong><br \\\/>Service pour machines<br \/>\\u00e9lectriques tournantes<\\\/p>\",\"margin\":\"small\"},\"name\":\"Sidebar Text\"},{\"type\":\"list\",\"props\":{\"class\":\"sidebarContactList\",\"column_breakpoint\":\"m\",\"icon_color\":\"emphasis\",\"icon_width\":\"25\",\"image_align\":\"left\",\"image_svg_color\":\"emphasis\",\"image_svg_inline\":true,\"image_vertical_align\":false,\"image_width\":\"18\",\"list_element\":\"ul\",\"list_horizontal_separator\":\", \",\"list_type\":\"vertical\",\"show_image\":true,\"show_link\":true},\"children\":[{\"type\":\"list_item\",\"props\":{\"content\":\"\n\n<p><a href=\\\"tel:+498000267378\\\" class=\\\"google-event\\\" data-event-action=\\\"telefonnummer_geklickt\\\" data-event-category=\\\"Kontakt\\\" data-event-label=\\\"+498000267378\\\">+49 (0) 8000 267378<br \\\/>+49 (0) 8000 AMSERV<\\\/a><\\\/p>\",\"icon\":\"\",\"image\":\"wp-content\\\/uploads\\\/2024\\\/03\\\/phone.svg\"}},{\"type\":\"list_item\",\"props\":{\"content\":\"\n\n<p><a href=\\\"mailto:info@amserv.de\\\" class=\\\"google-event\\\" data-event-action=\\\"mailadresse_geklickt\\\" data-event-category=\\\"Kontakt\\\" data-event-label=\\\"info@amserv.de\\\">info@amserv.de<\\\/a><\\\/p>\",\"icon\":\"\",\"image\":\"wp-content\\\/uploads\\\/2024\\\/03\\\/envelope.svg\"}}],\"name\":\"Liste-Kontakt2\"}]}]}],\"name\":\"Zweispaltig\"}],\"version\":\"4.5.25\"} --><\/p>\n","protected":false},"excerpt":{"rendered":"<p>Wartung, Reparatur und Modernisierung von Notstromaggregaten \/ USV-Anlagen Wir leisten umfassenden Service f\u00fcr Notstromanlagen aller Fabrikate, z.B. in Krankenh\u00e4usern, Banken und Industrieanlagen. Unser Service beinhaltet Lastpr\u00fcfungen, sowie Wartung, Reparatur und Modernisierung an Dieselmotoren, Generatoren und Schaltanlagen. Wir bieten Wartungs- und Instandhaltungsma\u00dfnahmen f\u00fcr: Dieselmotoren Kraftstoffanlage, Einspritzpumpe K\u00fchlwasseranlage Abgasanlage \u00d6lkreislauf, Luftfilter Ventile, Gl\u00fchkerzen Lichtmaschine Anlasser Hubmagnet , [&#8230;]<\/p>\n<p><a class=\"el-content uk-button uk-button-primary uk-margin-remove-bottom excerpt\" href=\"https:\/\/www.amserv.de\/en\/service\/emergency-generators\/\">Read more&#8230;<\/a><\/p>\n","protected":false},"author":2,"featured_media":0,"parent":35,"menu_order":0,"comment_status":"closed","ping_status":"closed","template":"","meta":{"footnotes":""},"class_list":["post-339","page","type-page","status-publish","hentry"],"_links":{"self":[{"href":"https:\/\/www.amserv.de\/en\/wp-json\/wp\/v2\/pages\/339","targetHints":{"allow":["GET"]}}],"collection":[{"href":"https:\/\/www.amserv.de\/en\/wp-json\/wp\/v2\/pages"}],"about":[{"href":"https:\/\/www.amserv.de\/en\/wp-json\/wp\/v2\/types\/page"}],"author":[{"embeddable":true,"href":"https:\/\/www.amserv.de\/en\/wp-json\/wp\/v2\/users\/2"}],"replies":[{"embeddable":true,"href":"https:\/\/www.amserv.de\/en\/wp-json\/wp\/v2\/comments?post=339"}],"version-history":[{"count":81,"href":"https:\/\/www.amserv.de\/en\/wp-json\/wp\/v2\/pages\/339\/revisions"}],"predecessor-version":[{"id":3095,"href":"https:\/\/www.amserv.de\/en\/wp-json\/wp\/v2\/pages\/339\/revisions\/3095"}],"up":[{"embeddable":true,"href":"https:\/\/www.amserv.de\/en\/wp-json\/wp\/v2\/pages\/35"}],"wp:attachment":[{"href":"https:\/\/www.amserv.de\/en\/wp-json\/wp\/v2\/media?parent=339"}],"curies":[{"name":"wp","href":"https:\/\/api.w.org\/{rel}","templated":true}]}}