{"id":347,"date":"2024-03-07T22:42:03","date_gmt":"2024-03-07T21:42:03","guid":{"rendered":"https:\/\/www.amserv.de\/?page_id=347"},"modified":"2026-04-13T15:46:27","modified_gmt":"2026-04-13T13:46:27","slug":"ersatzteile","status":"publish","type":"page","link":"https:\/\/www.amserv.de\/en\/products\/spare-parts\/","title":{"rendered":"Spare parts"},"content":{"rendered":"<h1>Ersatzteile <\/h1>\n<div>\n<p><strong>Sie ben\u00f6tigen die richtigen Ersatzteile \u2013 wir helfen Ihnen bei der Beschaffung.<\/strong><\/p>\n<\/div>\n<div>\n<p>Aufgrund unserer jahrzehntelangen T\u00e4tigkeit in der Instandhaltung haben wir Kontakte zu H\u00e4ndlern und Herstellern aus aller Welt und k\u00f6nnen Ihnen schnell die richtigen Teile liefern. Beziehen Sie Ihre Ersatzteile von uns!<\/p>\n<\/div>\n<div><\/div>\n<h4>Fabrikate aller Hersteller<\/h4>\n<ul>\n<li>\n<div>Kohleb\u00fcrsten<\/div>\n<\/li>\n<li>\n<div>Tachos<\/div>\n<\/li>\n<li>\n<div>L\u00fcfter<\/div>\n<\/li>\n<li>\n<div>Lagerschilder<\/div>\n<\/li>\n<li>\n<div>Klemmenk\u00e4sten<\/div>\n<\/li>\n<li>\n<div>B\u00fcrstenhalter<\/div>\n<\/li>\n<li>\n<div>W\u00e4lzlager<\/div>\n<\/li>\n<li>\n<div>L\u00fcfterhauben<\/div>\n<\/li>\n<li>\n<div>Klemmbretter<\/div>\n<\/li>\n<li>\n<div>etc.<\/div>\n<\/li>\n<\/ul>\n<div>Am Markt nicht mehr erh\u00e4ltliche Ersatzteile k\u00f6nnen von uns in vielen F\u00e4llen nach Muster neu gefertigt werden. Fragen Sie uns, wir unterbreiten Ihnen gerne ein Angebot.<\/div>\n<h4>Kontakt<\/h4>\n<div>\n<p><strong>AMServ<\/strong><br \/>Service f\u00fcr rotierende<br \/>elektrische Maschinen<\/p>\n<\/div>\n<ul>\n<li>\n<p>        <img decoding=\"async\" src=\"\/wp-content\/uploads\/2024\/03\/phone.svg\" alt=\"\"><\/p>\n<div>\n<p><a href=\"tel:+498000267378\" class=\"google-event\" data-event-action=\"telefonnummer_geklickt\" data-event-category=\"Kontakt\" data-event-label=\"+498000267378\">+49 (0) 8000 267378<br \/>+49 (0) 8000 AMSERV<\/a><\/p>\n<\/div>\n<\/li>\n<li>\n<p>        <img decoding=\"async\" src=\"\/wp-content\/uploads\/2024\/03\/envelope.svg\" alt=\"\"><\/p>\n<div>\n<p><a href=\"mailto:info@amserv.de\" class=\"google-event\" data-event-action=\"mailadresse_geklickt\" data-event-category=\"Kontakt\" data-event-label=\"info@amserv.de\">info@amserv.de<\/a><\/p>\n<\/div>\n<\/li>\n<\/ul>\n<p><!--more--><br \/>\n<!-- {\"type\":\"layout\",\"children\":[{\"type\":\"section\",\"props\":{\"image\":\"wp-content\\\/uploads\\\/2024\\\/03\\\/ersatzteile.jpg\",\"image_position\":\"center-center\",\"image_size\":\"cover\",\"padding\":\"xlarge\",\"padding_remove_bottom\":false,\"padding_remove_top\":false,\"style\":\"default\",\"title_breakpoint\":\"xl\",\"title_position\":\"top-left\",\"title_rotation\":\"left\",\"vertical_align\":\"\",\"width\":\"\"},\"children\":[{\"type\":\"row\",\"children\":[{\"type\":\"column\",\"props\":{\"image_position\":\"center-center\",\"position_sticky_breakpoint\":\"m\"}}]}],\"name\":\"Headerbild\"},{\"type\":\"section\",\"props\":{\"image_position\":\"center-center\",\"padding\":\"none\",\"style\":\"muted\",\"title_breakpoint\":\"xl\",\"title_position\":\"top-left\",\"title_rotation\":\"left\",\"vertical_align\":\"\",\"width\":\"default\"},\"children\":[{\"type\":\"row\",\"children\":[{\"type\":\"column\",\"props\":{\"image_position\":\"center-center\",\"position_sticky_breakpoint\":\"m\"},\"children\":[{\"type\":\"breadcrumbs\",\"props\":{\"home_text\":\"Home\",\"show_current\":true,\"show_home\":true}}]}]}],\"name\":\"Breadcrumbs\"},{\"type\":\"section\",\"props\":{\"image_position\":\"center-center\",\"padding\":\"small\",\"padding_remove_bottom\":false,\"style\":\"default\",\"title_breakpoint\":\"xl\",\"title_position\":\"top-left\",\"title_rotation\":\"left\",\"vertical_align\":\"\",\"width\":\"default\"},\"children\":[{\"type\":\"row\",\"props\":{\"layout\":\"2-3,1-3\"},\"children\":[{\"type\":\"column\",\"props\":{\"image_position\":\"center-center\",\"position_sticky_breakpoint\":\"m\",\"width_medium\":\"2-3\"},\"children\":[{\"type\":\"headline\",\"props\":{\"content\":\"Ersatzteile \",\"content_en_gb\":\"spare parts\",\"content_fr_fr\":\"pi\\u00c8ces de rechange\",\"title_element\":\"h1\"}},{\"type\":\"text\",\"props\":{\"column_breakpoint\":\"m\",\"content\":\"\n\n<p><strong>Sie ben\\u00f6tigen die richtigen Ersatzteile \\u2013 wir helfen Ihnen bei der Beschaffung.<\\\/strong><\\\/p>\",\"content_en_gb\":\"\n\n<p><strong>You need the right spare parts and we help you procure them.<\\\/strong><\\\/p>\",\"content_fr_fr\":\"\n\n<p><strong>Vous avez besoin de pi\\u00e8ces de rechange sp\\u00e9cifiques \\u2013 nous vous aidons \\u00e0 les trouver.<\\\/strong><\\\/p>\",\"margin\":\"default\",\"margin_remove_top\":true}},{\"type\":\"text\",\"props\":{\"column_breakpoint\":\"m\",\"content\":\"\n\n<p>Aufgrund unserer jahrzehntelangen T\\u00e4tigkeit in der Instandhaltung haben wir Kontakte zu H\\u00e4ndlern und Herstellern aus aller Welt und k\\u00f6nnen Ihnen schnell die richtigen Teile liefern. Beziehen Sie Ihre Ersatzteile von uns!<\\\/p>\",\"content_en_gb\":\"\n\n<p>Thanks to our decades of maintenance experience, we have contacts at retailers and manufacturers all over the world and can supply you with the right parts quickly. Get your spare parts from us!<\\\/p>\",\"content_fr_fr\":\"\n\n<p>Gr\\u00e2ce \\u00e0 notre activit\\u00e9 de plusieurs d\\u00e9cennies dans le domaine de l'entretien, nous disposons de contacts avec des revendeurs et fabricants dans le monde entier et pouvons vous livrer rapidement les pi\\u00e8ces dont vous avez besoin. Achetez vos pi\\u00e8ces de rechange aupr\\u00e8s de nous&nbsp;!<\\\/p>\",\"margin\":\"default\"}},{\"type\":\"text\",\"props\":{\"column_breakpoint\":\"m\",\"content\":\"[smartslider3 slider=\\\"12\\\"]\",\"margin\":\"medium\"},\"name\":\"Slider eingebettet (via Shortcode)\"},{\"type\":\"headline\",\"props\":{\"content\":\"Fabrikate aller Hersteller\",\"content_en_gb\":\"brands from all manufacturers\",\"content_fr_fr\":\"les marques de tous les fabricants\",\"title_element\":\"h4\"}},{\"type\":\"list\",\"props\":{\"column\":\"1-2\",\"column_breakpoint\":\"s\",\"image_align\":\"left\",\"image_svg_color\":\"emphasis\",\"image_vertical_align\":true,\"list_element\":\"ul\",\"list_horizontal_separator\":\", \",\"list_marker\":\"disc\",\"list_marker_color\":\"emphasis\",\"list_type\":\"vertical\",\"show_image\":true,\"show_link\":true},\"children\":[{\"type\":\"list_item\",\"props\":{\"content\":\"Kohleb\\u00fcrsten\",\"content_en_gb\":\"\n\n<p>Carbon brushes<\\\/p>\",\"content_fr_fr\":\"\n\n<p>Balais de charbon<\\\/p>\"}},{\"type\":\"list_item\",\"props\":{\"content\":\"Tachos\",\"content_en_gb\":\"\n\n<p>Speedometers<\\\/p>\",\"content_fr_fr\":\"\n\n<p>Tachym\\u00e8tres<\\\/p>\"}},{\"type\":\"list_item\",\"props\":{\"content\":\"L\\u00fcfter\",\"content_en_gb\":\"\n\n<p>Fans<\\\/p>\",\"content_fr_fr\":\"\n\n<p>Ventilateurs<\\\/p>\"}},{\"type\":\"list_item\",\"props\":{\"content\":\"Lagerschilder\",\"content_en_gb\":\"\n\n<p>Bearing plates<\\\/p>\",\"content_fr_fr\":\"\n\n<p>Flasques<\\\/p>\"}},{\"type\":\"list_item\",\"props\":{\"content\":\"Klemmenk\\u00e4sten\",\"content_en_gb\":\"\n\n<p>Terminal boxes<\\\/p>\",\"content_fr_fr\":\"\n\n<p>Bo\\u00eetes de connexions<\\\/p>\"}},{\"type\":\"list_item\",\"props\":{\"content\":\"B\\u00fcrstenhalter\",\"content_en_gb\":\"\n\n<p>Brush holders<\\\/p>\",\"content_fr_fr\":\"\n\n<p>Porte-balais<\\\/p>\"}},{\"type\":\"list_item\",\"props\":{\"content\":\"W\\u00e4lzlager\",\"content_en_gb\":\"\n\n<p>Rolling bearings<\\\/p>\",\"content_fr_fr\":\"\n\n<p>Paliers \\u00e0 rouleaux<\\\/p>\"}},{\"type\":\"list_item\",\"props\":{\"content\":\"L\\u00fcfterhauben\",\"content_en_gb\":\"\n\n<p>Fan hoods<\\\/p>\",\"content_fr_fr\":\"\n\n<p>Capots de ventilateurs<\\\/p>\"}},{\"type\":\"list_item\",\"props\":{\"content\":\"Klemmbretter\",\"content_en_gb\":\"\n\n<p>Terminal boards<\\\/p>\",\"content_fr_fr\":\"\n\n<p>Plaques \\u00e0 bornes<\\\/p>\"}},{\"type\":\"list_item\",\"props\":{\"content\":\"etc.\",\"content_en_gb\":\"\n\n<p>etc.\\u00a0<\\\/p>\",\"content_fr_fr\":\"\n\n<p>Etc.\\u00a0<\\\/p>\"}}],\"name\":\"Liste zweispaltig\"},{\"type\":\"text\",\"props\":{\"column_breakpoint\":\"m\",\"content\":\"Am Markt nicht mehr erh\\u00e4ltliche Ersatzteile k\\u00f6nnen von uns in vielen F\\u00e4llen nach Muster neu gefertigt werden. Fragen Sie uns, wir unterbreiten Ihnen gerne ein Angebot.\",\"content_en_gb\":\"\n\n<p>In many cases, we can manufacture spare parts that are no longer available on the market by sample. Please ask us and we will be happy to provide you with a quote.<\\\/p>\",\"content_fr_fr\":\"\n\n<p>Dans beaucoup de cas, nous sommes \\u00e0 m\\u00eame de refabriquer, \\u00e0 partir de mod\\u00e8les, des pi\\u00e8ces de rechange qui ne sont plus disponibles sur le march\\u00e9. Contactez-nous, nous vous ferons volontiers une offre!<\\\/p>\",\"margin\":\"default\"}}]},{\"type\":\"column\",\"props\":{\"image_position\":\"center-center\",\"position_sticky\":\"column\",\"position_sticky_breakpoint\":\"m\",\"position_sticky_offset\":\"80\",\"width_medium\":\"1-3\"},\"children\":[{\"type\":\"headline\",\"props\":{\"content\":\"Kontakt\",\"content_en_gb\":\"Contact\",\"content_fr_fr\":\"Contact\",\"title_element\":\"h4\"},\"name\":\"Sidebar Headline\"},{\"type\":\"text\",\"props\":{\"column_breakpoint\":\"m\",\"content\":\"\n\n<p><strong>AMServ<\\\/strong><br \\\/>Service f\\u00fcr rotierende<br \\\/>elektrische Maschinen<\\\/p>\",\"content_en_gb\":\"\n\n<p><strong>AMServ<\\\/strong><br \\\/>Service for rotating<br \/> electrical machines<\\\/p>\",\"content_fr_fr\":\"\n\n<p><strong>AMServ<\\\/strong><br \\\/>Service pour machines<br \/>\\u00e9lectriques tournantes<\\\/p>\",\"margin\":\"small\"},\"name\":\"Sidebar Text\"},{\"type\":\"list\",\"props\":{\"class\":\"sidebarContactList\",\"column_breakpoint\":\"m\",\"icon_color\":\"emphasis\",\"icon_width\":\"25\",\"image_align\":\"left\",\"image_svg_color\":\"emphasis\",\"image_svg_inline\":true,\"image_vertical_align\":false,\"image_width\":\"18\",\"list_element\":\"ul\",\"list_horizontal_separator\":\", \",\"list_type\":\"vertical\",\"show_image\":true,\"show_link\":true},\"children\":[{\"type\":\"list_item\",\"props\":{\"content\":\"\n\n<p><a href=\\\"tel:+498000267378\\\" class=\\\"google-event\\\" data-event-action=\\\"telefonnummer_geklickt\\\" data-event-category=\\\"Kontakt\\\" data-event-label=\\\"+498000267378\\\">+49 (0) 8000 267378<br \\\/>+49 (0) 8000 AMSERV<\\\/a><\\\/p>\",\"icon\":\"\",\"image\":\"wp-content\\\/uploads\\\/2024\\\/03\\\/phone.svg\"}},{\"type\":\"list_item\",\"props\":{\"content\":\"\n\n<p><a href=\\\"mailto:info@amserv.de\\\" class=\\\"google-event\\\" data-event-action=\\\"mailadresse_geklickt\\\" data-event-category=\\\"Kontakt\\\" data-event-label=\\\"info@amserv.de\\\">info@amserv.de<\\\/a><\\\/p>\",\"icon\":\"\",\"image\":\"wp-content\\\/uploads\\\/2024\\\/03\\\/envelope.svg\"}}],\"name\":\"Liste-Kontakt2\"}]}]}],\"name\":\"Zweispaltig\"}],\"version\":\"4.5.25\"} --><\/p>\n","protected":false},"excerpt":{"rendered":"<p>Ersatzteile Sie ben\u00f6tigen die richtigen Ersatzteile \u2013 wir helfen Ihnen bei der Beschaffung. Aufgrund unserer jahrzehntelangen T\u00e4tigkeit in der Instandhaltung haben wir Kontakte zu H\u00e4ndlern und Herstellern aus aller Welt und k\u00f6nnen Ihnen schnell die richtigen Teile liefern. Beziehen Sie Ihre Ersatzteile von uns! Fabrikate aller Hersteller Kohleb\u00fcrsten Tachos L\u00fcfter Lagerschilder Klemmenk\u00e4sten B\u00fcrstenhalter W\u00e4lzlager L\u00fcfterhauben [&#8230;]<\/p>\n<p><a class=\"el-content uk-button uk-button-primary uk-margin-remove-bottom excerpt\" href=\"https:\/\/www.amserv.de\/en\/products\/spare-parts\/\">Read more&#8230;<\/a><\/p>\n","protected":false},"author":2,"featured_media":0,"parent":37,"menu_order":0,"comment_status":"closed","ping_status":"closed","template":"","meta":{"footnotes":""},"class_list":["post-347","page","type-page","status-publish","hentry"],"_links":{"self":[{"href":"https:\/\/www.amserv.de\/en\/wp-json\/wp\/v2\/pages\/347","targetHints":{"allow":["GET"]}}],"collection":[{"href":"https:\/\/www.amserv.de\/en\/wp-json\/wp\/v2\/pages"}],"about":[{"href":"https:\/\/www.amserv.de\/en\/wp-json\/wp\/v2\/types\/page"}],"author":[{"embeddable":true,"href":"https:\/\/www.amserv.de\/en\/wp-json\/wp\/v2\/users\/2"}],"replies":[{"embeddable":true,"href":"https:\/\/www.amserv.de\/en\/wp-json\/wp\/v2\/comments?post=347"}],"version-history":[{"count":41,"href":"https:\/\/www.amserv.de\/en\/wp-json\/wp\/v2\/pages\/347\/revisions"}],"predecessor-version":[{"id":3101,"href":"https:\/\/www.amserv.de\/en\/wp-json\/wp\/v2\/pages\/347\/revisions\/3101"}],"up":[{"embeddable":true,"href":"https:\/\/www.amserv.de\/en\/wp-json\/wp\/v2\/pages\/37"}],"wp:attachment":[{"href":"https:\/\/www.amserv.de\/en\/wp-json\/wp\/v2\/media?parent=347"}],"curies":[{"name":"wp","href":"https:\/\/api.w.org\/{rel}","templated":true}]}}