{"id":349,"date":"2024-03-07T22:43:10","date_gmt":"2024-03-07T21:43:10","guid":{"rendered":"https:\/\/www.amserv.de\/?page_id=349"},"modified":"2026-04-14T15:36:52","modified_gmt":"2026-04-14T13:36:52","slug":"industrie","status":"publish","type":"page","link":"https:\/\/www.amserv.de\/en\/areas-of-application\/industry\/","title":{"rendered":"Industry"},"content":{"rendered":"<h1>Industrie <\/h1>\n<div>\n<p><strong>Gerade in der Industrie ist es wichtig Produktionsabl\u00e4ufe optimal zu gestalten und Stillstandszeiten zu minimieren.<\/strong><\/p>\n<\/div>\n<div>\n<p>Wir bieten Ihnen die passenden\u00a0<a href=\"\/service\/messtechnik-diagnose-motoren-generatoren\">Diagnose- und Messtechniken<\/a>\u00a0an, um eine geplante Instandhaltung durchzuf\u00fchren, unterst\u00fctzen Sie bei Umbauten und stehen Ihnen auch im Notfall jederzeit flexibel und schnell zur Verf\u00fcgung.<\/p>\n<\/div>\n<h4>Kontakt<\/h4>\n<div>\n<p><strong>AMServ<\/strong><br \/>Service f\u00fcr rotierende<br \/>elektrische Maschinen<\/p>\n<\/div>\n<ul>\n<li>\n<p>        <img decoding=\"async\" src=\"\/wp-content\/uploads\/2024\/03\/phone.svg\" alt=\"\"><\/p>\n<div>\n<p><a href=\"tel:+498000267378\" class=\"google-event\" data-event-action=\"telefonnummer_geklickt\" data-event-category=\"Kontakt\" data-event-label=\"+498000267378\">+49 (0) 8000 267378<br \/>+49 (0) 8000 AMSERV<\/a><\/p>\n<\/div>\n<\/li>\n<li>\n<p>        <img decoding=\"async\" src=\"\/wp-content\/uploads\/2024\/03\/envelope.svg\" alt=\"\"><\/p>\n<div>\n<p><a href=\"mailto:info@amserv.de\" class=\"google-event\" data-event-action=\"mailadresse_geklickt\" data-event-category=\"Kontakt\" data-event-label=\"info@amserv.de\">info@amserv.de<\/a><\/p>\n<\/div>\n<\/li>\n<\/ul>\n<h3>Einsatzbereiche in der Industrie im \u00dcberblick<\/h3>\n<ul>\n<li>\n<h3>Automobil<\/h3>\n<p><a href=\"\/einsatzbereiche\/industrie\/automobil\/\">Automobil<\/a><\/p>\n<\/li>\n<li>\n<h3>Chemie \/ Petrochemie<\/h3>\n<p><a href=\"\/einsatzbereiche\/industrie\/chemie-petrochemie\/\">Chemie \/ Petrochemie<\/a><\/p>\n<\/li>\n<li>\n<h3>Papier &#038; Druck<\/h3>\n<p><a href=\"\/einsatzbereiche\/industrie\/papier-druck\/\">Papier &#038; Druck<\/a><\/p>\n<\/li>\n<li>\n<h3>Stahl<\/h3>\n<p><a href=\"\/einsatzbereiche\/industrie\/stahl\/\">Stahl<\/a><\/p>\n<\/li>\n<li>\n<h3>Zement<\/h3>\n<p><a href=\"\/einsatzbereiche\/industrie\/zement\/\">Zement<\/a><\/p>\n<\/li>\n<\/ul>\n<p><!--more--><br \/>\n<!-- {\"type\":\"layout\",\"children\":[{\"type\":\"section\",\"props\":{\"image\":\"wp-content\\\/uploads\\\/2024\\\/03\\\/industrie.jpg\",\"image_position\":\"center-center\",\"image_size\":\"cover\",\"padding\":\"xlarge\",\"padding_remove_bottom\":false,\"padding_remove_top\":false,\"style\":\"default\",\"title_breakpoint\":\"xl\",\"title_position\":\"top-left\",\"title_rotation\":\"left\",\"vertical_align\":\"\",\"width\":\"\"},\"children\":[{\"type\":\"row\",\"children\":[{\"type\":\"column\",\"props\":{\"image_position\":\"center-center\",\"position_sticky_breakpoint\":\"m\"}}]}],\"name\":\"Headerbild\"},{\"type\":\"section\",\"props\":{\"image_position\":\"center-center\",\"padding\":\"none\",\"style\":\"muted\",\"title_breakpoint\":\"xl\",\"title_position\":\"top-left\",\"title_rotation\":\"left\",\"vertical_align\":\"\",\"width\":\"default\"},\"children\":[{\"type\":\"row\",\"children\":[{\"type\":\"column\",\"props\":{\"image_position\":\"center-center\",\"position_sticky_breakpoint\":\"m\"},\"children\":[{\"type\":\"breadcrumbs\",\"props\":{\"home_text\":\"Home\",\"show_current\":true,\"show_home\":true}}]}]}],\"name\":\"Breadcrumbs\"},{\"type\":\"section\",\"props\":{\"image_position\":\"center-center\",\"padding\":\"small\",\"padding_remove_bottom\":false,\"style\":\"default\",\"title_breakpoint\":\"xl\",\"title_position\":\"top-left\",\"title_rotation\":\"left\",\"vertical_align\":\"\",\"width\":\"default\"},\"children\":[{\"type\":\"row\",\"props\":{\"layout\":\"2-3,1-3\"},\"children\":[{\"type\":\"column\",\"props\":{\"image_position\":\"center-center\",\"position_sticky_breakpoint\":\"m\",\"width_medium\":\"2-3\"},\"children\":[{\"type\":\"headline\",\"props\":{\"content\":\"Industrie \",\"content_en_gb\":\"industry\",\"content_fr_fr\":\"industrie\",\"title_element\":\"h1\"}},{\"type\":\"text\",\"props\":{\"column_breakpoint\":\"m\",\"content\":\"\n\n<p><strong>Gerade in der Industrie ist es wichtig Produktionsabl\\u00e4ufe optimal zu gestalten und Stillstandszeiten zu minimieren.<\\\/strong><\\\/p>\",\"content_en_gb\":\"\n\n<p><strong>In industry it is particularly important to optimise production processes and minimise downtime.<\\\/strong><\\\/p>\",\"content_fr_fr\":\"\n\n<p><strong>Sp\\u00e9cialement dans l'industrie, il est important d'organiser les processus de fabrication de mani\\u00e8re optimale et de r\\u00e9duire les temps d'arr\\u00eat.<\\\/strong><\\\/p>\",\"margin\":\"default\",\"margin_remove_top\":true}},{\"type\":\"text\",\"props\":{\"column_breakpoint\":\"m\",\"content\":\"\n\n<p>Wir bieten Ihnen die passenden\\u00a0<a href=\\\"\\\/service\\\/messtechnik-diagnose-motoren-generatoren\\\">Diagnose- und Messtechniken<\\\/a>\\u00a0an, um eine geplante Instandhaltung durchzuf\\u00fchren, unterst\\u00fctzen Sie bei Umbauten und stehen Ihnen auch im Notfall jederzeit flexibel und schnell zur Verf\\u00fcgung.<\\\/p>\",\"content_en_gb\":\"\n\n<p>We provide you with the right diagnostic and measurement technology in order to be able to carry out planned maintenance, provide you with support with modifications and are always there to help you at any time in an emergency, quickly and flexibly.<\\\/p>\",\"content_fr_fr\":\"<main id=\\\"content\\\" class=\\\"span8\\\">\\n\n\n<div class=\\\"item-page\\\" itemscope=\\\"\\\" itemtype=\\\"https:\\\/\\\/schema.org\\\/Article\\\">\\n\n\n<div itemprop=\\\"articleBody\\\">\\n\n\n<p>Nous vous proposons les techniques de diagnostic et de mesure appropri\\u00e9es pour effectuer un entretien planifi\\u00e9, nous vous assistons lors des transformations et nous sommes \\u00e0 votre disposition de mani\\u00e8re flexible et rapide, \\u00e0 tout moment, m\\u00eame en cas d'urgence.<\\\/p>\\n<\\\/div>\\n<\\\/div>\\n<\\\/main>\",\"margin\":\"default\"}}]},{\"type\":\"column\",\"props\":{\"image_position\":\"center-center\",\"position_sticky\":\"column\",\"position_sticky_breakpoint\":\"m\",\"position_sticky_offset\":\"80\",\"width_medium\":\"1-3\"},\"children\":[{\"type\":\"headline\",\"props\":{\"content\":\"Kontakt\",\"content_en_gb\":\"Contact\",\"content_fr_fr\":\"Contact\",\"title_element\":\"h4\"},\"name\":\"Sidebar Headline\"},{\"type\":\"text\",\"props\":{\"column_breakpoint\":\"m\",\"content\":\"\n\n<p><strong>AMServ<\\\/strong><br \\\/>Service f\\u00fcr rotierende<br \\\/>elektrische Maschinen<\\\/p>\",\"content_en_gb\":\"\n\n<p><strong>AMServ<\\\/strong><br \\\/>Service for rotating<br \/> electrical machines<\\\/p>\",\"content_fr_fr\":\"\n\n<p><strong>AMServ<\\\/strong><br \\\/>Service pour machines<br \/>\\u00e9lectriques tournantes<\\\/p>\",\"margin\":\"small\"},\"name\":\"Sidebar Text\"},{\"type\":\"list\",\"props\":{\"class\":\"sidebarContactList\",\"column_breakpoint\":\"m\",\"icon_color\":\"emphasis\",\"icon_width\":\"25\",\"image_align\":\"left\",\"image_svg_color\":\"emphasis\",\"image_svg_inline\":true,\"image_vertical_align\":false,\"image_width\":\"18\",\"list_element\":\"ul\",\"list_horizontal_separator\":\", \",\"list_type\":\"vertical\",\"show_image\":true,\"show_link\":true},\"children\":[{\"type\":\"list_item\",\"props\":{\"content\":\"\n\n<p><a href=\\\"tel:+498000267378\\\" class=\\\"google-event\\\" data-event-action=\\\"telefonnummer_geklickt\\\" data-event-category=\\\"Kontakt\\\" data-event-label=\\\"+498000267378\\\">+49 (0) 8000 267378<br \\\/>+49 (0) 8000 AMSERV<\\\/a><\\\/p>\",\"icon\":\"\",\"image\":\"wp-content\\\/uploads\\\/2024\\\/03\\\/phone.svg\"}},{\"type\":\"list_item\",\"props\":{\"content\":\"\n\n<p><a href=\\\"mailto:info@amserv.de\\\" class=\\\"google-event\\\" data-event-action=\\\"mailadresse_geklickt\\\" data-event-category=\\\"Kontakt\\\" data-event-label=\\\"info@amserv.de\\\">info@amserv.de<\\\/a><\\\/p>\",\"icon\":\"\",\"image\":\"wp-content\\\/uploads\\\/2024\\\/03\\\/envelope.svg\"}}],\"name\":\"Liste-Kontakt2\"}]}]}],\"name\":\"Zweispaltig\"},{\"type\":\"section\",\"props\":{\"image_position\":\"center-center\",\"padding\":\"small\",\"style\":\"muted\",\"title_breakpoint\":\"xl\",\"title_position\":\"top-left\",\"title_rotation\":\"left\",\"vertical_align\":\"\",\"width\":\"default\"},\"children\":[{\"type\":\"row\",\"children\":[{\"type\":\"column\",\"props\":{\"image_position\":\"center-center\",\"position_sticky_breakpoint\":\"m\"},\"children\":[{\"type\":\"headline\",\"props\":{\"content\":\"Einsatzbereiche in der Industrie im \\u00dcberblick\",\"content_en_gb\":\"areas of application in the industry at a glance\\n\",\"content_fr_fr\":\"aper\\u00c7u des domaines d'application dans l'industrie\",\"margin\":\"medium\",\"text_align\":\"center\",\"text_align_fallback\":\"left\",\"title_color\":\"primary\",\"title_element\":\"h3\"}},{\"type\":\"panel-slider\",\"props\":{\"content_column_breakpoint\":\"m\",\"css\":\".el-title {display:none;}\",\"icon_width\":80,\"image_align\":\"top\",\"image_grid_breakpoint\":\"m\",\"image_grid_width\":\"1-2\",\"image_svg_color\":\"emphasis\",\"link_fullwidth\":true,\"link_margin\":\"remove\",\"link_style\":\"primary\",\"link_text\":\"Read more\",\"margin\":\"default\",\"meta_align\":\"below-title\",\"meta_element\":\"div\",\"meta_style\":\"text-meta\",\"nav\":\"dotnav\",\"nav_align\":\"center\",\"nav_breakpoint\":\"\",\"panel_match\":true,\"panel_padding\":\"default\",\"panel_style\":\"card-default\",\"show_content\":false,\"show_hover_image\":true,\"show_hover_video\":true,\"show_image\":false,\"show_link\":true,\"show_meta\":false,\"show_title\":true,\"show_video\":true,\"slidenav\":\"outside\",\"slidenav_breakpoint\":\"xl\",\"slidenav_margin\":\"medium\",\"slidenav_outside_breakpoint\":\"xl\",\"slider_autoplay_pause\":true,\"slider_gap\":\"small\",\"slider_width\":\"fixed\",\"slider_width_default\":\"1-1\",\"slider_width_medium\":\"1-3\",\"slider_width_small\":\"1-2\",\"title_align\":\"top\",\"title_element\":\"h3\",\"title_grid_breakpoint\":\"m\",\"title_grid_width\":\"1-2\",\"title_hover_style\":\"reset\"},\"children\":[{\"type\":\"panel-slider_item\",\"props\":{\"link\":\"einsatzbereiche\\\/industrie\\\/automobil\\\/\",\"link_en_gb\":\"\\\/en\\\/areas-of-application\\\/industry\\\/automotive-industry\",\"link_fr_fr\":\"\\\/fr\\\/domaines-d-application\\\/industrie\\\/automobile\",\"link_text\":\"Automobil\",\"link_text_en_gb\":\"automotive\",\"link_text_fr_fr\":\"automobile\",\"title\":\"Automobil\"}},{\"type\":\"panel-slider_item\",\"props\":{\"link\":\"einsatzbereiche\\\/industrie\\\/chemie-petrochemie\\\/\",\"link_en_gb\":\"\\\/en\\\/areas-of-application\\\/industry\\\/chemical-petrochemical-industry\",\"link_fr_fr\":\"\\\/fr\\\/domaines-d-application\\\/industrie\\\/chimie-petrochimie\",\"link_text\":\"Chemie \\\/ Petrochemie\",\"link_text_en_gb\":\"chemical \\\/ petrochemical\",\"link_text_fr_fr\":\"chimie \\\/ p\\u00c9trochimie\",\"title\":\"Chemie \\\/ Petrochemie\"}},{\"type\":\"panel-slider_item\",\"props\":{\"link\":\"einsatzbereiche\\\/industrie\\\/papier-druck\\\/\",\"link_en_gb\":\"\\\/en\\\/areas-of-application\\\/industry\\\/paper-industry-printing\",\"link_fr_fr\":\"\\\/fr\\\/domaines-d-application\\\/industrie\\\/papetiere-et-imprimerie\",\"link_text\":\"Papier & Druck\",\"link_text_en_gb\":\"paper & printing\",\"link_text_fr_fr\":\"papeti\\u00c8re et imprimerie\",\"title\":\"Papier & Druck\"}},{\"type\":\"panel-slider_item\",\"props\":{\"link\":\"einsatzbereiche\\\/industrie\\\/stahl\\\/\",\"link_en_gb\":\"\\\/en\\\/areas-of-application\\\/industry\\\/steel-industry\",\"link_fr_fr\":\"\\\/fr\\\/domaines-d-application\\\/industrie\\\/acier\",\"link_text\":\"Stahl\",\"link_text_en_gb\":\"steel\",\"link_text_fr_fr\":\"sid\\u00c9rurgique\",\"title\":\"Stahl\"}},{\"type\":\"panel-slider_item\",\"props\":{\"link\":\"einsatzbereiche\\\/industrie\\\/zement\\\/\",\"link_en_gb\":\"\\\/en\\\/areas-of-application\\\/industry\\\/cement-industry\",\"link_fr_fr\":\"\\\/fr\\\/domaines-d-application\\\/industrie\\\/ciment\",\"link_text\":\"Zement\",\"link_text_en_gb\":\"cement\",\"link_text_fr_fr\":\"ciment\",\"title\":\"Zement\"}}]}]}]}],\"name\":\"Panel Slider (nur Buttons)\"}],\"version\":\"4.5.25\"} --><\/p>\n","protected":false},"excerpt":{"rendered":"<p>Industrie Gerade in der Industrie ist es wichtig Produktionsabl\u00e4ufe optimal zu gestalten und Stillstandszeiten zu minimieren. Wir bieten Ihnen die passenden\u00a0Diagnose- und Messtechniken\u00a0an, um eine geplante Instandhaltung durchzuf\u00fchren, unterst\u00fctzen Sie bei Umbauten und stehen Ihnen auch im Notfall jederzeit flexibel und schnell zur Verf\u00fcgung. Kontakt AMServService f\u00fcr rotierendeelektrische Maschinen +49 (0) 8000 267378+49 (0) 8000 [&#8230;]<\/p>\n<p><a class=\"el-content uk-button uk-button-primary uk-margin-remove-bottom excerpt\" href=\"https:\/\/www.amserv.de\/en\/areas-of-application\/industry\/\">Read more&#8230;<\/a><\/p>\n","protected":false},"author":2,"featured_media":0,"parent":39,"menu_order":0,"comment_status":"closed","ping_status":"closed","template":"","meta":{"footnotes":""},"class_list":["post-349","page","type-page","status-publish","hentry"],"_links":{"self":[{"href":"https:\/\/www.amserv.de\/en\/wp-json\/wp\/v2\/pages\/349","targetHints":{"allow":["GET"]}}],"collection":[{"href":"https:\/\/www.amserv.de\/en\/wp-json\/wp\/v2\/pages"}],"about":[{"href":"https:\/\/www.amserv.de\/en\/wp-json\/wp\/v2\/types\/page"}],"author":[{"embeddable":true,"href":"https:\/\/www.amserv.de\/en\/wp-json\/wp\/v2\/users\/2"}],"replies":[{"embeddable":true,"href":"https:\/\/www.amserv.de\/en\/wp-json\/wp\/v2\/comments?post=349"}],"version-history":[{"count":32,"href":"https:\/\/www.amserv.de\/en\/wp-json\/wp\/v2\/pages\/349\/revisions"}],"predecessor-version":[{"id":3109,"href":"https:\/\/www.amserv.de\/en\/wp-json\/wp\/v2\/pages\/349\/revisions\/3109"}],"up":[{"embeddable":true,"href":"https:\/\/www.amserv.de\/en\/wp-json\/wp\/v2\/pages\/39"}],"wp:attachment":[{"href":"https:\/\/www.amserv.de\/en\/wp-json\/wp\/v2\/media?parent=349"}],"curies":[{"name":"wp","href":"https:\/\/api.w.org\/{rel}","templated":true}]}}