{"id":353,"date":"2024-03-07T22:43:54","date_gmt":"2024-03-07T21:43:54","guid":{"rendered":"https:\/\/www.amserv.de\/?page_id=353"},"modified":"2026-04-14T15:35:50","modified_gmt":"2026-04-14T13:35:50","slug":"schifffahrt-reparatur-wartung-instandsetzung","status":"publish","type":"page","link":"https:\/\/www.amserv.de\/en\/areas-of-application\/shipping\/","title":{"rendered":"Shipping"},"content":{"rendered":"<h1>Schifffahrt <\/h1>\n<div>\n<p><strong>Gerade in der Schifffahrt sind schnelle und zuverl\u00e4ssige Reparaturen wichtig.<\/strong><\/p>\n<\/div>\n<div>\n<p>Wir bieten\u00a0Ihnen einen weltweiten\u00a0<a href=\"\/service\">Service<\/a>\u00a0&#8211; ob im Hafen oder w\u00e4hrend der Fahrt.\u00a0Wir sind der richtige Partner f\u00fcr Ihre\u00a0<a href=\"\/service\/generatoren-reparatur-wartung-instandsetzung\">Generatoren<\/a>, Kr\u00e4ne, Bugstrahlruder,\u00a0<a href=\"\/service\/getriebe-pumpen-reparatur-wartung-instandsetzung\">Pumpen<\/a>\u00a0oder Schaltanlagen und k\u00fcmmern uns darum, dass Sie sicher und zuverl\u00e4ssig weiterfahren k\u00f6nnen.<br \/>Unser Leistungsspektrum umfasst sowohl die Reparatur und Instandsetzung, als auch die vorbeugende Instandhaltung, um stets hohe Verf\u00fcgbarkeit zu gew\u00e4hrleisten.<\/p>\n<\/div>\n<h4>Unsere Serviceleistungen<\/h4>\n<ul>\n<li>\n<div>Neulieferung<\/div>\n<\/li>\n<li>\n<div>Reparaturen<\/div>\n<\/li>\n<li>\n<div>Instandsetzung<\/div>\n<\/li>\n<li>\n<div>Modernisierung<\/div>\n<\/li>\n<li>\n<div>\n<p>Vorbeugende Instandhaltung:<\/p>\n<ul>\n<li>Frequenzanalysen<\/li>\n<li>Thermographie<\/li>\n<li>Wicklungsanalyse<\/li>\n<li>Schwingungsmessung<\/li>\n<li>Lageranalyse<\/li>\n<\/ul>\n<\/div>\n<\/li>\n<li>\n<div>Ersatzteilservice f\u00fcr elektrische Maschinen und Schaltanlagen<\/div>\n<\/li>\n<\/ul>\n<div><\/div>\n<h4>Kontakt<\/h4>\n<div>\n<p><strong>AMServ<\/strong><br \/>Service f\u00fcr rotierende<br \/>elektrische Maschinen<\/p>\n<\/div>\n<ul>\n<li>\n<p>        <img decoding=\"async\" src=\"\/wp-content\/uploads\/2024\/03\/phone.svg\" alt=\"\"><\/p>\n<div>\n<p><a href=\"tel:+498000267378\" class=\"google-event\" data-event-action=\"telefonnummer_geklickt\" data-event-category=\"Kontakt\" data-event-label=\"+498000267378\">+49 (0) 8000 267378<br \/>+49 (0) 8000 AMSERV<\/a><\/p>\n<\/div>\n<\/li>\n<li>\n<p>        <img decoding=\"async\" src=\"\/wp-content\/uploads\/2024\/03\/envelope.svg\" alt=\"\"><\/p>\n<div>\n<p><a href=\"mailto:info@amserv.de\" class=\"google-event\" data-event-action=\"mailadresse_geklickt\" data-event-category=\"Kontakt\" data-event-label=\"info@amserv.de\">info@amserv.de<\/a><\/p>\n<\/div>\n<\/li>\n<\/ul>\n<p><!--more--><br \/>\n<!-- {\"type\":\"layout\",\"children\":[{\"type\":\"section\",\"props\":{\"image\":\"wp-content\\\/uploads\\\/2024\\\/03\\\/header_schifffahrt.jpg\",\"image_position\":\"center-center\",\"image_size\":\"cover\",\"padding\":\"xlarge\",\"padding_remove_bottom\":false,\"padding_remove_top\":false,\"style\":\"default\",\"title_breakpoint\":\"xl\",\"title_position\":\"top-left\",\"title_rotation\":\"left\",\"vertical_align\":\"\",\"width\":\"\"},\"children\":[{\"type\":\"row\",\"children\":[{\"type\":\"column\",\"props\":{\"image_position\":\"center-center\",\"position_sticky_breakpoint\":\"m\"}}]}],\"name\":\"Headerbild\"},{\"type\":\"section\",\"props\":{\"image_position\":\"center-center\",\"padding\":\"none\",\"style\":\"muted\",\"title_breakpoint\":\"xl\",\"title_position\":\"top-left\",\"title_rotation\":\"left\",\"vertical_align\":\"\",\"width\":\"default\"},\"children\":[{\"type\":\"row\",\"children\":[{\"type\":\"column\",\"props\":{\"image_position\":\"center-center\",\"position_sticky_breakpoint\":\"m\"},\"children\":[{\"type\":\"breadcrumbs\",\"props\":{\"home_text\":\"Home\",\"show_current\":true,\"show_home\":true}}]}]}],\"name\":\"Breadcrumbs\"},{\"type\":\"section\",\"props\":{\"image_position\":\"center-center\",\"padding\":\"small\",\"padding_remove_bottom\":false,\"style\":\"default\",\"title_breakpoint\":\"xl\",\"title_position\":\"top-left\",\"title_rotation\":\"left\",\"vertical_align\":\"\",\"width\":\"default\"},\"children\":[{\"type\":\"row\",\"props\":{\"layout\":\"2-3,1-3\"},\"children\":[{\"type\":\"column\",\"props\":{\"image_position\":\"center-center\",\"position_sticky_breakpoint\":\"m\",\"width_medium\":\"2-3\"},\"children\":[{\"type\":\"headline\",\"props\":{\"content\":\"Schifffahrt \",\"content_en_gb\":\"shipping\",\"content_fr_fr\":\"transport naval\",\"title_element\":\"h1\"}},{\"type\":\"text\",\"props\":{\"column_breakpoint\":\"m\",\"content\":\"\n\n<p><strong>Gerade in der Schifffahrt sind schnelle und zuverl\\u00e4ssige Reparaturen wichtig.<\\\/strong><\\\/p>\",\"content_en_gb\":\"\n\n<p><strong>Fast and reliable repairs are particularly important in the shipping industry.<\\\/strong><\\\/p>\",\"content_fr_fr\":\"\n\n<p><strong>Les r\\u00e9parations rapides et fiables sont particuli\\u00e8rement importantes dans le domaine du transport naval.<\\\/strong><\\\/p>\",\"margin\":\"default\",\"margin_remove_top\":true}},{\"type\":\"text\",\"props\":{\"column_breakpoint\":\"m\",\"content\":\"\n\n<p>Wir bieten\\u00a0Ihnen einen weltweiten\\u00a0<a href=\\\"\\\/service\\\">Service<\\\/a>\\u00a0- ob im Hafen oder w\\u00e4hrend der Fahrt.\\u00a0Wir sind der richtige Partner f\\u00fcr Ihre\\u00a0<a href=\\\"\\\/service\\\/generatoren-reparatur-wartung-instandsetzung\\\">Generatoren<\\\/a>, Kr\\u00e4ne, Bugstrahlruder,\\u00a0<a href=\\\"\\\/service\\\/getriebe-pumpen-reparatur-wartung-instandsetzung\\\">Pumpen<\\\/a>\\u00a0oder Schaltanlagen und k\\u00fcmmern uns darum, dass Sie sicher und zuverl\\u00e4ssig weiterfahren k\\u00f6nnen.<br \\\/>Unser Leistungsspektrum umfasst sowohl die Reparatur und Instandsetzung, als auch die vorbeugende Instandhaltung, um stets hohe Verf\\u00fcgbarkeit zu gew\\u00e4hrleisten.<\\\/p>\",\"content_en_gb\":\"\n\n<p><span>We provide\\u00a0you with a global\\u00a0<\\\/span><a href=\\\"\\\/en\\\/service\\\">service<\\\/a><span>, at the port or during transportation.\\u00a0We are the right partner for your\\u00a0<\\\/span><a href=\\\"\\\/en\\\/service\\\/generators\\\">generators<\\\/a><span>, cranes, bow thrusters,\\u00a0<\\\/span><a href=\\\"\\\/en\\\/service\\\/gear-units-pumps\\\">pumps<\\\/a><span>\\u00a0or switchgears and work hard to ensure that you can continue your journey safely and reliably.<\\\/span><br \\\/><span>Our range of services include repair, maintenance and preventive maintenance in order to ensure the highest level of availability.<\\\/span><\\\/p>\",\"content_fr_fr\":\"\n\n<p><span>Nous vous\\u00a0proposons un\\u00a0<\\\/span><a href=\\\"\\\/fr\\\/service\\\">service<\\\/a><span>\\u00a0dans le monde entier - que ce soit dans le port ou pendant le trajet maritime.\\u00a0Nous sommes le partenaire id\\u00e9al pour vos\\u00a0<\\\/span><a href=\\\"\\\/fr\\\/service\\\/generateurs\\\">g\\u00e9n\\u00e9rateurs<\\\/a><span>, grues, propulseurs d'\\u00e9trave,\\u00a0<\\\/span><a href=\\\"\\\/fr\\\/service\\\/engrenages-et-pompes\\\">pompes<\\\/a><span>\\u00a0ou installations de distribution, et veillons \\u00e0 ce que vous puissiez poursuivre votre voyage en toute s\\u00e9curit\\u00e9 et fiabilit\\u00e9.<\\\/span><br \\\/><span>Notre gamme de prestations comprend aussi bien la r\\u00e9paration et l'entretien que la maintenance pr\\u00e9ventive pour garantir une disponibilit\\u00e9 \\u00e9lev\\u00e9e permanente.<\\\/span><\\\/p>\",\"margin\":\"default\"}},{\"type\":\"headline\",\"props\":{\"content\":\"Unsere Serviceleistungen\",\"content_en_gb\":\"our services\",\"content_fr_fr\":\"nos prestations de service\",\"title_element\":\"h4\"}},{\"type\":\"list\",\"props\":{\"column_breakpoint\":\"s\",\"image_align\":\"left\",\"image_svg_color\":\"emphasis\",\"image_vertical_align\":true,\"list_element\":\"ul\",\"list_horizontal_separator\":\", \",\"list_marker\":\"disc\",\"list_marker_color\":\"emphasis\",\"list_type\":\"vertical\",\"show_image\":true,\"show_link\":true},\"children\":[{\"type\":\"list_item\",\"props\":{\"content\":\"Neulieferung\",\"content_en_gb\":\"\n\n<p>New deliveries<\\\/p>\",\"content_fr_fr\":\"\n\n<p>livraison de remplacement<\\\/p>\"}},{\"type\":\"list_item\",\"props\":{\"content\":\"Reparaturen\",\"content_en_gb\":\"\n\n<p>Repairs<\\\/p>\",\"content_fr_fr\":\"\n\n<p>r\\u00e9parations<\\\/p>\"}},{\"type\":\"list_item\",\"props\":{\"content\":\"Instandsetzung\",\"content_en_gb\":\"\n\n<p>Maintenance<\\\/p>\",\"content_fr_fr\":\"\n\n<p>entretien<\\\/p>\"}},{\"type\":\"list_item\",\"props\":{\"content\":\"Modernisierung\",\"content_en_gb\":\"\n\n<p>Modernisation<\\\/p>\",\"content_fr_fr\":\"\n\n<p>modernisation<\\\/p>\"}},{\"type\":\"list_item\",\"props\":{\"content\":\"\n\n<p>Vorbeugende Instandhaltung:<\\\/p>\\n\n\n<ul>\\n\n\n<li>Frequenzanalysen<\\\/li>\\n\n\n<li>Thermographie<\\\/li>\\n\n\n<li>Wicklungsanalyse<\\\/li>\\n\n\n<li>Schwingungsmessung<\\\/li>\\n\n\n<li>Lageranalyse<\\\/li>\\n<\\\/ul>\\n\n\n<p><\\\/p>\",\"content_en_gb\":\"\n\n<p>Preventive maintenance:<\\\/p>\\n\n\n<ul>\\n\n\n<li>Frequency analyses<\\\/li>\\n\n\n<li>Thermography<\\\/li>\\n\n\n<li>Winding analysis<\\\/li>\\n\n\n<li>Vibration measurement<\\\/li>\\n\n\n<li>Bearing analysis<\\\/li>\\n<\\\/ul>\\n\n\n<p><\\\/p>\",\"content_fr_fr\":\"\n\n<p>maintenance pr\\u00e9ventive :<\\\/p>\\n\n\n<ul>\\n\n\n<li>analyses de fr\\u00e9quence<\\\/li>\\n\n\n<li>thermographie<\\\/li>\\n\n\n<li>analyse des enroulements<\\\/li>\\n\n\n<li>mesure des vibrations<\\\/li>\\n\n\n<li>analyse des paliers<\\\/li>\\n<\\\/ul>\\n\n\n<p><\\\/p>\"}},{\"type\":\"list_item\",\"props\":{\"content\":\"Ersatzteilservice f\\u00fcr elektrische Maschinen und Schaltanlagen\",\"content_en_gb\":\"\n\n<p>Spare part service for electrical machines and switchgears<\\\/p>\",\"content_fr_fr\":\"\n\n<p>fourniture de pi\\u00e8ces de rechange pour machines \\u00e9lectriques et installations de distribution<\\\/p>\"}}],\"name\":\"Liste 2 Ebenen\"},{\"type\":\"text\",\"props\":{\"column_breakpoint\":\"m\",\"content\":\"[smartslider3 slider=\\\"16\\\"]\",\"margin\":\"medium\"},\"name\":\"Slider eingebettet (via Shortcode)\"}]},{\"type\":\"column\",\"props\":{\"image_position\":\"center-center\",\"position_sticky\":\"column\",\"position_sticky_breakpoint\":\"m\",\"position_sticky_offset\":\"80\",\"width_medium\":\"1-3\"},\"children\":[{\"type\":\"headline\",\"props\":{\"content\":\"Kontakt\",\"content_en_gb\":\"Contact\",\"content_fr_fr\":\"Contact\",\"title_element\":\"h4\"},\"name\":\"Sidebar Headline\"},{\"type\":\"text\",\"props\":{\"column_breakpoint\":\"m\",\"content\":\"\n\n<p><strong>AMServ<\\\/strong><br \\\/>Service f\\u00fcr rotierende<br \\\/>elektrische Maschinen<\\\/p>\",\"content_en_gb\":\"\n\n<p><strong>AMServ<\\\/strong><br \\\/>Service for rotating<br \/> electrical machines<\\\/p>\",\"content_fr_fr\":\"\n\n<p><strong>AMServ<\\\/strong><br \\\/>Service pour machines<br \/>\\u00e9lectriques tournantes<\\\/p>\",\"margin\":\"small\"},\"name\":\"Sidebar Text\"},{\"type\":\"list\",\"props\":{\"class\":\"sidebarContactList\",\"column_breakpoint\":\"m\",\"icon_color\":\"emphasis\",\"icon_width\":\"25\",\"image_align\":\"left\",\"image_svg_color\":\"emphasis\",\"image_svg_inline\":true,\"image_vertical_align\":false,\"image_width\":\"18\",\"list_element\":\"ul\",\"list_horizontal_separator\":\", \",\"list_type\":\"vertical\",\"show_image\":true,\"show_link\":true},\"children\":[{\"type\":\"list_item\",\"props\":{\"content\":\"\n\n<p><a href=\\\"tel:+498000267378\\\" class=\\\"google-event\\\" data-event-action=\\\"telefonnummer_geklickt\\\" data-event-category=\\\"Kontakt\\\" data-event-label=\\\"+498000267378\\\">+49 (0) 8000 267378<br \\\/>+49 (0) 8000 AMSERV<\\\/a><\\\/p>\",\"icon\":\"\",\"image\":\"wp-content\\\/uploads\\\/2024\\\/03\\\/phone.svg\"}},{\"type\":\"list_item\",\"props\":{\"content\":\"\n\n<p><a href=\\\"mailto:info@amserv.de\\\" class=\\\"google-event\\\" data-event-action=\\\"mailadresse_geklickt\\\" data-event-category=\\\"Kontakt\\\" data-event-label=\\\"info@amserv.de\\\">info@amserv.de<\\\/a><\\\/p>\",\"icon\":\"\",\"image\":\"wp-content\\\/uploads\\\/2024\\\/03\\\/envelope.svg\"}}],\"name\":\"Liste-Kontakt2\"}]}]}],\"name\":\"Zweispaltig\"}],\"version\":\"4.5.25\"} --><\/p>\n","protected":false},"excerpt":{"rendered":"<p>Schifffahrt Gerade in der Schifffahrt sind schnelle und zuverl\u00e4ssige Reparaturen wichtig. Wir bieten\u00a0Ihnen einen weltweiten\u00a0Service\u00a0&#8211; ob im Hafen oder w\u00e4hrend der Fahrt.\u00a0Wir sind der richtige Partner f\u00fcr Ihre\u00a0Generatoren, Kr\u00e4ne, Bugstrahlruder,\u00a0Pumpen\u00a0oder Schaltanlagen und k\u00fcmmern uns darum, dass Sie sicher und zuverl\u00e4ssig weiterfahren k\u00f6nnen.Unser Leistungsspektrum umfasst sowohl die Reparatur und Instandsetzung, als auch die vorbeugende Instandhaltung, um [&#8230;]<\/p>\n<p><a class=\"el-content uk-button uk-button-primary uk-margin-remove-bottom excerpt\" href=\"https:\/\/www.amserv.de\/en\/areas-of-application\/shipping\/\">Read more&#8230;<\/a><\/p>\n","protected":false},"author":2,"featured_media":0,"parent":39,"menu_order":0,"comment_status":"closed","ping_status":"closed","template":"","meta":{"footnotes":""},"class_list":["post-353","page","type-page","status-publish","hentry"],"_links":{"self":[{"href":"https:\/\/www.amserv.de\/en\/wp-json\/wp\/v2\/pages\/353","targetHints":{"allow":["GET"]}}],"collection":[{"href":"https:\/\/www.amserv.de\/en\/wp-json\/wp\/v2\/pages"}],"about":[{"href":"https:\/\/www.amserv.de\/en\/wp-json\/wp\/v2\/types\/page"}],"author":[{"embeddable":true,"href":"https:\/\/www.amserv.de\/en\/wp-json\/wp\/v2\/users\/2"}],"replies":[{"embeddable":true,"href":"https:\/\/www.amserv.de\/en\/wp-json\/wp\/v2\/comments?post=353"}],"version-history":[{"count":35,"href":"https:\/\/www.amserv.de\/en\/wp-json\/wp\/v2\/pages\/353\/revisions"}],"predecessor-version":[{"id":3108,"href":"https:\/\/www.amserv.de\/en\/wp-json\/wp\/v2\/pages\/353\/revisions\/3108"}],"up":[{"embeddable":true,"href":"https:\/\/www.amserv.de\/en\/wp-json\/wp\/v2\/pages\/39"}],"wp:attachment":[{"href":"https:\/\/www.amserv.de\/en\/wp-json\/wp\/v2\/media?parent=353"}],"curies":[{"name":"wp","href":"https:\/\/api.w.org\/{rel}","templated":true}]}}