{"id":357,"date":"2024-03-07T22:44:55","date_gmt":"2024-03-07T21:44:55","guid":{"rendered":"https:\/\/www.amserv.de\/?page_id=357"},"modified":"2026-04-14T12:10:57","modified_gmt":"2026-04-14T10:10:57","slug":"wasserkraft","status":"publish","type":"page","link":"https:\/\/www.amserv.de\/en\/areas-of-application\/energy-production\/hydropower\/","title":{"rendered":"Hydropower"},"content":{"rendered":"<h1>Wasserkraft \u2013 Reparatur, Instandhaltung und Optimierung<\/h1>\n<div>\n<p><strong>Die Reparatur, Instandhaltung und Optimierung der elektrischen Maschinen von Wasserkraftwerken und Wasserkraftanlagen im In- und Ausland geh\u00f6ren seit Jahrzehnten zu unserer Kompetenz.<\/strong><\/p>\n<\/div>\n<div>\n<p>Die gro\u00dfen, langsam laufenden Wasserkraftgeneratoren werden von uns gewartet, neu geblecht und neu gewickelt. Die teilweise \u00fcber 50 Jahre alten Generatoren mit sehr hohem Gewicht und gro\u00dfen Abmessungen erfordern viel Erfahrung. Aufgrund der Vielzahl bisher bearbeiteter<span>\u00a0<\/span><a href=\"\/service\/generatoren-reparatur-wartung-instandsetzung\">Generatoren<\/a><span>\u00a0<\/span>unterschiedlicher Hersteller haben wir das Know-how auch komplexe Projekte schnell und erfolgreich abzuwickeln.<\/p>\n<p>Mit der Instandhaltung und Reparatur alter Anlagen werden kostbare Ressourcen geschont und ungewollte Emissionen verhindert. Zudem k\u00f6nnen durch eine Teilerneuerung der Generatoren die Wirkungsgrade der Anlage und somit die Rentabilit\u00e4t des Kraftwerks gesteigert werden. Die Lebensdauer wird verl\u00e4ngert und erneuerbare Energien werden gest\u00e4rkt.<\/p>\n<\/div>\n<div><\/div>\n<h3>Unsere Serviceleistungen<\/h3>\n<h4>Zustandsorientierte Instandhaltung<\/h4>\n<ul>\n<li>\n<div>Wir betreiben umfangreiche Untersuchungen an Wicklungsteilen auf Risse, Verf\u00e4rbungen, Verwerfungen, Reibstellen und lose Teile, auch am Rotor und der Erregermaschine.<\/div>\n<\/li>\n<li>\n<div>Wir untersuchen die Ableitungen auf por\u00f6se und br\u00fcchige Isolierungen.<\/div>\n<\/li>\n<li>\n<div>Wir begutachten den Kollektor auf Rundlauf, Unregelm\u00e4\u00dfigkeiten und Allgemeinzustand.<\/div>\n<\/li>\n<li>\n<div>Wenn vorhanden, \u00fcberpr\u00fcfen wir den Wasserk\u00fchler auf Undichtigkeiten und Allgemeinzustand.<\/div>\n<\/li>\n<li>\n<div>Bei Gleitlagermaschinen \u00fcberpr\u00fcfen wir die Ma\u00dfhaltigkeit, den allgemeinen Zustand und das Tragbild. S\u00e4mtliche Befundungen werden umfangreich dokumentiert.<\/div>\n<\/li>\n<\/ul>\n<h4>Diagnoseschwerpunkte<\/h4>\n<ul>\n<li>\n<div>Isolationswiderstandsmessung<\/div>\n<\/li>\n<li>\n<div>Polarisationsindex (PI)<\/div>\n<\/li>\n<li>\n<div>Dielektrisches Absorptionsverh\u00e4ltnis (DAR)<\/div>\n<\/li>\n<li>\n<div>Dielektrische Entladung (DD)<\/div>\n<\/li>\n<li>\n<div>Verlustfaktormessung (tan \u03c6)<\/div>\n<\/li>\n<li>\n<div>Teilentladungsmessung<\/div>\n<\/li>\n<li>\n<div>Videoendoskopie<\/div>\n<\/li>\n<li>\n<div>Infrarot-Thermografie<\/div>\n<\/li>\n<li>\n<div>Condition Monitoring<\/div>\n<\/li>\n<\/ul>\n<h4>An drehenden elektrischen Maschinen k\u00f6nnen unter anderem folgende Schadensbilder diagnostiziert werden:<\/h4>\n<ul>\n<li>\n<div>Unwucht \/ Ausrichtfehler<\/div>\n<\/li>\n<li>\n<div>Feldasymmetrien am Rotor und am Stator<\/div>\n<\/li>\n<li>\n<div>Kupplungssch\u00e4den<\/div>\n<\/li>\n<li>\n<div>W\u00e4lzlagerbeurteilung<\/div>\n<\/li>\n<\/ul>\n<h4>Kontakt<\/h4>\n<div>\n<p><strong>AMServ<\/strong><br \/>Service f\u00fcr rotierende<br \/>elektrische Maschinen<\/p>\n<\/div>\n<ul>\n<li>\n<p>        <img decoding=\"async\" src=\"\/wp-content\/uploads\/2024\/03\/phone.svg\" alt=\"\"><\/p>\n<div>\n<p><a href=\"tel:+498000267378\" class=\"google-event\" data-event-action=\"telefonnummer_geklickt\" data-event-category=\"Kontakt\" data-event-label=\"+498000267378\">+49 (0) 8000 267378<br \/>+49 (0) 8000 AMSERV<\/a><\/p>\n<\/div>\n<\/li>\n<li>\n<p>        <img decoding=\"async\" src=\"\/wp-content\/uploads\/2024\/03\/envelope.svg\" alt=\"\"><\/p>\n<div>\n<p><a href=\"mailto:info@amserv.de\" class=\"google-event\" data-event-action=\"mailadresse_geklickt\" data-event-category=\"Kontakt\" data-event-label=\"info@amserv.de\">info@amserv.de<\/a><\/p>\n<\/div>\n<\/li>\n<\/ul>\n<p><!--more--><br \/>\n<!-- {\"type\":\"layout\",\"children\":[{\"type\":\"section\",\"props\":{\"image\":\"wp-content\\\/uploads\\\/2024\\\/03\\\/header_wasserkraft.jpg\",\"image_position\":\"center-center\",\"image_size\":\"cover\",\"padding\":\"xlarge\",\"padding_remove_bottom\":false,\"padding_remove_top\":false,\"style\":\"default\",\"title_breakpoint\":\"xl\",\"title_position\":\"top-left\",\"title_rotation\":\"left\",\"vertical_align\":\"\",\"width\":\"\"},\"children\":[{\"type\":\"row\",\"children\":[{\"type\":\"column\",\"props\":{\"image_position\":\"center-center\",\"position_sticky_breakpoint\":\"m\"}}]}],\"name\":\"Headerbild\"},{\"type\":\"section\",\"props\":{\"image_position\":\"center-center\",\"padding\":\"none\",\"style\":\"muted\",\"title_breakpoint\":\"xl\",\"title_position\":\"top-left\",\"title_rotation\":\"left\",\"vertical_align\":\"\",\"width\":\"default\"},\"children\":[{\"type\":\"row\",\"children\":[{\"type\":\"column\",\"props\":{\"image_position\":\"center-center\",\"position_sticky_breakpoint\":\"m\"},\"children\":[{\"type\":\"breadcrumbs\",\"props\":{\"home_text\":\"Home\",\"show_current\":true,\"show_home\":true}}]}]}],\"name\":\"Breadcrumbs\"},{\"type\":\"section\",\"props\":{\"image_position\":\"center-center\",\"padding\":\"small\",\"padding_remove_bottom\":false,\"style\":\"default\",\"title_breakpoint\":\"xl\",\"title_position\":\"top-left\",\"title_rotation\":\"left\",\"vertical_align\":\"\",\"width\":\"default\"},\"children\":[{\"type\":\"row\",\"props\":{\"layout\":\"2-3,1-3\"},\"children\":[{\"type\":\"column\",\"props\":{\"image_position\":\"center-center\",\"position_sticky_breakpoint\":\"m\",\"width_medium\":\"2-3\"},\"children\":[{\"type\":\"headline\",\"props\":{\"content\":\"Wasserkraft \\u2013 Reparatur, Instandhaltung und Optimierung\",\"content_en_gb\":\"hydropower: repair, maintenance and optimisation\",\"content_fr_fr\":\"\\u00c9nergie hydraulique \\u2013 r\\u00c9paration, entretien et optimisation\",\"title_element\":\"h1\"}},{\"type\":\"text\",\"props\":{\"column_breakpoint\":\"m\",\"content\":\"\n\n<p><strong>Die Reparatur, Instandhaltung und Optimierung der elektrischen Maschinen von Wasserkraftwerken und Wasserkraftanlagen im In- und Ausland geh\\u00f6ren seit Jahrzehnten zu unserer Kompetenz.<\\\/strong><\\\/p>\",\"content_en_gb\":\"\n\n<p><strong>The repair, maintenance and optimisation of the electrical machines in hydropower plants and hydropower systems in Germany and abroad have been areas of expertise for us for decades.<\\\/strong><\\\/p>\",\"content_fr_fr\":\"\n\n<p><strong>La r\\u00e9paration, l'entretien et l'optimisation des machines \\u00e9lectriques dans les centrales hydro\\u00e9lectriques et les installations hydro\\u00e9lectriques en Allemagne et \\u00e0 l'\\u00e9tranger font partie de nos comp\\u00e9tences depuis des d\\u00e9cennies.<\\\/strong><\\\/p>\",\"margin\":\"default\",\"margin_remove_top\":true}},{\"type\":\"text\",\"props\":{\"column_breakpoint\":\"m\",\"content\":\"\n\n<p>Die gro\\u00dfen, langsam laufenden Wasserkraftgeneratoren werden von uns gewartet, neu geblecht und neu gewickelt. Die teilweise \\u00fcber 50 Jahre alten Generatoren mit sehr hohem Gewicht und gro\\u00dfen Abmessungen erfordern viel Erfahrung. Aufgrund der Vielzahl bisher bearbeiteter<span>\\u00a0<\\\/span><a href=\\\"\\\/service\\\/generatoren-reparatur-wartung-instandsetzung\\\">Generatoren<\\\/a><span>\\u00a0<\\\/span>unterschiedlicher Hersteller haben wir das Know-how auch komplexe Projekte schnell und erfolgreich abzuwickeln.<\\\/p>\\n\n\n<p>Mit der Instandhaltung und Reparatur alter Anlagen werden kostbare Ressourcen geschont und ungewollte Emissionen verhindert. Zudem k\\u00f6nnen durch eine Teilerneuerung der Generatoren die Wirkungsgrade der Anlage und somit die Rentabilit\\u00e4t des Kraftwerks gesteigert werden. Die Lebensdauer wird verl\\u00e4ngert und erneuerbare Energien werden gest\\u00e4rkt.<\\\/p>\",\"content_en_gb\":\"\n\n<p>We can service, replace the laminated cores and rewind large, slow hydropower generators. These generators, some of which are over 50 years old, are very heavy and large and require a great deal of experience. Thanks to the large number of <a href=\\\"\\\/en\\\/service\\\/generators\\\">generators<\\\/a> we have previously worked on from a broad range of manufacturers, we have the expertise to handle even complex projects quickly and successfully. By maintaining and repairing old systems, valuable resources are protected and undesired emissions are prevented. In addition, a partial replacement of the generators can increase the efficiency of the system and therefore the profitability of the power plant. This extends the lifespan of the generator and promotes renewable energies<\\\/p>\",\"content_fr_fr\":\"\n\n<p>Nous entretenons et renouvelons les noyaux et bobinages des gros g\\u00e9n\\u00e9rateurs hydro\\u00e9lectriques \\u00e0 fonctionnement lent. Les g\\u00e9n\\u00e9rateurs tr\\u00e8s lourds et de grande taille, dont certains ont plus de 50 ans, requi\\u00e8rent une grande exp\\u00e9rience. Gr\\u00e2ce au grand nombre de <a href=\\\"\\\/fr\\\/service\\\/generateurs\\\">g\\u00e9n\\u00e9rateurs<\\\/a> de diff\\u00e9rents fabricants trait\\u00e9s jusqu'ici, nous disposons du savoir-faire n\\u00e9cessaire pour traiter rapidement et avec succ\\u00e8s des projets complexes. L'entretien et la r\\u00e9paration d'anciennes installations permettent d'\\u00e9conomiser de pr\\u00e9cieuses ressources et d'\\u00e9viter les \\u00e9missions accidentelles. En outre, un renouvellement partiel des g\\u00e9n\\u00e9rateurs peut augmenter les rendements de l'installation et donc la rentabilit\\u00e9 de la centrale. La dur\\u00e9e de vie est prolong\\u00e9e et les \\u00e9nergies renouvelables sont renforc\\u00e9es.<\\\/p>\",\"margin\":\"default\"}},{\"type\":\"text\",\"props\":{\"column_breakpoint\":\"m\",\"content\":\"[smartslider3 slider=\\\"13\\\"]\",\"margin\":\"medium\"},\"name\":\"Slider eingebettet (via Shortcode)\"},{\"type\":\"headline\",\"props\":{\"content\":\"Unsere Serviceleistungen\",\"content_en_gb\":\"our scope of services\",\"content_fr_fr\":\"nos prestations de service\",\"margin\":\"small\",\"margin_remove_bottom\":false,\"title_element\":\"h3\"}},{\"type\":\"headline\",\"props\":{\"content\":\"Zustandsorientierte Instandhaltung\",\"content_en_gb\":\"condition-based maintenance\",\"content_fr_fr\":\"entretien conditionnel\",\"margin_remove_top\":true,\"title_element\":\"h4\"}},{\"type\":\"list\",\"props\":{\"column_breakpoint\":\"s\",\"image_align\":\"left\",\"image_svg_color\":\"emphasis\",\"image_vertical_align\":true,\"list_element\":\"ul\",\"list_horizontal_separator\":\", \",\"list_marker\":\"disc\",\"list_marker_color\":\"emphasis\",\"list_type\":\"vertical\",\"show_image\":false,\"show_link\":false},\"children\":[{\"type\":\"list_item\",\"props\":{\"content\":\"Wir betreiben umfangreiche Untersuchungen an Wicklungsteilen auf Risse, Verf\\u00e4rbungen, Verwerfungen, Reibstellen und lose Teile, auch am Rotor und der Erregermaschine.\",\"content_en_gb\":\"\n\n<p>We carry out comprehensive inspections of winding parts for cracks, discolouration, distortion, friction parts and loose parts, as well as on the rotor and the exciter.<\\\/p>\",\"content_fr_fr\":\"\n\n<p>Nous effectuons des contr\\u00f4les pouss\\u00e9s sur les parties d'enroulements pour d\\u00e9tecter toute fissure, toute d\\u00e9coloration, toute alt\\u00e9ration, tout point de frottement et toute pi\\u00e8ce d\\u00e9tach\\u00e9e, y compris sur le rotor et l'excitatrice.<\\\/p>\"}},{\"type\":\"list_item\",\"props\":{\"content\":\"Wir untersuchen die Ableitungen auf por\\u00f6se und br\\u00fcchige Isolierungen.\",\"content_en_gb\":\"\n\n<p>We check the leads for porous and brittle insulation.<\\\/p>\",\"content_fr_fr\":\"\n\n<p>Nous examinons les d\\u00e9rivations pour le cas o\\u00f9 les isolations seraient poreuses et fragiles.<\\\/p>\"}},{\"type\":\"list_item\",\"props\":{\"content\":\"Wir begutachten den Kollektor auf Rundlauf, Unregelm\\u00e4\\u00dfigkeiten und Allgemeinzustand.\",\"content_en_gb\":\"\n\n<p>We carry out an assessment of the collector in terms of run-out, irregularities and general condition.<\\\/p>\",\"content_fr_fr\":\"\n\n<p>Nous contr\\u00f4lons la concentricit\\u00e9, les irr\\u00e9gularit\\u00e9s et l'\\u00e9tat g\\u00e9n\\u00e9ral du collecteur.<\\\/p>\"}},{\"type\":\"list_item\",\"props\":{\"content\":\"Wenn vorhanden, \\u00fcberpr\\u00fcfen wir den Wasserk\\u00fchler auf Undichtigkeiten und Allgemeinzustand.\",\"content_en_gb\":\"\n\n<p>If present, we inspect the water cooler for leaks and assess the general condition.<\\\/p>\",\"content_fr_fr\":\"\n\n<p>Le cas \\u00e9ch\\u00e9ant, nous contr\\u00f4lons l'\\u00e9tanch\\u00e9it\\u00e9 et l'\\u00e9tat g\\u00e9n\\u00e9ral du refroidisseur d'eau.<\\\/p>\"}},{\"type\":\"list_item\",\"props\":{\"content\":\"Bei Gleitlagermaschinen \\u00fcberpr\\u00fcfen wir die Ma\\u00dfhaltigkeit, den allgemeinen Zustand und das Tragbild. S\\u00e4mtliche Befundungen werden umfangreich dokumentiert.\",\"content_en_gb\":\"\n\n<p>For sleeve bearing machines, we check the dimensional accuracy, general condition and contact pattern. All findings are documented in full.<\\\/p>\",\"content_fr_fr\":\"\n\n<p>Dans le cas des machines \\u00e0 paliers lisses, nous contr\\u00f4lons la pr\\u00e9cision dimensionnelle, l'\\u00e9tat g\\u00e9n\\u00e9ral et la port\\u00e9e. Tous les r\\u00e9sultats sont largement document\\u00e9s.<\\\/p>\"}}],\"name\":\"Liste\"},{\"type\":\"headline\",\"props\":{\"content\":\"Diagnoseschwerpunkte\",\"content_en_gb\":\"major diagnostic focuses\",\"content_fr_fr\":\"points forts du diagnostic\",\"margin_remove_top\":false,\"title_element\":\"h4\"}},{\"type\":\"list\",\"props\":{\"column_breakpoint\":\"s\",\"image_align\":\"left\",\"image_svg_color\":\"emphasis\",\"image_vertical_align\":true,\"list_element\":\"ul\",\"list_horizontal_separator\":\", \",\"list_marker\":\"disc\",\"list_marker_color\":\"emphasis\",\"list_type\":\"vertical\",\"show_image\":false,\"show_link\":false},\"children\":[{\"type\":\"list_item\",\"props\":{\"content\":\"Isolationswiderstandsmessung\",\"content_en_gb\":\"\n\n<p>Insulation resistance measurement<\\\/p>\",\"content_fr_fr\":\"\n\n<p>Mesure de r\\u00e9sistance d'isolement<\\\/p>\"}},{\"type\":\"list_item\",\"props\":{\"content\":\"Polarisationsindex (PI)\",\"content_en_gb\":\"\n\n<p>Polarisation index (PI)<\\\/p>\",\"content_fr_fr\":\"\n\n<p>Indice de polarisation (PI)<\\\/p>\"}},{\"type\":\"list_item\",\"props\":{\"content\":\"Dielektrisches Absorptionsverh\\u00e4ltnis (DAR)\",\"content_en_gb\":\"\n\n<p>Dielectric absorption ratio (DAR)<\\\/p>\",\"content_fr_fr\":\"\n\n<p>Rapport d'absorption di\\u00e9lectrique (DAR)<\\\/p>\"}},{\"type\":\"list_item\",\"props\":{\"content\":\"Dielektrische Entladung (DD)\",\"content_en_gb\":\"\n\n<p>Dielectric discharge (DD)<\\\/p>\",\"content_fr_fr\":\"\n\n<p>D\\u00e9charge di\\u00e9lectrique (DD)<\\\/p>\"}},{\"type\":\"list_item\",\"props\":{\"content\":\"Verlustfaktormessung (tan \\u03c6)\",\"content_en_gb\":\"\n\n<p>Dissipation factor measurement (tan \\u03c6)<\\\/p>\",\"content_fr_fr\":\"\n\n<p>Mesure de facteur de perte (tan \\u03c6)<\\\/p>\"}},{\"type\":\"list_item\",\"props\":{\"content\":\"Teilentladungsmessung\",\"content_en_gb\":\"\n\n<p>Partial discharge measurement<\\\/p>\",\"content_fr_fr\":\"\n\n<p>Mesure de d\\u00e9charge partielle<\\\/p>\"}},{\"type\":\"list_item\",\"props\":{\"content\":\"Videoendoskopie\",\"content_en_gb\":\"\n\n<p>Video endoscopy<\\\/p>\",\"content_fr_fr\":\"\n\n<p>Vid\\u00e9o-endoscopie<\\\/p>\"}},{\"type\":\"list_item\",\"props\":{\"content\":\"Infrarot-Thermografie\",\"content_en_gb\":\"\n\n<p>Infrared thermography<\\\/p>\",\"content_fr_fr\":\"\n\n<p>Thermographie infrarouge<\\\/p>\"}},{\"type\":\"list_item\",\"props\":{\"content\":\"Condition Monitoring\",\"content_en_gb\":\"\n\n<p>Condition Monitoring<\\\/p>\",\"content_fr_fr\":\"\n\n<p>Surveillance d'\\u00e9tat<\\\/p>\"}}],\"name\":\"Liste\"},{\"type\":\"headline\",\"props\":{\"content\":\"An drehenden elektrischen Maschinen k\\u00f6nnen unter anderem folgende Schadensbilder diagnostiziert werden:\",\"content_en_gb\":\"the following types of damage, amongst others, can be diagnosed on all rotating electrical machines:\",\"content_fr_fr\":\"il est possible de diagnostiquer, entre autres, les dommages suivants sur les machines rotatives \\u00c9lectriques&nbsp;:\",\"margin_remove_top\":false,\"title_element\":\"h4\"}},{\"type\":\"list\",\"props\":{\"column_breakpoint\":\"s\",\"image_align\":\"left\",\"image_svg_color\":\"emphasis\",\"image_vertical_align\":true,\"list_element\":\"ul\",\"list_horizontal_separator\":\", \",\"list_marker\":\"disc\",\"list_marker_color\":\"emphasis\",\"list_type\":\"vertical\",\"show_image\":false,\"show_link\":false},\"children\":[{\"type\":\"list_item\",\"props\":{\"content\":\"Unwucht \\\/ Ausrichtfehler\",\"content_en_gb\":\"\n\n<p>Imbalance \\\/ misalignment<\\\/p>\",\"content_fr_fr\":\"\n\n<p>balourd \\\/ erreur d'alignement<\\\/p>\"}},{\"type\":\"list_item\",\"props\":{\"content\":\"Feldasymmetrien am Rotor und am Stator\",\"content_en_gb\":\"\n\n<p>Field asymmetries on the rotor and stator<\\\/p>\",\"content_fr_fr\":\"\n\n<p>asym\\u00e9tries de champ du rotor et du stator<\\\/p>\"}},{\"type\":\"list_item\",\"props\":{\"content\":\"Kupplungssch\\u00e4den\",\"content_en_gb\":\"\n\n<p>Coupling damage<\\\/p>\",\"content_fr_fr\":\"\n\n<p>accouplement endommag\\u00e9<\\\/p>\"}},{\"type\":\"list_item\",\"props\":{\"content\":\"W\\u00e4lzlagerbeurteilung\",\"content_en_gb\":\"\n\n<p>Evaluation of the rolling bearings<\\\/p>\",\"content_fr_fr\":\"\n\n<p>\\u00e9valuation des paliers \\u00e0 roulements<\\\/p>\"}}],\"name\":\"Liste\"}]},{\"type\":\"column\",\"props\":{\"image_position\":\"center-center\",\"position_sticky\":\"column\",\"position_sticky_breakpoint\":\"m\",\"position_sticky_offset\":\"80\",\"width_medium\":\"1-3\"},\"children\":[{\"type\":\"headline\",\"props\":{\"content\":\"Kontakt\",\"content_en_gb\":\"Contact\",\"content_fr_fr\":\"Contact\",\"title_element\":\"h4\"},\"name\":\"Sidebar Headline\"},{\"type\":\"text\",\"props\":{\"column_breakpoint\":\"m\",\"content\":\"\n\n<p><strong>AMServ<\\\/strong><br \\\/>Service f\\u00fcr rotierende<br \\\/>elektrische Maschinen<\\\/p>\",\"content_en_gb\":\"\n\n<p><strong>AMServ<\\\/strong><br \\\/>Service for rotating<br \/> electrical machines<\\\/p>\",\"content_fr_fr\":\"\n\n<p><strong>AMServ<\\\/strong><br \\\/>Service pour machines<br \/>\\u00e9lectriques tournantes<\\\/p>\",\"margin\":\"small\"},\"name\":\"Sidebar Text\"},{\"type\":\"list\",\"props\":{\"class\":\"sidebarContactList\",\"column_breakpoint\":\"m\",\"icon_color\":\"emphasis\",\"icon_width\":\"25\",\"image_align\":\"left\",\"image_svg_color\":\"emphasis\",\"image_svg_inline\":true,\"image_vertical_align\":false,\"image_width\":\"18\",\"list_element\":\"ul\",\"list_horizontal_separator\":\", \",\"list_type\":\"vertical\",\"show_image\":true,\"show_link\":true},\"children\":[{\"type\":\"list_item\",\"props\":{\"content\":\"\n\n<p><a href=\\\"tel:+498000267378\\\" class=\\\"google-event\\\" data-event-action=\\\"telefonnummer_geklickt\\\" data-event-category=\\\"Kontakt\\\" data-event-label=\\\"+498000267378\\\">+49 (0) 8000 267378<br \\\/>+49 (0) 8000 AMSERV<\\\/a><\\\/p>\",\"icon\":\"\",\"image\":\"wp-content\\\/uploads\\\/2024\\\/03\\\/phone.svg\"}},{\"type\":\"list_item\",\"props\":{\"content\":\"\n\n<p><a href=\\\"mailto:info@amserv.de\\\" class=\\\"google-event\\\" data-event-action=\\\"mailadresse_geklickt\\\" data-event-category=\\\"Kontakt\\\" data-event-label=\\\"info@amserv.de\\\">info@amserv.de<\\\/a><\\\/p>\",\"icon\":\"\",\"image\":\"wp-content\\\/uploads\\\/2024\\\/03\\\/envelope.svg\"}}],\"name\":\"Liste-Kontakt2\"}]}]}],\"name\":\"aaaaa\"}],\"version\":\"4.5.25\"} --><\/p>\n","protected":false},"excerpt":{"rendered":"<p>Wasserkraft \u2013 Reparatur, Instandhaltung und Optimierung Die Reparatur, Instandhaltung und Optimierung der elektrischen Maschinen von Wasserkraftwerken und Wasserkraftanlagen im In- und Ausland geh\u00f6ren seit Jahrzehnten zu unserer Kompetenz. Die gro\u00dfen, langsam laufenden Wasserkraftgeneratoren werden von uns gewartet, neu geblecht und neu gewickelt. Die teilweise \u00fcber 50 Jahre alten Generatoren mit sehr hohem Gewicht und gro\u00dfen [&#8230;]<\/p>\n<p><a class=\"el-content uk-button uk-button-primary uk-margin-remove-bottom excerpt\" href=\"https:\/\/www.amserv.de\/en\/areas-of-application\/energy-production\/hydropower\/\">Read more&#8230;<\/a><\/p>\n","protected":false},"author":2,"featured_media":0,"parent":243,"menu_order":0,"comment_status":"closed","ping_status":"closed","template":"","meta":{"footnotes":""},"class_list":["post-357","page","type-page","status-publish","hentry"],"_links":{"self":[{"href":"https:\/\/www.amserv.de\/en\/wp-json\/wp\/v2\/pages\/357","targetHints":{"allow":["GET"]}}],"collection":[{"href":"https:\/\/www.amserv.de\/en\/wp-json\/wp\/v2\/pages"}],"about":[{"href":"https:\/\/www.amserv.de\/en\/wp-json\/wp\/v2\/types\/page"}],"author":[{"embeddable":true,"href":"https:\/\/www.amserv.de\/en\/wp-json\/wp\/v2\/users\/2"}],"replies":[{"embeddable":true,"href":"https:\/\/www.amserv.de\/en\/wp-json\/wp\/v2\/comments?post=357"}],"version-history":[{"count":63,"href":"https:\/\/www.amserv.de\/en\/wp-json\/wp\/v2\/pages\/357\/revisions"}],"predecessor-version":[{"id":3105,"href":"https:\/\/www.amserv.de\/en\/wp-json\/wp\/v2\/pages\/357\/revisions\/3105"}],"up":[{"embeddable":true,"href":"https:\/\/www.amserv.de\/en\/wp-json\/wp\/v2\/pages\/243"}],"wp:attachment":[{"href":"https:\/\/www.amserv.de\/en\/wp-json\/wp\/v2\/media?parent=357"}],"curies":[{"name":"wp","href":"https:\/\/api.w.org\/{rel}","templated":true}]}}