{"id":363,"date":"2024-03-07T22:46:03","date_gmt":"2024-03-07T21:46:03","guid":{"rendered":"https:\/\/www.amserv.de\/?page_id=363"},"modified":"2026-04-14T15:37:42","modified_gmt":"2026-04-14T13:37:42","slug":"automobil","status":"publish","type":"page","link":"https:\/\/www.amserv.de\/en\/areas-of-application\/industry\/automotive-industry\/","title":{"rendered":"Automotive industry"},"content":{"rendered":"<h1>Automobilindustrie <\/h1>\n<div>\n<p><strong>Von der Fertigungsstra\u00dfe bis zum Pr\u00fcfstand stehen wir den europ\u00e4ischen Automobilbauern mit unserem Know-how zur Seite.<\/strong><\/p>\n<\/div>\n<div>\n<p>Neben den Werkzeugen f\u00fcr Instandhaltungsaufgaben sind unsere Mess- und Servicetechniker mit\u00a0<a href=\"\/service\/messtechnik-diagnose-motoren-generatoren\">umfangreichen Messger\u00e4ten<\/a>\u00a0zur Lager- und Schwingungsdiagnose ausgestattet. Dieses Equipment erm\u00f6glicht eine zustandsorientierte Instandhaltung auf h\u00f6chstem Niveau.<\/p>\n<\/div>\n<h4>Unser Service:<\/h4>\n<ul>\n<li>\n<div>Schwingungs- und Lagerdiagnose an Pr\u00fcfst\u00e4nden<\/div>\n<\/li>\n<li>\n<div>\u00dcberholung und Instandsetzung von Antriebsmotoren in allen Bereichen (Pr\u00fcfstand, Fahrtwindgebl\u00e4se, usw.)<\/div>\n<\/li>\n<\/ul>\n<h4>Kontakt<\/h4>\n<div>\n<p><strong>AMServ<\/strong><br \/>Service f\u00fcr rotierende<br \/>elektrische Maschinen<\/p>\n<\/div>\n<ul>\n<li>\n<p>        <img decoding=\"async\" src=\"\/wp-content\/uploads\/2024\/03\/phone.svg\" alt=\"\"><\/p>\n<div>\n<p><a href=\"tel:+498000267378\" class=\"google-event\" data-event-action=\"telefonnummer_geklickt\" data-event-category=\"Kontakt\" data-event-label=\"+498000267378\">+49 (0) 8000 267378<br \/>+49 (0) 8000 AMSERV<\/a><\/p>\n<\/div>\n<\/li>\n<li>\n<p>        <img decoding=\"async\" src=\"\/wp-content\/uploads\/2024\/03\/envelope.svg\" alt=\"\"><\/p>\n<div>\n<p><a href=\"mailto:info@amserv.de\" class=\"google-event\" data-event-action=\"mailadresse_geklickt\" data-event-category=\"Kontakt\" data-event-label=\"info@amserv.de\">info@amserv.de<\/a><\/p>\n<\/div>\n<\/li>\n<\/ul>\n<p><!--more--><br \/>\n<!-- {\"type\":\"layout\",\"children\":[{\"type\":\"section\",\"props\":{\"image\":\"wp-content\\\/uploads\\\/2024\\\/03\\\/automobil.jpg\",\"image_position\":\"center-center\",\"image_size\":\"cover\",\"padding\":\"xlarge\",\"padding_remove_bottom\":false,\"padding_remove_top\":false,\"style\":\"default\",\"title_breakpoint\":\"xl\",\"title_position\":\"top-left\",\"title_rotation\":\"left\",\"vertical_align\":\"\",\"width\":\"\"},\"children\":[{\"type\":\"row\",\"children\":[{\"type\":\"column\",\"props\":{\"image_position\":\"center-center\",\"position_sticky_breakpoint\":\"m\"}}]}],\"name\":\"Headerbild\"},{\"type\":\"section\",\"props\":{\"image_position\":\"center-center\",\"padding\":\"none\",\"style\":\"muted\",\"title_breakpoint\":\"xl\",\"title_position\":\"top-left\",\"title_rotation\":\"left\",\"vertical_align\":\"\",\"width\":\"default\"},\"children\":[{\"type\":\"row\",\"children\":[{\"type\":\"column\",\"props\":{\"image_position\":\"center-center\",\"position_sticky_breakpoint\":\"m\"},\"children\":[{\"type\":\"breadcrumbs\",\"props\":{\"home_text\":\"Home\",\"show_current\":true,\"show_home\":true}}]}]}],\"name\":\"Breadcrumbs\"},{\"type\":\"section\",\"props\":{\"image_position\":\"center-center\",\"padding\":\"small\",\"padding_remove_bottom\":false,\"style\":\"default\",\"title_breakpoint\":\"xl\",\"title_position\":\"top-left\",\"title_rotation\":\"left\",\"vertical_align\":\"\",\"width\":\"default\"},\"children\":[{\"type\":\"row\",\"props\":{\"layout\":\"2-3,1-3\"},\"children\":[{\"type\":\"column\",\"props\":{\"image_position\":\"center-center\",\"position_sticky_breakpoint\":\"m\",\"width_medium\":\"2-3\"},\"children\":[{\"type\":\"headline\",\"props\":{\"content\":\"Automobilindustrie \",\"content_en_gb\":\"automotive industry\",\"content_fr_fr\":\"industrie automobile\",\"title_element\":\"h1\"}},{\"type\":\"text\",\"props\":{\"column_breakpoint\":\"m\",\"content\":\"\n\n<p><strong>Von der Fertigungsstra\\u00dfe bis zum Pr\\u00fcfstand stehen wir den europ\\u00e4ischen Automobilbauern mit unserem Know-how zur Seite.<\\\/strong><\\\/p>\",\"content_en_gb\":\"\n\n<p><strong>From the production line to the test bench, we support European automobile manufacturers with our expertise.<\\\/strong><\\\/p>\",\"content_fr_fr\":\"\n\n<p><strong>De la cha\\u00eene de fabrication au banc d'essai\\u00a0: nous assistons les constructeurs automobiles europ\\u00e9ens avec notre savoir-faire.<\\\/strong><\\\/p>\",\"margin\":\"default\",\"margin_remove_top\":true}},{\"type\":\"text\",\"props\":{\"column_breakpoint\":\"m\",\"content\":\"\n\n<p>Neben den Werkzeugen f\\u00fcr Instandhaltungsaufgaben sind unsere Mess- und Servicetechniker mit\\u00a0<a href=\\\"\\\/service\\\/messtechnik-diagnose-motoren-generatoren\\\">umfangreichen Messger\\u00e4ten<\\\/a>\\u00a0zur Lager- und Schwingungsdiagnose ausgestattet. Dieses Equipment erm\\u00f6glicht eine zustandsorientierte Instandhaltung auf h\\u00f6chstem Niveau.<\\\/p>\",\"content_en_gb\":\"\n\n<p><span>In addition to the tools required for maintenance tasks, our measurement and service technicians have a comprehensive range of measurement equipment for bearing and vibration diagnostics. This equipment enables them to provide condition-based maintenance at the highest level.<\\\/span><\\\/p>\",\"content_fr_fr\":\"\n\n<p>En plus des outils pour les travaux d'entretien, nos techniciens de mesure et de service sont \\u00e9quip\\u00e9s de nombreux instruments de mesure pour le diagnostic des paliers et des vibrations. Cet \\u00e9quipement permet un entretien conditionnel au plus haut niveau.<\\\/p>\",\"margin\":\"default\"}},{\"type\":\"headline\",\"props\":{\"content\":\"Unser Service:\",\"content_en_gb\":\"our services:\",\"content_fr_fr\":\"notre service&nbsp;:\",\"title_element\":\"h4\"}},{\"type\":\"list\",\"props\":{\"column_breakpoint\":\"s\",\"image_align\":\"left\",\"image_svg_color\":\"emphasis\",\"image_vertical_align\":true,\"list_element\":\"ul\",\"list_horizontal_separator\":\", \",\"list_marker\":\"disc\",\"list_marker_color\":\"emphasis\",\"list_type\":\"vertical\",\"show_image\":false,\"show_link\":false},\"children\":[{\"type\":\"list_item\",\"props\":{\"content\":\"Schwingungs- und Lagerdiagnose an Pr\\u00fcfst\\u00e4nden\",\"content_en_gb\":\"\n\n<p>Vibration and bearing diagnostics on test benches<\\\/p>\",\"content_fr_fr\":\"\n\n<p>diagnostic des vibrations et des paliers sur bancs d'essai<\\\/p>\"}},{\"type\":\"list_item\",\"props\":{\"content\":\"\\u00dcberholung und Instandsetzung von Antriebsmotoren in allen Bereichen (Pr\\u00fcfstand, Fahrtwindgebl\\u00e4se, usw.)\",\"content_en_gb\":\"\n\n<p>Overhaul and maintenance of drive motors in all fields (test bench, wind jet fan etc.)<\\\/p>\",\"content_fr_fr\":\"\n\n<p>r\\u00e9vision et entretien de moteurs d'entra\\u00eenement dans tous les domaines (banc d'essai, souffleries, etc.)<\\\/p>\"}}],\"name\":\"Liste\"}]},{\"type\":\"column\",\"props\":{\"image_position\":\"center-center\",\"position_sticky\":\"column\",\"position_sticky_breakpoint\":\"m\",\"position_sticky_offset\":\"80\",\"width_medium\":\"1-3\"},\"children\":[{\"type\":\"headline\",\"props\":{\"content\":\"Kontakt\",\"content_en_gb\":\"Contact\",\"content_fr_fr\":\"Contact\",\"title_element\":\"h4\"},\"name\":\"Sidebar Headline\"},{\"type\":\"text\",\"props\":{\"column_breakpoint\":\"m\",\"content\":\"\n\n<p><strong>AMServ<\\\/strong><br \\\/>Service f\\u00fcr rotierende<br \\\/>elektrische Maschinen<\\\/p>\",\"content_en_gb\":\"\n\n<p><strong>AMServ<\\\/strong><br \\\/>Service for rotating<br \/> electrical machines<\\\/p>\",\"content_fr_fr\":\"\n\n<p><strong>AMServ<\\\/strong><br \\\/>Service pour machines<br \/>\\u00e9lectriques tournantes<\\\/p>\",\"margin\":\"small\"},\"name\":\"Sidebar Text\"},{\"type\":\"list\",\"props\":{\"class\":\"sidebarContactList\",\"column_breakpoint\":\"m\",\"icon_color\":\"emphasis\",\"icon_width\":\"25\",\"image_align\":\"left\",\"image_svg_color\":\"emphasis\",\"image_svg_inline\":true,\"image_vertical_align\":false,\"image_width\":\"18\",\"list_element\":\"ul\",\"list_horizontal_separator\":\", \",\"list_type\":\"vertical\",\"show_image\":true,\"show_link\":true},\"children\":[{\"type\":\"list_item\",\"props\":{\"content\":\"\n\n<p><a href=\\\"tel:+498000267378\\\" class=\\\"google-event\\\" data-event-action=\\\"telefonnummer_geklickt\\\" data-event-category=\\\"Kontakt\\\" data-event-label=\\\"+498000267378\\\">+49 (0) 8000 267378<br \\\/>+49 (0) 8000 AMSERV<\\\/a><\\\/p>\",\"icon\":\"\",\"image\":\"wp-content\\\/uploads\\\/2024\\\/03\\\/phone.svg\"}},{\"type\":\"list_item\",\"props\":{\"content\":\"\n\n<p><a href=\\\"mailto:info@amserv.de\\\" class=\\\"google-event\\\" data-event-action=\\\"mailadresse_geklickt\\\" data-event-category=\\\"Kontakt\\\" data-event-label=\\\"info@amserv.de\\\">info@amserv.de<\\\/a><\\\/p>\",\"icon\":\"\",\"image\":\"wp-content\\\/uploads\\\/2024\\\/03\\\/envelope.svg\"}}],\"name\":\"Liste-Kontakt2\"}]}]}],\"name\":\"Zweispaltig\"}],\"version\":\"4.5.25\"} --><\/p>\n","protected":false},"excerpt":{"rendered":"<p>Automobilindustrie Von der Fertigungsstra\u00dfe bis zum Pr\u00fcfstand stehen wir den europ\u00e4ischen Automobilbauern mit unserem Know-how zur Seite. Neben den Werkzeugen f\u00fcr Instandhaltungsaufgaben sind unsere Mess- und Servicetechniker mit\u00a0umfangreichen Messger\u00e4ten\u00a0zur Lager- und Schwingungsdiagnose ausgestattet. Dieses Equipment erm\u00f6glicht eine zustandsorientierte Instandhaltung auf h\u00f6chstem Niveau. Unser Service: Schwingungs- und Lagerdiagnose an Pr\u00fcfst\u00e4nden \u00dcberholung und Instandsetzung von Antriebsmotoren in [&#8230;]<\/p>\n<p><a class=\"el-content uk-button uk-button-primary uk-margin-remove-bottom excerpt\" href=\"https:\/\/www.amserv.de\/en\/areas-of-application\/industry\/automotive-industry\/\">Read more&#8230;<\/a><\/p>\n","protected":false},"author":2,"featured_media":0,"parent":349,"menu_order":0,"comment_status":"closed","ping_status":"closed","template":"","meta":{"footnotes":""},"class_list":["post-363","page","type-page","status-publish","hentry"],"_links":{"self":[{"href":"https:\/\/www.amserv.de\/en\/wp-json\/wp\/v2\/pages\/363","targetHints":{"allow":["GET"]}}],"collection":[{"href":"https:\/\/www.amserv.de\/en\/wp-json\/wp\/v2\/pages"}],"about":[{"href":"https:\/\/www.amserv.de\/en\/wp-json\/wp\/v2\/types\/page"}],"author":[{"embeddable":true,"href":"https:\/\/www.amserv.de\/en\/wp-json\/wp\/v2\/users\/2"}],"replies":[{"embeddable":true,"href":"https:\/\/www.amserv.de\/en\/wp-json\/wp\/v2\/comments?post=363"}],"version-history":[{"count":21,"href":"https:\/\/www.amserv.de\/en\/wp-json\/wp\/v2\/pages\/363\/revisions"}],"predecessor-version":[{"id":3110,"href":"https:\/\/www.amserv.de\/en\/wp-json\/wp\/v2\/pages\/363\/revisions\/3110"}],"up":[{"embeddable":true,"href":"https:\/\/www.amserv.de\/en\/wp-json\/wp\/v2\/pages\/349"}],"wp:attachment":[{"href":"https:\/\/www.amserv.de\/en\/wp-json\/wp\/v2\/media?parent=363"}],"curies":[{"name":"wp","href":"https:\/\/api.w.org\/{rel}","templated":true}]}}