{"id":369,"date":"2024-03-07T22:46:57","date_gmt":"2024-03-07T21:46:57","guid":{"rendered":"https:\/\/www.amserv.de\/?page_id=369"},"modified":"2026-04-14T15:48:02","modified_gmt":"2026-04-14T13:48:02","slug":"stahl","status":"publish","type":"page","link":"https:\/\/www.amserv.de\/en\/areas-of-application\/industry\/steel-industry\/","title":{"rendered":"Steel industry"},"content":{"rendered":"<h1>Stahlindustrie <\/h1>\n<div>\n<p><strong>Stahl ist f\u00fcr unsere Gesellschaft unentbehrlich. Die Stahlindustrie hat eine besondere Bedeutung in der Wertsch\u00f6pfungskette und ist das R\u00fcckgrat der deutschen Volkswirtschaft.<\/strong><\/p>\n<\/div>\n<div>\n<p>Die Anforderungen an die Stahlhersteller werden immer h\u00f6her. Die Automobilhersteller erwarten immer leichtere Stahlbauteile\u00a0mit h\u00f6herer Festigkeit. Eine st\u00e4ndige Weiterentwicklung mit h\u00f6heren <a href=\"\/unternehmen\/qualitaet\">Qualit\u00e4tsanforderungen<\/a> ist notwendig. In der Stahlindustrie werden Motoren mit den unterschiedlichsten Einsatzf\u00e4llen eingesetzt.<\/p>\n<p>Als Partner der Stahlindustrie k\u00fcmmern wir uns um einen reibungslosen Betrieb dieser <a href=\"\/service\">Motoren<\/a> und sorgen daf\u00fcr, dass sich die Antriebsmaschinen der Drahtstra\u00dfen von der Vorstra\u00dfe \u00fcber die Scheren zum Fertigblock \/ Koksblock bis zum Stabendtreiber und der Haspel, weiterdrehen. Ob Walzwerk, Strangguss oder Rollgang, alle Motoren m\u00fcssen zuverl\u00e4ssig gewartet und instandgesetzt werden.<\/p>\n<\/div>\n<div><br \/>\n<small>(Bildmotive: Quelle Saarstahl AG)<\/small><\/div>\n<h4>Kontakt<\/h4>\n<div>\n<p><strong>AMServ<\/strong><br \/>Service f\u00fcr rotierende<br \/>elektrische Maschinen<\/p>\n<\/div>\n<ul>\n<li>\n<p>        <img decoding=\"async\" src=\"\/wp-content\/uploads\/2024\/03\/phone.svg\" alt=\"\"><\/p>\n<div>\n<p><a href=\"tel:+498000267378\" class=\"google-event\" data-event-action=\"telefonnummer_geklickt\" data-event-category=\"Kontakt\" data-event-label=\"+498000267378\">+49 (0) 8000 267378<br \/>+49 (0) 8000 AMSERV<\/a><\/p>\n<\/div>\n<\/li>\n<li>\n<p>        <img decoding=\"async\" src=\"\/wp-content\/uploads\/2024\/03\/envelope.svg\" alt=\"\"><\/p>\n<div>\n<p><a href=\"mailto:info@amserv.de\" class=\"google-event\" data-event-action=\"mailadresse_geklickt\" data-event-category=\"Kontakt\" data-event-label=\"info@amserv.de\">info@amserv.de<\/a><\/p>\n<\/div>\n<\/li>\n<\/ul>\n<p><!--more--><br \/>\n<!-- {\"type\":\"layout\",\"children\":[{\"type\":\"section\",\"props\":{\"image\":\"wp-content\\\/uploads\\\/2024\\\/03\\\/stahl.jpg\",\"image_position\":\"center-center\",\"image_size\":\"cover\",\"padding\":\"xlarge\",\"padding_remove_bottom\":false,\"padding_remove_top\":false,\"style\":\"default\",\"title_breakpoint\":\"xl\",\"title_position\":\"top-left\",\"title_rotation\":\"left\",\"vertical_align\":\"\",\"width\":\"\"},\"children\":[{\"type\":\"row\",\"children\":[{\"type\":\"column\",\"props\":{\"image_position\":\"center-center\",\"position_sticky_breakpoint\":\"m\"}}]}],\"name\":\"Headerbild\"},{\"type\":\"section\",\"props\":{\"image_position\":\"center-center\",\"padding\":\"none\",\"style\":\"muted\",\"title_breakpoint\":\"xl\",\"title_position\":\"top-left\",\"title_rotation\":\"left\",\"vertical_align\":\"\",\"width\":\"default\"},\"children\":[{\"type\":\"row\",\"children\":[{\"type\":\"column\",\"props\":{\"image_position\":\"center-center\",\"position_sticky_breakpoint\":\"m\"},\"children\":[{\"type\":\"breadcrumbs\",\"props\":{\"home_text\":\"Home\",\"show_current\":true,\"show_home\":true}}]}]}],\"name\":\"Breadcrumbs\"},{\"type\":\"section\",\"props\":{\"image_position\":\"center-center\",\"padding\":\"small\",\"padding_remove_bottom\":false,\"style\":\"default\",\"title_breakpoint\":\"xl\",\"title_position\":\"top-left\",\"title_rotation\":\"left\",\"vertical_align\":\"\",\"width\":\"default\"},\"children\":[{\"type\":\"row\",\"props\":{\"layout\":\"2-3,1-3\"},\"children\":[{\"type\":\"column\",\"props\":{\"image_position\":\"center-center\",\"position_sticky_breakpoint\":\"m\",\"width_medium\":\"2-3\"},\"children\":[{\"type\":\"headline\",\"props\":{\"content\":\"Stahlindustrie \",\"content_en_gb\":\"steel industry\",\"content_fr_fr\":\"industrie sid\\u00c9rurgique\",\"title_element\":\"h1\"}},{\"type\":\"text\",\"props\":{\"column_breakpoint\":\"m\",\"content\":\"\n\n<p><strong>Stahl ist f\\u00fcr unsere Gesellschaft unentbehrlich. Die Stahlindustrie hat eine besondere Bedeutung in der Wertsch\\u00f6pfungskette und ist das R\\u00fcckgrat der deutschen Volkswirtschaft.<\\\/strong><\\\/p>\",\"content_en_gb\":\"\n\n<p><strong>Steel is essential for our society. The steel industry is particularly important in the value creation chain and is the backbone of the German national economy.<\\\/strong><\\\/p>\",\"content_fr_fr\":\"\n\n<p><strong>L'acier est indispensable pour notre soci\\u00e9t\\u00e9. L'industrie sid\\u00e9rurgique rev\\u00eat une importance particuli\\u00e8re dans la cha\\u00eene de valeur et constitue l'\\u00e9pine dorsale de l'\\u00e9conomie allemande.<\\\/strong><\\\/p>\",\"margin\":\"default\",\"margin_remove_top\":true}},{\"type\":\"text\",\"props\":{\"column_breakpoint\":\"m\",\"content\":\"\n\n<p>Die Anforderungen an die Stahlhersteller werden immer h\\u00f6her. Die Automobilhersteller erwarten immer leichtere Stahlbauteile\\u00a0mit h\\u00f6herer Festigkeit. Eine st\\u00e4ndige Weiterentwicklung mit h\\u00f6heren <a href=\\\"\\\/unternehmen\\\/qualitaet\\\">Qualit\\u00e4tsanforderungen<\\\/a> ist notwendig. In der Stahlindustrie werden Motoren mit den unterschiedlichsten Einsatzf\\u00e4llen eingesetzt.<\\\/p>\\n\n\n<p>Als Partner der Stahlindustrie k\\u00fcmmern wir uns um einen reibungslosen Betrieb dieser <a href=\\\"\\\/service\\\">Motoren<\\\/a> und sorgen daf\\u00fcr, dass sich die Antriebsmaschinen der Drahtstra\\u00dfen von der Vorstra\\u00dfe \\u00fcber die Scheren zum Fertigblock \\\/ Koksblock bis zum Stabendtreiber und der Haspel, weiterdrehen. Ob Walzwerk, Strangguss oder Rollgang, alle Motoren m\\u00fcssen zuverl\\u00e4ssig gewartet und instandgesetzt werden.<\\\/p>\",\"content_en_gb\":\"\n\n<p>Requirements being made of the steel manufacturers are becoming increasingly demanding. Automobile manufacturers are increasingly expecting steel components to be lighter and lighter, whilst being stronger at the same time. Ongoing development with high quality standards is necessary. Motors are used in the steel industry in an extremely broad range of applications.<\\\/p>\\n\n\n<p>As a partner in the steel industry, we work hard to ensure that these motors continue to function well and ensure that the drive machines of the wire rod mill continue to work throughout all stages of the production process, whether it be the drive for the roughing train, the shearing process, the finishing block, the rod ends or the reel. Whether we are working with rolling mills, continuous casting or roller tables, all motors need to be serviced and maintained reliably.<\\\/p>\",\"content_fr_fr\":\"\n\n<p>Les exigences \\u00e0 l'\\u00e9gard des entreprises sid\\u00e9rurgiques sont toujours plus grandes. Les constructeurs automobiles escomptent des composants en acier\\u00a0toujours plus l\\u00e9gers et toujours plus r\\u00e9sistants. Cela requiert un d\\u00e9veloppement constant r\\u00e9pondant \\u00e0 des exigences de qualit\\u00e9 \\u00e9lev\\u00e9es. Les moteurs sont utilis\\u00e9s pour une grande vari\\u00e9t\\u00e9 d'applications dans l'industrie sid\\u00e9rurgique.<\\\/p>\\n\n\n<p>En tant que partenaire de l'industrie sid\\u00e9rurgique, nous veillons au bon fonctionnement de ces moteurs et \\u00e0 ce que les machines motrices des trains \\u00e0 fil tournent en permanence, du train d'\\u00e9bauchage jusqu'au bloc de finition\\u00a0\\\/\\u00a0cokerie, en passant par les cisailles, le conducteur de barre et le d\\u00e9vidoir. Qu'il s'agisse d'un laminoir, d'une coul\\u00e9e continue ou d'une table \\u00e0 rouleaux, tous les moteurs doivent \\u00eatre soumis \\u00e0 un entretien et des r\\u00e9parations fiables.<\\\/p>\",\"margin\":\"default\"}},{\"type\":\"text\",\"props\":{\"column_breakpoint\":\"m\",\"content\":\"[smartslider3 slider=\\\"14\\\"]\\n<small>(Bildmotive: Quelle Saarstahl AG)<\\\/small>\",\"margin\":\"default\"},\"name\":\"Slider eingebettet (via Shortcode)\"}]},{\"type\":\"column\",\"props\":{\"image_position\":\"center-center\",\"position_sticky\":\"column\",\"position_sticky_breakpoint\":\"m\",\"position_sticky_offset\":\"80\",\"width_medium\":\"1-3\"},\"children\":[{\"type\":\"headline\",\"props\":{\"content\":\"Kontakt\",\"content_en_gb\":\"Contact\",\"content_fr_fr\":\"Contact\",\"title_element\":\"h4\"},\"name\":\"Sidebar Headline\"},{\"type\":\"text\",\"props\":{\"column_breakpoint\":\"m\",\"content\":\"\n\n<p><strong>AMServ<\\\/strong><br \\\/>Service f\\u00fcr rotierende<br \\\/>elektrische Maschinen<\\\/p>\",\"content_en_gb\":\"\n\n<p><strong>AMServ<\\\/strong><br \\\/>Service for rotating<br \/> electrical machines<\\\/p>\",\"content_fr_fr\":\"\n\n<p><strong>AMServ<\\\/strong><br \\\/>Service pour machines<br \/>\\u00e9lectriques tournantes<\\\/p>\",\"margin\":\"small\"},\"name\":\"Sidebar Text\"},{\"type\":\"list\",\"props\":{\"class\":\"sidebarContactList\",\"column_breakpoint\":\"m\",\"icon_color\":\"emphasis\",\"icon_width\":\"25\",\"image_align\":\"left\",\"image_svg_color\":\"emphasis\",\"image_svg_inline\":true,\"image_vertical_align\":false,\"image_width\":\"18\",\"list_element\":\"ul\",\"list_horizontal_separator\":\", \",\"list_type\":\"vertical\",\"show_image\":true,\"show_link\":true},\"children\":[{\"type\":\"list_item\",\"props\":{\"content\":\"\n\n<p><a href=\\\"tel:+498000267378\\\" class=\\\"google-event\\\" data-event-action=\\\"telefonnummer_geklickt\\\" data-event-category=\\\"Kontakt\\\" data-event-label=\\\"+498000267378\\\">+49 (0) 8000 267378<br \\\/>+49 (0) 8000 AMSERV<\\\/a><\\\/p>\",\"icon\":\"\",\"image\":\"wp-content\\\/uploads\\\/2024\\\/03\\\/phone.svg\"}},{\"type\":\"list_item\",\"props\":{\"content\":\"\n\n<p><a href=\\\"mailto:info@amserv.de\\\" class=\\\"google-event\\\" data-event-action=\\\"mailadresse_geklickt\\\" data-event-category=\\\"Kontakt\\\" data-event-label=\\\"info@amserv.de\\\">info@amserv.de<\\\/a><\\\/p>\",\"icon\":\"\",\"image\":\"wp-content\\\/uploads\\\/2024\\\/03\\\/envelope.svg\"}}],\"name\":\"Liste-Kontakt2\"}]}]}],\"name\":\"Zweispaltig\"}],\"version\":\"4.5.25\"} --><\/p>\n","protected":false},"excerpt":{"rendered":"<p>Stahlindustrie Stahl ist f\u00fcr unsere Gesellschaft unentbehrlich. Die Stahlindustrie hat eine besondere Bedeutung in der Wertsch\u00f6pfungskette und ist das R\u00fcckgrat der deutschen Volkswirtschaft. Die Anforderungen an die Stahlhersteller werden immer h\u00f6her. Die Automobilhersteller erwarten immer leichtere Stahlbauteile\u00a0mit h\u00f6herer Festigkeit. Eine st\u00e4ndige Weiterentwicklung mit h\u00f6heren Qualit\u00e4tsanforderungen ist notwendig. In der Stahlindustrie werden Motoren mit den unterschiedlichsten [&#8230;]<\/p>\n<p><a class=\"el-content uk-button uk-button-primary uk-margin-remove-bottom excerpt\" href=\"https:\/\/www.amserv.de\/en\/areas-of-application\/industry\/steel-industry\/\">Read more&#8230;<\/a><\/p>\n","protected":false},"author":2,"featured_media":0,"parent":349,"menu_order":0,"comment_status":"closed","ping_status":"closed","template":"","meta":{"footnotes":""},"class_list":["post-369","page","type-page","status-publish","hentry"],"_links":{"self":[{"href":"https:\/\/www.amserv.de\/en\/wp-json\/wp\/v2\/pages\/369","targetHints":{"allow":["GET"]}}],"collection":[{"href":"https:\/\/www.amserv.de\/en\/wp-json\/wp\/v2\/pages"}],"about":[{"href":"https:\/\/www.amserv.de\/en\/wp-json\/wp\/v2\/types\/page"}],"author":[{"embeddable":true,"href":"https:\/\/www.amserv.de\/en\/wp-json\/wp\/v2\/users\/2"}],"replies":[{"embeddable":true,"href":"https:\/\/www.amserv.de\/en\/wp-json\/wp\/v2\/comments?post=369"}],"version-history":[{"count":15,"href":"https:\/\/www.amserv.de\/en\/wp-json\/wp\/v2\/pages\/369\/revisions"}],"predecessor-version":[{"id":3113,"href":"https:\/\/www.amserv.de\/en\/wp-json\/wp\/v2\/pages\/369\/revisions\/3113"}],"up":[{"embeddable":true,"href":"https:\/\/www.amserv.de\/en\/wp-json\/wp\/v2\/pages\/349"}],"wp:attachment":[{"href":"https:\/\/www.amserv.de\/en\/wp-json\/wp\/v2\/media?parent=369"}],"curies":[{"name":"wp","href":"https:\/\/api.w.org\/{rel}","templated":true}]}}