{"id":37,"date":"2024-02-23T12:05:06","date_gmt":"2024-02-23T11:05:06","guid":{"rendered":"https:\/\/www.amserv.de\/?page_id=37"},"modified":"2026-04-13T15:43:51","modified_gmt":"2026-04-13T13:43:51","slug":"produkte","status":"publish","type":"page","link":"https:\/\/www.amserv.de\/en\/products\/","title":{"rendered":"Products"},"content":{"rendered":"<h1>Produkte <\/h1>\n<div>\n<p><strong>Sie ben\u00f6tigen Neumotoren, Frequenzumrichter oder Ersatzteile?<br \/>Dann sind Sie bei uns richtig!<\/strong><\/p>\n<\/div>\n<div><main id=\"content\" class=\"span8\"><\/p>\n<div class=\"item-page\" itemscope=\"\" itemtype=\"https:\/\/schema.org\/Article\">\n<div itemprop=\"articleBody\">\n<p>Unsere Herstellerunabh\u00e4ngigkeit erm\u00f6glicht es uns Ihnen Produkte aller Hersteller zu liefern.<\/p>\n<\/div>\n<\/div>\n<p><\/main><\/div>\n<h4>Kontakt<\/h4>\n<div>\n<p><strong>AMServ<\/strong><br \/>Service f\u00fcr rotierende<br \/>elektrische Maschinen<\/p>\n<\/div>\n<ul>\n<li>\n<p>        <img decoding=\"async\" src=\"\/wp-content\/uploads\/2024\/03\/phone.svg\" alt=\"\"><\/p>\n<div>\n<p><a href=\"tel:+498000267378\" class=\"google-event\" data-event-action=\"telefonnummer_geklickt\" data-event-category=\"Kontakt\" data-event-label=\"+498000267378\">+49 (0) 8000 267378<br \/>+49 (0) 8000 AMSERV<\/a><\/p>\n<\/div>\n<\/li>\n<li>\n<p>        <img decoding=\"async\" src=\"\/wp-content\/uploads\/2024\/03\/envelope.svg\" alt=\"\"><\/p>\n<div>\n<p><a href=\"mailto:info@amserv.de\" class=\"google-event\" data-event-action=\"mailadresse_geklickt\" data-event-category=\"Kontakt\" data-event-label=\"info@amserv.de\">info@amserv.de<\/a><\/p>\n<\/div>\n<\/li>\n<\/ul>\n<h3>Unsere Produkte im \u00dcberblick<\/h3>\n<ul>\n<li>\n<h3>Neumotoren<\/h3>\n<p><a href=\"\/produkte\/neumotoren-niederspannung-hochspannung\/\">Neumotoren<\/a><\/p>\n<\/li>\n<li>\n<h3>Frequenzumrichter<\/h3>\n<p><a href=\"\/produkte\/frequenzumrichter-stromrichter\/\">Frequenzumrichter<\/a><\/p>\n<\/li>\n<li>\n<h3>Ersatzteile<\/h3>\n<p><a href=\"\/produkte\/ersatzteile\/\">Ersatzteile<\/a><\/p>\n<\/li>\n<\/ul>\n<p><!--more--><br \/>\n<!-- {\"type\":\"layout\",\"children\":[{\"type\":\"section\",\"props\":{\"image\":\"wp-content\\\/uploads\\\/2024\\\/03\\\/produkte.jpg\",\"image_position\":\"center-center\",\"image_size\":\"cover\",\"padding\":\"xlarge\",\"padding_remove_bottom\":false,\"padding_remove_top\":false,\"style\":\"default\",\"title_breakpoint\":\"xl\",\"title_position\":\"top-left\",\"title_rotation\":\"left\",\"vertical_align\":\"\",\"width\":\"\"},\"children\":[{\"type\":\"row\",\"children\":[{\"type\":\"column\",\"props\":{\"image_position\":\"center-center\",\"position_sticky_breakpoint\":\"m\"}}]}],\"name\":\"Headerbild\"},{\"type\":\"section\",\"props\":{\"image_position\":\"center-center\",\"padding\":\"none\",\"style\":\"muted\",\"title_breakpoint\":\"xl\",\"title_position\":\"top-left\",\"title_rotation\":\"left\",\"vertical_align\":\"\",\"width\":\"default\"},\"children\":[{\"type\":\"row\",\"children\":[{\"type\":\"column\",\"props\":{\"image_position\":\"center-center\",\"position_sticky_breakpoint\":\"m\"},\"children\":[{\"type\":\"breadcrumbs\",\"props\":{\"home_text\":\"Home\",\"show_current\":true,\"show_home\":true}}]}]}],\"name\":\"Breadcrumbs\"},{\"type\":\"section\",\"props\":{\"image_position\":\"center-center\",\"padding\":\"small\",\"padding_remove_bottom\":false,\"style\":\"default\",\"title_breakpoint\":\"xl\",\"title_position\":\"top-left\",\"title_rotation\":\"left\",\"vertical_align\":\"\",\"width\":\"default\"},\"children\":[{\"type\":\"row\",\"props\":{\"layout\":\"2-3,1-3\"},\"children\":[{\"type\":\"column\",\"props\":{\"image_position\":\"center-center\",\"position_sticky_breakpoint\":\"m\",\"width_medium\":\"2-3\"},\"children\":[{\"type\":\"headline\",\"props\":{\"content\":\"Produkte \",\"content_en_gb\":\"products\",\"content_fr_fr\":\"produits\",\"title_element\":\"h1\"}},{\"type\":\"text\",\"props\":{\"column_breakpoint\":\"m\",\"content\":\"\n\n<p><strong>Sie ben\\u00f6tigen Neumotoren, Frequenzumrichter oder Ersatzteile?<br \\\/>Dann sind Sie bei uns richtig!<\\\/strong><\\\/p>\",\"content_en_gb\":\"\n\n<p><strong>Do you need new motors, frequency converters or replacement parts?<br \\\/>Then we can help you!<\\\/strong><\\\/p>\",\"content_fr_fr\":\"\n\n<p><strong>Vous avez besoin de moteurs neufs, de convertisseurs de fr\\u00e9quence ou de pi\\u00e8ces de rechange&nbsp;?<br \\\/>Alors, vous \\u00eates \\u00e0 la bonne adresse&nbsp;!<\\\/strong><\\\/p>\",\"margin\":\"default\",\"margin_remove_top\":true}},{\"type\":\"text\",\"props\":{\"column_breakpoint\":\"m\",\"content\":\"<main id=\\\"content\\\" class=\\\"span8\\\">\\n\n\n<div class=\\\"item-page\\\" itemscope=\\\"\\\" itemtype=\\\"https:\\\/\\\/schema.org\\\/Article\\\">\\n\n\n<div itemprop=\\\"articleBody\\\">\\n\n\n<p>Unsere Herstellerunabh\\u00e4ngigkeit erm\\u00f6glicht es uns Ihnen Produkte aller Hersteller zu liefern.<\\\/p>\\n<\\\/div>\\n<\\\/div>\\n<\\\/main>\",\"content_en_gb\":\"<main id=\\\"content\\\" class=\\\"span8\\\">\\n\n\n<div class=\\\"item-page\\\" itemscope=\\\"\\\" itemtype=\\\"https:\\\/\\\/schema.org\\\/Article\\\">\\n\n\n<div itemprop=\\\"articleBody\\\"><main id=\\\"content\\\" class=\\\"span8\\\">\\n\n\n<div class=\\\"item-page\\\" itemscope=\\\"\\\" itemtype=\\\"https:\\\/\\\/schema.org\\\/Article\\\">\\n\n\n<div itemprop=\\\"articleBody\\\">\\n\n\n<p>Since we are independent of the manufacturers, we can supply you with products from all manufacturers.<\\\/p>\\n<\\\/div>\\n<\\\/div>\\n<\\\/main><\\\/div>\\n<\\\/div>\\n<\\\/main>\",\"content_fr_fr\":\"\n\n<p>Du fait de notre ind\\u00e9pendance vis-\\u00e0-vis des fabricants, nous sommes \\u00e0 m\\u00eame de vous fournir des produits de tous les fabricants.<\\\/p>\",\"margin\":\"default\"}}]},{\"type\":\"column\",\"props\":{\"image_position\":\"center-center\",\"position_sticky\":\"column\",\"position_sticky_breakpoint\":\"m\",\"position_sticky_offset\":\"80\",\"width_medium\":\"1-3\"},\"children\":[{\"type\":\"headline\",\"props\":{\"content\":\"Kontakt\",\"content_en_gb\":\"Contact\",\"content_fr_fr\":\"Contact\",\"title_element\":\"h4\"},\"name\":\"Sidebar Headline\"},{\"type\":\"text\",\"props\":{\"column_breakpoint\":\"m\",\"content\":\"\n\n<p><strong>AMServ<\\\/strong><br \\\/>Service f\\u00fcr rotierende<br \\\/>elektrische Maschinen<\\\/p>\",\"content_en_gb\":\"\n\n<p><strong>AMServ<\\\/strong><br \\\/>Service for rotating<br \/> electrical machines<\\\/p>\",\"content_fr_fr\":\"\n\n<p><strong>AMServ<\\\/strong><br \\\/>Service pour machines<br \/>\\u00e9lectriques tournantes<\\\/p>\",\"margin\":\"small\"},\"name\":\"Sidebar Text\"},{\"type\":\"list\",\"props\":{\"class\":\"sidebarContactList\",\"column_breakpoint\":\"m\",\"icon_color\":\"emphasis\",\"icon_width\":\"25\",\"image_align\":\"left\",\"image_svg_color\":\"emphasis\",\"image_svg_inline\":true,\"image_vertical_align\":false,\"image_width\":\"18\",\"list_element\":\"ul\",\"list_horizontal_separator\":\", \",\"list_type\":\"vertical\",\"show_image\":true,\"show_link\":true},\"children\":[{\"type\":\"list_item\",\"props\":{\"content\":\"\n\n<p><a href=\\\"tel:+498000267378\\\" class=\\\"google-event\\\" data-event-action=\\\"telefonnummer_geklickt\\\" data-event-category=\\\"Kontakt\\\" data-event-label=\\\"+498000267378\\\">+49 (0) 8000 267378<br \\\/>+49 (0) 8000 AMSERV<\\\/a><\\\/p>\",\"icon\":\"\",\"image\":\"wp-content\\\/uploads\\\/2024\\\/03\\\/phone.svg\"}},{\"type\":\"list_item\",\"props\":{\"content\":\"\n\n<p><a href=\\\"mailto:info@amserv.de\\\" class=\\\"google-event\\\" data-event-action=\\\"mailadresse_geklickt\\\" data-event-category=\\\"Kontakt\\\" data-event-label=\\\"info@amserv.de\\\">info@amserv.de<\\\/a><\\\/p>\",\"icon\":\"\",\"image\":\"wp-content\\\/uploads\\\/2024\\\/03\\\/envelope.svg\"}}],\"name\":\"Liste-Kontakt2\"}]}]}],\"name\":\"Zweispaltig\"},{\"type\":\"section\",\"props\":{\"image_position\":\"center-center\",\"padding\":\"small\",\"style\":\"muted\",\"title_breakpoint\":\"xl\",\"title_position\":\"top-left\",\"title_rotation\":\"left\",\"vertical_align\":\"\",\"width\":\"default\"},\"children\":[{\"type\":\"row\",\"children\":[{\"type\":\"column\",\"props\":{\"image_position\":\"center-center\",\"position_sticky_breakpoint\":\"m\"},\"children\":[{\"type\":\"headline\",\"props\":{\"content\":\"Unsere Produkte im \\u00dcberblick\",\"content_en_gb\":\"our products at a glance\",\"content_fr_fr\":\"vue d'ensemble de nos produits\",\"margin\":\"medium\",\"text_align\":\"center\",\"text_align_fallback\":\"left\",\"title_color\":\"primary\",\"title_element\":\"h3\"}},{\"type\":\"panel-slider\",\"props\":{\"content_column_breakpoint\":\"m\",\"css\":\".el-title {display:none;}\",\"icon_width\":80,\"image_align\":\"top\",\"image_grid_breakpoint\":\"m\",\"image_grid_width\":\"1-2\",\"image_svg_color\":\"emphasis\",\"link_fullwidth\":true,\"link_margin\":\"remove\",\"link_style\":\"primary\",\"link_text\":\"Read more\",\"margin\":\"default\",\"meta_align\":\"below-title\",\"meta_element\":\"div\",\"meta_style\":\"text-meta\",\"nav\":\"dotnav\",\"nav_align\":\"center\",\"nav_breakpoint\":\"\",\"panel_match\":true,\"panel_padding\":\"default\",\"panel_style\":\"card-default\",\"show_content\":false,\"show_hover_image\":true,\"show_hover_video\":true,\"show_image\":false,\"show_link\":true,\"show_meta\":false,\"show_title\":true,\"show_video\":true,\"slidenav\":\"outside\",\"slidenav_breakpoint\":\"xl\",\"slidenav_margin\":\"medium\",\"slidenav_outside_breakpoint\":\"xl\",\"slider_autoplay_pause\":true,\"slider_gap\":\"small\",\"slider_width\":\"fixed\",\"slider_width_default\":\"1-1\",\"slider_width_medium\":\"1-3\",\"slider_width_small\":\"1-2\",\"title_align\":\"top\",\"title_element\":\"h3\",\"title_grid_breakpoint\":\"m\",\"title_grid_width\":\"1-2\",\"title_hover_style\":\"reset\"},\"children\":[{\"type\":\"panel-slider_item\",\"props\":{\"link\":\"produkte\\\/neumotoren-niederspannung-hochspannung\\\/\",\"link_en_gb\":\"\\\/en\\\/products\\\/new-motors\",\"link_fr_fr\":\"\\\/fr\\\/produits\\\/moteurs-neufs\",\"link_text\":\"Neumotoren\",\"link_text_en_gb\":\"new motors\",\"link_text_fr_fr\":\"moteurs neufs\",\"title\":\"Neumotoren\"}},{\"type\":\"panel-slider_item\",\"props\":{\"link\":\"produkte\\\/frequenzumrichter-stromrichter\\\/\",\"link_en_gb\":\"\\\/en\\\/products\\\/frequency-converters\",\"link_fr_fr\":\"\\\/fr\\\/produits\\\/convertisseurs-de-frequence\",\"link_text\":\"Frequenzumrichter\",\"link_text_en_gb\":\"frequency converters\",\"link_text_fr_fr\":\"convertisseurs de fr\\u00e9quence\",\"title\":\"Frequenzumrichter\"}},{\"type\":\"panel-slider_item\",\"props\":{\"link\":\"produkte\\\/ersatzteile\\\/\",\"link_en_gb\":\"\\\/en\\\/products\\\/spare-parts\",\"link_fr_fr\":\"\\\/fr\\\/produits\\\/pieces-de-rechange\",\"link_text\":\"Ersatzteile\",\"link_text_en_gb\":\"spare parts\",\"link_text_fr_fr\":\"pi\\u00c8ces de rechange\",\"title\":\"Ersatzteile\"}}]}]}]}],\"name\":\"Panel Slider (nur Buttons)\"}],\"version\":\"4.5.25\"} --><\/p>\n","protected":false},"excerpt":{"rendered":"<p>Produkte Sie ben\u00f6tigen Neumotoren, Frequenzumrichter oder Ersatzteile?Dann sind Sie bei uns richtig! Unsere Herstellerunabh\u00e4ngigkeit erm\u00f6glicht es uns Ihnen Produkte aller Hersteller zu liefern. Kontakt AMServService f\u00fcr rotierendeelektrische Maschinen +49 (0) 8000 267378+49 (0) 8000 AMSERV info@amserv.de Unsere Produkte im \u00dcberblick Neumotoren Neumotoren Frequenzumrichter Frequenzumrichter Ersatzteile Ersatzteile<\/p>\n","protected":false},"author":2,"featured_media":0,"parent":0,"menu_order":0,"comment_status":"closed","ping_status":"closed","template":"","meta":{"footnotes":""},"class_list":["post-37","page","type-page","status-publish","hentry"],"_links":{"self":[{"href":"https:\/\/www.amserv.de\/en\/wp-json\/wp\/v2\/pages\/37","targetHints":{"allow":["GET"]}}],"collection":[{"href":"https:\/\/www.amserv.de\/en\/wp-json\/wp\/v2\/pages"}],"about":[{"href":"https:\/\/www.amserv.de\/en\/wp-json\/wp\/v2\/types\/page"}],"author":[{"embeddable":true,"href":"https:\/\/www.amserv.de\/en\/wp-json\/wp\/v2\/users\/2"}],"replies":[{"embeddable":true,"href":"https:\/\/www.amserv.de\/en\/wp-json\/wp\/v2\/comments?post=37"}],"version-history":[{"count":26,"href":"https:\/\/www.amserv.de\/en\/wp-json\/wp\/v2\/pages\/37\/revisions"}],"predecessor-version":[{"id":3098,"href":"https:\/\/www.amserv.de\/en\/wp-json\/wp\/v2\/pages\/37\/revisions\/3098"}],"wp:attachment":[{"href":"https:\/\/www.amserv.de\/en\/wp-json\/wp\/v2\/media?parent=37"}],"curies":[{"name":"wp","href":"https:\/\/api.w.org\/{rel}","templated":true}]}}