{"id":373,"date":"2024-03-07T22:47:36","date_gmt":"2024-03-07T21:47:36","guid":{"rendered":"https:\/\/www.amserv.de\/?page_id=373"},"modified":"2025-09-04T16:16:20","modified_gmt":"2025-09-04T14:16:20","slug":"wasserversorgung","status":"publish","type":"page","link":"https:\/\/www.amserv.de\/en\/areas-of-application\/infrastructure\/water-supply\/","title":{"rendered":"Water supply"},"content":{"rendered":"<h1>Wasserversorgung <\/h1>\n<div>\n<p><strong>Die Versorgung von mehreren hunderttausend Haushalten mit Wasser ist in vielen Regionen Deutschlands nur mit dem Einsatz von Pumpen und deren Antriebsmotoren m\u00f6glich.<\/strong><\/p>\n<\/div>\n<div>\n<p>Um eine sichere Wasserversorgung zu gew\u00e4hrleisten, stehen wir als verantwortungsbewusster Partner vielen Wasserversorgern zur Seite. Die Wartungen, Inspektionen, Revisionen und Umbauten werden von unseren hochqualifizierten Mitarbeitern mit \u00e4u\u00dferster Sorgfalt durchgef\u00fchrt.<\/p>\n<\/div>\n<h4>Unser Service:<\/h4>\n<ul>\n<li>\n<div>\n<p>Serviceeins\u00e4tze <a href=\"\/service\/vor-ort-service\">vor Ort<\/a><\/p>\n<\/div>\n<\/li>\n<li>\n<div>\n<p>Erneuerung der Oberfl\u00e4chenbeschichtung je nach Anforderung mit entsprechenden Materialien<\/p>\n<\/div>\n<\/li>\n<li>\n<div>Messtechnische \u00dcberpr\u00fcfung vor Ort<\/div>\n<\/li>\n<li>\n<div>Revisionen vor Ort und im Werk<\/div>\n<\/li>\n<li>\n<div>Umbauten, Neuwicklungen und Optimierungen<\/div>\n<\/li>\n<li>\n<div>Energieeffizienzsteigerung<\/div>\n<\/li>\n<\/ul>\n<div><br \/>\n<small>Quelle Bild 2: Sipplingen, Bodensee<\/small><\/div>\n<h4>Kontakt<\/h4>\n<div>\n<p><strong>AMServ<\/strong><br \/>Service f\u00fcr rotierende<br \/>elektrische Maschinen<\/p>\n<\/div>\n<ul>\n<li>\n<p>        <img decoding=\"async\" src=\"\/wp-content\/uploads\/2024\/03\/phone.svg\" alt=\"\"><\/p>\n<div>\n<p><a href=\"tel:+498000267378\" class=\"google-event\" data-event-action=\"telefonnummer_geklickt\" data-event-category=\"Kontakt\" data-event-label=\"+498000267378\">+49 (0) 8000 267378<br \/>+49 (0) 8000 AMSERV<\/a><\/p>\n<\/div>\n<\/li>\n<li>\n<p>        <img decoding=\"async\" src=\"\/wp-content\/uploads\/2024\/03\/envelope.svg\" alt=\"\"><\/p>\n<div>\n<p><a href=\"mailto:info@amserv.de\" class=\"google-event\" data-event-action=\"mailadresse_geklickt\" data-event-category=\"Kontakt\" data-event-label=\"info@amserv.de\">info@amserv.de<\/a><\/p>\n<\/div>\n<\/li>\n<\/ul>\n<p><!--more--><br \/>\n<!-- {\"type\":\"layout\",\"children\":[{\"type\":\"section\",\"props\":{\"image\":\"wp-content\\\/uploads\\\/2024\\\/03\\\/wasserversorgung.jpg\",\"image_position\":\"center-center\",\"image_size\":\"cover\",\"padding\":\"xlarge\",\"padding_remove_bottom\":false,\"padding_remove_top\":false,\"style\":\"default\",\"title_breakpoint\":\"xl\",\"title_position\":\"top-left\",\"title_rotation\":\"left\",\"vertical_align\":\"\",\"width\":\"\"},\"children\":[{\"type\":\"row\",\"children\":[{\"type\":\"column\",\"props\":{\"image_position\":\"center-center\",\"position_sticky_breakpoint\":\"m\"}}]}],\"name\":\"Headerbild\"},{\"type\":\"section\",\"props\":{\"image_position\":\"center-center\",\"padding\":\"none\",\"style\":\"muted\",\"title_breakpoint\":\"xl\",\"title_position\":\"top-left\",\"title_rotation\":\"left\",\"vertical_align\":\"\",\"width\":\"default\"},\"children\":[{\"type\":\"row\",\"children\":[{\"type\":\"column\",\"props\":{\"image_position\":\"center-center\",\"position_sticky_breakpoint\":\"m\"},\"children\":[{\"type\":\"breadcrumbs\",\"props\":{\"home_text\":\"Home\",\"show_current\":true,\"show_home\":true}}]}]}],\"name\":\"Breadcrumbs\"},{\"type\":\"section\",\"props\":{\"image_position\":\"center-center\",\"padding\":\"small\",\"padding_remove_bottom\":false,\"style\":\"default\",\"title_breakpoint\":\"xl\",\"title_position\":\"top-left\",\"title_rotation\":\"left\",\"vertical_align\":\"\",\"width\":\"default\"},\"children\":[{\"type\":\"row\",\"props\":{\"layout\":\"2-3,1-3\"},\"children\":[{\"type\":\"column\",\"props\":{\"image_position\":\"center-center\",\"position_sticky_breakpoint\":\"m\",\"width_medium\":\"2-3\"},\"children\":[{\"type\":\"headline\",\"props\":{\"content\":\"Wasserversorgung \",\"content_en_gb\":\"water supply\",\"content_fr_fr\":\"approvisionnement en eau\",\"title_element\":\"h1\"}},{\"type\":\"text\",\"props\":{\"column_breakpoint\":\"m\",\"content\":\"\n\n<p><strong>Die Versorgung von mehreren hunderttausend Haushalten mit Wasser ist in vielen Regionen Deutschlands nur mit dem Einsatz von Pumpen und deren Antriebsmotoren m\\u00f6glich.<\\\/strong><\\\/p>\",\"content_en_gb\":\"\n\n<p><strong>It is only possible to supply several hundred thousands of households in many regions of Germany with water thanks to pumps and their drive motors.<\\\/strong><\\\/p>\",\"content_fr_fr\":\"\n\n<p><strong>L'approvisionnement en eau de plusieurs centaines de milliers de foyers est possible dans beaucoup de r\\u00e9gions d'Allemagne uniquement \\u00e0 l'aide de pompes et de leurs moteurs d'entra\\u00eenement.<\\\/strong><\\\/p>\",\"margin\":\"default\",\"margin_remove_top\":true}},{\"type\":\"text\",\"props\":{\"column_breakpoint\":\"m\",\"content\":\"\n\n<p>Um eine sichere Wasserversorgung zu gew\\u00e4hrleisten, stehen wir als verantwortungsbewusster Partner vielen Wasserversorgern zur Seite. Die Wartungen, Inspektionen, Revisionen und Umbauten werden von unseren hochqualifizierten Mitarbeitern mit \\u00e4u\\u00dferster Sorgfalt durchgef\\u00fchrt.<\\\/p>\",\"content_en_gb\":\"\n\n<p><span>We are a responsible partner for many water supply companies to help ensure a safe supply of water. Maintenance, inspections, reviews and modifications are carried out by our highly-qualified employees with a great deal of care and attention.<\\\/span><\\\/p>\",\"content_fr_fr\":\"\n\n<p><span>En tant que partenaire conscient de ses responsabilit\\u00e9s, nous assistons de nombreuses compagnies des eaux pour garantir un approvisionnement s\\u00fbr en eau. Nos employ\\u00e9s hautement qualifi\\u00e9s proc\\u00e8dent aux maintenances, inspections, r\\u00e9visions et transformations avec le plus grand soin.<\\\/span><\\\/p>\",\"margin\":\"default\"}},{\"type\":\"headline\",\"props\":{\"content\":\"Unser Service:\",\"content_en_gb\":\"our services:\",\"content_fr_fr\":\"notre service&nbsp;:\",\"title_element\":\"h4\"}},{\"type\":\"list\",\"props\":{\"column_breakpoint\":\"s\",\"image_align\":\"left\",\"image_svg_color\":\"emphasis\",\"image_vertical_align\":true,\"list_element\":\"ul\",\"list_horizontal_separator\":\", \",\"list_marker\":\"disc\",\"list_marker_color\":\"emphasis\",\"list_type\":\"vertical\",\"show_image\":false,\"show_link\":true},\"children\":[{\"type\":\"list_item\",\"props\":{\"content\":\"\n\n<p>Serviceeins\\u00e4tze <a href=\\\"\\\/service\\\/vor-ort-service\\\">vor Ort<\\\/a><\\\/p>\",\"content_en_gb\":\"\n\n<p>On-site service activities<\\\/p>\",\"content_fr_fr\":\"\n\n<p>interventions de maintenance sur place<\\\/p>\"}},{\"type\":\"list_item\",\"props\":{\"content\":\"\n\n<p>Erneuerung der Oberfl\\u00e4chenbeschichtung je nach Anforderung mit entsprechenden Materialien<\\\/p>\",\"content_en_gb\":\"\n\n<p>On-site technical measurement reviews<\\\/p>\",\"content_fr_fr\":\"\n\n<p>contr\\u00f4le m\\u00e9trologique sur place<\\\/p>\"}},{\"type\":\"list_item\",\"props\":{\"content\":\"Messtechnische \\u00dcberpr\\u00fcfung vor Ort\",\"content_en_gb\":\"\n\n<p>Factory and on-site inspections<\\\/p>\",\"content_fr_fr\":\"\n\n<p>r\\u00e9visions sur place et en usine<\\\/p>\"}},{\"type\":\"list_item\",\"props\":{\"content\":\"Revisionen vor Ort und im Werk\",\"content_en_gb\":\"\n\n<p>Modifications, rewindings and optimisation<\\\/p>\",\"content_fr_fr\":\"\n\n<p>transformations, rebobinages et optimisations<\\\/p>\"}},{\"type\":\"list_item\",\"props\":{\"content\":\"Umbauten, Neuwicklungen und Optimierungen\"}},{\"type\":\"list_item\",\"props\":{\"content\":\"Energieeffizienzsteigerung\",\"content_en_gb\":\"\n\n<p>Increasing energy efficiency<\\\/p>\",\"content_fr_fr\":\"\n\n<p>am\\u00e9lioration du rendement \\u00e9nerg\\u00e9tique<\\\/p>\"}}],\"name\":\"Liste\"},{\"type\":\"text\",\"props\":{\"column_breakpoint\":\"m\",\"content\":\"[smartslider3 slider=\\\"15\\\"]\\n<small>Quelle Bild 2: Sipplingen, Bodensee<\\\/small>\",\"margin\":\"medium\"},\"name\":\"Slider eingebettet (via Shortcode)\"}]},{\"type\":\"column\",\"props\":{\"image_position\":\"center-center\",\"position_sticky\":\"column\",\"position_sticky_breakpoint\":\"m\",\"position_sticky_offset\":\"80\",\"width_medium\":\"1-3\"},\"children\":[{\"type\":\"headline\",\"props\":{\"content\":\"Kontakt\",\"content_en_gb\":\"Contact\",\"content_fr_fr\":\"Contact\",\"title_element\":\"h4\"},\"name\":\"Sidebar Headline\"},{\"type\":\"text\",\"props\":{\"column_breakpoint\":\"m\",\"content\":\"\n\n<p><strong>AMServ<\\\/strong><br \\\/>Service f\\u00fcr rotierende<br \\\/>elektrische Maschinen<\\\/p>\",\"content_en_gb\":\"\n\n<p><strong>AMServ<\\\/strong><br \\\/>Service for rotating<br \/> electrical machines<\\\/p>\",\"content_fr_fr\":\"\n\n<p><strong>AMServ<\\\/strong><br \\\/>Service pour machines<br \/>\\u00e9lectriques tournantes<\\\/p>\",\"margin\":\"small\"},\"name\":\"Sidebar Text\"},{\"type\":\"list\",\"props\":{\"class\":\"sidebarContactList\",\"column_breakpoint\":\"m\",\"icon_color\":\"emphasis\",\"icon_width\":\"25\",\"image_align\":\"left\",\"image_svg_color\":\"emphasis\",\"image_svg_inline\":true,\"image_vertical_align\":false,\"image_width\":\"18\",\"list_element\":\"ul\",\"list_horizontal_separator\":\", \",\"list_type\":\"vertical\",\"show_image\":true,\"show_link\":true},\"children\":[{\"type\":\"list_item\",\"props\":{\"content\":\"\n\n<p><a href=\\\"tel:+498000267378\\\" class=\\\"google-event\\\" data-event-action=\\\"telefonnummer_geklickt\\\" data-event-category=\\\"Kontakt\\\" data-event-label=\\\"+498000267378\\\">+49 (0) 8000 267378<br \\\/>+49 (0) 8000 AMSERV<\\\/a><\\\/p>\",\"icon\":\"\",\"image\":\"wp-content\\\/uploads\\\/2024\\\/03\\\/phone.svg\"}},{\"type\":\"list_item\",\"props\":{\"content\":\"\n\n<p><a href=\\\"mailto:info@amserv.de\\\" class=\\\"google-event\\\" data-event-action=\\\"mailadresse_geklickt\\\" data-event-category=\\\"Kontakt\\\" data-event-label=\\\"info@amserv.de\\\">info@amserv.de<\\\/a><\\\/p>\",\"icon\":\"\",\"image\":\"wp-content\\\/uploads\\\/2024\\\/03\\\/envelope.svg\"}}],\"name\":\"Liste-Kontakt2\"}]}]}],\"name\":\"Zweispaltig\"}],\"version\":\"4.5.25\"} --><\/p>\n","protected":false},"excerpt":{"rendered":"<p>Wasserversorgung Die Versorgung von mehreren hunderttausend Haushalten mit Wasser ist in vielen Regionen Deutschlands nur mit dem Einsatz von Pumpen und deren Antriebsmotoren m\u00f6glich. Um eine sichere Wasserversorgung zu gew\u00e4hrleisten, stehen wir als verantwortungsbewusster Partner vielen Wasserversorgern zur Seite. Die Wartungen, Inspektionen, Revisionen und Umbauten werden von unseren hochqualifizierten Mitarbeitern mit \u00e4u\u00dferster Sorgfalt durchgef\u00fchrt. Unser [&#8230;]<\/p>\n<p><a class=\"el-content uk-button uk-button-primary uk-margin-remove-bottom excerpt\" href=\"https:\/\/www.amserv.de\/en\/areas-of-application\/infrastructure\/water-supply\/\">Read more&#8230;<\/a><\/p>\n","protected":false},"author":2,"featured_media":0,"parent":351,"menu_order":0,"comment_status":"closed","ping_status":"closed","template":"","meta":{"footnotes":""},"class_list":["post-373","page","type-page","status-publish","hentry"],"_links":{"self":[{"href":"https:\/\/www.amserv.de\/en\/wp-json\/wp\/v2\/pages\/373","targetHints":{"allow":["GET"]}}],"collection":[{"href":"https:\/\/www.amserv.de\/en\/wp-json\/wp\/v2\/pages"}],"about":[{"href":"https:\/\/www.amserv.de\/en\/wp-json\/wp\/v2\/types\/page"}],"author":[{"embeddable":true,"href":"https:\/\/www.amserv.de\/en\/wp-json\/wp\/v2\/users\/2"}],"replies":[{"embeddable":true,"href":"https:\/\/www.amserv.de\/en\/wp-json\/wp\/v2\/comments?post=373"}],"version-history":[{"count":25,"href":"https:\/\/www.amserv.de\/en\/wp-json\/wp\/v2\/pages\/373\/revisions"}],"predecessor-version":[{"id":3116,"href":"https:\/\/www.amserv.de\/en\/wp-json\/wp\/v2\/pages\/373\/revisions\/3116"}],"up":[{"embeddable":true,"href":"https:\/\/www.amserv.de\/en\/wp-json\/wp\/v2\/pages\/351"}],"wp:attachment":[{"href":"https:\/\/www.amserv.de\/en\/wp-json\/wp\/v2\/media?parent=373"}],"curies":[{"name":"wp","href":"https:\/\/api.w.org\/{rel}","templated":true}]}}