{"id":375,"date":"2024-03-07T22:47:53","date_gmt":"2024-03-07T21:47:53","guid":{"rendered":"https:\/\/www.amserv.de\/?page_id=375"},"modified":"2026-04-14T15:53:09","modified_gmt":"2026-04-14T13:53:09","slug":"wasserentsorgung","status":"publish","type":"page","link":"https:\/\/www.amserv.de\/en\/areas-of-application\/infrastructure\/water-disposal\/","title":{"rendered":"Water disposal"},"content":{"rendered":"<h1>Wasserentsorgung <\/h1>\n<div>\n<p><strong>Die Aufarbeitung von Abwasser ist in allen St\u00e4dten und Gemeinden sowie in einigen gro\u00dfen Industriebetrieben ein wesentlicher Bestandteil.<\/strong><\/p>\n<\/div>\n<div>\n<p>Wir unterst\u00fctzen Kommunen und Unternehmen bei der \u00dcberwachung, Instandsetzung und Erneuerung von\u00a0<a href=\"\/service\">Motoren und Generatoren<\/a>.<\/p>\n<\/div>\n<h4>Unser Service:<\/h4>\n<ul>\n<li>\n<div>\u00dcberholung und Instandsetzung von Motoren aller Art<\/div>\n<\/li>\n<li>\n<div>Optimierung von Pumpenantrieben<\/div>\n<\/li>\n<li>\n<div>\n<p>Lieferung und Einbau von <a href=\"\/produkte\/frequenzumrichter-stromrichter\">Frequenzumrichtern<\/a><\/p>\n<\/div>\n<\/li>\n<li>\n<div>Energieeffizienzsteigerung<\/div>\n<\/li>\n<\/ul>\n<h4>Kontakt<\/h4>\n<div>\n<p><strong>AMServ<\/strong><br \/>Service f\u00fcr rotierende<br \/>elektrische Maschinen<\/p>\n<\/div>\n<ul>\n<li>\n<p>        <img decoding=\"async\" src=\"\/wp-content\/uploads\/2024\/03\/phone.svg\" alt=\"\"><\/p>\n<div>\n<p><a href=\"tel:+498000267378\" class=\"google-event\" data-event-action=\"telefonnummer_geklickt\" data-event-category=\"Kontakt\" data-event-label=\"+498000267378\">+49 (0) 8000 267378<br \/>+49 (0) 8000 AMSERV<\/a><\/p>\n<\/div>\n<\/li>\n<li>\n<p>        <img decoding=\"async\" src=\"\/wp-content\/uploads\/2024\/03\/envelope.svg\" alt=\"\"><\/p>\n<div>\n<p><a href=\"mailto:info@amserv.de\" class=\"google-event\" data-event-action=\"mailadresse_geklickt\" data-event-category=\"Kontakt\" data-event-label=\"info@amserv.de\">info@amserv.de<\/a><\/p>\n<\/div>\n<\/li>\n<\/ul>\n<p><!--more--><br \/>\n<!-- {\"type\":\"layout\",\"children\":[{\"type\":\"section\",\"props\":{\"image\":\"wp-content\\\/uploads\\\/2024\\\/03\\\/header_wasserentsorgung.jpg\",\"image_position\":\"center-center\",\"image_size\":\"cover\",\"padding\":\"xlarge\",\"padding_remove_bottom\":false,\"padding_remove_top\":false,\"style\":\"default\",\"title_breakpoint\":\"xl\",\"title_position\":\"top-left\",\"title_rotation\":\"left\",\"vertical_align\":\"\",\"width\":\"\"},\"children\":[{\"type\":\"row\",\"children\":[{\"type\":\"column\",\"props\":{\"image_position\":\"center-center\",\"position_sticky_breakpoint\":\"m\"}}]}],\"name\":\"Headerbild\"},{\"type\":\"section\",\"props\":{\"image_position\":\"center-center\",\"padding\":\"none\",\"style\":\"muted\",\"title_breakpoint\":\"xl\",\"title_position\":\"top-left\",\"title_rotation\":\"left\",\"vertical_align\":\"\",\"width\":\"default\"},\"children\":[{\"type\":\"row\",\"children\":[{\"type\":\"column\",\"props\":{\"image_position\":\"center-center\",\"position_sticky_breakpoint\":\"m\"},\"children\":[{\"type\":\"breadcrumbs\",\"props\":{\"home_text\":\"Home\",\"show_current\":true,\"show_home\":true}}]}]}],\"name\":\"Breadcrumbs\"},{\"type\":\"section\",\"props\":{\"image_position\":\"center-center\",\"padding\":\"small\",\"padding_remove_bottom\":false,\"style\":\"default\",\"title_breakpoint\":\"xl\",\"title_position\":\"top-left\",\"title_rotation\":\"left\",\"vertical_align\":\"\",\"width\":\"default\"},\"children\":[{\"type\":\"row\",\"props\":{\"layout\":\"2-3,1-3\"},\"children\":[{\"type\":\"column\",\"props\":{\"image_position\":\"center-center\",\"position_sticky_breakpoint\":\"m\",\"width_medium\":\"2-3\"},\"children\":[{\"type\":\"headline\",\"props\":{\"content\":\"Wasserentsorgung \",\"content_en_gb\":\"water disposal\",\"content_fr_fr\":\"\\u00c9vacuation des eaux\",\"title_element\":\"h1\"}},{\"type\":\"text\",\"props\":{\"column_breakpoint\":\"m\",\"content\":\"\n\n<p><strong>Die Aufarbeitung von Abwasser ist in allen St\\u00e4dten und Gemeinden sowie in einigen gro\\u00dfen Industriebetrieben ein wesentlicher Bestandteil.<\\\/strong><\\\/p>\",\"content_en_gb\":\"\n\n<p><strong>Processing waste water is a key task in all cities and communities, as well as in some large industrial concerns.<\\\/strong><\\\/p>\",\"content_fr_fr\":\"\n\n<p><strong>Le traitement des eaux us\\u00e9es est un \\u00e9l\\u00e9ment essentiel dans toutes les villes et municipalit\\u00e9s ainsi que dans certaines grandes entreprises industrielles.<\\\/strong><\\\/p>\",\"margin\":\"default\",\"margin_remove_top\":true}},{\"type\":\"text\",\"props\":{\"column_breakpoint\":\"m\",\"content\":\"\n\n<p>Wir unterst\\u00fctzen Kommunen und Unternehmen bei der \\u00dcberwachung, Instandsetzung und Erneuerung von\\u00a0<a href=\\\"\\\/service\\\">Motoren und Generatoren<\\\/a>.<\\\/p>\",\"content_en_gb\":\"\n\n<p>We provide communities and companies with support in monitoring, maintaining and replacing motors and generators.<\\\/p>\",\"content_fr_fr\":\"\n\n<p>Nous aidons les municipalit\\u00e9s et les entreprises \\u00e0 surveiller, entretenir et renouveler les moteurs et les g\\u00e9n\\u00e9rateurs.<\\\/p>\",\"margin\":\"default\"}},{\"type\":\"headline\",\"props\":{\"content\":\"Unser Service:\",\"content_en_gb\":\"our services:\",\"content_fr_fr\":\"notre service&nbsp;:\",\"title_element\":\"h4\"}},{\"type\":\"list\",\"props\":{\"column_breakpoint\":\"s\",\"image_align\":\"left\",\"image_svg_color\":\"emphasis\",\"image_vertical_align\":true,\"list_element\":\"ul\",\"list_horizontal_separator\":\", \",\"list_marker\":\"disc\",\"list_marker_color\":\"emphasis\",\"list_type\":\"vertical\",\"show_image\":false,\"show_link\":true},\"children\":[{\"type\":\"list_item\",\"props\":{\"content\":\"\\u00dcberholung und Instandsetzung von Motoren aller Art\",\"content_en_gb\":\"\n\n<p>Overhaul and maintenance for all kinds of motors<\\\/p>\",\"content_fr_fr\":\"\n\n<p>r\\u00e9vision et entretien de moteurs en tout genre<\\\/p>\"}},{\"type\":\"list_item\",\"props\":{\"content\":\"Optimierung von Pumpenantrieben\",\"content_en_gb\":\"\n\n<p>Optimisation of pump drives<\\\/p>\",\"content_fr_fr\":\"\n\n<p>optimisation de moteurs de pompes<\\\/p>\"}},{\"type\":\"list_item\",\"props\":{\"content\":\"\n\n<p>Lieferung und Einbau von <a href=\\\"\\\/produkte\\\/frequenzumrichter-stromrichter\\\">Frequenzumrichtern<\\\/a><\\\/p>\",\"content_en_gb\":\"\n\n<p>Supply and installation of frequency converters<\\\/p>\",\"content_fr_fr\":\"\n\n<p>livraison et montage de convertisseurs de fr\\u00e9quence<\\\/p>\"}},{\"type\":\"list_item\",\"props\":{\"content\":\"Energieeffizienzsteigerung\",\"content_en_gb\":\"\n\n<p>Increasing energy efficiency<\\\/p>\",\"content_fr_fr\":\"\n\n<p>am\\u00e9lioration du rendement \\u00e9nerg\\u00e9tique<\\\/p>\"}}],\"name\":\"Liste\"}]},{\"type\":\"column\",\"props\":{\"image_position\":\"center-center\",\"position_sticky\":\"column\",\"position_sticky_breakpoint\":\"m\",\"position_sticky_offset\":\"80\",\"width_medium\":\"1-3\"},\"children\":[{\"type\":\"headline\",\"props\":{\"content\":\"Kontakt\",\"content_en_gb\":\"Contact\",\"content_fr_fr\":\"Contact\",\"title_element\":\"h4\"},\"name\":\"Sidebar Headline\"},{\"type\":\"text\",\"props\":{\"column_breakpoint\":\"m\",\"content\":\"\n\n<p><strong>AMServ<\\\/strong><br \\\/>Service f\\u00fcr rotierende<br \\\/>elektrische Maschinen<\\\/p>\",\"content_en_gb\":\"\n\n<p><strong>AMServ<\\\/strong><br \\\/>Service for rotating<br \/> electrical machines<\\\/p>\",\"content_fr_fr\":\"\n\n<p><strong>AMServ<\\\/strong><br \\\/>Service pour machines<br \/>\\u00e9lectriques tournantes<\\\/p>\",\"margin\":\"small\"},\"name\":\"Sidebar Text\"},{\"type\":\"list\",\"props\":{\"class\":\"sidebarContactList\",\"column_breakpoint\":\"m\",\"icon_color\":\"emphasis\",\"icon_width\":\"25\",\"image_align\":\"left\",\"image_svg_color\":\"emphasis\",\"image_svg_inline\":true,\"image_vertical_align\":false,\"image_width\":\"18\",\"list_element\":\"ul\",\"list_horizontal_separator\":\", \",\"list_type\":\"vertical\",\"show_image\":true,\"show_link\":true},\"children\":[{\"type\":\"list_item\",\"props\":{\"content\":\"\n\n<p><a href=\\\"tel:+498000267378\\\" class=\\\"google-event\\\" data-event-action=\\\"telefonnummer_geklickt\\\" data-event-category=\\\"Kontakt\\\" data-event-label=\\\"+498000267378\\\">+49 (0) 8000 267378<br \\\/>+49 (0) 8000 AMSERV<\\\/a><\\\/p>\",\"icon\":\"\",\"image\":\"wp-content\\\/uploads\\\/2024\\\/03\\\/phone.svg\"}},{\"type\":\"list_item\",\"props\":{\"content\":\"\n\n<p><a href=\\\"mailto:info@amserv.de\\\" class=\\\"google-event\\\" data-event-action=\\\"mailadresse_geklickt\\\" data-event-category=\\\"Kontakt\\\" data-event-label=\\\"info@amserv.de\\\">info@amserv.de<\\\/a><\\\/p>\",\"icon\":\"\",\"image\":\"wp-content\\\/uploads\\\/2024\\\/03\\\/envelope.svg\"}}],\"name\":\"Liste-Kontakt2\"}]}]}],\"name\":\"Zweispaltig\"}],\"version\":\"4.5.25\"} --><\/p>\n","protected":false},"excerpt":{"rendered":"<p>Wasserentsorgung Die Aufarbeitung von Abwasser ist in allen St\u00e4dten und Gemeinden sowie in einigen gro\u00dfen Industriebetrieben ein wesentlicher Bestandteil. Wir unterst\u00fctzen Kommunen und Unternehmen bei der \u00dcberwachung, Instandsetzung und Erneuerung von\u00a0Motoren und Generatoren. Unser Service: \u00dcberholung und Instandsetzung von Motoren aller Art Optimierung von Pumpenantrieben Lieferung und Einbau von Frequenzumrichtern Energieeffizienzsteigerung Kontakt AMServService f\u00fcr rotierendeelektrische [&#8230;]<\/p>\n<p><a class=\"el-content uk-button uk-button-primary uk-margin-remove-bottom excerpt\" href=\"https:\/\/www.amserv.de\/en\/areas-of-application\/infrastructure\/water-disposal\/\">Read more&#8230;<\/a><\/p>\n","protected":false},"author":2,"featured_media":0,"parent":351,"menu_order":0,"comment_status":"closed","ping_status":"closed","template":"","meta":{"footnotes":""},"class_list":["post-375","page","type-page","status-publish","hentry"],"_links":{"self":[{"href":"https:\/\/www.amserv.de\/en\/wp-json\/wp\/v2\/pages\/375","targetHints":{"allow":["GET"]}}],"collection":[{"href":"https:\/\/www.amserv.de\/en\/wp-json\/wp\/v2\/pages"}],"about":[{"href":"https:\/\/www.amserv.de\/en\/wp-json\/wp\/v2\/types\/page"}],"author":[{"embeddable":true,"href":"https:\/\/www.amserv.de\/en\/wp-json\/wp\/v2\/users\/2"}],"replies":[{"embeddable":true,"href":"https:\/\/www.amserv.de\/en\/wp-json\/wp\/v2\/comments?post=375"}],"version-history":[{"count":22,"href":"https:\/\/www.amserv.de\/en\/wp-json\/wp\/v2\/pages\/375\/revisions"}],"predecessor-version":[{"id":3118,"href":"https:\/\/www.amserv.de\/en\/wp-json\/wp\/v2\/pages\/375\/revisions\/3118"}],"up":[{"embeddable":true,"href":"https:\/\/www.amserv.de\/en\/wp-json\/wp\/v2\/pages\/351"}],"wp:attachment":[{"href":"https:\/\/www.amserv.de\/en\/wp-json\/wp\/v2\/media?parent=375"}],"curies":[{"name":"wp","href":"https:\/\/api.w.org\/{rel}","templated":true}]}}