{"id":377,"date":"2024-03-07T22:48:12","date_gmt":"2024-03-07T21:48:12","guid":{"rendered":"https:\/\/www.amserv.de\/?page_id=377"},"modified":"2026-04-14T15:53:56","modified_gmt":"2026-04-14T13:53:56","slug":"gebaeudetechnik","status":"publish","type":"page","link":"https:\/\/www.amserv.de\/en\/areas-of-application\/infrastructure\/building-technology\/","title":{"rendered":"Building technology"},"content":{"rendered":"<h1>Geb\u00e4udetechnik <\/h1>\n<div>\n<p><strong>Bei der technischen Geb\u00e4udeausr\u00fcstung sind an vielen Systemen Antriebe im Einsatz.<\/strong><\/p>\n<\/div>\n<div>\n<p>Ob bei Heizungs-, L\u00fcftungs- und Klimaanlagen oder im Bereich der Geb\u00e4udeautomatisierung:<\/p>\n<p>Wir k\u00fcmmern uns um die Instandsetzung oder den Ersatz von Antrieben ebenso wie um die Fehlersuche und Erneuerung von <a href=\"\/produkte\/frequenzumrichter-stromrichter\">Frequenzumrichtern<\/a>.<\/p>\n<\/div>\n<h4>Unser Service:<\/h4>\n<ul>\n<li>\n<div>Energieeffizienzsteigerung zum Beispiel bei L\u00fcftungsanlagen<\/div>\n<\/li>\n<li>\n<div>\n<p>\u00dcberholung und Instandsetzung von <a href=\"\/service\">Motoren<\/a><\/p>\n<\/div>\n<\/li>\n<li>\n<div>Einbau und Austausch von Frequenzumrichtern<\/div>\n<\/li>\n<\/ul>\n<h4>Kontakt<\/h4>\n<div>\n<p><strong>AMServ<\/strong><br \/>Service f\u00fcr rotierende<br \/>elektrische Maschinen<\/p>\n<\/div>\n<ul>\n<li>\n<p>        <img decoding=\"async\" src=\"\/wp-content\/uploads\/2024\/03\/phone.svg\" alt=\"\"><\/p>\n<div>\n<p><a href=\"tel:+498000267378\" class=\"google-event\" data-event-action=\"telefonnummer_geklickt\" data-event-category=\"Kontakt\" data-event-label=\"+498000267378\">+49 (0) 8000 267378<br \/>+49 (0) 8000 AMSERV<\/a><\/p>\n<\/div>\n<\/li>\n<li>\n<p>        <img decoding=\"async\" src=\"\/wp-content\/uploads\/2024\/03\/envelope.svg\" alt=\"\"><\/p>\n<div>\n<p><a href=\"mailto:info@amserv.de\" class=\"google-event\" data-event-action=\"mailadresse_geklickt\" data-event-category=\"Kontakt\" data-event-label=\"info@amserv.de\">info@amserv.de<\/a><\/p>\n<\/div>\n<\/li>\n<\/ul>\n<p><!--more--><br \/>\n<!-- {\"type\":\"layout\",\"children\":[{\"type\":\"section\",\"props\":{\"image\":\"wp-content\\\/uploads\\\/2024\\\/03\\\/gebaeudetechnik.jpg\",\"image_position\":\"center-center\",\"image_size\":\"cover\",\"padding\":\"xlarge\",\"padding_remove_bottom\":false,\"padding_remove_top\":false,\"style\":\"default\",\"title_breakpoint\":\"xl\",\"title_position\":\"top-left\",\"title_rotation\":\"left\",\"vertical_align\":\"\",\"width\":\"\"},\"children\":[{\"type\":\"row\",\"children\":[{\"type\":\"column\",\"props\":{\"image_position\":\"center-center\",\"position_sticky_breakpoint\":\"m\"}}]}],\"name\":\"Headerbild\"},{\"type\":\"section\",\"props\":{\"image_position\":\"center-center\",\"padding\":\"none\",\"style\":\"muted\",\"title_breakpoint\":\"xl\",\"title_position\":\"top-left\",\"title_rotation\":\"left\",\"vertical_align\":\"\",\"width\":\"default\"},\"children\":[{\"type\":\"row\",\"children\":[{\"type\":\"column\",\"props\":{\"image_position\":\"center-center\",\"position_sticky_breakpoint\":\"m\"},\"children\":[{\"type\":\"breadcrumbs\",\"props\":{\"home_text\":\"Home\",\"show_current\":true,\"show_home\":true}}]}]}],\"name\":\"Breadcrumbs\"},{\"type\":\"section\",\"props\":{\"image_position\":\"center-center\",\"padding\":\"small\",\"padding_remove_bottom\":false,\"style\":\"default\",\"title_breakpoint\":\"xl\",\"title_position\":\"top-left\",\"title_rotation\":\"left\",\"vertical_align\":\"\",\"width\":\"default\"},\"children\":[{\"type\":\"row\",\"props\":{\"layout\":\"2-3,1-3\"},\"children\":[{\"type\":\"column\",\"props\":{\"image_position\":\"center-center\",\"position_sticky_breakpoint\":\"m\",\"width_medium\":\"2-3\"},\"children\":[{\"type\":\"headline\",\"props\":{\"content\":\"Geb\\u00e4udetechnik \",\"content_en_gb\":\"building technology\",\"content_fr_fr\":\"immotique\",\"title_element\":\"h1\"}},{\"type\":\"text\",\"props\":{\"column_breakpoint\":\"m\",\"content\":\"\n\n<p><strong>Bei der technischen Geb\\u00e4udeausr\\u00fcstung sind an vielen Systemen Antriebe im Einsatz.<\\\/strong><\\\/p>\",\"content_en_gb\":\"\n\n<p><strong>Lots of drives are used in many systems in the field of technical building services.<\\\/strong><\\\/p>\",\"content_fr_fr\":\"\n\n<p><strong>Les entra\\u00eenements sont utilis\\u00e9s dans de nombreux syst\\u00e8mes pour les services techniques du b\\u00e2timent.<\\\/strong><\\\/p>\",\"margin\":\"default\",\"margin_remove_top\":true}},{\"type\":\"text\",\"props\":{\"column_breakpoint\":\"m\",\"content\":\"\n\n<p>Ob bei Heizungs-, L\\u00fcftungs- und Klimaanlagen oder im Bereich der Geb\\u00e4udeautomatisierung:<\\\/p>\\n\n\n<p>Wir k\\u00fcmmern uns um die Instandsetzung oder den Ersatz von Antrieben ebenso wie um die Fehlersuche und Erneuerung von <a href=\\\"\\\/produkte\\\/frequenzumrichter-stromrichter\\\">Frequenzumrichtern<\\\/a>.<\\\/p>\",\"content_en_gb\":\"\n\n<p>Whether in the field of heating, ventilation and air conditioning systems or building automation:<\\\/p>\\n\n\n<p>We take care of the maintenance or replacement of drives, as well as trouble shooting for and replacement of frequency converters.<\\\/p>\",\"content_fr_fr\":\"\n\n<p>Qu'il s'agisse d'installations de chauffage, de ventilation et de climatisation ou que ce soit dans le domaine de l'immotique\\u00a0:<\\\/p>\\n\n\n<p>Nous nous occupons de l'entretien ou du remplacement des entra\\u00eenements ainsi que du d\\u00e9pistage des pannes et du remplacement des convertisseurs de fr\\u00e9quence.<\\\/p>\",\"margin\":\"default\"}},{\"type\":\"headline\",\"props\":{\"content\":\"Unser Service:\",\"content_en_gb\":\"our services:\",\"content_fr_fr\":\"notre service&nbsp;:\",\"title_element\":\"h4\"}},{\"type\":\"list\",\"props\":{\"column_breakpoint\":\"s\",\"image_align\":\"left\",\"image_svg_color\":\"emphasis\",\"image_vertical_align\":true,\"list_element\":\"ul\",\"list_horizontal_separator\":\", \",\"list_marker\":\"disc\",\"list_marker_color\":\"emphasis\",\"list_type\":\"vertical\",\"show_image\":false,\"show_link\":true},\"children\":[{\"type\":\"list_item\",\"props\":{\"content\":\"Energieeffizienzsteigerung zum Beispiel bei L\\u00fcftungsanlagen\",\"content_en_gb\":\"\n\n<p>Increasing energy efficiency, for example for ventilation systems<\\\/p>\",\"content_fr_fr\":\"\n\n<p>am\\u00e9lioration du rendement \\u00e9nerg\\u00e9tique, par exemple, des syst\\u00e8mes de ventilation<\\\/p>\"}},{\"type\":\"list_item\",\"props\":{\"content\":\"\n\n<p>\\u00dcberholung und Instandsetzung von <a href=\\\"\\\/service\\\">Motoren<\\\/a><\\\/p>\",\"content_en_gb\":\"\n\n<p>Overhaul and maintenance of motors<\\\/p>\",\"content_fr_fr\":\"\n\n<p>r\\u00e9vision et entretien des moteurs<\\\/p>\"}},{\"type\":\"list_item\",\"props\":{\"content\":\"Einbau und Austausch von Frequenzumrichtern\",\"content_en_gb\":\"\n\n<p>Installation and replacement of frequency converters<\\\/p>\",\"content_fr_fr\":\"\n\n<p>montage et remplacement des convertisseurs de fr\\u00e9quence<\\\/p>\"}}],\"name\":\"Liste\"}]},{\"type\":\"column\",\"props\":{\"image_position\":\"center-center\",\"position_sticky\":\"column\",\"position_sticky_breakpoint\":\"m\",\"position_sticky_offset\":\"80\",\"width_medium\":\"1-3\"},\"children\":[{\"type\":\"headline\",\"props\":{\"content\":\"Kontakt\",\"content_en_gb\":\"Contact\",\"content_fr_fr\":\"Contact\",\"title_element\":\"h4\"},\"name\":\"Sidebar Headline\"},{\"type\":\"text\",\"props\":{\"column_breakpoint\":\"m\",\"content\":\"\n\n<p><strong>AMServ<\\\/strong><br \\\/>Service f\\u00fcr rotierende<br \\\/>elektrische Maschinen<\\\/p>\",\"content_en_gb\":\"\n\n<p><strong>AMServ<\\\/strong><br \\\/>Service for rotating<br \/> electrical machines<\\\/p>\",\"content_fr_fr\":\"\n\n<p><strong>AMServ<\\\/strong><br \\\/>Service pour machines<br \/>\\u00e9lectriques tournantes<\\\/p>\",\"margin\":\"small\"},\"name\":\"Sidebar Text\"},{\"type\":\"list\",\"props\":{\"class\":\"sidebarContactList\",\"column_breakpoint\":\"m\",\"icon_color\":\"emphasis\",\"icon_width\":\"25\",\"image_align\":\"left\",\"image_svg_color\":\"emphasis\",\"image_svg_inline\":true,\"image_vertical_align\":false,\"image_width\":\"18\",\"list_element\":\"ul\",\"list_horizontal_separator\":\", \",\"list_type\":\"vertical\",\"show_image\":true,\"show_link\":true},\"children\":[{\"type\":\"list_item\",\"props\":{\"content\":\"\n\n<p><a href=\\\"tel:+498000267378\\\" class=\\\"google-event\\\" data-event-action=\\\"telefonnummer_geklickt\\\" data-event-category=\\\"Kontakt\\\" data-event-label=\\\"+498000267378\\\">+49 (0) 8000 267378<br \\\/>+49 (0) 8000 AMSERV<\\\/a><\\\/p>\",\"icon\":\"\",\"image\":\"wp-content\\\/uploads\\\/2024\\\/03\\\/phone.svg\"}},{\"type\":\"list_item\",\"props\":{\"content\":\"\n\n<p><a href=\\\"mailto:info@amserv.de\\\" class=\\\"google-event\\\" data-event-action=\\\"mailadresse_geklickt\\\" data-event-category=\\\"Kontakt\\\" data-event-label=\\\"info@amserv.de\\\">info@amserv.de<\\\/a><\\\/p>\",\"icon\":\"\",\"image\":\"wp-content\\\/uploads\\\/2024\\\/03\\\/envelope.svg\"}}],\"name\":\"Liste-Kontakt2\"}]}]}],\"name\":\"Zweispaltig\"}],\"version\":\"4.5.25\"} --><\/p>\n","protected":false},"excerpt":{"rendered":"<p>Geb\u00e4udetechnik Bei der technischen Geb\u00e4udeausr\u00fcstung sind an vielen Systemen Antriebe im Einsatz. Ob bei Heizungs-, L\u00fcftungs- und Klimaanlagen oder im Bereich der Geb\u00e4udeautomatisierung: Wir k\u00fcmmern uns um die Instandsetzung oder den Ersatz von Antrieben ebenso wie um die Fehlersuche und Erneuerung von Frequenzumrichtern. Unser Service: Energieeffizienzsteigerung zum Beispiel bei L\u00fcftungsanlagen \u00dcberholung und Instandsetzung von Motoren [&#8230;]<\/p>\n<p><a class=\"el-content uk-button uk-button-primary uk-margin-remove-bottom excerpt\" href=\"https:\/\/www.amserv.de\/en\/areas-of-application\/infrastructure\/building-technology\/\">Read more&#8230;<\/a><\/p>\n","protected":false},"author":2,"featured_media":0,"parent":351,"menu_order":0,"comment_status":"closed","ping_status":"closed","template":"","meta":{"footnotes":""},"class_list":["post-377","page","type-page","status-publish","hentry"],"_links":{"self":[{"href":"https:\/\/www.amserv.de\/en\/wp-json\/wp\/v2\/pages\/377","targetHints":{"allow":["GET"]}}],"collection":[{"href":"https:\/\/www.amserv.de\/en\/wp-json\/wp\/v2\/pages"}],"about":[{"href":"https:\/\/www.amserv.de\/en\/wp-json\/wp\/v2\/types\/page"}],"author":[{"embeddable":true,"href":"https:\/\/www.amserv.de\/en\/wp-json\/wp\/v2\/users\/2"}],"replies":[{"embeddable":true,"href":"https:\/\/www.amserv.de\/en\/wp-json\/wp\/v2\/comments?post=377"}],"version-history":[{"count":20,"href":"https:\/\/www.amserv.de\/en\/wp-json\/wp\/v2\/pages\/377\/revisions"}],"predecessor-version":[{"id":3117,"href":"https:\/\/www.amserv.de\/en\/wp-json\/wp\/v2\/pages\/377\/revisions\/3117"}],"up":[{"embeddable":true,"href":"https:\/\/www.amserv.de\/en\/wp-json\/wp\/v2\/pages\/351"}],"wp:attachment":[{"href":"https:\/\/www.amserv.de\/en\/wp-json\/wp\/v2\/media?parent=377"}],"curies":[{"name":"wp","href":"https:\/\/api.w.org\/{rel}","templated":true}]}}