{"id":41,"date":"2024-02-23T12:05:28","date_gmt":"2024-02-23T11:05:28","guid":{"rendered":"https:\/\/www.amserv.de\/?page_id=41"},"modified":"2026-04-14T15:55:20","modified_gmt":"2026-04-14T13:55:20","slug":"download","status":"publish","type":"page","link":"https:\/\/www.amserv.de\/en\/download\/","title":{"rendered":"Download"},"content":{"rendered":"<h1>Downloads <\/h1>\n<div>Hier finden Sie unsere Downloads.<\/div>\n<hr>\n<h4>Unsere aktuelle Brosch\u00fcre<\/h4>\n<div>Unsere Brosch\u00fcre wurde gerade aktuell \u00fcberarbeitet und steht Ihnen hier zum Download zur Verf\u00fcgung.<\/div>\n<div>\n<p>    <img decoding=\"async\" src=\"\/wp-content\/uploads\/2024\/03\/download.svg\" alt=\"\"><\/p>\n<p><a href=\"\/wp-content\/uploads\/2024\/03\/AMS_Broschuere_RZ_Einzelseiten_November-2020.pdf\">Download Brosch\u00fcre (PDF)<\/a><\/p>\n<\/div>\n<hr>\n<h4>T\u00dcV-Zertifikate<\/h4>\n<div>Hier finden Sie unsere aktuellen T\u00dcV-Zertifikate zum Download.<\/div>\n<ul>\n<li>\n<p>        <img decoding=\"async\" src=\"\/wp-content\/uploads\/2024\/03\/download.svg\" alt=\"\"><\/p>\n<p><a href=\"\/wp-content\/uploads\/2024\/03\/AMServ_SCC2021.pdf\">Zertifikat SCC**:2021 (PDF)<\/a><\/p>\n<\/li>\n<li>\n<p>        <img decoding=\"async\" src=\"\/wp-content\/uploads\/2024\/03\/download.svg\" alt=\"\"><\/p>\n<p><a href=\"\/wp-content\/uploads\/2024\/03\/AMServ_ISO9001.pdf\">Zertifikat ISO 9001:2015 (PDF)<\/a><\/p>\n<\/li>\n<li>\n<p>        <img decoding=\"async\" src=\"\/wp-content\/uploads\/2024\/03\/download.svg\" alt=\"\"><\/p>\n<p><a href=\"\/wp-content\/uploads\/2024\/03\/AMServ_ISO14001.pdf\">Zertifikat ISO 14001:2015 (PDF)<\/a><\/p>\n<\/li>\n<\/ul>\n<hr>\n<h4>Kontakt<\/h4>\n<div>\n<p><strong>AMServ<\/strong><br \/>Service f\u00fcr rotierende<br \/>elektrische Maschinen<\/p>\n<\/div>\n<ul>\n<li>\n<p>        <img decoding=\"async\" src=\"\/wp-content\/uploads\/2024\/03\/phone.svg\" alt=\"\"><\/p>\n<div>\n<p><a href=\"tel:+498000267378\" class=\"google-event\" data-event-action=\"telefonnummer_geklickt\" data-event-category=\"Kontakt\" data-event-label=\"+498000267378\">+49 (0) 8000 267378<br \/>+49 (0) 8000 AMSERV<\/a><\/p>\n<\/div>\n<\/li>\n<li>\n<p>        <img decoding=\"async\" src=\"\/wp-content\/uploads\/2024\/03\/envelope.svg\" alt=\"\"><\/p>\n<div>\n<p><a href=\"mailto:info@amserv.de\" class=\"google-event\" data-event-action=\"mailadresse_geklickt\" data-event-category=\"Kontakt\" data-event-label=\"info@amserv.de\">info@amserv.de<\/a><\/p>\n<\/div>\n<\/li>\n<\/ul>\n<p><!--more--><br \/>\n<!-- {\"type\":\"layout\",\"children\":[{\"type\":\"section\",\"props\":{\"image\":\"wp-content\\\/uploads\\\/2024\\\/03\\\/download.jpg\",\"image_position\":\"center-center\",\"image_size\":\"cover\",\"padding\":\"xlarge\",\"padding_remove_bottom\":false,\"padding_remove_top\":false,\"style\":\"default\",\"title_breakpoint\":\"xl\",\"title_position\":\"top-left\",\"title_rotation\":\"left\",\"vertical_align\":\"\",\"width\":\"\"},\"children\":[{\"type\":\"row\",\"children\":[{\"type\":\"column\",\"props\":{\"image_position\":\"center-center\",\"position_sticky_breakpoint\":\"m\"}}]}],\"name\":\"Headerbild\"},{\"type\":\"section\",\"props\":{\"image_position\":\"center-center\",\"padding\":\"none\",\"style\":\"muted\",\"title_breakpoint\":\"xl\",\"title_position\":\"top-left\",\"title_rotation\":\"left\",\"vertical_align\":\"\",\"width\":\"default\"},\"children\":[{\"type\":\"row\",\"children\":[{\"type\":\"column\",\"props\":{\"image_position\":\"center-center\",\"position_sticky_breakpoint\":\"m\"},\"children\":[{\"type\":\"breadcrumbs\",\"props\":{\"home_text\":\"Home\",\"show_current\":true,\"show_home\":true}}]}]}],\"name\":\"Breadcrumbs\"},{\"type\":\"section\",\"props\":{\"image_position\":\"center-center\",\"padding\":\"small\",\"padding_remove_bottom\":false,\"style\":\"default\",\"title_breakpoint\":\"xl\",\"title_position\":\"top-left\",\"title_rotation\":\"left\",\"vertical_align\":\"\",\"width\":\"default\"},\"children\":[{\"type\":\"row\",\"props\":{\"layout\":\"2-3,1-3\"},\"children\":[{\"type\":\"column\",\"props\":{\"image_position\":\"center-center\",\"position_sticky_breakpoint\":\"m\",\"width_medium\":\"2-3\"},\"children\":[{\"type\":\"headline\",\"props\":{\"content\":\"Downloads \",\"content_en_gb\":\"downloads\",\"content_fr_fr\":\"t\\u00c9l\\u00c9chargements\",\"title_element\":\"h1\"}},{\"type\":\"text\",\"props\":{\"column_breakpoint\":\"m\",\"content\":\"Hier finden Sie unsere Downloads.\",\"content_en_gb\":\"\n\n<p><span>You can view our downloads here.<\\\/span><\\\/p>\",\"content_fr_fr\":\"\n\n<p><span>Vous trouverez ici nos t\\u00e9l\\u00e9chargements.<\\\/span><\\\/p>\",\"margin\":\"default\",\"margin_remove_bottom\":true,\"margin_remove_top\":true}},{\"type\":\"divider\",\"props\":{\"divider_element\":\"hr\",\"margin\":\"small\",\"margin_remove_bottom\":false,\"margin_remove_top\":false}},{\"type\":\"headline\",\"props\":{\"content\":\"Unsere aktuelle Brosch\\u00fcre\",\"content_en_gb\":\"our current brochure\",\"content_fr_fr\":\"notre brochure actuelle\",\"margin\":\"small\",\"margin_remove_bottom\":true,\"title_element\":\"h4\"}},{\"type\":\"text\",\"props\":{\"column_breakpoint\":\"m\",\"content\":\"Unsere Brosch\\u00fcre wurde gerade aktuell \\u00fcberarbeitet und steht Ihnen hier zum Download zur Verf\\u00fcgung.\",\"content_en_gb\":\"\n\n<p><span>We have recently revised our brochure and you can download it here.<\\\/span><\\\/p>\",\"content_fr_fr\":\"\n\n<p>Notre brochure vient juste d'\\u00eatre remani\\u00e9e et peut \\u00eatre t\\u00e9l\\u00e9charg\\u00e9e ici.<\\\/p>\",\"margin\":\"remove-vertical\"}},{\"type\":\"list\",\"props\":{\"class\":\"google-event-download\",\"column_breakpoint\":\"m\",\"html_element\":false,\"icon\":\"pull\",\"icon_color\":\"danger\",\"icon_width\":\"25\",\"image_align\":\"left\",\"image_height\":\"16\",\"image_svg_color\":\"emphasis\",\"image_svg_inline\":true,\"image_vertical_align\":false,\"link_style\":\"text\",\"list_element\":\"ul\",\"list_horizontal_separator\":\", \",\"list_style\":\"striped\",\"list_type\":\"vertical\",\"show_image\":true,\"show_link\":true},\"children\":[{\"type\":\"list_item\",\"props\":{\"content\":\"Download Brosch\\u00fcre (PDF)\",\"content_en_gb\":\"\n\n<p>Download brochure (PDF)<\\\/p>\",\"content_fr_fr\":\"\n\n<p>T\\u00e9l\\u00e9chargement brochure (PDF)<\\\/p>\",\"icon\":\"\",\"image\":\"wp-content\\\/uploads\\\/2024\\\/03\\\/download.svg\",\"link\":\"wp-content\\\/uploads\\\/2024\\\/03\\\/AMS_Broschuere_RZ_Einzelseiten_November-2020.pdf\",\"link_target\":true}}]},{\"type\":\"divider\",\"props\":{\"divider_element\":\"hr\",\"margin\":\"small\",\"margin_remove_bottom\":false}},{\"type\":\"headline\",\"props\":{\"content\":\"T\\u00dcV-Zertifikate\",\"content_en_gb\":\"t\\u00dcv certificates\",\"content_fr_fr\":\"certificats t\\u00dcv\",\"margin\":\"small\",\"margin_remove_bottom\":true,\"title_element\":\"h4\"}},{\"type\":\"text\",\"props\":{\"column_breakpoint\":\"m\",\"content\":\"Hier finden Sie unsere aktuellen T\\u00dcV-Zertifikate zum Download.\",\"content_en_gb\":\"\n\n<p>Here you can download our current T\\u00dcV certificates.<\\\/p>\",\"content_fr_fr\":\"\n\n<p>Vous pouvez t\\u00e9l\\u00e9charger ici nos certificats T\\u00dcV actuels.<\\\/p>\",\"margin\":\"remove-vertical\"}},{\"type\":\"list\",\"props\":{\"class\":\"google-event-download\",\"column_breakpoint\":\"m\",\"html_element\":false,\"icon\":\"pull\",\"icon_color\":\"danger\",\"icon_width\":\"25\",\"image_align\":\"left\",\"image_height\":\"16\",\"image_svg_color\":\"emphasis\",\"image_svg_inline\":true,\"image_vertical_align\":false,\"link_style\":\"text\",\"list_element\":\"ul\",\"list_horizontal_separator\":\", \",\"list_style\":\"striped\",\"list_type\":\"vertical\",\"show_image\":true,\"show_link\":true},\"children\":[{\"type\":\"list_item\",\"props\":{\"content\":\"Zertifikat SCC**:2021 (PDF)\",\"content_en_gb\":\"Certificate SCC**:2021 (PDF)\",\"content_fr_fr\":\"Certificat SCC**:2021 (PDF)\",\"icon\":\"\",\"image\":\"wp-content\\\/uploads\\\/2024\\\/03\\\/download.svg\",\"link\":\"wp-content\\\/uploads\\\/2024\\\/03\\\/AMServ_SCC2021.pdf\",\"link_target\":true}},{\"type\":\"list_item\",\"props\":{\"content\":\"Zertifikat ISO 9001:2015 (PDF)\",\"content_en_gb\":\"Certificate ISO 9001:2015 (PDF)\",\"content_fr_fr\":\"Certificat ISO 9001:2015 (PDF)\",\"icon\":\"\",\"image\":\"wp-content\\\/uploads\\\/2024\\\/03\\\/download.svg\",\"link\":\"wp-content\\\/uploads\\\/2024\\\/03\\\/AMServ_ISO9001.pdf\",\"link_target\":true}},{\"type\":\"list_item\",\"props\":{\"content\":\"Zertifikat ISO 14001:2015 (PDF)\",\"content_en_gb\":\"Certificate ISO 14001:2015 (PDF)\",\"content_fr_fr\":\"Certificat ISO 14001:2015 (PDF)\",\"icon\":\"\",\"image\":\"wp-content\\\/uploads\\\/2024\\\/03\\\/download.svg\",\"link\":\"wp-content\\\/uploads\\\/2024\\\/03\\\/AMServ_ISO14001.pdf\",\"link_target\":true}}]},{\"type\":\"divider\",\"props\":{\"divider_element\":\"hr\",\"margin\":\"small\",\"margin_remove_bottom\":false}}]},{\"type\":\"column\",\"props\":{\"image_position\":\"center-center\",\"position_sticky\":\"column\",\"position_sticky_breakpoint\":\"m\",\"position_sticky_offset\":\"80\",\"width_medium\":\"1-3\"},\"children\":[{\"type\":\"headline\",\"props\":{\"content\":\"Kontakt\",\"content_en_gb\":\"Contact\",\"content_fr_fr\":\"Contact\",\"title_element\":\"h4\"},\"name\":\"Sidebar Headline\"},{\"type\":\"text\",\"props\":{\"column_breakpoint\":\"m\",\"content\":\"\n\n<p><strong>AMServ<\\\/strong><br \\\/>Service f\\u00fcr rotierende<br \\\/>elektrische Maschinen<\\\/p>\",\"content_en_gb\":\"\n\n<p><strong>AMServ<\\\/strong><br \\\/>Service for rotating<br \/> electrical machines<\\\/p>\",\"content_fr_fr\":\"\n\n<p><strong>AMServ<\\\/strong><br \\\/>Service pour machines<br \/>\\u00e9lectriques tournantes<\\\/p>\",\"margin\":\"small\"},\"name\":\"Sidebar Text\"},{\"type\":\"list\",\"props\":{\"class\":\"sidebarContactList\",\"column_breakpoint\":\"m\",\"icon_color\":\"emphasis\",\"icon_width\":\"25\",\"image_align\":\"left\",\"image_svg_color\":\"emphasis\",\"image_svg_inline\":true,\"image_vertical_align\":false,\"image_width\":\"18\",\"list_element\":\"ul\",\"list_horizontal_separator\":\", \",\"list_type\":\"vertical\",\"show_image\":true,\"show_link\":true},\"children\":[{\"type\":\"list_item\",\"props\":{\"content\":\"\n\n<p><a href=\\\"tel:+498000267378\\\" class=\\\"google-event\\\" data-event-action=\\\"telefonnummer_geklickt\\\" data-event-category=\\\"Kontakt\\\" data-event-label=\\\"+498000267378\\\">+49 (0) 8000 267378<br \\\/>+49 (0) 8000 AMSERV<\\\/a><\\\/p>\",\"icon\":\"\",\"image\":\"wp-content\\\/uploads\\\/2024\\\/03\\\/phone.svg\"}},{\"type\":\"list_item\",\"props\":{\"content\":\"\n\n<p><a href=\\\"mailto:info@amserv.de\\\" class=\\\"google-event\\\" data-event-action=\\\"mailadresse_geklickt\\\" data-event-category=\\\"Kontakt\\\" data-event-label=\\\"info@amserv.de\\\">info@amserv.de<\\\/a><\\\/p>\",\"icon\":\"\",\"image\":\"wp-content\\\/uploads\\\/2024\\\/03\\\/envelope.svg\"}}],\"name\":\"Liste-Kontakt2\"}]}]}],\"name\":\"Zweispaltig\"},{\"type\":\"section\",\"props\":{\"image_position\":\"center-center\",\"padding_remove_bottom\":false,\"padding_remove_top\":true,\"style\":\"default\",\"title_breakpoint\":\"xl\",\"title_position\":\"top-left\",\"title_rotation\":\"left\",\"vertical_align\":\"\",\"width\":\"default\"},\"children\":[{\"type\":\"row\",\"children\":[{\"type\":\"column\",\"props\":{\"image_position\":\"center-center\",\"position_sticky_breakpoint\":\"m\",\"width_medium\":\"2-3\"}},{\"type\":\"column\",\"props\":{\"image_position\":\"center-center\",\"position_sticky_breakpoint\":\"m\",\"width_medium\":\"1-3\"}}],\"props\":{\"layout\":\"2-3,1-3\"}}],\"name\":\"Downloads\"}],\"version\":\"4.5.25\"} --><\/p>\n","protected":false},"excerpt":{"rendered":"<p>Downloads Hier finden Sie unsere Downloads. Unsere aktuelle Brosch\u00fcre Unsere Brosch\u00fcre wurde gerade aktuell \u00fcberarbeitet und steht Ihnen hier zum Download zur Verf\u00fcgung. Download Brosch\u00fcre (PDF) T\u00dcV-Zertifikate Hier finden Sie unsere aktuellen T\u00dcV-Zertifikate zum Download. Zertifikat SCC**:2021 (PDF) Zertifikat ISO 9001:2015 (PDF) Zertifikat ISO 14001:2015 (PDF) Kontakt AMServService f\u00fcr rotierendeelektrische Maschinen +49 (0) 8000 267378+49 [&#8230;]<\/p>\n<p><a class=\"el-content uk-button uk-button-primary uk-margin-remove-bottom excerpt\" href=\"https:\/\/www.amserv.de\/en\/download\/\">Read more&#8230;<\/a><\/p>\n","protected":false},"author":2,"featured_media":0,"parent":0,"menu_order":0,"comment_status":"closed","ping_status":"closed","template":"","meta":{"footnotes":""},"class_list":["post-41","page","type-page","status-publish","hentry"],"_links":{"self":[{"href":"https:\/\/www.amserv.de\/en\/wp-json\/wp\/v2\/pages\/41","targetHints":{"allow":["GET"]}}],"collection":[{"href":"https:\/\/www.amserv.de\/en\/wp-json\/wp\/v2\/pages"}],"about":[{"href":"https:\/\/www.amserv.de\/en\/wp-json\/wp\/v2\/types\/page"}],"author":[{"embeddable":true,"href":"https:\/\/www.amserv.de\/en\/wp-json\/wp\/v2\/users\/2"}],"replies":[{"embeddable":true,"href":"https:\/\/www.amserv.de\/en\/wp-json\/wp\/v2\/comments?post=41"}],"version-history":[{"count":45,"href":"https:\/\/www.amserv.de\/en\/wp-json\/wp\/v2\/pages\/41\/revisions"}],"predecessor-version":[{"id":3120,"href":"https:\/\/www.amserv.de\/en\/wp-json\/wp\/v2\/pages\/41\/revisions\/3120"}],"wp:attachment":[{"href":"https:\/\/www.amserv.de\/en\/wp-json\/wp\/v2\/media?parent=41"}],"curies":[{"name":"wp","href":"https:\/\/api.w.org\/{rel}","templated":true}]}}