{"id":2,"date":"2024-02-01T23:20:03","date_gmt":"2024-02-01T22:20:03","guid":{"rendered":"https:\/\/www.amserv.de\/?page_id=2"},"modified":"2026-02-21T12:50:58","modified_gmt":"2026-02-21T11:50:58","slug":"home","status":"publish","type":"page","link":"https:\/\/www.amserv.de\/fr\/","title":{"rendered":"Home"},"content":{"rendered":"<div>\n<\/div>\n<h3>Wir stellen sicher, dass sich die Dinge weiter drehen!<\/h3>\n<div>\n<\/div>\n<h1>AMServ \u2013 Wir sind der richtige Partner!<\/h1>\n<div>\n<p style=\"text-align: center;\"><strong>AMServ ist eine Gruppe von Dienstleistungszentren f\u00fcr elektrische rotierende Maschinen.<\/strong><\/p>\n<p style=\"text-align: center;\">Was bedeutet dies f\u00fcr Sie?<br \/>Ihnen stehen hochqualifizierte Ansprechpartner, Monteure und Service-Mitarbeiter an den gut ausgestatteten Standorten zur Verf\u00fcgung. Als ABB-Vertriebs- und Servicepartner liefern wir Ihnen auch Originalersatzteile, Neumotoren und Komponenten von ABB. Unser Lieferspektrum umfasst auch den Verkauf von Frequenzumrichtern, Stromrichtern und weiteres Antriebszubeh\u00f6r.<\/p>\n<p style=\"text-align: center;\"><strong>Auf eine gute Zusammenarbeit freut sich Ihr Team der AMServ. <\/strong><\/p>\n<\/div>\n<h3>Ihr schneller Kontakt zu uns<\/h3>\n<div>\n<p>        <img decoding=\"async\" src=\"\/wp-content\/uploads\/2024\/03\/envelope.svg\" alt=\"\"><\/p>\n<p><a href=\"\/kontakt\/\">Kontakt<\/a><\/p>\n<\/div>\n<div>\n<p>        <img decoding=\"async\" src=\"\/wp-content\/uploads\/2024\/03\/location-dot.svg\" alt=\"\"><\/p>\n<p><a href=\"\/unternehmen\/standorte\/\">Standorte<\/a><\/p>\n<\/div>\n<div>\n<p>        <img decoding=\"async\" src=\"\/wp-content\/uploads\/2024\/03\/users.svg\" alt=\"\"><\/p>\n<p><a href=\"\/unternehmen\/karriere-jobs\/\">Karriere<\/a><\/p>\n<\/div>\n<div>\n<p>        <img decoding=\"async\" src=\"\/wp-content\/uploads\/2024\/02\/ueber_uns-1.jpg\" alt=\"\"><\/p>\n<h4>\u00dcber uns<\/h4>\n<div>\n<p>Die AMServ-Dienstleistungsgruppe mit Ihren 4 Servicezentren ist Ihr kompetenter Ansprechpartner f\u00fcr Service, Reparatur und Neulieferung bei Motoren und Generatoren.<\/p>\n<\/div>\n<p><a href=\"\/unternehmen\/\">> Weiter<\/a><\/p>\n<\/div>\n<div>\n<p>        <img decoding=\"async\" src=\"\/wp-content\/uploads\/2024\/02\/qualitaet.jpg\" alt=\"\"><\/p>\n<h4>Wir garantieren hohe Qualit\u00e4t<\/h4>\n<div>\n<p>Ihnen stehen hochqualifizierte Ansprechpartner, Monteure und Service-Mitarbeiter an den gut ausgestatteten Standorten zur Verf\u00fcgung. Immer in Ihrer N\u00e4he, flexibel, schnell und zuverl\u00e4ssig.<\/p>\n<\/div>\n<p><a href=\"\/unternehmen\/qualitaet\/\">> Weiter<\/a><\/p>\n<\/div>\n<h3>Unsere Produkte im \u00dcberblick<\/h3>\n<ul>\n<li>\n<p>        <img decoding=\"async\" src=\"\/wp-content\/uploads\/2024\/02\/neumotoren.png\" alt=\"\"><\/p>\n<p><a href=\"\/produkte\/neumotoren-niederspannung-hochspannung\/\">Neumotoren<\/a><\/p>\n<\/li>\n<li>\n<p>        <img decoding=\"async\" src=\"\/wp-content\/uploads\/2024\/02\/frequenzumrichter.png\" alt=\"\"><\/p>\n<p><a href=\"\/produkte\/frequenzumrichter-stromrichter\/\">Frequenzumrichter<\/a><\/p>\n<\/li>\n<li>\n<p>        <img decoding=\"async\" src=\"\/wp-content\/uploads\/2024\/02\/ersatzteile.png\" alt=\"\"><\/p>\n<p><a href=\"\/produkte\/ersatzteile\/\">Ersatzteile<\/a><\/p>\n<\/li>\n<\/ul>\n<p><!--more--><br \/>\n<!-- {\"type\":\"layout\",\"children\":[{\"type\":\"section\",\"props\":{\"image_position\":\"center-center\",\"padding_bottom\":\"none\",\"padding_top\":\"none\",\"style\":\"default\",\"title_breakpoint\":\"xl\",\"title_position\":\"top-left\",\"title_rotation\":\"left\",\"vertical_align\":\"\",\"width\":\"default\"},\"children\":[{\"type\":\"row\",\"children\":[{\"type\":\"column\",\"props\":{\"image_position\":\"center-center\",\"position_sticky_breakpoint\":\"m\"},\"children\":[{\"type\":\"html\",\"props\":{\"content\":\"[smartslider3 slider=\\\"27\\\"]\",\"content_en_gb\":\"[smartslider3 slider=\\\"28\\\"]\",\"content_fr_fr\":\"[smartslider3 slider=\\\"29\\\"]\"},\"name\":\"Slider\"}]}]}]},{\"type\":\"section\",\"props\":{\"image_position\":\"center-center\",\"padding_bottom\":\"none\",\"style\":\"muted\",\"title_breakpoint\":\"xl\",\"title_position\":\"top-left\",\"title_rotation\":\"left\",\"vertical_align\":\"\",\"width\":\"default\"},\"children\":[{\"type\":\"row\",\"children\":[{\"type\":\"column\",\"props\":{\"image_position\":\"center-center\",\"position_sticky_breakpoint\":\"m\"},\"children\":[{\"type\":\"headline\",\"props\":{\"block_align\":\"center\",\"content\":\"Wir stellen sicher, dass sich die Dinge weiter drehen!\",\"content_en_gb\":\"We keep things turning!\",\"content_fr_fr\":\"Nous nous appliquons \u00e0 ce que les choses continuent de bien se passer&nbsp;!\",\"image_align\":\"left\",\"image_margin\":\"xsmall\",\"text_align\":\"center\",\"title_color\":\"primary\",\"title_element\":\"h3\"}},{\"type\":\"html\",\"props\":{\"content\":\"[smartslider3 slider=\\\"2\\\"]\",\"content_en_gb\":\"[smartslider3 slider=\\\"20\\\"]\",\"content_fr_fr\":\"[smartslider3 slider=\\\"21\\\"]\"},\"name\":\"Slider\"}]}]}]},{\"type\":\"section\",\"props\":{\"image_position\":\"center-center\",\"style\":\"default\",\"title_breakpoint\":\"xl\",\"title_position\":\"top-left\",\"title_rotation\":\"left\",\"vertical_align\":\"\",\"width\":\"default\"},\"children\":[{\"type\":\"row\",\"children\":[{\"type\":\"column\",\"props\":{\"image_position\":\"center-center\",\"position_sticky_breakpoint\":\"m\"},\"children\":[{\"type\":\"text\",\"props\":{\"column_breakpoint\":\"m\",\"content\":\"\",\"margin_bottom\":\"default\",\"margin_top\":\"default\"}},{\"type\":\"headline\",\"props\":{\"content\":\"AMServ \u2013 Wir sind der richtige Partner!\",\"content_en_gb\":\"amserv \u2013 we are the right partner!\",\"content_fr_fr\":\"amserv \u2013 le partenaire qu'il vous faut&nbsp;!\",\"image_align\":\"left\",\"image_margin\":\"xsmall\",\"text_align\":\"center\",\"title_element\":\"h1\"}},{\"type\":\"text\",\"props\":{\"column_breakpoint\":\"m\",\"content\":\"\n\n<p style=\\\"text-align: center;\\\"><strong>AMServ ist eine Gruppe von Dienstleistungszentren f\u00fcr elektrische rotierende Maschinen.<\/strong><\/p>\n\n\\n\n\n<p style=\\\"text-align: center;\\\">Was bedeutet dies f\u00fcr Sie?<br \/>Ihnen stehen hochqualifizierte Ansprechpartner, Monteure und Service-Mitarbeiter an den gut ausgestatteten Standorten zur Verf\u00fcgung. Als ABB-Vertriebs- und Servicepartner liefern wir Ihnen auch Originalersatzteile, Neumotoren und Komponenten von ABB. Unser Lieferspektrum umfasst auch den Verkauf von Frequenzumrichtern, Stromrichtern und weiteres Antriebszubeh\u00f6r.<\/p>\n\n\\n\n\n<p style=\\\"text-align: center;\\\"><strong>Auf eine gute Zusammenarbeit freut sich Ihr Team der AMServ. <\/strong><\/p>\n\n\",\"content_en_gb\":\"\n\n<p style=\\\"text-align: center;\\\"><strong>AMServ is a group of service centres for electrical rotating machines.<\/strong><\/p>\n\n\\n\n\n<p style=\\\"text-align: center;\\\">What does this mean for you?<br \/>Highly-qualified points of contact, technicians and service employees will be available at the well-appointed locations to assist you. As an ABB sales and service partner, we can also supply you with original spare parts, new motors and components from ABB. Our scope of supply also includes the sale of frequency converters, power converters and other drive equipment.<\/p>\n\n\\n\n\n<p style=\\\"text-align: center;\\\"><strong>Your AMServ team is looking forward to working with you.<\/strong><\/p>\n\n\",\"content_fr_fr\":\"\n\n<p style=\\\"text-align: center;\\\"><strong>AMServ est un groupe de prestation de service pour machines rotatives \u00e9lectriques.<\/strong><\/p>\n\n\\n\n\n<p style=\\\"text-align: center;\\\">Qu'est-ce que cela signifie pour vous?<br \/>Des interlocuteurs, des monteurs et un personnel de service hautement qualifi\u00e9s sont \u00e0 votre disposition aux sites bien \u00e9quip\u00e9s. En tant que concessionnaire et service apr\u00e8s-vente ABB, nous vous approvisionnons \u00e9galement en pi\u00e8ces de rechange d'origine, en moteurs neufs et en composants d'ABB. Notre gamme de livraison comprend \u00e9galement la vente de convertisseurs de fr\u00e9quence, de convertisseurs de courant et d'autres accessoires d'entra\u00eenement.<\/p>\n\n\\n\n\n<p style=\\\"text-align: center;\\\"><strong>L'\u00e9quipe d'AMServ se r\u00e9jouit d'avance d'une collaboration fructueuse.<\/strong><\/p>\n\n\",\"margin_bottom\":\"default\",\"margin_top\":\"default\"}}]}]}]},{\"type\":\"section\",\"props\":{\"image_position\":\"center-center\",\"padding_bottom\":\"small\",\"padding_top\":\"small\",\"style\":\"muted\",\"title_breakpoint\":\"xl\",\"title_position\":\"top-left\",\"title_rotation\":\"left\",\"vertical_align\":\"\",\"width\":\"default\"},\"children\":[{\"type\":\"row\",\"children\":[{\"type\":\"column\",\"props\":{\"image_position\":\"center-center\",\"position_sticky_breakpoint\":\"m\"},\"children\":[{\"type\":\"headline\",\"props\":{\"content\":\"Ihr schneller Kontakt zu uns\",\"content_en_gb\":\"your quick contact to us\",\"content_fr_fr\":\"votre contact rapide avec nous\",\"image_align\":\"left\",\"image_margin\":\"xsmall\",\"text_align\":\"center\",\"text_align_fallback\":\"left\",\"title_element\":\"h3\"}},{\"type\":\"panel-slider\",\"props\":{\"content_column_breakpoint\":\"m\",\"css\":\".el-item {background: url('\/wp-content\/uploads\/2024\/02\/card-bg.png');}\",\"image_align\":\"top\",\"image_grid_breakpoint\":\"m\",\"image_grid_width\":\"1-2\",\"image_svg_color\":\"muted\",\"image_width\":80,\"link_fullwidth\":true,\"link_style\":\"primary\",\"link_text\":\"Read more\",\"margin_bottom\":\"default\",\"margin_top\":\"default\",\"meta_align\":\"below-title\",\"meta_element\":\"div\",\"meta_style\":\"text-meta\",\"nav\":\"\",\"nav_align\":\"center\",\"nav_breakpoint\":\"s\",\"panel_image_no_padding\":false,\"panel_link\":false,\"panel_match\":true,\"panel_padding\":\"small\",\"panel_style\":\"card-default\",\"show_content\":false,\"show_hover_image\":true,\"show_hover_video\":true,\"show_image\":true,\"show_link\":true,\"show_meta\":false,\"show_title\":false,\"show_video\":true,\"slidenav\":\"\",\"slidenav_breakpoint\":\"xl\",\"slidenav_margin\":\"medium\",\"slidenav_outside_breakpoint\":\"xl\",\"slider_autoplay_pause\":true,\"slider_gap\":\"default\",\"slider_width\":\"fixed\",\"slider_width_default\":\"1-1\",\"slider_width_medium\":\"1-3\",\"status\":\"disabled\",\"text_align\":\"center\",\"title_align\":\"top\",\"title_element\":\"h3\",\"title_grid_breakpoint\":\"m\",\"title_grid_width\":\"1-2\",\"title_hover_style\":\"reset\"},\"children\":[{\"type\":\"panel-slider_item\",\"props\":{\"content\":\"\",\"icon\":\"mail\",\"link\":\"#dsersdv\",\"link_text\":\"KONTAKT\",\"title\":\"Kontakt\"}},{\"type\":\"panel-slider_item\",\"props\":{\"content\":\"\",\"icon\":\"mail\",\"link\":\"#dsersdv\",\"link_text\":\"KONTAKT\",\"title\":\"Kontakt\"}},{\"type\":\"panel-slider_item\",\"props\":{\"content\":\"\",\"icon\":\"mail\",\"link\":\"#dsersdv\",\"link_text\":\"KONTAKT\",\"title\":\"Kontakt\"}}]}]}]},{\"type\":\"row\",\"props\":{\"column_gap\":\"medium\",\"layout\":\"1-3,1-3,1-3\",\"margin_bottom\":\"default\",\"margin_top\":\"default\",\"row_gap\":\"medium\"},\"children\":[{\"type\":\"column\",\"props\":{\"image_position\":\"center-center\",\"position_sticky_breakpoint\":\"m\",\"width_medium\":\"1-3\",\"width_small\":\"1-2\"},\"children\":[{\"type\":\"panel\",\"props\":{\"content_column_breakpoint\":\"m\",\"css\":\".el-element {background: url('\/wp-content\/uploads\/2024\/02\/card-bg.png');}\",\"icon\":\"\",\"image\":\"wp-content\/uploads\/2024\/03\/envelope.svg\",\"image_align\":\"top\",\"image_grid_breakpoint\":\"m\",\"image_grid_width\":\"1-2\",\"image_svg_color\":\"muted\",\"image_svg_inline\":true,\"image_width\":60,\"link\":\"kontakt\/\",\"link_en_gb\":\"\/en\/contact\",\"link_fr_fr\":\"\/fr\/contact\",\"link_fullwidth\":true,\"link_margin\":\"medium\",\"link_style\":\"primary\",\"link_target\":false,\"link_text\":\"Kontakt\",\"link_text_en_gb\":\"contact\",\"link_text_fr_fr\":\"contact\",\"margin_bottom\":\"default\",\"margin_top\":\"default\",\"meta_align\":\"below-title\",\"meta_element\":\"div\",\"meta_style\":\"text-meta\",\"panel_link\":false,\"panel_padding\":\"small\",\"panel_style\":\"card-default\",\"text_align\":\"center\",\"title_align\":\"top\",\"title_element\":\"h3\",\"title_grid_breakpoint\":\"m\",\"title_grid_width\":\"1-2\",\"title_hover_style\":\"reset\"}}]},{\"type\":\"column\",\"props\":{\"image_position\":\"center-center\",\"position_sticky_breakpoint\":\"m\",\"width_medium\":\"1-3\",\"width_small\":\"1-2\"},\"children\":[{\"type\":\"panel\",\"props\":{\"content_column_breakpoint\":\"m\",\"css\":\".el-element {background: url('\/wp-content\/uploads\/2024\/02\/card-bg.png');}\",\"icon\":\"\",\"image\":\"wp-content\/uploads\/2024\/03\/location-dot.svg\",\"image_align\":\"top\",\"image_grid_breakpoint\":\"m\",\"image_grid_width\":\"1-2\",\"image_height\":60,\"image_svg_color\":\"muted\",\"image_svg_inline\":true,\"link\":\"unternehmen\/standorte\/\",\"link_en_gb\":\"\/en\/company\/locations\",\"link_fr_fr\":\"\/fr\/societe\/sites\",\"link_fullwidth\":true,\"link_margin\":\"medium\",\"link_style\":\"primary\",\"link_text\":\"Standorte\",\"link_text_en_gb\":\"locations\",\"link_text_fr_fr\":\"sites\",\"margin_bottom\":\"default\",\"margin_top\":\"default\",\"meta_align\":\"below-title\",\"meta_element\":\"div\",\"meta_style\":\"text-meta\",\"panel_padding\":\"small\",\"panel_style\":\"card-default\",\"text_align\":\"center\",\"title_align\":\"top\",\"title_element\":\"h3\",\"title_grid_breakpoint\":\"m\",\"title_grid_width\":\"1-2\",\"title_hover_style\":\"reset\"}}]},{\"type\":\"column\",\"props\":{\"image_position\":\"center-center\",\"position_sticky_breakpoint\":\"m\",\"width_medium\":\"1-3\",\"width_small\":\"1-1\"},\"children\":[{\"type\":\"panel\",\"props\":{\"content_column_breakpoint\":\"m\",\"css\":\".el-element {background: url('\/wp-content\/uploads\/2024\/02\/card-bg.png');}\",\"icon\":\"\",\"image\":\"wp-content\/uploads\/2024\/03\/users.svg\",\"image_align\":\"top\",\"image_grid_breakpoint\":\"m\",\"image_grid_width\":\"1-2\",\"image_height\":60,\"image_svg_color\":\"muted\",\"image_svg_inline\":true,\"link\":\"unternehmen\/karriere-jobs\/\",\"link_en_gb\":\"\/en\/company\/career\",\"link_fr_fr\":\"\/fr\/societe\/carriere\",\"link_fullwidth\":true,\"link_margin\":\"medium\",\"link_style\":\"primary\",\"link_text\":\"Karriere\",\"link_text_en_gb\":\"career\",\"link_text_fr_fr\":\"carri\u00e8re\",\"margin_bottom\":\"default\",\"margin_top\":\"default\",\"meta_align\":\"below-title\",\"meta_element\":\"div\",\"meta_style\":\"text-meta\",\"panel_padding\":\"small\",\"panel_style\":\"card-default\",\"text_align\":\"center\",\"title_align\":\"top\",\"title_element\":\"h3\",\"title_grid_breakpoint\":\"m\",\"title_grid_width\":\"1-2\",\"title_hover_style\":\"reset\"}}]}]}],\"name\":\"Full size\"},{\"type\":\"section\",\"props\":{\"image_position\":\"center-center\",\"style\":\"default\",\"title_breakpoint\":\"xl\",\"title_position\":\"top-left\",\"title_rotation\":\"left\",\"vertical_align\":\"\",\"width\":\"default\"},\"children\":[{\"type\":\"row\",\"props\":{\"column_gap\":\"medium\",\"layout\":\"1-2,1-2\",\"row_gap\":\"medium\"},\"children\":[{\"type\":\"column\",\"props\":{\"image_position\":\"center-center\",\"position_sticky_breakpoint\":\"m\",\"width_medium\":\"1-2\"},\"children\":[{\"type\":\"panel\",\"props\":{\"class\":\"panelLine\",\"content\":\"\n\n<p>Die AMServ-Dienstleistungsgruppe mit Ihren 4 Servicezentren ist Ihr kompetenter Ansprechpartner f\u00fcr Service, Reparatur und Neulieferung bei Motoren und Generatoren.<\/p>\n\n\",\"content_column_breakpoint\":\"m\",\"content_en_gb\":\"\n\n<p>With its four service centres, the AMServ service provider group<br \/>is your competent point of contact for the service, repair and new delivery of motors and generators.<\/p>\n\n\",\"content_fr_fr\":\"\n\n<p><span>Le groupe de prestations de service AMServ avec ses 4 centres<\/span><br \/><span>est votre interlocuteur comp\u00e9tent pour les services, les r\u00e9parations et les livraisons concernant les moteurs et les g\u00e9n\u00e9rateurs.<\/span><\/p>\n\n\",\"content_margin\":\"remove\",\"height_expand\":true,\"image\":\"wp-content\/uploads\/2024\/02\/ueber_uns-1.jpg\",\"image_align\":\"top\",\"image_grid_breakpoint\":\"m\",\"image_grid_width\":\"1-2\",\"image_svg_color\":\"emphasis\",\"link\":\"unternehmen\/\",\"link_margin\":\"small\",\"link_style\":\"link-text\",\"link_text\":\"> Weiter\",\"link_text_en_gb\":\"> continue\",\"link_text_fr_fr\":\"> continuer\",\"margin_bottom\":\"default\",\"margin_top\":\"default\",\"meta_align\":\"below-title\",\"meta_element\":\"div\",\"meta_style\":\"text-meta\",\"panel_link\":true,\"text_align\":\"center\",\"title\":\"\u00dcber uns\",\"title_align\":\"top\",\"title_element\":\"h4\",\"title_en_gb\":\"about us\",\"title_fr_fr\":\"\u00c0 propos de nous\",\"title_grid_breakpoint\":\"m\",\"title_grid_width\":\"1-2\",\"title_hover_style\":\"reset\",\"title_margin\":\"small\"}}]},{\"type\":\"column\",\"props\":{\"image_position\":\"center-center\",\"position_sticky_breakpoint\":\"m\",\"width_medium\":\"1-2\"},\"children\":[{\"type\":\"panel\",\"props\":{\"class\":\"panelLine\",\"content\":\"\n\n<p>Ihnen stehen hochqualifizierte Ansprechpartner, Monteure und Service-Mitarbeiter an den gut ausgestatteten Standorten zur Verf\u00fcgung. Immer in Ihrer N\u00e4he, flexibel, schnell und zuverl\u00e4ssig.<\/p>\n\n\",\"content_column_breakpoint\":\"m\",\"content_en_gb\":\"\n\n<p style=\\\"text-align: center;\\\">Highly-qualified points of contact, fitters and service employees will be available at well-situated locations to assist you. Always in a convenient location for you, flexible, fast and reliable.<\/p>\n\n\",\"content_fr_fr\":\"\n\n<p style=\\\"text-align: center;\\\">Des interlocuteurs hautement qualifi\u00e9s, des monteurs et du personnel de service sont \u00e0 votre disposition sur des sites bien \u00e9quip\u00e9s. Toujours pr\u00e8s de chez vous, flexible, rapide et fiable.<\/p>\n\n\",\"content_margin\":\"remove\",\"height_expand\":true,\"image\":\"wp-content\/uploads\/2024\/02\/qualitaet.jpg\",\"image_align\":\"top\",\"image_grid_breakpoint\":\"m\",\"image_grid_width\":\"1-2\",\"image_svg_color\":\"emphasis\",\"link\":\"unternehmen\/qualitaet\/\",\"link_margin\":\"small\",\"link_style\":\"link-text\",\"link_text\":\"> Weiter\",\"link_text_en_gb\":\"> continue\",\"link_text_fr_fr\":\"> continuer\",\"margin_bottom\":\"default\",\"margin_top\":\"default\",\"meta_align\":\"below-title\",\"meta_element\":\"div\",\"meta_style\":\"text-meta\",\"panel_link\":true,\"text_align\":\"center\",\"title\":\"Wir garantieren hohe Qualit\u00e4t\",\"title_align\":\"top\",\"title_element\":\"h4\",\"title_en_gb\":\"we guarantee high quality\",\"title_fr_fr\":\"nous garantissons une qualit\u00c9 \u00c9lev\u00c9e\",\"title_grid_breakpoint\":\"m\",\"title_grid_width\":\"1-2\",\"title_hover_style\":\"reset\",\"title_margin\":\"small\"}}]}]}]},{\"type\":\"section\",\"props\":{\"image_position\":\"center-center\",\"padding_bottom\":\"small\",\"padding_top\":\"small\",\"style\":\"muted\",\"title_breakpoint\":\"xl\",\"title_position\":\"top-left\",\"title_rotation\":\"left\",\"vertical_align\":\"\",\"width\":\"default\"},\"children\":[{\"type\":\"row\",\"children\":[{\"type\":\"column\",\"props\":{\"image_position\":\"center-center\",\"position_sticky_breakpoint\":\"m\"},\"children\":[{\"type\":\"headline\",\"props\":{\"content\":\"Unsere Produkte im \u00dcberblick\",\"content_en_gb\":\"\n\n<p>our products at a glance<\/p>\n\n\",\"content_fr_fr\":\"vue d'ensemble de nos produits\",\"image_align\":\"left\",\"image_margin\":\"xsmall\",\"margin_bottom\":\"medium\",\"margin_top\":\"medium\",\"text_align\":\"center\",\"text_align_fallback\":\"left\",\"title_color\":\"primary\",\"title_element\":\"h3\"}},{\"type\":\"panel-slider\",\"props\":{\"content_column_breakpoint\":\"m\",\"css\":\".el-item {background: url('\/wp-content\/uploads\/2024\/02\/bg-panel-grey.gif') center;}\",\"image_align\":\"top\",\"image_grid_breakpoint\":\"m\",\"image_grid_width\":\"1-2\",\"image_svg_color\":\"emphasis\",\"link_fullwidth\":true,\"link_style\":\"primary\",\"link_text\":\"Read more\",\"margin_bottom\":\"\",\"margin_top\":\"\",\"meta_align\":\"below-title\",\"meta_element\":\"div\",\"meta_style\":\"text-meta\",\"nav\":\"\",\"nav_align\":\"center\",\"nav_breakpoint\":\"s\",\"panel_match\":true,\"panel_padding\":\"small\",\"panel_style\":\"card-default\",\"show_content\":false,\"show_hover_image\":true,\"show_hover_video\":true,\"show_image\":true,\"show_link\":true,\"show_meta\":false,\"show_title\":false,\"show_video\":true,\"slidenav\":\"default\",\"slidenav_breakpoint\":\"\",\"slidenav_margin\":\"medium\",\"slidenav_outside_breakpoint\":\"s\",\"slider_autoplay\":true,\"slider_autoplay_pause\":true,\"slider_center\":false,\"slider_gap\":\"medium\",\"slider_width\":\"fixed\",\"slider_width_default\":\"1-1\",\"slider_width_medium\":\"1-3\",\"slider_width_small\":\"1-2\",\"text_align\":\"center\",\"title_align\":\"top\",\"title_element\":\"h3\",\"title_grid_breakpoint\":\"m\",\"title_grid_width\":\"1-2\",\"title_hover_style\":\"reset\"},\"children\":[{\"type\":\"panel-slider_item\",\"props\":{\"image\":\"wp-content\/uploads\/2024\/02\/neumotoren.png\",\"link\":\"produkte\/neumotoren-niederspannung-hochspannung\/\",\"link_text\":\"Neumotoren\",\"link_text_en_gb\":\"new motors\",\"link_text_fr_fr\":\"moteurs neufs\"}},{\"type\":\"panel-slider_item\",\"props\":{\"image\":\"wp-content\/uploads\/2024\/02\/frequenzumrichter.png\",\"link\":\"produkte\/frequenzumrichter-stromrichter\/\",\"link_text\":\"Frequenzumrichter\",\"link_text_en_gb\":\"frequency converters\",\"link_text_fr_fr\":\"convertisseurs de fr\u00c9quence\"}},{\"type\":\"panel-slider_item\",\"props\":{\"image\":\"wp-content\/uploads\/2024\/02\/ersatzteile.png\",\"link\":\"produkte\/ersatzteile\/\",\"link_text\":\"Ersatzteile\",\"link_text_en_gb\":\"spare parts\",\"link_text_fr_fr\":\"pi\u00c8ces de rechange\"}}]}]}]}],\"name\":\"Full size\"}],\"version\":\"5.0.15\"} --><\/p>\n","protected":false},"excerpt":{"rendered":"<p>Wir stellen sicher, dass sich die Dinge weiter drehen! AMServ \u2013 Wir sind der richtige Partner! AMServ ist eine Gruppe von Dienstleistungszentren f\u00fcr elektrische rotierende Maschinen. Was bedeutet dies f\u00fcr Sie?Ihnen stehen hochqualifizierte Ansprechpartner, Monteure und Service-Mitarbeiter an den gut ausgestatteten Standorten zur Verf\u00fcgung. Als ABB-Vertriebs- und Servicepartner liefern wir Ihnen auch Originalersatzteile, Neumotoren und [&#8230;]<\/p>\n<p><a class=\"el-content uk-button uk-button-primary uk-margin-remove-bottom excerpt\" href=\"https:\/\/www.amserv.de\/fr\/\">Continuer&#8230;<\/a><\/p>\n","protected":false},"author":2,"featured_media":0,"parent":0,"menu_order":0,"comment_status":"closed","ping_status":"closed","template":"","meta":{"footnotes":""},"class_list":["post-2","page","type-page","status-publish","hentry"],"_links":{"self":[{"href":"https:\/\/www.amserv.de\/fr\/wp-json\/wp\/v2\/pages\/2","targetHints":{"allow":["GET"]}}],"collection":[{"href":"https:\/\/www.amserv.de\/fr\/wp-json\/wp\/v2\/pages"}],"about":[{"href":"https:\/\/www.amserv.de\/fr\/wp-json\/wp\/v2\/types\/page"}],"author":[{"embeddable":true,"href":"https:\/\/www.amserv.de\/fr\/wp-json\/wp\/v2\/users\/2"}],"replies":[{"embeddable":true,"href":"https:\/\/www.amserv.de\/fr\/wp-json\/wp\/v2\/comments?post=2"}],"version-history":[{"count":144,"href":"https:\/\/www.amserv.de\/fr\/wp-json\/wp\/v2\/pages\/2\/revisions"}],"predecessor-version":[{"id":3432,"href":"https:\/\/www.amserv.de\/fr\/wp-json\/wp\/v2\/pages\/2\/revisions\/3432"}],"wp:attachment":[{"href":"https:\/\/www.amserv.de\/fr\/wp-json\/wp\/v2\/media?parent=2"}],"curies":[{"name":"wp","href":"https:\/\/api.w.org\/{rel}","templated":true}]}}