{"id":2116,"date":"2024-11-27T10:58:12","date_gmt":"2024-11-27T09:58:12","guid":{"rendered":"https:\/\/www.amserv.de\/?page_id=2116"},"modified":"2026-04-13T15:29:19","modified_gmt":"2026-04-13T13:29:19","slug":"karriere","status":"publish","type":"page","link":"https:\/\/www.amserv.de\/fr\/societe\/carriere\/","title":{"rendered":"Carri\u00e8re"},"content":{"rendered":"<div>\n<h3>Willkommen auf unserer Karriereseite!<\/h3>\n<p>Wir freuen uns, dass Sie sich f\u00fcr eine Karriere bei uns interessieren. Als modernes Unternehmen bieten wir Ihnen vielf\u00e4ltige M\u00f6glichkeiten, sich beruflich weiterzuentwickeln und Ihre F\u00e4higkeiten in einem inspirierenden Umfeld einzubringen.<\/p>\n<p>Ganz gleich, ob Sie am Anfang Ihrer Karriere stehen oder bereits \u00fcber langj\u00e4hrige Erfahrung verf\u00fcgen \u2013 bei uns finden Sie die Chance, neue Wege zu gehen, Verantwortung zu \u00fcbernehmen und Teil eines engagierten Teams zu werden.<\/p>\n<p><strong>Beste M\u00f6glichkeiten f\u00fcr Ihre Karriere \u2013 Jetzt AMServ als Arbeitgeber kennenlernen und bewerben!<\/strong><\/p>\n<\/div>\n<p><a href=\"\/unternehmen\/karriere\/amserv-als-arbeitgeber\/\"><img decoding=\"async\" src=\"\/wp-content\/uploads\/2024\/12\/AMServ_Kachel_Arbeitgeber.jpg\" alt=\"\"><\/a><br \/>\n<a href=\"\/unternehmen\/karriere\/stellenangebote-fach-und-fuehrungskraefte\/\"><img decoding=\"async\" src=\"\/wp-content\/uploads\/2024\/12\/AMServ_Kachel_Stellen.jpg\" alt=\"\"><\/a><br \/>\n<a href=\"\/unternehmen\/karriere\/auszubildende-und-studierende\/\"><img decoding=\"async\" src=\"\/wp-content\/uploads\/2025\/10\/Kachel_Azubis-Studierende_25.jpg\" alt=\"\"><\/a><\/p>\n<div><\/div>\n<h4>Kontakt<\/h4>\n<p><img decoding=\"async\" src=\"\/wp-content\/uploads\/2024\/11\/amserv_patrick-beck.jpg\" alt=\"\"><\/p>\n<div>\n<p><strong>AMServ Gruppe<\/strong><br \/>Patrick Beck<br \/>Leiter Personal<\/p>\n<\/div>\n<div>\n<p>    <img decoding=\"async\" src=\"\/wp-content\/uploads\/2024\/03\/phone.svg\" alt=\"\"><\/p>\n<p><a href=\"tel:+498000267378\"><\/p>\n<p><a href=\"tel:+491625366252\" class=\"google-event\" data-event-action=\"telefonnummer_geklickt\" data-event-category=\"Kontakt\" data-event-label=\"+491625366252\">+49 (0) 162 5366252<\/a><\/p>\n<p><\/a><\/p>\n<\/div>\n<p><!--more--><br \/>\n<!-- {\"type\":\"layout\",\"children\":[{\"type\":\"section\",\"props\":{\"image\":\"wp-content\\\/uploads\\\/2024\\\/12\\\/amserv_Header_Karriere.jpg\",\"image_position\":\"center-center\",\"image_size\":\"cover\",\"padding\":\"xlarge\",\"padding_remove_bottom\":false,\"padding_remove_top\":false,\"style\":\"default\",\"title_breakpoint\":\"xl\",\"title_position\":\"top-left\",\"title_rotation\":\"left\",\"vertical_align\":\"\",\"width\":\"\"},\"children\":[{\"type\":\"row\",\"children\":[{\"type\":\"column\",\"props\":{\"image_position\":\"center-center\",\"position_sticky_breakpoint\":\"m\"}}]}],\"name\":\"Headerbild\"},{\"type\":\"section\",\"props\":{\"image_position\":\"center-center\",\"padding\":\"none\",\"style\":\"muted\",\"title_breakpoint\":\"xl\",\"title_position\":\"top-left\",\"title_rotation\":\"left\",\"vertical_align\":\"\",\"width\":\"default\"},\"children\":[{\"type\":\"row\",\"children\":[{\"type\":\"column\",\"props\":{\"image_position\":\"center-center\",\"position_sticky_breakpoint\":\"m\"},\"children\":[{\"type\":\"breadcrumbs\",\"props\":{\"home_text\":\"Home\",\"show_current\":true,\"show_home\":true}}]}]}],\"name\":\"Breadcrumbs\"},{\"type\":\"section\",\"props\":{\"image_position\":\"center-center\",\"padding\":\"small\",\"padding_remove_bottom\":false,\"style\":\"default\",\"title_breakpoint\":\"xl\",\"title_position\":\"top-left\",\"title_rotation\":\"left\",\"vertical_align\":\"\",\"width\":\"default\"},\"children\":[{\"type\":\"row\",\"props\":{\"layout\":\"2-3,1-3\"},\"children\":[{\"type\":\"column\",\"props\":{\"image_position\":\"center-center\",\"position_sticky_breakpoint\":\"m\",\"width_medium\":\"2-3\"},\"children\":[{\"type\":\"headline\",\"props\":{\"content\":\"\",\"title_element\":\"h1\"}},{\"type\":\"text\",\"props\":{\"column_breakpoint\":\"m\",\"content\":\"\",\"margin\":\"default\",\"margin_remove_top\":true}},{\"type\":\"text\",\"props\":{\"column_breakpoint\":\"m\",\"content\":\"\n\n<h3>Willkommen auf unserer Karriereseite!<\\\/h3>\\n\n\n<p>Wir freuen uns, dass Sie sich f\\u00fcr eine Karriere bei uns interessieren. Als modernes Unternehmen bieten wir Ihnen vielf\\u00e4ltige M\\u00f6glichkeiten, sich beruflich weiterzuentwickeln und Ihre F\\u00e4higkeiten in einem inspirierenden Umfeld einzubringen.<\\\/p>\\n\n\n<p>Ganz gleich, ob Sie am Anfang Ihrer Karriere stehen oder bereits \\u00fcber langj\\u00e4hrige Erfahrung verf\\u00fcgen \\u2013 bei uns finden Sie die Chance, neue Wege zu gehen, Verantwortung zu \\u00fcbernehmen und Teil eines engagierten Teams zu werden.<\\\/p>\\n\n\n<p><strong>Beste M\\u00f6glichkeiten f\\u00fcr Ihre Karriere \\u2013 Jetzt AMServ als Arbeitgeber kennenlernen und bewerben!<\\\/strong><\\\/p>\",\"margin\":\"default\"}},{\"type\":\"image\",\"props\":{\"animation\":\"none\",\"class\":\"hoverzoom\",\"image\":\"wp-content\\\/uploads\\\/2024\\\/12\\\/AMServ_Kachel_Arbeitgeber.jpg\",\"image_svg_color\":\"emphasis\",\"link\":\"unternehmen\\\/karriere\\\/amserv-als-arbeitgeber\\\/\",\"margin\":\"large\",\"margin_remove_bottom\":true}},{\"type\":\"image\",\"props\":{\"class\":\"hoverzoom\",\"image\":\"wp-content\\\/uploads\\\/2024\\\/12\\\/AMServ_Kachel_Stellen.jpg\",\"image_svg_color\":\"emphasis\",\"link\":\"unternehmen\\\/karriere\\\/stellenangebote-fach-und-fuehrungskraefte\\\/\",\"margin\":\"small\"}},{\"type\":\"image\",\"props\":{\"class\":\"hoverzoom\",\"image\":\"wp-content\\\/uploads\\\/2025\\\/10\\\/Kachel_Azubis-Studierende_25.jpg\",\"image_svg_color\":\"emphasis\",\"link\":\"unternehmen\\\/karriere\\\/auszubildende-und-studierende\\\/\",\"margin\":\"large\",\"margin_remove_top\":true}},{\"type\":\"text\",\"props\":{\"column_breakpoint\":\"m\",\"content\":\"[smartslider3 slider=\\\"19\\\"]\",\"margin\":\"default\"},\"name\":\"Slider eingebettet (via Shortcode)\"}]},{\"type\":\"column\",\"props\":{\"image_position\":\"center-center\",\"position_sticky\":\"column\",\"position_sticky_breakpoint\":\"m\",\"position_sticky_offset\":\"80\",\"width_medium\":\"1-3\"},\"children\":[{\"type\":\"headline\",\"props\":{\"content\":\"Kontakt\",\"title_element\":\"h4\"}},{\"type\":\"image\",\"props\":{\"image\":\"wp-content\\\/uploads\\\/2024\\\/11\\\/amserv_patrick-beck.jpg\",\"image_svg_color\":\"emphasis\",\"margin\":\"default\",\"maxwidth\":\"medium\"}},{\"type\":\"text\",\"props\":{\"column_breakpoint\":\"m\",\"content\":\"\n\n<p><strong>AMServ Gruppe<\\\/strong><br \\\/>Patrick Beck<br \\\/>Leiter Personal<\\\/p>\",\"margin\":\"small\"}},{\"type\":\"list\",\"props\":{\"class\":\"sidebarContactList\",\"column_breakpoint\":\"m\",\"icon_color\":\"emphasis\",\"icon_width\":\"25\",\"image_align\":\"left\",\"image_svg_color\":\"emphasis\",\"image_svg_inline\":true,\"image_vertical_align\":false,\"image_width\":\"18\",\"list_element\":\"ul\",\"list_horizontal_separator\":\", \",\"list_type\":\"vertical\",\"show_image\":true,\"show_link\":true},\"children\":[{\"type\":\"list_item\",\"props\":{\"content\":\"\n\n<p><a href=\\\"tel:+491625366252\\\" class=\\\"google-event\\\" data-event-action=\\\"telefonnummer_geklickt\\\" data-event-category=\\\"Kontakt\\\" data-event-label=\\\"+491625366252\\\">+49 (0) 162 5366252<\\\/a><\\\/p>\",\"icon\":\"\",\"image\":\"wp-content\\\/uploads\\\/2024\\\/03\\\/phone.svg\",\"link\":\"tel:+498000267378\"}}],\"name\":\"Liste-Kontakt-Bewerbung\"}]}]}],\"name\":\"Zweispaltig\"}],\"version\":\"4.5.25\"} --><\/p>\n","protected":false},"excerpt":{"rendered":"<p>Willkommen auf unserer Karriereseite! Wir freuen uns, dass Sie sich f\u00fcr eine Karriere bei uns interessieren. Als modernes Unternehmen bieten wir Ihnen vielf\u00e4ltige M\u00f6glichkeiten, sich beruflich weiterzuentwickeln und Ihre F\u00e4higkeiten in einem inspirierenden Umfeld einzubringen. Ganz gleich, ob Sie am Anfang Ihrer Karriere stehen oder bereits \u00fcber langj\u00e4hrige Erfahrung verf\u00fcgen \u2013 bei uns finden Sie [&#8230;]<\/p>\n<p><a class=\"el-content uk-button uk-button-primary uk-margin-remove-bottom excerpt\" href=\"https:\/\/www.amserv.de\/fr\/societe\/carriere\/\">Continuer&#8230;<\/a><\/p>\n","protected":false},"author":2,"featured_media":0,"parent":33,"menu_order":0,"comment_status":"closed","ping_status":"closed","template":"","meta":{"footnotes":""},"class_list":["post-2116","page","type-page","status-publish","hentry"],"_links":{"self":[{"href":"https:\/\/www.amserv.de\/fr\/wp-json\/wp\/v2\/pages\/2116","targetHints":{"allow":["GET"]}}],"collection":[{"href":"https:\/\/www.amserv.de\/fr\/wp-json\/wp\/v2\/pages"}],"about":[{"href":"https:\/\/www.amserv.de\/fr\/wp-json\/wp\/v2\/types\/page"}],"author":[{"embeddable":true,"href":"https:\/\/www.amserv.de\/fr\/wp-json\/wp\/v2\/users\/2"}],"replies":[{"embeddable":true,"href":"https:\/\/www.amserv.de\/fr\/wp-json\/wp\/v2\/comments?post=2116"}],"version-history":[{"count":45,"href":"https:\/\/www.amserv.de\/fr\/wp-json\/wp\/v2\/pages\/2116\/revisions"}],"predecessor-version":[{"id":3168,"href":"https:\/\/www.amserv.de\/fr\/wp-json\/wp\/v2\/pages\/2116\/revisions\/3168"}],"up":[{"embeddable":true,"href":"https:\/\/www.amserv.de\/fr\/wp-json\/wp\/v2\/pages\/33"}],"wp:attachment":[{"href":"https:\/\/www.amserv.de\/fr\/wp-json\/wp\/v2\/media?parent=2116"}],"curies":[{"name":"wp","href":"https:\/\/api.w.org\/{rel}","templated":true}]}}