{"id":2135,"date":"2024-11-27T10:58:26","date_gmt":"2024-11-27T09:58:26","guid":{"rendered":"https:\/\/www.amserv.de\/?page_id=2135"},"modified":"2025-09-15T16:12:45","modified_gmt":"2025-09-15T14:12:45","slug":"stellenangebote-fach-und-fuehrungskraefte","status":"publish","type":"page","link":"https:\/\/www.amserv.de\/fr\/societe\/carriere\/stellenangebote-fach-und-fuehrungskraefte\/","title":{"rendered":"Stellenangebote Fach- und F\u00fchrungskr\u00e4fte"},"content":{"rendered":"<h1><span>Unsere Stellenangebote<\/span><\/h1>\n<div>\n<p><strong>\u00a0<\/strong><\/p>\n<\/div>\n<div>\n<p>Wir suchen Fach- und F\u00fchrungskr\u00e4fte (m\/w\/d), die mit Leidenschaft und Innovation die Zukunft gestalten wollen. Bei uns finden Sie nicht nur spannende Projekte, sondern auch vielf\u00e4ltige M\u00f6glichkeiten zur pers\u00f6nlichen und beruflichen Weiterentwicklung. Wenn Sie Wert auf Zusammenarbeit, Wachstum und eine Kultur der kontinuierlichen Verbesserung legen, dann sind Sie bei uns genau richtig.<\/p>\n<p><strong>Gestalten Sie gemeinsam mit uns den Erfolg von morgen \u2013 wir freuen uns auf Ihre Bewerbung \u00fcber unser Bewerbungsformular!<\/strong><\/p>\n<\/p>\n<\/div>\n<h4>Kontakt<\/h4>\n<p><img decoding=\"async\" src=\"\/wp-content\/uploads\/2024\/11\/amserv_patrick-beck.jpg\" alt=\"\"><\/p>\n<div>\n<p><strong>AMServ Gruppe<\/strong><br \/>Patrick Beck<br \/>Leiter Personal<\/p>\n<\/div>\n<div>\n<p>    <img decoding=\"async\" src=\"\/wp-content\/uploads\/2024\/03\/phone.svg\" alt=\"\"><\/p>\n<p><a href=\"tel:+498000267378\"><\/p>\n<p><a href=\"tel:+491625366252\" class=\"google-event\" data-event-action=\"telefonnummer_geklickt\" data-event-category=\"Kontakt\" data-event-label=\"+491625366252\">+49 (0) 162 5366252<\/a><\/p>\n<p><\/a><\/p>\n<\/div>\n<div>\n\t<div class=\"awsm-job-wrap\">\n\n\t\t<div class=\"awsm-filter-wrap awsm-no-search-filter-wrap\"><form action=\"https:\/\/www.amserv.de\/wp-admin\/admin-ajax.php\" method=\"POST\"><a href=\"#\" class=\"awsm-filter-toggle\" role=\"button\" aria-pressed=\"false\"><span class=\"awsm-filter-toggle-text-wrapper\">Filter by<\/span><svg width=\"100\" height=\"100\" viewBox=\"0 0 100 100\" xmlns=\"http:\/\/www.w3.org\/2000\/svg\" version=\"1.1\" preserveAspectRatio=\"xMinYMin\"><path xmlns=\"http:\/\/www.w3.org\/2000\/svg\" fill=\"rgb(9.803922%,9.803922%,9.803922%)\" d=\"M 36.417969 19.9375 L 36.417969 17.265625 C 36.417969 16.160156 35.523438 15.265625 34.417969 15.265625 L 21.578125 15.265625 C 20.476562 15.265625 19.578125 16.160156 19.578125 17.265625 L 19.578125 19.9375 L 11 19.9375 L 11 26.9375 L 19.578125 26.9375 L 19.578125 30.105469 C 19.578125 31.210938 20.476562 32.105469 21.578125 32.105469 L 34.417969 32.105469 C 35.523438 32.105469 36.417969 31.210938 36.417969 30.105469 L 36.417969 26.9375 L 89 26.9375 L 89 19.9375 Z M 58.421875 43.578125 C 58.421875 42.476562 57.527344 41.578125 56.421875 41.578125 L 43.582031 41.578125 C 42.480469 41.578125 41.582031 42.476562 41.582031 43.578125 L 41.582031 46.5 L 11 46.5 L 11 53.5 L 41.582031 53.5 L 41.582031 56.421875 C 41.582031 57.527344 42.480469 58.421875 43.582031 58.421875 L 56.421875 58.421875 C 57.527344 58.421875 58.421875 57.527344 58.421875 56.421875 L 58.421875 53.5 L 89 53.5 L 89 46.5 L 58.421875 46.5 Z M 80.417969 70.140625 C 80.417969 69.035156 79.523438 68.140625 78.417969 68.140625 L 65.578125 68.140625 C 64.476562 68.140625 63.578125 69.035156 63.578125 70.140625 L 63.578125 73.0625 L 11 73.0625 L 11 80.0625 L 63.578125 80.0625 L 63.578125 82.984375 C 63.578125 84.085938 64.476562 84.984375 65.578125 84.984375 L 78.417969 84.984375 C 79.523438 84.984375 80.417969 84.085938 80.417969 82.984375 L 80.417969 80.0625 L 89 80.0625 L 89 73.0625 L 80.417969 73.0625 Z M 80.417969 70.140625\"\/><\/svg><\/a><div class=\"awsm-filter-items\"><div class=\"awsm-filter-item\" data-filter=\"job__location_spec\"><label for=\"awsm-job-location-filter-option-1\" class=\"awsm-sr-only\">&nbsp; Standort &nbsp;<\/label><select name=\"awsm_job_spec[job-location]\" class=\"awsm-filter-option awsm-job-location-filter-option\" id=\"awsm-job-location-filter-option-1\" aria-label=\"&nbsp; Standort &nbsp;\"><option value=\"\">&nbsp; Standort &nbsp;<\/option><option value=\"16\" data-slug=\"halle\">Halle<\/option><option value=\"31\" data-slug=\"hamburg\">Hamburg<\/option><option value=\"23\" data-slug=\"neusaess\">Neus\u00e4\u00df<\/option><option value=\"18\" data-slug=\"schiffweiler\">Schiffweiler<\/option><\/select><\/div><div class=\"awsm-filter-item\" data-filter=\"job__category_spec\"><label for=\"awsm-job-category-filter-option-1\" class=\"awsm-sr-only\">&nbsp; Jobkategorie &nbsp;<\/label><select name=\"awsm_job_spec[job-category]\" class=\"awsm-filter-option awsm-job-category-filter-option\" id=\"awsm-job-category-filter-option-1\" aria-label=\"&nbsp; Jobkategorie &nbsp;\"><option value=\"\">&nbsp; Jobkategorie &nbsp;<\/option><option value=\"34\" data-slug=\"auftragsabwicklung\">Auftragsabwicklung<\/option><option value=\"32\" data-slug=\"fertigung-produktion\">Fertigung\/Produktion<\/option><option value=\"41\" data-slug=\"industriekaufleute\">Industriekaufleute<\/option><\/select><\/div><div class=\"awsm-filter-item\" data-filter=\"job__target__group_spec\"><label for=\"awsm-job-target-group-filter-option-1\" class=\"awsm-sr-only\">&nbsp; Zielgruppe &nbsp;<\/label><select name=\"awsm_job_spec[job-target-group]\" class=\"awsm-filter-option awsm-job-target-group-filter-option\" id=\"awsm-job-target-group-filter-option-1\" aria-label=\"&nbsp; Zielgruppe &nbsp;\"><option value=\"\">&nbsp; Zielgruppe &nbsp;<\/option><option value=\"21\" data-slug=\"auszubildende\">Auszubildende<\/option><option value=\"36\" data-slug=\"fach-und-fuehrungskraefte\">Fach- und F\u00fchrungskr\u00e4fte<\/option><option value=\"33\" data-slug=\"studierende\">Studierende<\/option><\/select><\/div><\/div><input type=\"hidden\" name=\"action\" value=\"jobfilter\"><\/form><\/div>\n\t\t<div class=\"awsm-job-listings awsm-lists\" data-listings=\"10\" data-specs=\"|orderby:title ASC\">\n\t\t\t\t\t<div class=\"awsm-job-listing-item awsm-list-item\" id=\"awsm-list-item-2274\">\t\t<div class=\"awsm-job-item\">\t\t\t<div class=\"awsm-list-left-col\">\n\t\t\t\t\n\t\t\t\t\n\t\t\t\t<h2 class=\"awsm-job-post-title\">\n\t\t\t\t\t<a href=\"https:\/\/www.amserv.de\/fr\/jobs\/ausbildung-zum-elektroniker-m-w-d-fuer-maschinen-und-antriebstechnik\/\">Ausbildung zum Elektroniker (m\/w\/d) f\u00fcr Maschinen- und Antriebstechnik<\/a>\t\t\t\t<\/h2>\n\n\t\t\t\t\t\t\t<\/div>\n\n\t\t\t<div class=\"awsm-list-right-col\">\n\t\t\t\t<div class=\"awsm-job-specification-wrapper\"><div class=\"awsm-job-specification-item awsm-job-specification-job-location\"><span class=\"awsm-job-specification-term\">Halle<\/span> <span class=\"awsm-job-specification-term\">Hamburg<\/span> <span class=\"awsm-job-specification-term\">Neus\u00e4\u00df<\/span> <span class=\"awsm-job-specification-term\">Schiffweiler<\/span> <\/div><div class=\"awsm-job-specification-item awsm-job-specification-job-category\"><span class=\"awsm-job-specification-term\">Fertigung\/Produktion<\/span> <\/div><div class=\"awsm-job-specification-item awsm-job-specification-job-target-group\"><span class=\"awsm-job-specification-term\">Auszubildende<\/span> <span class=\"awsm-job-specification-term\">Studierende<\/span> <\/div><\/div><div class=\"awsm-job-more-container\"><a class=\"awsm-job-more\" href=\"https:\/\/www.amserv.de\/fr\/jobs\/ausbildung-zum-elektroniker-m-w-d-fuer-maschinen-und-antriebstechnik\/\">&nbsp; <span><\/span><\/a><\/div>\t\t\t<\/div>\n\t\t<\/div>\t<\/div><div class=\"awsm-job-listing-item awsm-list-item\" id=\"awsm-list-item-3381\">\t\t<div class=\"awsm-job-item\">\t\t\t<div class=\"awsm-list-left-col\">\n\t\t\t\t\n\t\t\t\t\n\t\t\t\t<h2 class=\"awsm-job-post-title\">\n\t\t\t\t\t<a href=\"https:\/\/www.amserv.de\/fr\/jobs\/indsustriekaufleute-m-w-d\/\">Ausbildung zum Industriekaufmann \/ zur Industriekauffrau (m\/w\/d)<\/a>\t\t\t\t<\/h2>\n\n\t\t\t\t\t\t\t<\/div>\n\n\t\t\t<div class=\"awsm-list-right-col\">\n\t\t\t\t<div class=\"awsm-job-specification-wrapper\"><div class=\"awsm-job-specification-item awsm-job-specification-job-location\"><span class=\"awsm-job-specification-term\">Hamburg<\/span> <span class=\"awsm-job-specification-term\">Neus\u00e4\u00df<\/span> <\/div><div class=\"awsm-job-specification-item awsm-job-specification-job-category\"><span class=\"awsm-job-specification-term\">Industriekaufleute<\/span> <\/div><div class=\"awsm-job-specification-item awsm-job-specification-job-target-group\"><span class=\"awsm-job-specification-term\">Auszubildende<\/span> <\/div><\/div><div class=\"awsm-job-more-container\"><a class=\"awsm-job-more\" href=\"https:\/\/www.amserv.de\/fr\/jobs\/indsustriekaufleute-m-w-d\/\">&nbsp; <span><\/span><\/a><\/div>\t\t\t<\/div>\n\t\t<\/div>\t<\/div><div class=\"awsm-job-listing-item awsm-list-item\" id=\"awsm-list-item-2336\">\t\t<div class=\"awsm-job-item\">\t\t\t<div class=\"awsm-list-left-col\">\n\t\t\t\t\n\t\t\t\t\n\t\t\t\t<h2 class=\"awsm-job-post-title\">\n\t\t\t\t\t<a href=\"https:\/\/www.amserv.de\/fr\/jobs\/ausbildung-mechatroniker\/\">Ausbildung zum Mechatroniker (m\/w\/d)<\/a>\t\t\t\t<\/h2>\n\n\t\t\t\t\t\t\t<\/div>\n\n\t\t\t<div class=\"awsm-list-right-col\">\n\t\t\t\t<div class=\"awsm-job-specification-wrapper\"><div class=\"awsm-job-specification-item awsm-job-specification-job-location\"><span class=\"awsm-job-specification-term\">Neus\u00e4\u00df<\/span> <\/div><div class=\"awsm-job-specification-item awsm-job-specification-job-target-group\"><span class=\"awsm-job-specification-term\">Auszubildende<\/span> <\/div><\/div><div class=\"awsm-job-more-container\"><a class=\"awsm-job-more\" href=\"https:\/\/www.amserv.de\/fr\/jobs\/ausbildung-mechatroniker\/\">&nbsp; <span><\/span><\/a><\/div>\t\t\t<\/div>\n\t\t<\/div>\t<\/div><div class=\"awsm-job-listing-item awsm-list-item\" id=\"awsm-list-item-2211\">\t\t<div class=\"awsm-job-item\">\t\t\t<div class=\"awsm-list-left-col\">\n\t\t\t\t\n\t\t\t\t\n\t\t\t\t<h2 class=\"awsm-job-post-title\">\n\t\t\t\t\t<a href=\"https:\/\/www.amserv.de\/fr\/jobs\/elektroniker-elektromaschinenbauer-m-w-d-wickelei\/\">Elektroniker \/ Elektromaschinenbauer (m\/w\/d) f\u00fcr unsere Motorenwickelei<\/a>\t\t\t\t<\/h2>\n\n\t\t\t\t\t\t\t<\/div>\n\n\t\t\t<div class=\"awsm-list-right-col\">\n\t\t\t\t<div class=\"awsm-job-specification-wrapper\"><div class=\"awsm-job-specification-item awsm-job-specification-job-location\"><span class=\"awsm-job-specification-term\">Hamburg<\/span> <span class=\"awsm-job-specification-term\">Neus\u00e4\u00df<\/span> <span class=\"awsm-job-specification-term\">Schiffweiler<\/span> <\/div><div class=\"awsm-job-specification-item awsm-job-specification-job-category\"><span class=\"awsm-job-specification-term\">Fertigung\/Produktion<\/span> <\/div><div class=\"awsm-job-specification-item awsm-job-specification-job-target-group\"><span class=\"awsm-job-specification-term\">Fach- und F\u00fchrungskr\u00e4fte<\/span> <\/div><\/div><div class=\"awsm-job-more-container\"><a class=\"awsm-job-more\" href=\"https:\/\/www.amserv.de\/fr\/jobs\/elektroniker-elektromaschinenbauer-m-w-d-wickelei\/\">&nbsp; <span><\/span><\/a><\/div>\t\t\t<\/div>\n\t\t<\/div>\t<\/div><div class=\"awsm-job-listing-item awsm-list-item\" id=\"awsm-list-item-2230\">\t\t<div class=\"awsm-job-item\">\t\t\t<div class=\"awsm-list-left-col\">\n\t\t\t\t\n\t\t\t\t\n\t\t\t\t<h2 class=\"awsm-job-post-title\">\n\t\t\t\t\t<a href=\"https:\/\/www.amserv.de\/fr\/jobs\/industriemechaniker-m-w-d-schlosser-m-w-d\/\">Industriemechaniker \/ Schlosser (m\/w\/d) Generatoren &#038; Motoren<\/a>\t\t\t\t<\/h2>\n\n\t\t\t\t\t\t\t<\/div>\n\n\t\t\t<div class=\"awsm-list-right-col\">\n\t\t\t\t<div class=\"awsm-job-specification-wrapper\"><div class=\"awsm-job-specification-item awsm-job-specification-job-location\"><span class=\"awsm-job-specification-term\">Hamburg<\/span> <\/div><div class=\"awsm-job-specification-item awsm-job-specification-job-category\"><span class=\"awsm-job-specification-term\">Fertigung\/Produktion<\/span> <\/div><div class=\"awsm-job-specification-item awsm-job-specification-job-target-group\"><span class=\"awsm-job-specification-term\">Fach- und F\u00fchrungskr\u00e4fte<\/span> <\/div><\/div><div class=\"awsm-job-more-container\"><a class=\"awsm-job-more\" href=\"https:\/\/www.amserv.de\/fr\/jobs\/industriemechaniker-m-w-d-schlosser-m-w-d\/\">&nbsp; <span><\/span><\/a><\/div>\t\t\t<\/div>\n\t\t<\/div>\t<\/div><div class=\"awsm-job-listing-item awsm-list-item\" id=\"awsm-list-item-3463\">\t\t<div class=\"awsm-job-item\">\t\t\t<div class=\"awsm-list-left-col\">\n\t\t\t\t\n\t\t\t\t\n\t\t\t\t<h2 class=\"awsm-job-post-title\">\n\t\t\t\t\t<a href=\"https:\/\/www.amserv.de\/fr\/jobs\/kaufmaennischer-sachbearbeiter-m-w-d-auftragsabwicklung\/\">Kaufm\u00e4nnischer Sachbearbeiter (m\/w\/d) \/ Auftragsabwicklung<\/a>\t\t\t\t<\/h2>\n\n\t\t\t\t\t\t\t<\/div>\n\n\t\t\t<div class=\"awsm-list-right-col\">\n\t\t\t\t<div class=\"awsm-job-specification-wrapper\"><div class=\"awsm-job-specification-item awsm-job-specification-job-location\"><span class=\"awsm-job-specification-term\">Neus\u00e4\u00df<\/span> <\/div><div class=\"awsm-job-specification-item awsm-job-specification-job-category\"><span class=\"awsm-job-specification-term\">Auftragsabwicklung<\/span> <\/div><div class=\"awsm-job-specification-item awsm-job-specification-job-target-group\"><span class=\"awsm-job-specification-term\">Fach- und F\u00fchrungskr\u00e4fte<\/span> <\/div><\/div><div class=\"awsm-job-more-container\"><a class=\"awsm-job-more\" href=\"https:\/\/www.amserv.de\/fr\/jobs\/kaufmaennischer-sachbearbeiter-m-w-d-auftragsabwicklung\/\">&nbsp; <span><\/span><\/a><\/div>\t\t\t<\/div>\n\t\t<\/div>\t<\/div><div class=\"awsm-job-listing-item awsm-list-item\" id=\"awsm-list-item-3450\">\t\t<div class=\"awsm-job-item\">\t\t\t<div class=\"awsm-list-left-col\">\n\t\t\t\t\n\t\t\t\t\n\t\t\t\t<h2 class=\"awsm-job-post-title\">\n\t\t\t\t\t<a href=\"https:\/\/www.amserv.de\/fr\/jobs\/leiter-m-w-d-auftragsabwicklung-service-im-elektromaschinenbau\/\">Leiter (m\/w\/d) Auftragsabwicklung &#8211; Service im Elektromaschinenbau<\/a>\t\t\t\t<\/h2>\n\n\t\t\t\t\t\t\t<\/div>\n\n\t\t\t<div class=\"awsm-list-right-col\">\n\t\t\t\t<div class=\"awsm-job-specification-wrapper\"><div class=\"awsm-job-specification-item awsm-job-specification-job-location\"><span class=\"awsm-job-specification-term\">Neus\u00e4\u00df<\/span> <\/div><div class=\"awsm-job-specification-item awsm-job-specification-job-category\"><span class=\"awsm-job-specification-term\">Auftragsabwicklung<\/span> <\/div><div class=\"awsm-job-specification-item awsm-job-specification-job-target-group\"><span class=\"awsm-job-specification-term\">Fach- und F\u00fchrungskr\u00e4fte<\/span> <\/div><\/div><div class=\"awsm-job-more-container\"><a class=\"awsm-job-more\" href=\"https:\/\/www.amserv.de\/fr\/jobs\/leiter-m-w-d-auftragsabwicklung-service-im-elektromaschinenbau\/\">&nbsp; <span><\/span><\/a><\/div>\t\t\t<\/div>\n\t\t<\/div>\t<\/div><div class=\"awsm-job-listing-item awsm-list-item\" id=\"awsm-list-item-2229\">\t\t<div class=\"awsm-job-item\">\t\t\t<div class=\"awsm-list-left-col\">\n\t\t\t\t\n\t\t\t\t\n\t\t\t\t<h2 class=\"awsm-job-post-title\">\n\t\t\t\t\t<a href=\"https:\/\/www.amserv.de\/fr\/jobs\/mechatroniker-m-w-d-elektroniker-m-w-d-fuer-unser-prueffeld\/\">Mechatroniker (m\/w\/d) \/ Elektroniker (m\/w\/d) f\u00fcr unser Pr\u00fcffeld<\/a>\t\t\t\t<\/h2>\n\n\t\t\t\t\t\t\t<\/div>\n\n\t\t\t<div class=\"awsm-list-right-col\">\n\t\t\t\t<div class=\"awsm-job-specification-wrapper\"><div class=\"awsm-job-specification-item awsm-job-specification-job-location\"><span class=\"awsm-job-specification-term\">Halle<\/span> <span class=\"awsm-job-specification-term\">Neus\u00e4\u00df<\/span> <\/div><div class=\"awsm-job-specification-item awsm-job-specification-job-category\"><span class=\"awsm-job-specification-term\">Fertigung\/Produktion<\/span> <\/div><div class=\"awsm-job-specification-item awsm-job-specification-job-target-group\"><span class=\"awsm-job-specification-term\">Fach- und F\u00fchrungskr\u00e4fte<\/span> <\/div><\/div><div class=\"awsm-job-more-container\"><a class=\"awsm-job-more\" href=\"https:\/\/www.amserv.de\/fr\/jobs\/mechatroniker-m-w-d-elektroniker-m-w-d-fuer-unser-prueffeld\/\">&nbsp; <span><\/span><\/a><\/div>\t\t\t<\/div>\n\t\t<\/div>\t<\/div><div class=\"awsm-job-listing-item awsm-list-item\" id=\"awsm-list-item-2210\">\t\t<div class=\"awsm-job-item\">\t\t\t<div class=\"awsm-list-left-col\">\n\t\t\t\t\n\t\t\t\t<div class=\"awsm-job-featured-image\"><img loading=\"lazy\" decoding=\"async\" width=\"150\" height=\"150\" src=\"https:\/\/www.amserv.de\/wp-content\/uploads\/2024\/03\/service-150x150.jpg\" class=\"attachment-thumbnail size-thumbnail\" alt=\"\" \/><\/div>\n\t\t\t\t<h2 class=\"awsm-job-post-title\">\n\t\t\t\t\t<a href=\"https:\/\/www.amserv.de\/fr\/jobs\/servicetechniker-m-w-d\/\">Servicetechniker (m\/w\/d) &#8211; Motoren und Generatoren<\/a>\t\t\t\t<\/h2>\n\n\t\t\t\t\t\t\t<\/div>\n\n\t\t\t<div class=\"awsm-list-right-col\">\n\t\t\t\t<div class=\"awsm-job-specification-wrapper\"><div class=\"awsm-job-specification-item awsm-job-specification-job-location\"><span class=\"awsm-job-specification-term\">Hamburg<\/span> <\/div><div class=\"awsm-job-specification-item awsm-job-specification-job-category\"><span class=\"awsm-job-specification-term\">Fertigung\/Produktion<\/span> <\/div><div class=\"awsm-job-specification-item awsm-job-specification-job-target-group\"><span class=\"awsm-job-specification-term\">Fach- und F\u00fchrungskr\u00e4fte<\/span> <\/div><\/div><div class=\"awsm-job-more-container\"><a class=\"awsm-job-more\" href=\"https:\/\/www.amserv.de\/fr\/jobs\/servicetechniker-m-w-d\/\">&nbsp; <span><\/span><\/a><\/div>\t\t\t<\/div>\n\t\t<\/div>\t<\/div><div class=\"awsm-job-listing-item awsm-list-item\" id=\"awsm-list-item-3461\">\t\t<div class=\"awsm-job-item\">\t\t\t<div class=\"awsm-list-left-col\">\n\t\t\t\t\n\t\t\t\t\n\t\t\t\t<h2 class=\"awsm-job-post-title\">\n\t\t\t\t\t<a href=\"https:\/\/www.amserv.de\/fr\/jobs\/teamleiter-m-w-d-fuer-unsere-motorenwickelei\/\">Teamleiter (m\/w\/d) f\u00fcr unsere Motorenwickelei<\/a>\t\t\t\t<\/h2>\n\n\t\t\t\t\t\t\t<\/div>\n\n\t\t\t<div class=\"awsm-list-right-col\">\n\t\t\t\t<div class=\"awsm-job-specification-wrapper\"><div class=\"awsm-job-specification-item awsm-job-specification-job-location\"><span class=\"awsm-job-specification-term\">Neus\u00e4\u00df<\/span> <\/div><div class=\"awsm-job-specification-item awsm-job-specification-job-category\"><span class=\"awsm-job-specification-term\">Fertigung\/Produktion<\/span> <\/div><div class=\"awsm-job-specification-item awsm-job-specification-job-target-group\"><span class=\"awsm-job-specification-term\">Fach- und F\u00fchrungskr\u00e4fte<\/span> <\/div><\/div><div class=\"awsm-job-more-container\"><a class=\"awsm-job-more\" href=\"https:\/\/www.amserv.de\/fr\/jobs\/teamleiter-m-w-d-fuer-unsere-motorenwickelei\/\">&nbsp; <span><\/span><\/a><\/div>\t\t\t<\/div>\n\t\t<\/div>\t<\/div><div class=\"awsm-jobs-pagination awsm-load-more-main\"><a href=\"#\" class=\"awsm-load-more awsm-load-more-btn\" data-page=\"1\">Weitere laden...<\/a><\/div>\t\t\t\t<\/div>\n\t<\/div>\n<\/div>\n<p><!--more--><br \/>\n<!-- {\"type\":\"layout\",\"children\":[{\"type\":\"section\",\"props\":{\"image\":\"wp-content\\\/uploads\\\/2024\\\/12\\\/amserv_Header_Stellenangebote_Fachkraefte.jpg\",\"image_position\":\"center-center\",\"image_size\":\"cover\",\"padding\":\"xlarge\",\"padding_remove_bottom\":false,\"padding_remove_top\":false,\"style\":\"default\",\"title_breakpoint\":\"xl\",\"title_position\":\"top-left\",\"title_rotation\":\"left\",\"vertical_align\":\"\",\"width\":\"\"},\"children\":[{\"type\":\"row\",\"children\":[{\"type\":\"column\",\"props\":{\"image_position\":\"center-center\",\"position_sticky_breakpoint\":\"m\"}}]}],\"name\":\"Headerbild\"},{\"type\":\"section\",\"props\":{\"image_position\":\"center-center\",\"padding\":\"none\",\"style\":\"muted\",\"title_breakpoint\":\"xl\",\"title_position\":\"top-left\",\"title_rotation\":\"left\",\"vertical_align\":\"\",\"width\":\"default\"},\"children\":[{\"type\":\"row\",\"children\":[{\"type\":\"column\",\"props\":{\"image_position\":\"center-center\",\"position_sticky_breakpoint\":\"m\"},\"children\":[{\"type\":\"breadcrumbs\",\"props\":{\"home_text\":\"Home\",\"show_current\":true,\"show_home\":true}}]}]}],\"name\":\"Breadcrumbs\"},{\"type\":\"section\",\"props\":{\"image_position\":\"center-center\",\"padding\":\"small\",\"padding_remove_bottom\":false,\"style\":\"default\",\"title_breakpoint\":\"xl\",\"title_position\":\"top-left\",\"title_rotation\":\"left\",\"vertical_align\":\"\",\"width\":\"default\"},\"children\":[{\"type\":\"row\",\"props\":{\"layout\":\"2-3,1-3\"},\"children\":[{\"type\":\"column\",\"props\":{\"image_position\":\"center-center\",\"position_sticky_breakpoint\":\"m\",\"width_medium\":\"2-3\"},\"children\":[{\"type\":\"headline\",\"props\":{\"content\":\"<span>Unsere Stellenangebote<\\\/span>\",\"title_element\":\"h1\"}},{\"type\":\"text\",\"props\":{\"column_breakpoint\":\"m\",\"content\":\"\n\n<p><strong>\\u00a0<\\\/strong><\\\/p>\",\"margin\":\"default\",\"margin_remove_top\":true}},{\"type\":\"text\",\"props\":{\"column_breakpoint\":\"m\",\"content\":\"\n\n<p>Wir suchen Fach- und F\\u00fchrungskr\\u00e4fte (m\\\/w\\\/d), die mit Leidenschaft und Innovation die Zukunft gestalten wollen. Bei uns finden Sie nicht nur spannende Projekte, sondern auch vielf\\u00e4ltige M\\u00f6glichkeiten zur pers\\u00f6nlichen und beruflichen Weiterentwicklung. Wenn Sie Wert auf Zusammenarbeit, Wachstum und eine Kultur der kontinuierlichen Verbesserung legen, dann sind Sie bei uns genau richtig.<\\\/p>\\n\n\n<p><strong>Gestalten Sie gemeinsam mit uns den Erfolg von morgen \\u2013 wir freuen uns auf Ihre Bewerbung \\u00fcber unser Bewerbungsformular!<\\\/strong><\\\/p>\\n\n\n<p><\\\/p>\",\"margin\":\"default\"}}]},{\"type\":\"column\",\"props\":{\"image_position\":\"center-center\",\"position_sticky\":\"column\",\"position_sticky_breakpoint\":\"m\",\"position_sticky_offset\":\"80\",\"width_medium\":\"1-3\"},\"children\":[{\"type\":\"headline\",\"props\":{\"content\":\"Kontakt\",\"title_element\":\"h4\"}},{\"type\":\"image\",\"props\":{\"image\":\"wp-content\\\/uploads\\\/2024\\\/11\\\/amserv_patrick-beck.jpg\",\"image_svg_color\":\"emphasis\",\"margin\":\"default\",\"maxwidth\":\"medium\"}},{\"type\":\"text\",\"props\":{\"column_breakpoint\":\"m\",\"content\":\"\n\n<p><strong>AMServ Gruppe<\\\/strong><br \\\/>Patrick Beck<br \\\/>Leiter Personal<\\\/p>\",\"margin\":\"small\"}},{\"type\":\"list\",\"props\":{\"class\":\"sidebarContactList\",\"column_breakpoint\":\"m\",\"icon_color\":\"emphasis\",\"icon_width\":\"25\",\"image_align\":\"left\",\"image_svg_color\":\"emphasis\",\"image_svg_inline\":true,\"image_vertical_align\":false,\"image_width\":\"18\",\"list_element\":\"ul\",\"list_horizontal_separator\":\", \",\"list_type\":\"vertical\",\"show_image\":true,\"show_link\":true},\"children\":[{\"type\":\"list_item\",\"props\":{\"content\":\"\n\n<p><a href=\\\"tel:+491625366252\\\" class=\\\"google-event\\\" data-event-action=\\\"telefonnummer_geklickt\\\" data-event-category=\\\"Kontakt\\\" data-event-label=\\\"+491625366252\\\">+49 (0) 162 5366252<\\\/a><\\\/p>\",\"icon\":\"\",\"image\":\"wp-content\\\/uploads\\\/2024\\\/03\\\/phone.svg\",\"link\":\"tel:+498000267378\"}}],\"name\":\"Liste-Kontakt-Bewerbung\"}]}]}],\"name\":\"Zweispaltig\"},{\"type\":\"section\",\"props\":{\"header_transparent\":false,\"id\":\"listing\",\"image_position\":\"center-center\",\"preserve_color\":true,\"style\":\"secondary\",\"title_breakpoint\":\"xl\",\"title_position\":\"top-left\",\"title_rotation\":\"left\",\"vertical_align\":\"\",\"width\":\"default\"},\"children\":[{\"type\":\"row\",\"children\":[{\"type\":\"column\",\"props\":{\"image_position\":\"center-center\",\"position_sticky_breakpoint\":\"m\"},\"children\":[{\"type\":\"html\",\"props\":{\"content\":\"[awsmjobs orderby=\\\"title\\\" order=\\\"ASC\\\"]\",\"id\":\"listings\"}}]}]}],\"name\":\"Grid Stellenanzeigen\"}],\"version\":\"4.5.25\"} --><\/p>\n","protected":false},"excerpt":{"rendered":"<p>Unsere Stellenangebote \u00a0 Wir suchen Fach- und F\u00fchrungskr\u00e4fte (m\/w\/d), die mit Leidenschaft und Innovation die Zukunft gestalten wollen. Bei uns finden Sie nicht nur spannende Projekte, sondern auch vielf\u00e4ltige M\u00f6glichkeiten zur pers\u00f6nlichen und beruflichen Weiterentwicklung. Wenn Sie Wert auf Zusammenarbeit, Wachstum und eine Kultur der kontinuierlichen Verbesserung legen, dann sind Sie bei uns genau richtig. [&#8230;]<\/p>\n<p><a class=\"el-content uk-button uk-button-primary uk-margin-remove-bottom excerpt\" href=\"https:\/\/www.amserv.de\/fr\/jobs\/teamleiter-m-w-d-fuer-unsere-motorenwickelei\/\">Continuer&#8230;<\/a><\/p>\n","protected":false},"author":2,"featured_media":0,"parent":2116,"menu_order":0,"comment_status":"closed","ping_status":"closed","template":"","meta":{"footnotes":""},"class_list":["post-2135","page","type-page","status-publish","hentry"],"_links":{"self":[{"href":"https:\/\/www.amserv.de\/fr\/wp-json\/wp\/v2\/pages\/2135","targetHints":{"allow":["GET"]}}],"collection":[{"href":"https:\/\/www.amserv.de\/fr\/wp-json\/wp\/v2\/pages"}],"about":[{"href":"https:\/\/www.amserv.de\/fr\/wp-json\/wp\/v2\/types\/page"}],"author":[{"embeddable":true,"href":"https:\/\/www.amserv.de\/fr\/wp-json\/wp\/v2\/users\/2"}],"replies":[{"embeddable":true,"href":"https:\/\/www.amserv.de\/fr\/wp-json\/wp\/v2\/comments?post=2135"}],"version-history":[{"count":21,"href":"https:\/\/www.amserv.de\/fr\/wp-json\/wp\/v2\/pages\/2135\/revisions"}],"predecessor-version":[{"id":3131,"href":"https:\/\/www.amserv.de\/fr\/wp-json\/wp\/v2\/pages\/2135\/revisions\/3131"}],"up":[{"embeddable":true,"href":"https:\/\/www.amserv.de\/fr\/wp-json\/wp\/v2\/pages\/2116"}],"wp:attachment":[{"href":"https:\/\/www.amserv.de\/fr\/wp-json\/wp\/v2\/media?parent=2135"}],"curies":[{"name":"wp","href":"https:\/\/api.w.org\/{rel}","templated":true}]}}