{"id":239,"date":"2024-02-28T23:48:19","date_gmt":"2024-02-28T22:48:19","guid":{"rendered":"https:\/\/www.amserv.de\/?page_id=239"},"modified":"2026-04-13T15:32:37","modified_gmt":"2026-04-13T13:32:37","slug":"elektromotoren-reparatur-wartung-instandsetzung","status":"publish","type":"page","link":"https:\/\/www.amserv.de\/fr\/service\/moteurs-electriques\/","title":{"rendered":"Moteurs \u00e9lectriques"},"content":{"rendered":"<h1>Reparatur, Wartung und Instandsetzung von Elektromotoren<\/h1>\n<div>\n<p><strong>Nutzen Sie unsere Flexibilit\u00e4t und Schnelligkeit bei allen Serviceaktivit\u00e4ten und Reparaturen rund um Gleichstrom-, Nieder- und Hochspannungsmotoren aller Art.<\/strong><\/p>\n<\/div>\n<div>\n<p>Durch unsere Herstellerunabh\u00e4ngigkeit sind wir Ihr kompetenter Partner, bei der Wartung und Instandsetzung folgender Motoren:<\/p>\n<\/div>\n<ul>\n<li>\n<div>Nieder- und Hochspannungsmotoren<\/div>\n<\/li>\n<li>\n<div>Gleichstrommotoren<\/div>\n<\/li>\n<li>\n<div>Umformers\u00e4tze<\/div>\n<\/li>\n<li>\n<div>Mittelfrequenzumformer<\/div>\n<\/li>\n<li>\n<div>Erregermaschinen<\/div>\n<\/li>\n<li>\n<div>Kranmotoren<\/div>\n<\/li>\n<li>\n<div>Servoantriebe<\/div>\n<\/li>\n<li>\n<div>Und vieles mehr\u2026<\/div>\n<\/li>\n<\/ul>\n<div>Wir nehmen den Schaden auf und beraten Sie, ob die Reparatur oder der Austausch sinnvoll ist, damit Sie eine optimale Entscheidung treffen k\u00f6nnen.<\/div>\n<h4>Unsere Serviceleistungen umfassen:<\/h4>\n<ul>\n<li>\n<div>Zustandserfassung<\/div>\n<\/li>\n<li>\n<div>Revisionen vor Ort<\/div>\n<\/li>\n<li>\n<div>Wicklungsreinigungen (auch vor Ort)<\/div>\n<\/li>\n<li>\n<div>\u00dcberdrehen von Kollektoren und Schleifringen (auch vor Ort)<\/div>\n<\/li>\n<li>\n<div>Erneuerung der B\u00fcrstenhalter und Kohleb\u00fcrsten<\/div>\n<\/li>\n<li>\n<div>Wuchten\/ Betriebswuchten an eingebauten Maschinen<\/div>\n<\/li>\n<li>\n<div>Neuwicklung von Niederspannungsmotoren aller Art<\/div>\n<\/li>\n<li>\n<div>Neuwicklung von Hochspannungsmotoren in moderner VPI- oder klassischer Resin-Rich-Technologie<\/div>\n<\/li>\n<li>\n<div>Erneuerung von Blechpaketen<\/div>\n<\/li>\n<li>\n<div>Neuaufbau von Schleifringk\u00f6rpern<\/div>\n<\/li>\n<li>\n<div>Einbau von Thermof\u00fchlern in Wicklungen und zur Lager\u00fcberwachung<\/div>\n<\/li>\n<li>\n<div>Anbau von Klemmenk\u00e4sten<\/div>\n<\/li>\n<li>\n<div>Leistungserh\u00f6hung<\/div>\n<\/li>\n<li>\n<div>Modernisierungen<\/div>\n<\/li>\n<li>\n<div>Wirkungsgradverbesserungen<\/div>\n<\/li>\n<\/ul>\n<div><\/div>\n<h4>Kontakt<\/h4>\n<div>\n<p><strong>AMServ<\/strong><br \/>Service f\u00fcr rotierende<br \/>elektrische Maschinen<\/p>\n<\/div>\n<ul>\n<li>\n<p>        <img decoding=\"async\" src=\"\/wp-content\/uploads\/2024\/03\/phone.svg\" alt=\"\"><\/p>\n<div>\n<p><a href=\"tel:+498000267378\" class=\"google-event\" data-event-action=\"telefonnummer_geklickt\" data-event-category=\"Kontakt\" data-event-label=\"+498000267378\">+49 (0) 8000 267378<br \/>+49 (0) 8000 AMSERV<\/a><\/p>\n<\/div>\n<\/li>\n<li>\n<p>        <img decoding=\"async\" src=\"\/wp-content\/uploads\/2024\/03\/envelope.svg\" alt=\"\"><\/p>\n<div>\n<p><a href=\"mailto:info@amserv.de\" class=\"google-event\" data-event-action=\"mailadresse_geklickt\" data-event-category=\"Kontakt\" data-event-label=\"info@amserv.de\">info@amserv.de<\/a><\/p>\n<\/div>\n<\/li>\n<\/ul>\n<p><!--more--><br \/>\n<!-- {\"type\":\"layout\",\"children\":[{\"type\":\"section\",\"props\":{\"image\":\"wp-content\\\/uploads\\\/2024\\\/03\\\/elektromotoren.jpg\",\"image_position\":\"center-center\",\"image_size\":\"cover\",\"padding\":\"xlarge\",\"padding_remove_bottom\":false,\"padding_remove_top\":false,\"style\":\"default\",\"title_breakpoint\":\"xl\",\"title_position\":\"top-left\",\"title_rotation\":\"left\",\"vertical_align\":\"\",\"width\":\"\"},\"children\":[{\"type\":\"row\",\"children\":[{\"type\":\"column\",\"props\":{\"image_position\":\"center-center\",\"position_sticky_breakpoint\":\"m\"}}]}],\"name\":\"Headerbild\"},{\"type\":\"section\",\"props\":{\"image_position\":\"center-center\",\"padding\":\"none\",\"style\":\"muted\",\"title_breakpoint\":\"xl\",\"title_position\":\"top-left\",\"title_rotation\":\"left\",\"vertical_align\":\"\",\"width\":\"default\"},\"children\":[{\"type\":\"row\",\"children\":[{\"type\":\"column\",\"props\":{\"image_position\":\"center-center\",\"position_sticky_breakpoint\":\"m\"},\"children\":[{\"type\":\"breadcrumbs\",\"props\":{\"home_text\":\"Home\",\"show_current\":true,\"show_home\":true}}]}]}],\"name\":\"Breadcrumbs\"},{\"type\":\"section\",\"props\":{\"image_position\":\"center-center\",\"padding\":\"small\",\"padding_remove_bottom\":false,\"style\":\"default\",\"title_breakpoint\":\"xl\",\"title_position\":\"top-left\",\"title_rotation\":\"left\",\"vertical_align\":\"\",\"width\":\"default\"},\"children\":[{\"type\":\"row\",\"props\":{\"layout\":\"2-3,1-3\"},\"children\":[{\"type\":\"column\",\"props\":{\"image_position\":\"center-center\",\"position_sticky_breakpoint\":\"m\",\"width_medium\":\"2-3\"},\"children\":[{\"type\":\"headline\",\"props\":{\"content\":\"Reparatur, Wartung und Instandsetzung von Elektromotoren\",\"content_en_gb\":\"repair, maintenance and overhaul of electric motors\",\"content_fr_fr\":\"r\\u00c9paration, maintenance et entretien de moteurs \\u00c9lectriques\",\"title_element\":\"h1\"}},{\"type\":\"text\",\"props\":{\"column_breakpoint\":\"m\",\"content\":\"\n\n<p><strong>Nutzen Sie unsere Flexibilit\\u00e4t und Schnelligkeit bei allen Serviceaktivit\\u00e4ten und Reparaturen rund um Gleichstrom-, Nieder- und Hochspannungsmotoren aller Art.<\\\/strong><\\\/p>\",\"content_en_gb\":\"\n\n<p><strong>Make use of our flexibility and speed for all service activities and repairs relating to DC, low and high voltage motors of all kinds.<\\\/strong><\\\/p>\",\"content_fr_fr\":\"\n\n<p><strong>Profitez de notre flexibilit\\u00e9 et rapidit\\u00e9 pour tous les services et toutes les r\\u00e9parations concernant les moteurs \\u00e0 courant continu et les moteurs basse et haute tension en tout genre.<\\\/strong><\\\/p>\",\"margin\":\"default\",\"margin_remove_top\":true}},{\"type\":\"text\",\"props\":{\"column_breakpoint\":\"m\",\"content\":\"\n\n<p>Durch unsere Herstellerunabh\\u00e4ngigkeit sind wir Ihr kompetenter Partner, bei der Wartung und Instandsetzung folgender Motoren:<\\\/p>\",\"content_en_gb\":\"\n\n<p>Thanks to our independence from manufacturers, we are your expert partner for the maintenance and repair of the following motors:<\\\/p>\",\"content_fr_fr\":\"\n\n<p>Du fait de notre ind\\u00e9pendance vis-\\u00e0-vis des fabricants, nous sommes votre interlocuteur comp\\u00e9tent quand il est question de maintenance et d'entretien pour les moteurs suivants\\u00a0:<\\\/p>\",\"margin\":\"small\",\"margin_remove_bottom\":false}},{\"type\":\"list\",\"props\":{\"column_breakpoint\":\"s\",\"image_align\":\"left\",\"image_svg_color\":\"emphasis\",\"image_vertical_align\":true,\"list_element\":\"ul\",\"list_horizontal_separator\":\", \",\"list_marker\":\"disc\",\"list_marker_color\":\"emphasis\",\"list_type\":\"vertical\",\"margin_remove_top\":true,\"show_image\":false,\"show_link\":false},\"children\":[{\"type\":\"list_item\",\"props\":{\"content\":\"Nieder- und Hochspannungsmotoren\",\"content_en_gb\":\"\n\n<p>Low and high voltage motors<\\\/p>\",\"content_fr_fr\":\"\n\n<p>Moteurs basse et haute tension<\\\/p>\"}},{\"type\":\"list_item\",\"props\":{\"content\":\"Gleichstrommotoren\",\"content_en_gb\":\"\n\n<p>DC motors<\\\/p>\",\"content_fr_fr\":\"\n\n<p>Moteurs \\u00e0 courant continu<\\\/p>\"}},{\"type\":\"list_item\",\"props\":{\"content\":\"Umformers\\u00e4tze\",\"content_en_gb\":\"\n\n<p>Converter sets<\\\/p>\",\"content_fr_fr\":\"\n\n<p>Groupes convertisseurs<\\\/p>\"}},{\"type\":\"list_item\",\"props\":{\"content\":\"Mittelfrequenzumformer\",\"content_en_gb\":\"\n\n<p>Medium frequency converters<\\\/p>\",\"content_fr_fr\":\"\n\n<p>Convertisseurs de moyenne fr\\u00e9quence<\\\/p>\"}},{\"type\":\"list_item\",\"props\":{\"content\":\"Erregermaschinen\",\"content_en_gb\":\"\n\n<p>Exciters<\\\/p>\",\"content_fr_fr\":\"\n\n<p>Excitatrices<\\\/p>\"}},{\"type\":\"list_item\",\"props\":{\"content\":\"Kranmotoren\",\"content_en_gb\":\"\n\n<p>Crane motors<\\\/p>\"}},{\"type\":\"list_item\",\"props\":{\"content\":\"Servoantriebe\",\"content_en_gb\":\"\n\n<p>Servo drives<\\\/p>\",\"content_fr_fr\":\"\n\n<p>Entra\\u00eenements asservis<\\\/p>\"}},{\"type\":\"list_item\",\"props\":{\"content\":\"Und vieles mehr\\u2026\",\"content_en_gb\":\"\n\n<p>And much more\\u2026<\\\/p>\",\"content_fr_fr\":\"\n\n<p>Et plus encore\\u2026<\\\/p>\"}}],\"name\":\"Liste\"},{\"type\":\"text\",\"props\":{\"column_breakpoint\":\"m\",\"content\":\"Wir nehmen den Schaden auf und beraten Sie, ob die Reparatur oder der Austausch sinnvoll ist, damit Sie eine optimale Entscheidung treffen k\\u00f6nnen.\",\"content_en_gb\":\"\n\n<p>We assess the fault and advise you whether repair or replacement is advisable so that you can make the best decision.<\\\/p>\",\"content_fr_fr\":\"\n\n<p>Nous enregistrons le dommage et vous indiquons s'il est pr\\u00e9f\\u00e9rable de proc\\u00e9der \\u00e0 la r\\u00e9paration ou au remplacement pour vous permettre de prendre la meilleure d\\u00e9cision possible.<\\\/p>\",\"margin\":\"default\"}},{\"type\":\"headline\",\"props\":{\"content\":\"Unsere Serviceleistungen umfassen:\",\"content_en_gb\":\"our services include:\",\"content_fr_fr\":\"nos prestations de service comprennent&nbsp;:\",\"title_element\":\"h4\"}},{\"type\":\"list\",\"props\":{\"column_breakpoint\":\"s\",\"image_align\":\"left\",\"image_svg_color\":\"emphasis\",\"image_vertical_align\":true,\"list_element\":\"ul\",\"list_horizontal_separator\":\", \",\"list_marker\":\"disc\",\"list_marker_color\":\"emphasis\",\"list_type\":\"vertical\",\"margin_remove_top\":true,\"show_image\":false,\"show_link\":false},\"children\":[{\"type\":\"list_item\",\"props\":{\"content\":\"Zustandserfassung\",\"content_en_gb\":\"\n\n<p>Root cause analysis<\\\/p>\",\"content_fr_fr\":\"\n\n<p>D\\u00e9tection d'\\u00e9tat<\\\/p>\"}},{\"type\":\"list_item\",\"props\":{\"content\":\"Revisionen vor Ort\",\"content_en_gb\":\"\n\n<p>On-site changes<\\\/p>\",\"content_fr_fr\":\"\n\n<p>R\\u00e9visions sur place<\\\/p>\"}},{\"type\":\"list_item\",\"props\":{\"content\":\"Wicklungsreinigungen (auch vor Ort)\",\"content_en_gb\":\"\n\n<p>Cleaning of windings (on-site too)<\\\/p>\",\"content_fr_fr\":\"\n\n<p>Nettoyages de bobinages (\\u00e9galement sur place)<\\\/p>\"}},{\"type\":\"list_item\",\"props\":{\"content\":\"\\u00dcberdrehen von Kollektoren und Schleifringen (auch vor Ort)\",\"content_en_gb\":\"\n\n<p>Over-revving of collectors and collector rings (on-site too)<\\\/p>\",\"content_fr_fr\":\"\n\n<p>Surfilage de collecteurs et bagues collectrices (\\u00e9galement sur place)<\\\/p>\"}},{\"type\":\"list_item\",\"props\":{\"content\":\"Erneuerung der B\\u00fcrstenhalter und Kohleb\\u00fcrsten\",\"content_en_gb\":\"\n\n<p>Replacement of the brush holder and carbon brushes<\\\/p>\",\"content_fr_fr\":\"\n\n<p>Remplacement des porte-balais et balais de charbon<\\\/p>\"}},{\"type\":\"list_item\",\"props\":{\"content\":\"Wuchten\\\/ Betriebswuchten an eingebauten Maschinen\",\"content_en_gb\":\"\n\n<p>Balancing \\\/ field balancing for installed machines<\\\/p>\",\"content_fr_fr\":\"\n\n<p>\\u00c9quilibrage\\\/\\u00e9quilibrage op\\u00e9rationnel des machines incorpor\\u00e9es<\\\/p>\"}},{\"type\":\"list_item\",\"props\":{\"content\":\"Neuwicklung von Niederspannungsmotoren aller Art\",\"content_en_gb\":\"\n\n<p>Rewinding of all kinds of low voltage motors<\\\/p>\",\"content_fr_fr\":\"\n\n<p>Rebobinage des moteurs basse tension en tout genre<\\\/p>\"}},{\"type\":\"list_item\",\"props\":{\"content\":\"Neuwicklung von Hochspannungsmotoren in moderner VPI- oder klassischer Resin-Rich-Technologie\",\"content_en_gb\":\"\n\n<p>Rewinding of high voltage motors with modern VPI or traditional resin-rich technology<\\\/p>\",\"content_fr_fr\":\"\n\n<p>Rebobinage des moteurs haute tension r\\u00e9alis\\u00e9s en technologie moderne VPI ou en technologie classique \\u00ab riche en r\\u00e9sine \\u00bb<\\\/p>\"}},{\"type\":\"list_item\",\"props\":{\"content\":\"Erneuerung von Blechpaketen\",\"content_en_gb\":\"\n\n<p>Replacement of laminated cores<\\\/p>\",\"content_fr_fr\":\"Remplacement des noyaux feuillet\\u00e9s\\n\"}},{\"type\":\"list_item\",\"props\":{\"content\":\"Neuaufbau von Schleifringk\\u00f6rpern\",\"content_en_gb\":\"\n\n<p>Rebuilding of slip ring assemblies<\\\/p>\",\"content_fr_fr\":\"\n\n<p>Reconstitution des corps de bagues collectrices<\\\/p>\"}},{\"type\":\"list_item\",\"props\":{\"content\":\"Einbau von Thermof\\u00fchlern in Wicklungen und zur Lager\\u00fcberwachung\",\"content_en_gb\":\"\n\n<p>Installation of thermal sensors in windings and for bearing monitoring<\\\/p>\",\"content_fr_fr\":\"\n\n<p>Montage de sondes thermiques dans les enroulements ainsi que pour la surveillance des paliers<\\\/p>\"}},{\"type\":\"list_item\",\"props\":{\"content\":\"Anbau von Klemmenk\\u00e4sten\",\"content_en_gb\":\"\n\n<p>Installation of terminal boxes<\\\/p>\",\"content_fr_fr\":\"\n\n<p>Montage de bo\\u00eetes de connexions<\\\/p>\"}},{\"type\":\"list_item\",\"props\":{\"content\":\"Leistungserh\\u00f6hung\",\"content_en_gb\":\"\n\n<p>Performance improvements<\\\/p>\",\"content_fr_fr\":\"\n\n<p>Augmentation de puissance<\\\/p>\"}},{\"type\":\"list_item\",\"props\":{\"content\":\"Modernisierungen\",\"content_en_gb\":\"\n\n<p>Modernisation<\\\/p>\",\"content_fr_fr\":\"\n\n<p>Modernisations<\\\/p>\"}},{\"type\":\"list_item\",\"props\":{\"content\":\"Wirkungsgradverbesserungen\",\"content_en_gb\":\"\n\n<p>Improvements to efficiency levels<\\\/p>\",\"content_fr_fr\":\"\n\n<p>Am\\u00e9liorations de rendement<\\\/p>\"}}],\"name\":\"Liste\"},{\"type\":\"text\",\"props\":{\"column_breakpoint\":\"m\",\"content\":\"[smartslider3 slider=\\\"4\\\"]\",\"margin\":\"medium\"},\"name\":\"Slider eingebettet (via Shortcode)\"}]},{\"type\":\"column\",\"props\":{\"image_position\":\"center-center\",\"position_sticky\":\"column\",\"position_sticky_breakpoint\":\"m\",\"position_sticky_offset\":\"80\",\"width_medium\":\"1-3\"},\"children\":[{\"type\":\"headline\",\"props\":{\"content\":\"Kontakt\",\"content_en_gb\":\"Contact\",\"content_fr_fr\":\"Contact\",\"title_element\":\"h4\"},\"name\":\"Sidebar Headline\"},{\"type\":\"text\",\"props\":{\"column_breakpoint\":\"m\",\"content\":\"\n\n<p><strong>AMServ<\\\/strong><br \\\/>Service f\\u00fcr rotierende<br \\\/>elektrische Maschinen<\\\/p>\",\"content_en_gb\":\"\n\n<p><strong>AMServ<\\\/strong><br \\\/>Service for rotating<br \/> electrical machines<\\\/p>\",\"content_fr_fr\":\"\n\n<p><strong>AMServ<\\\/strong><br \\\/>Service pour machines<br \/>\\u00e9lectriques tournantes<\\\/p>\",\"margin\":\"small\"},\"name\":\"Sidebar Text\"},{\"type\":\"list\",\"props\":{\"class\":\"sidebarContactList\",\"column_breakpoint\":\"m\",\"icon_color\":\"emphasis\",\"icon_width\":\"25\",\"image_align\":\"left\",\"image_svg_color\":\"emphasis\",\"image_svg_inline\":true,\"image_vertical_align\":false,\"image_width\":\"18\",\"list_element\":\"ul\",\"list_horizontal_separator\":\", \",\"list_type\":\"vertical\",\"show_image\":true,\"show_link\":true},\"children\":[{\"type\":\"list_item\",\"props\":{\"content\":\"\n\n<p><a href=\\\"tel:+498000267378\\\" class=\\\"google-event\\\" data-event-action=\\\"telefonnummer_geklickt\\\" data-event-category=\\\"Kontakt\\\" data-event-label=\\\"+498000267378\\\">+49 (0) 8000 267378<br \\\/>+49 (0) 8000 AMSERV<\\\/a><\\\/p>\",\"icon\":\"\",\"image\":\"wp-content\\\/uploads\\\/2024\\\/03\\\/phone.svg\"}},{\"type\":\"list_item\",\"props\":{\"content\":\"\n\n<p><a href=\\\"mailto:info@amserv.de\\\" class=\\\"google-event\\\" data-event-action=\\\"mailadresse_geklickt\\\" data-event-category=\\\"Kontakt\\\" data-event-label=\\\"info@amserv.de\\\">info@amserv.de<\\\/a><\\\/p>\",\"icon\":\"\",\"image\":\"wp-content\\\/uploads\\\/2024\\\/03\\\/envelope.svg\"}}],\"name\":\"Liste-Kontakt2\"}]}]}],\"name\":\"Zweispaltig\"}],\"version\":\"4.5.25\"} --><\/p>\n","protected":false},"excerpt":{"rendered":"<p>Reparatur, Wartung und Instandsetzung von Elektromotoren Nutzen Sie unsere Flexibilit\u00e4t und Schnelligkeit bei allen Serviceaktivit\u00e4ten und Reparaturen rund um Gleichstrom-, Nieder- und Hochspannungsmotoren aller Art. Durch unsere Herstellerunabh\u00e4ngigkeit sind wir Ihr kompetenter Partner, bei der Wartung und Instandsetzung folgender Motoren: Nieder- und Hochspannungsmotoren Gleichstrommotoren Umformers\u00e4tze Mittelfrequenzumformer Erregermaschinen Kranmotoren Servoantriebe Und vieles mehr\u2026 Wir nehmen den [&#8230;]<\/p>\n<p><a class=\"el-content uk-button uk-button-primary uk-margin-remove-bottom excerpt\" href=\"https:\/\/www.amserv.de\/fr\/service\/moteurs-electriques\/\">Continuer&#8230;<\/a><\/p>\n","protected":false},"author":2,"featured_media":0,"parent":35,"menu_order":0,"comment_status":"closed","ping_status":"closed","template":"","meta":{"footnotes":""},"class_list":["post-239","page","type-page","status-publish","hentry"],"_links":{"self":[{"href":"https:\/\/www.amserv.de\/fr\/wp-json\/wp\/v2\/pages\/239","targetHints":{"allow":["GET"]}}],"collection":[{"href":"https:\/\/www.amserv.de\/fr\/wp-json\/wp\/v2\/pages"}],"about":[{"href":"https:\/\/www.amserv.de\/fr\/wp-json\/wp\/v2\/types\/page"}],"author":[{"embeddable":true,"href":"https:\/\/www.amserv.de\/fr\/wp-json\/wp\/v2\/users\/2"}],"replies":[{"embeddable":true,"href":"https:\/\/www.amserv.de\/fr\/wp-json\/wp\/v2\/comments?post=239"}],"version-history":[{"count":66,"href":"https:\/\/www.amserv.de\/fr\/wp-json\/wp\/v2\/pages\/239\/revisions"}],"predecessor-version":[{"id":3089,"href":"https:\/\/www.amserv.de\/fr\/wp-json\/wp\/v2\/pages\/239\/revisions\/3089"}],"up":[{"embeddable":true,"href":"https:\/\/www.amserv.de\/fr\/wp-json\/wp\/v2\/pages\/35"}],"wp:attachment":[{"href":"https:\/\/www.amserv.de\/fr\/wp-json\/wp\/v2\/media?parent=239"}],"curies":[{"name":"wp","href":"https:\/\/api.w.org\/{rel}","templated":true}]}}