{"id":241,"date":"2024-02-28T23:49:01","date_gmt":"2024-02-28T22:49:01","guid":{"rendered":"https:\/\/www.amserv.de\/?page_id=241"},"modified":"2026-04-13T15:44:38","modified_gmt":"2026-04-13T13:44:38","slug":"neumotoren-niederspannung-hochspannung","status":"publish","type":"page","link":"https:\/\/www.amserv.de\/fr\/produits\/moteurs-neufs\/","title":{"rendered":"Moteurs neufs"},"content":{"rendered":"<h1>Neumotoren \/-generatoren <\/h1>\n<div>\n<p><strong>Neben der \u00dcberholung und Instandsetzung von elektrischen Maschinen liefern wir unseren Kunden neue Nieder- und Hochspannungsmotoren f\u00fcr Neuanlagen oder als Ersatz f\u00fcr bestehende Anlagen.<\/strong><\/p>\n<\/div>\n<div>\n<p>Unser Ziel ist es Ihnen jederzeit eine flexible, schnelle und auch kosteneffiziente L\u00f6sung zu bieten. Wir sind in der Lage auf die Motorenlager diverser Lieferanten und Hersteller zuzugreifen um die Lieferzeiten m\u00f6glichst kurz zu halten.<\/p>\n<\/div>\n<h4>Unser Lieferspektrum umfasst:<\/h4>\n<ul>\n<li>\n<div>Niederspannungsmotoren in allen Baugr\u00f6\u00dfen und Bauformen<\/div>\n<\/li>\n<li>\n<div>Hochspannungsmotoren in allen Baugr\u00f6\u00dfen und Bauformen<\/div>\n<\/li>\n<li>\n<div>Generatoren in Standardausf\u00fchrung oder als Um- und Nachbauten<\/div>\n<\/li>\n<li>\n<div>Hochmoderne Synchron-Reluktanz-Motoren und Generatoren<\/div>\n<\/li>\n<\/ul>\n<div>\n<p>Sollte f\u00fcr Ihre Anwendung ein Sondermotor oder ein Motor mit besonderem Zubeh\u00f6r ben\u00f6tigt werden, passen wir diesen in unseren Werkst\u00e4tten schnell und unkompliziert an.<\/p>\n<p>Bremsen, Inkrementalgeber und sonstige Um- und Anbauten geh\u00f6ren zu unserem Lieferspektrum.<\/p>\n<\/div>\n<p><img decoding=\"async\" src=\"\/wp-content\/uploads\/2024\/03\/amserv_neumotoren_1.jpg\" alt=\"\"><\/p>\n<h4>Kontakt<\/h4>\n<div>\n<p><strong>AMServ<\/strong><br \/>Service f\u00fcr rotierende<br \/>elektrische Maschinen<\/p>\n<\/div>\n<ul>\n<li>\n<p>        <img decoding=\"async\" src=\"\/wp-content\/uploads\/2024\/03\/phone.svg\" alt=\"\"><\/p>\n<div>\n<p><a href=\"tel:+498000267378\" class=\"google-event\" data-event-action=\"telefonnummer_geklickt\" data-event-category=\"Kontakt\" data-event-label=\"+498000267378\">+49 (0) 8000 267378<br \/>+49 (0) 8000 AMSERV<\/a><\/p>\n<\/div>\n<\/li>\n<li>\n<p>        <img decoding=\"async\" src=\"\/wp-content\/uploads\/2024\/03\/envelope.svg\" alt=\"\"><\/p>\n<div>\n<p><a href=\"mailto:info@amserv.de\" class=\"google-event\" data-event-action=\"mailadresse_geklickt\" data-event-category=\"Kontakt\" data-event-label=\"info@amserv.de\">info@amserv.de<\/a><\/p>\n<\/div>\n<\/li>\n<\/ul>\n<p><!--more--><br \/>\n<!-- {\"type\":\"layout\",\"children\":[{\"type\":\"section\",\"props\":{\"image\":\"wp-content\\\/uploads\\\/2024\\\/03\\\/header_neumotoren.jpg\",\"image_position\":\"center-center\",\"image_size\":\"cover\",\"padding\":\"xlarge\",\"padding_remove_bottom\":false,\"padding_remove_top\":false,\"style\":\"default\",\"title_breakpoint\":\"xl\",\"title_position\":\"top-left\",\"title_rotation\":\"left\",\"vertical_align\":\"\",\"width\":\"\"},\"children\":[{\"type\":\"row\",\"children\":[{\"type\":\"column\",\"props\":{\"image_position\":\"center-center\",\"position_sticky_breakpoint\":\"m\"}}]}],\"name\":\"Headerbild\"},{\"type\":\"section\",\"props\":{\"image_position\":\"center-center\",\"padding\":\"none\",\"style\":\"muted\",\"title_breakpoint\":\"xl\",\"title_position\":\"top-left\",\"title_rotation\":\"left\",\"vertical_align\":\"\",\"width\":\"default\"},\"children\":[{\"type\":\"row\",\"children\":[{\"type\":\"column\",\"props\":{\"image_position\":\"center-center\",\"position_sticky_breakpoint\":\"m\"},\"children\":[{\"type\":\"breadcrumbs\",\"props\":{\"home_text\":\"Home\",\"show_current\":true,\"show_home\":true}}]}]}],\"name\":\"Breadcrumbs\"},{\"type\":\"section\",\"props\":{\"image_position\":\"center-center\",\"padding\":\"small\",\"padding_remove_bottom\":false,\"style\":\"default\",\"title_breakpoint\":\"xl\",\"title_position\":\"top-left\",\"title_rotation\":\"left\",\"vertical_align\":\"\",\"width\":\"default\"},\"children\":[{\"type\":\"row\",\"props\":{\"layout\":\"2-3,1-3\"},\"children\":[{\"type\":\"column\",\"props\":{\"image_position\":\"center-center\",\"position_sticky_breakpoint\":\"m\",\"width_medium\":\"2-3\"},\"children\":[{\"type\":\"headline\",\"props\":{\"content\":\"Neumotoren \\\/-generatoren \",\"content_en_gb\":\"new motors\\\/generators\",\"content_fr_fr\":\"moteurs\\\/g\\u00c9n\\u00c9rateurs neufs\",\"title_element\":\"h1\"}},{\"type\":\"text\",\"props\":{\"column_breakpoint\":\"m\",\"content\":\"\n\n<p><strong>Neben der \\u00dcberholung und Instandsetzung von elektrischen Maschinen liefern wir unseren Kunden neue Nieder- und Hochspannungsmotoren f\\u00fcr Neuanlagen oder als Ersatz f\\u00fcr bestehende Anlagen.<\\\/strong><\\\/p>\",\"content_en_gb\":\"\n\n<p><strong>In addition to overhaul and repair services for electrical machines, we also provide our customers with new low or high voltage motors for new systems or as a replacement for existing systems.<\\\/strong><\\\/p>\",\"content_fr_fr\":\"\n\n<p><strong>Outre la r\\u00e9vision et l'entretien des machines \\u00e9lectriques, nous fournissons \\u00e0 nos clients des moteurs basse et haute tension neufs pour leurs nouvelles installations ou pour remplacer ceux des installations existantes.<\\\/strong><\\\/p>\",\"margin\":\"default\",\"margin_remove_top\":true}},{\"type\":\"text\",\"props\":{\"column_breakpoint\":\"m\",\"content\":\"\n\n<p>Unser Ziel ist es Ihnen jederzeit eine flexible, schnelle und auch kosteneffiziente L\\u00f6sung zu bieten. Wir sind in der Lage auf die Motorenlager diverser Lieferanten und Hersteller zuzugreifen um die Lieferzeiten m\\u00f6glichst kurz zu halten.<\\\/p>\",\"content_en_gb\":\"\n\n<p>Our goal is to provide you with a flexible, fast and cost-effective solution at any time. We are able to make use of the motor inventories stocked by a broad range of suppliers and manufacturers in order to keep delivery times as fast as possible.<\\\/p>\",\"content_fr_fr\":\"\n\n<p>Notre objectif est de pouvoir vous proposer, \\u00e0 tout moment, une solution flexible, rapide et aussi rentable. Nous sommes en mesure d'acc\\u00e9der aux entrep\\u00f4ts de diff\\u00e9rents fournisseurs et fabricants de moteurs pour maintenir des d\\u00e9lais de livraison aussi courts que possible.<\\\/p>\",\"margin\":\"default\"}},{\"type\":\"headline\",\"props\":{\"content\":\"Unser Lieferspektrum umfasst:\",\"content_en_gb\":\"our scope of delivery includes:\",\"content_fr_fr\":\"notre gamme de livraison comprend&nbsp;:\",\"title_element\":\"h4\"}},{\"type\":\"list\",\"props\":{\"column_breakpoint\":\"s\",\"image_align\":\"left\",\"image_svg_color\":\"emphasis\",\"image_vertical_align\":true,\"list_element\":\"ul\",\"list_horizontal_separator\":\", \",\"list_marker\":\"disc\",\"list_marker_color\":\"emphasis\",\"list_type\":\"vertical\",\"show_image\":false,\"show_link\":false},\"children\":[{\"type\":\"list_item\",\"props\":{\"content\":\"Niederspannungsmotoren in allen Baugr\\u00f6\\u00dfen und Bauformen\",\"content_en_gb\":\"\n\n<p>Low voltage motors in all sizes and designs<\\\/p>\",\"content_fr_fr\":\"\n\n<p>Moteurs basse tension de toutes tailles et tous mod\\u00e8les<\\\/p>\"}},{\"type\":\"list_item\",\"props\":{\"content\":\"Hochspannungsmotoren in allen Baugr\\u00f6\\u00dfen und Bauformen\",\"content_en_gb\":\"\n\n<p>High voltage motors in all sizes and designs<\\\/p>\",\"content_fr_fr\":\"\n\n<p>Moteurs haute tension de toutes tailles et tous mod\\u00e8les<\\\/p>\"}},{\"type\":\"list_item\",\"props\":{\"content\":\"Generatoren in Standardausf\\u00fchrung oder als Um- und Nachbauten\",\"content_en_gb\":\"\n\n<p>Generators as standard designs or with modifications and retrofitting<\\\/p>\",\"content_fr_fr\":\"\n\n<p>G\\u00e9n\\u00e9rateurs en version standard ou comme dispositifs de modification et rapport\\u00e9s<\\\/p>\"}},{\"type\":\"list_item\",\"props\":{\"content\":\"Hochmoderne Synchron-Reluktanz-Motoren und Generatoren\",\"content_en_gb\":\"\n\n<p>High-tech synchronous reluctance motors and generators<\\\/p>\",\"content_fr_fr\":\"\n\n<p>Moteurs \\u00e0 r\\u00e9luctance synchrones et g\\u00e9n\\u00e9rateurs ultramodernes<\\\/p>\"}}],\"name\":\"Liste\"},{\"type\":\"text\",\"props\":{\"column_breakpoint\":\"m\",\"content\":\"\n\n<p>Sollte f\\u00fcr Ihre Anwendung ein Sondermotor oder ein Motor mit besonderem Zubeh\\u00f6r ben\\u00f6tigt werden, passen wir diesen in unseren Werkst\\u00e4tten schnell und unkompliziert an.<\\\/p>\\n\n\n<p>Bremsen, Inkrementalgeber und sonstige Um- und Anbauten geh\\u00f6ren zu unserem Lieferspektrum.<\\\/p>\",\"content_en_gb\":\"\n\n<p>If your application requires a special motor or motor with special accessories, we can adapt this in our workshops quickly and easily for you.<\\\/p>\\n\n\n<p>Brakes, incremental encoders and other modifications and fixtures are included in our scope of delivery.<\\\/p>\",\"content_fr_fr\":\"\n\n<p>Si un moteur sp\\u00e9cial ou un moteur dot\\u00e9 d'un accessoire sp\\u00e9cifique est requis pour votre application, nous l'adaptons rapidement et sans difficult\\u00e9s dans nos ateliers.<\\\/p>\\n\n\n<p>Les freins, codeurs incr\\u00e9mentaux et autres modifications et rajouts d'\\u00e9l\\u00e9ments font partie de notre gamme de livraison.<\\\/p>\",\"margin\":\"default\"}},{\"type\":\"image\",\"props\":{\"image\":\"wp-content\\\/uploads\\\/2024\\\/03\\\/amserv_neumotoren_1.jpg\",\"image_svg_color\":\"emphasis\",\"margin\":\"default\"}}]},{\"type\":\"column\",\"props\":{\"image_position\":\"center-center\",\"position_sticky\":\"column\",\"position_sticky_breakpoint\":\"m\",\"position_sticky_offset\":\"80\",\"width_medium\":\"1-3\"},\"children\":[{\"type\":\"headline\",\"props\":{\"content\":\"Kontakt\",\"content_en_gb\":\"Contact\",\"content_fr_fr\":\"Contact\",\"title_element\":\"h4\"},\"name\":\"Sidebar Headline\"},{\"type\":\"text\",\"props\":{\"column_breakpoint\":\"m\",\"content\":\"\n\n<p><strong>AMServ<\\\/strong><br \\\/>Service f\\u00fcr rotierende<br \\\/>elektrische Maschinen<\\\/p>\",\"content_en_gb\":\"\n\n<p><strong>AMServ<\\\/strong><br \\\/>Service for rotating<br \/> electrical machines<\\\/p>\",\"content_fr_fr\":\"\n\n<p><strong>AMServ<\\\/strong><br \\\/>Service pour machines<br \/>\\u00e9lectriques tournantes<\\\/p>\",\"margin\":\"small\"},\"name\":\"Sidebar Text\"},{\"type\":\"list\",\"props\":{\"class\":\"sidebarContactList\",\"column_breakpoint\":\"m\",\"icon_color\":\"emphasis\",\"icon_width\":\"25\",\"image_align\":\"left\",\"image_svg_color\":\"emphasis\",\"image_svg_inline\":true,\"image_vertical_align\":false,\"image_width\":\"18\",\"list_element\":\"ul\",\"list_horizontal_separator\":\", \",\"list_type\":\"vertical\",\"show_image\":true,\"show_link\":true},\"children\":[{\"type\":\"list_item\",\"props\":{\"content\":\"\n\n<p><a href=\\\"tel:+498000267378\\\" class=\\\"google-event\\\" data-event-action=\\\"telefonnummer_geklickt\\\" data-event-category=\\\"Kontakt\\\" data-event-label=\\\"+498000267378\\\">+49 (0) 8000 267378<br \\\/>+49 (0) 8000 AMSERV<\\\/a><\\\/p>\",\"icon\":\"\",\"image\":\"wp-content\\\/uploads\\\/2024\\\/03\\\/phone.svg\"}},{\"type\":\"list_item\",\"props\":{\"content\":\"\n\n<p><a href=\\\"mailto:info@amserv.de\\\" class=\\\"google-event\\\" data-event-action=\\\"mailadresse_geklickt\\\" data-event-category=\\\"Kontakt\\\" data-event-label=\\\"info@amserv.de\\\">info@amserv.de<\\\/a><\\\/p>\",\"icon\":\"\",\"image\":\"wp-content\\\/uploads\\\/2024\\\/03\\\/envelope.svg\"}}],\"name\":\"Liste-Kontakt2\"}]}]}],\"name\":\"Zweispaltig\"}],\"version\":\"4.5.25\"} --><\/p>\n","protected":false},"excerpt":{"rendered":"<p>Neumotoren \/-generatoren Neben der \u00dcberholung und Instandsetzung von elektrischen Maschinen liefern wir unseren Kunden neue Nieder- und Hochspannungsmotoren f\u00fcr Neuanlagen oder als Ersatz f\u00fcr bestehende Anlagen. Unser Ziel ist es Ihnen jederzeit eine flexible, schnelle und auch kosteneffiziente L\u00f6sung zu bieten. Wir sind in der Lage auf die Motorenlager diverser Lieferanten und Hersteller zuzugreifen um [&#8230;]<\/p>\n<p><a class=\"el-content uk-button uk-button-primary uk-margin-remove-bottom excerpt\" href=\"https:\/\/www.amserv.de\/fr\/produits\/moteurs-neufs\/\">Continuer&#8230;<\/a><\/p>\n","protected":false},"author":2,"featured_media":0,"parent":37,"menu_order":0,"comment_status":"closed","ping_status":"closed","template":"","meta":{"footnotes":""},"class_list":["post-241","page","type-page","status-publish","hentry"],"_links":{"self":[{"href":"https:\/\/www.amserv.de\/fr\/wp-json\/wp\/v2\/pages\/241","targetHints":{"allow":["GET"]}}],"collection":[{"href":"https:\/\/www.amserv.de\/fr\/wp-json\/wp\/v2\/pages"}],"about":[{"href":"https:\/\/www.amserv.de\/fr\/wp-json\/wp\/v2\/types\/page"}],"author":[{"embeddable":true,"href":"https:\/\/www.amserv.de\/fr\/wp-json\/wp\/v2\/users\/2"}],"replies":[{"embeddable":true,"href":"https:\/\/www.amserv.de\/fr\/wp-json\/wp\/v2\/comments?post=241"}],"version-history":[{"count":24,"href":"https:\/\/www.amserv.de\/fr\/wp-json\/wp\/v2\/pages\/241\/revisions"}],"predecessor-version":[{"id":3099,"href":"https:\/\/www.amserv.de\/fr\/wp-json\/wp\/v2\/pages\/241\/revisions\/3099"}],"up":[{"embeddable":true,"href":"https:\/\/www.amserv.de\/fr\/wp-json\/wp\/v2\/pages\/37"}],"wp:attachment":[{"href":"https:\/\/www.amserv.de\/fr\/wp-json\/wp\/v2\/media?parent=241"}],"curies":[{"name":"wp","href":"https:\/\/api.w.org\/{rel}","templated":true}]}}