{"id":243,"date":"2024-02-28T23:49:20","date_gmt":"2024-02-28T22:49:20","guid":{"rendered":"https:\/\/www.amserv.de\/?page_id=243"},"modified":"2026-04-15T10:20:20","modified_gmt":"2026-04-15T08:20:20","slug":"anlagen-energieerzeugung-reparatur-wartung-instandsetzung","status":"publish","type":"page","link":"https:\/\/www.amserv.de\/fr\/domaines-d-application\/production-d-energie\/","title":{"rendered":"Production d'\u00e9nergie"},"content":{"rendered":"<h1>Energieerzeugung <\/h1>\n<div>\n<p><strong>Durch unsere Diagnosetechniken k\u00f6nnen wir die Zuverl\u00e4ssigkeit Ihrer Anlagen \u00fcberwachen und durch entsprechende Instandhaltungsma\u00dfnahmen erh\u00f6hen.<\/strong><\/p>\n<\/div>\n<h4>Kontakt<\/h4>\n<div>\n<p><strong>AMServ<\/strong><br \/>Service f\u00fcr rotierende<br \/>elektrische Maschinen<\/p>\n<\/div>\n<ul>\n<li>\n<p>        <img decoding=\"async\" src=\"\/wp-content\/uploads\/2024\/03\/phone.svg\" alt=\"\"><\/p>\n<div>\n<p><a href=\"tel:+498000267378\" class=\"google-event\" data-event-action=\"telefonnummer_geklickt\" data-event-category=\"Kontakt\" data-event-label=\"+498000267378\">+49 (0) 8000 267378<br \/>+49 (0) 8000 AMSERV<\/a><\/p>\n<\/div>\n<\/li>\n<li>\n<p>        <img decoding=\"async\" src=\"\/wp-content\/uploads\/2024\/03\/envelope.svg\" alt=\"\"><\/p>\n<div>\n<p><a href=\"mailto:info@amserv.de\" class=\"google-event\" data-event-action=\"mailadresse_geklickt\" data-event-category=\"Kontakt\" data-event-label=\"info@amserv.de\">info@amserv.de<\/a><\/p>\n<\/div>\n<\/li>\n<\/ul>\n<h3>Einsatzbereiche in der Energieerzeugung im \u00dcberblick<\/h3>\n<ul>\n<li>\n<h3>Wasserkraft<\/h3>\n<p><a href=\"\/einsatzbereiche\/anlagen-energieerzeugung-reparatur-wartung-instandsetzung\/wasserkraft\/\">Wasserkraft<\/a><\/p>\n<\/li>\n<li>\n<h3>Windkraft<\/h3>\n<p><a href=\"\/einsatzbereiche\/anlagen-energieerzeugung-reparatur-wartung-instandsetzung\/windkraft\/\">Windkraft<\/a><\/p>\n<\/li>\n<li>\n<h3>Konv. Energieerzeugung<\/h3>\n<p><a href=\"\/einsatzbereiche\/anlagen-energieerzeugung-reparatur-wartung-instandsetzung\/konventionelle-energieerzeugung\/\">Konv. Energieerzeugung<\/a><\/p>\n<\/li>\n<\/ul>\n<p><!--more--><br \/>\n<!-- {\"type\":\"layout\",\"children\":[{\"type\":\"section\",\"props\":{\"image\":\"wp-content\\\/uploads\\\/2024\\\/03\\\/header_energieerzeugung.jpg\",\"image_position\":\"center-center\",\"image_size\":\"cover\",\"padding\":\"xlarge\",\"padding_remove_bottom\":false,\"padding_remove_top\":false,\"style\":\"default\",\"title_breakpoint\":\"xl\",\"title_position\":\"top-left\",\"title_rotation\":\"left\",\"vertical_align\":\"\",\"width\":\"\"},\"children\":[{\"type\":\"row\",\"children\":[{\"type\":\"column\",\"props\":{\"image_position\":\"center-center\",\"position_sticky_breakpoint\":\"m\"}}]}],\"name\":\"Headerbild\"},{\"type\":\"section\",\"props\":{\"image_position\":\"center-center\",\"padding\":\"none\",\"style\":\"muted\",\"title_breakpoint\":\"xl\",\"title_position\":\"top-left\",\"title_rotation\":\"left\",\"vertical_align\":\"\",\"width\":\"default\"},\"children\":[{\"type\":\"row\",\"children\":[{\"type\":\"column\",\"props\":{\"image_position\":\"center-center\",\"position_sticky_breakpoint\":\"m\"},\"children\":[{\"type\":\"breadcrumbs\",\"props\":{\"home_text\":\"Home\",\"show_current\":true,\"show_home\":true}}]}]}],\"name\":\"Breadcrumbs\"},{\"type\":\"section\",\"props\":{\"image_position\":\"center-center\",\"padding\":\"small\",\"padding_remove_bottom\":false,\"style\":\"default\",\"title_breakpoint\":\"xl\",\"title_position\":\"top-left\",\"title_rotation\":\"left\",\"vertical_align\":\"\",\"width\":\"default\"},\"children\":[{\"type\":\"row\",\"props\":{\"layout\":\"2-3,1-3\"},\"children\":[{\"type\":\"column\",\"props\":{\"image_position\":\"center-center\",\"position_sticky_breakpoint\":\"m\",\"width_medium\":\"2-3\"},\"children\":[{\"type\":\"headline\",\"props\":{\"content\":\"Energieerzeugung \",\"content_en_gb\":\"energy production\",\"content_fr_fr\":\"production d'\\u00c9nergie\",\"title_element\":\"h1\"}},{\"type\":\"text\",\"props\":{\"column_breakpoint\":\"m\",\"content\":\"\n\n<p><strong>Durch unsere Diagnosetechniken k\\u00f6nnen wir die Zuverl\\u00e4ssigkeit Ihrer Anlagen \\u00fcberwachen und durch entsprechende Instandhaltungsma\\u00dfnahmen erh\\u00f6hen.<\\\/strong><\\\/p>\",\"content_en_gb\":\"\n\n<p><strong>Thanks to our diagnostic techniques, we are able to monitor the reliability of your systems and increase the reliability using the relevant maintenance measures.<\\\/strong><\\\/p>\",\"content_fr_fr\":\"\n\n<p><strong>Nos techniques de diagnostic nous permettent de contr\\u00f4ler la fiabilit\\u00e9 de vos installations et de l'augmenter avec des mesures d'entretien appropri\\u00e9es.<\\\/strong><\\\/p>\",\"margin\":\"default\",\"margin_remove_top\":true}}]},{\"type\":\"column\",\"props\":{\"image_position\":\"center-center\",\"position_sticky\":\"column\",\"position_sticky_breakpoint\":\"m\",\"position_sticky_offset\":\"80\",\"width_medium\":\"1-3\"},\"children\":[{\"type\":\"headline\",\"props\":{\"content\":\"Kontakt\",\"content_en_gb\":\"Contact\",\"content_fr_fr\":\"Contact\",\"title_element\":\"h4\"},\"name\":\"Sidebar Headline\"},{\"type\":\"text\",\"props\":{\"column_breakpoint\":\"m\",\"content\":\"\n\n<p><strong>AMServ<\\\/strong><br \\\/>Service f\\u00fcr rotierende<br \\\/>elektrische Maschinen<\\\/p>\",\"content_en_gb\":\"\n\n<p><strong>AMServ<\\\/strong><br \\\/>Service for rotating<br \/> electrical machines<\\\/p>\",\"content_fr_fr\":\"\n\n<p><strong>AMServ<\\\/strong><br \\\/>Service pour machines<br \/>\\u00e9lectriques tournantes<\\\/p>\",\"margin\":\"small\"},\"name\":\"Sidebar Text\"},{\"type\":\"list\",\"props\":{\"class\":\"sidebarContactList\",\"column_breakpoint\":\"m\",\"icon_color\":\"emphasis\",\"icon_width\":\"25\",\"image_align\":\"left\",\"image_svg_color\":\"emphasis\",\"image_svg_inline\":true,\"image_vertical_align\":false,\"image_width\":\"18\",\"list_element\":\"ul\",\"list_horizontal_separator\":\", \",\"list_type\":\"vertical\",\"show_image\":true,\"show_link\":true},\"children\":[{\"type\":\"list_item\",\"props\":{\"content\":\"\n\n<p><a href=\\\"tel:+498000267378\\\" class=\\\"google-event\\\" data-event-action=\\\"telefonnummer_geklickt\\\" data-event-category=\\\"Kontakt\\\" data-event-label=\\\"+498000267378\\\">+49 (0) 8000 267378<br \\\/>+49 (0) 8000 AMSERV<\\\/a><\\\/p>\",\"icon\":\"\",\"image\":\"wp-content\\\/uploads\\\/2024\\\/03\\\/phone.svg\"}},{\"type\":\"list_item\",\"props\":{\"content\":\"\n\n<p><a href=\\\"mailto:info@amserv.de\\\" class=\\\"google-event\\\" data-event-action=\\\"mailadresse_geklickt\\\" data-event-category=\\\"Kontakt\\\" data-event-label=\\\"info@amserv.de\\\">info@amserv.de<\\\/a><\\\/p>\",\"icon\":\"\",\"image\":\"wp-content\\\/uploads\\\/2024\\\/03\\\/envelope.svg\"}}],\"name\":\"Liste-Kontakt2\"}]}]}],\"name\":\"Zweispaltig\"},{\"type\":\"section\",\"props\":{\"image_position\":\"center-center\",\"padding\":\"small\",\"style\":\"muted\",\"title_breakpoint\":\"xl\",\"title_position\":\"top-left\",\"title_rotation\":\"left\",\"vertical_align\":\"\",\"width\":\"default\"},\"children\":[{\"type\":\"row\",\"children\":[{\"type\":\"column\",\"props\":{\"image_position\":\"center-center\",\"position_sticky_breakpoint\":\"m\"},\"children\":[{\"type\":\"headline\",\"props\":{\"content\":\"Einsatzbereiche in der Energieerzeugung im \\u00dcberblick\",\"content_en_gb\":\"overview of areas of application in power generation\",\"content_fr_fr\":\"aper\\u00c7u des domaines d'application dans la production d'\\u00c9nergie\",\"margin\":\"medium\",\"text_align\":\"center\",\"text_align_fallback\":\"left\",\"title_color\":\"primary\",\"title_element\":\"h3\"}},{\"type\":\"panel-slider\",\"props\":{\"content_column_breakpoint\":\"m\",\"css\":\".el-title {display:none;}\",\"icon_width\":80,\"image_align\":\"top\",\"image_grid_breakpoint\":\"m\",\"image_grid_width\":\"1-2\",\"image_svg_color\":\"emphasis\",\"link_fullwidth\":true,\"link_margin\":\"remove\",\"link_style\":\"primary\",\"link_text\":\"Read more\",\"margin\":\"default\",\"meta_align\":\"below-title\",\"meta_element\":\"div\",\"meta_style\":\"text-meta\",\"nav\":\"dotnav\",\"nav_align\":\"center\",\"nav_breakpoint\":\"\",\"panel_match\":true,\"panel_padding\":\"default\",\"panel_style\":\"card-default\",\"show_content\":false,\"show_hover_image\":true,\"show_hover_video\":true,\"show_image\":false,\"show_link\":true,\"show_meta\":false,\"show_title\":true,\"show_video\":true,\"slidenav\":\"outside\",\"slidenav_breakpoint\":\"xl\",\"slidenav_margin\":\"medium\",\"slidenav_outside_breakpoint\":\"xl\",\"slider_autoplay_pause\":true,\"slider_gap\":\"small\",\"slider_width\":\"fixed\",\"slider_width_default\":\"1-1\",\"slider_width_medium\":\"1-3\",\"slider_width_small\":\"1-2\",\"title_align\":\"top\",\"title_element\":\"h3\",\"title_grid_breakpoint\":\"m\",\"title_grid_width\":\"1-2\",\"title_hover_style\":\"reset\"},\"children\":[{\"type\":\"panel-slider_item\",\"props\":{\"link\":\"einsatzbereiche\\\/anlagen-energieerzeugung-reparatur-wartung-instandsetzung\\\/wasserkraft\\\/\",\"link_en_gb\":\"\\\/en\\\/areas-of-application\\\/energy-production\\\/hydropower\",\"link_fr_fr\":\"\\\/fr\\\/domaines-d-application\\\/production-d-energie\\\/energie-hydraulique\",\"link_text\":\"Wasserkraft\",\"link_text_en_gb\":\"hydropower\",\"link_text_fr_fr\":\"\\u00c9nergie hydraulique\",\"title\":\"Wasserkraft\"}},{\"type\":\"panel-slider_item\",\"props\":{\"link\":\"einsatzbereiche\\\/anlagen-energieerzeugung-reparatur-wartung-instandsetzung\\\/windkraft\\\/\",\"link_en_gb\":\"\\\/en\\\/areas-of-application\\\/energy-production\\\/wind-power\",\"link_fr_fr\":\"\\\/fr\\\/domaines-d-application\\\/production-d-energie\\\/energie-eolienne\",\"link_text\":\"Windkraft\",\"link_text_en_gb\":\"wind power\",\"link_text_fr_fr\":\"\\u00c9nergie \\u00c9olienne\",\"title\":\"Windkraft\"}},{\"type\":\"panel-slider_item\",\"props\":{\"link\":\"einsatzbereiche\\\/anlagen-energieerzeugung-reparatur-wartung-instandsetzung\\\/konventionelle-energieerzeugung\\\/\",\"link_en_gb\":\"\\\/en\\\/areas-of-application\\\/energy-production\\\/conventional-energy-production\",\"link_fr_fr\":\"\\\/fr\\\/domaines-d-application\\\/production-d-energie\\\/production-conventionnelle-d-energie\",\"link_text\":\"Konv. Energieerzeugung\",\"link_text_en_gb\":\"conventional energy\",\"link_text_fr_fr\":\"\\u00e9nergie conventionnelle\",\"title\":\"Konv. Energieerzeugung\"}}]}]}]}],\"name\":\"Panel Slider (nur Buttons)\"}],\"version\":\"4.5.25\"} --><\/p>\n","protected":false},"excerpt":{"rendered":"<p>Energieerzeugung Durch unsere Diagnosetechniken k\u00f6nnen wir die Zuverl\u00e4ssigkeit Ihrer Anlagen \u00fcberwachen und durch entsprechende Instandhaltungsma\u00dfnahmen erh\u00f6hen. Kontakt AMServService f\u00fcr rotierendeelektrische Maschinen +49 (0) 8000 267378+49 (0) 8000 AMSERV info@amserv.de Einsatzbereiche in der Energieerzeugung im \u00dcberblick Wasserkraft Wasserkraft Windkraft Windkraft Konv. Energieerzeugung Konv. Energieerzeugung<\/p>\n","protected":false},"author":2,"featured_media":0,"parent":39,"menu_order":0,"comment_status":"closed","ping_status":"closed","template":"","meta":{"footnotes":""},"class_list":["post-243","page","type-page","status-publish","hentry"],"_links":{"self":[{"href":"https:\/\/www.amserv.de\/fr\/wp-json\/wp\/v2\/pages\/243","targetHints":{"allow":["GET"]}}],"collection":[{"href":"https:\/\/www.amserv.de\/fr\/wp-json\/wp\/v2\/pages"}],"about":[{"href":"https:\/\/www.amserv.de\/fr\/wp-json\/wp\/v2\/types\/page"}],"author":[{"embeddable":true,"href":"https:\/\/www.amserv.de\/fr\/wp-json\/wp\/v2\/users\/2"}],"replies":[{"embeddable":true,"href":"https:\/\/www.amserv.de\/fr\/wp-json\/wp\/v2\/comments?post=243"}],"version-history":[{"count":21,"href":"https:\/\/www.amserv.de\/fr\/wp-json\/wp\/v2\/pages\/243\/revisions"}],"predecessor-version":[{"id":3104,"href":"https:\/\/www.amserv.de\/fr\/wp-json\/wp\/v2\/pages\/243\/revisions\/3104"}],"up":[{"embeddable":true,"href":"https:\/\/www.amserv.de\/fr\/wp-json\/wp\/v2\/pages\/39"}],"wp:attachment":[{"href":"https:\/\/www.amserv.de\/fr\/wp-json\/wp\/v2\/media?parent=243"}],"curies":[{"name":"wp","href":"https:\/\/api.w.org\/{rel}","templated":true}]}}