{"id":321,"date":"2024-03-07T22:34:07","date_gmt":"2024-03-07T21:34:07","guid":{"rendered":"https:\/\/www.amserv.de\/?page_id=321"},"modified":"2026-04-13T15:28:09","modified_gmt":"2026-04-13T13:28:09","slug":"qualitaet","status":"publish","type":"page","link":"https:\/\/www.amserv.de\/fr\/societe\/qualite\/","title":{"rendered":"Qualit\u00e9"},"content":{"rendered":"<h1>Qualit\u00e4t <\/h1>\n<div>\n<p><strong>Wir sind hoch qualifiziert. Bei uns finden Sie fachkundiges und geschultes Personal in allen Bereichen!<\/strong><\/p>\n<\/div>\n<ul>\n<li>\n<div>\n<p>Erfahrene und kompetente Spezialisten<\/p>\n<\/div>\n<\/li>\n<li>\n<div>Gro\u00dfes Engagement und Verst\u00e4ndnis f\u00fcr Ihr Ge\u00adsch\u00e4ft<\/div>\n<\/li>\n<li>\n<div>Detailliertes Wissen \u00fcber die eingesetzte Technik dienen einer effizienten Arbeit und Instandhaltung<\/div>\n<\/li>\n<li>\n<div>Zielorientierte Zusammenarbeit<\/div>\n<\/li>\n<li>\n<div>Gem\u00e4\u00df Ihren Vorstellungen auch rund um die Uhr<\/div>\n<\/li>\n<li>\n<div>Wir sind mit unserem Qualit\u00e4tsmanagement zertifiziert nach ISO 9001<\/div>\n<\/li>\n<li>\n<div>Unser Umweltmanagement ist zertifiziert nach ISO 14001<\/div>\n<\/li>\n<li>\n<div>Ferner sind wir zertifiziert nach SCC**<\/div>\n<\/li>\n<li>\n<div>Auditierungen von Herstellern und Kunden<\/div>\n<\/li>\n<li>\n<div>Schwei\u00dftechnische Zulassung nach CL1<\/div>\n<\/li>\n<li>\n<div>EX-Zulassung<\/div>\n<\/li>\n<li>\n<div>Zertifizierung nach KTA 1401<\/div>\n<\/li>\n<li>\n<div>Beh\u00f6rdliche Zulassung f\u00fcr Asbestarbeiten<\/div>\n<\/li>\n<li>\n<div>ITC Zertifizierung Thermographie nach ISO 18436<\/div>\n<\/li>\n<\/ul>\n<h4>Flexibel bei Zeit und Ort \u2013 auch im Ausland und auf Schiffen.<\/h4>\n<p><a href=\"\/download\/\"><img decoding=\"async\" src=\"\/wp-content\/uploads\/2024\/03\/amserv_qualitaet_2.jpg\" alt=\"\"><\/a><\/p>\n<h4>Kontakt<\/h4>\n<div>\n<p><strong>AMServ<\/strong><br \/>Service f\u00fcr rotierende<br \/>elektrische Maschinen<\/p>\n<\/div>\n<ul>\n<li>\n<p>        <img decoding=\"async\" src=\"\/wp-content\/uploads\/2024\/03\/phone.svg\" alt=\"\"><\/p>\n<div>\n<p><a href=\"tel:+498000267378\" class=\"google-event\" data-event-action=\"telefonnummer_geklickt\" data-event-category=\"Kontakt\" data-event-label=\"+498000267378\">+49 (0) 8000 267378<br \/>+49 (0) 8000 AMSERV<\/a><\/p>\n<\/div>\n<\/li>\n<li>\n<p>        <img decoding=\"async\" src=\"\/wp-content\/uploads\/2024\/03\/envelope.svg\" alt=\"\"><\/p>\n<div>\n<p><a href=\"mailto:info@amserv.de\" class=\"google-event\" data-event-action=\"mailadresse_geklickt\" data-event-category=\"Kontakt\" data-event-label=\"info@amserv.de\">info@amserv.de<\/a><\/p>\n<\/div>\n<\/li>\n<\/ul>\n<p><!--more--><br \/>\n<!-- {\"type\":\"layout\",\"children\":[{\"type\":\"section\",\"props\":{\"image\":\"wp-content\\\/uploads\\\/2024\\\/03\\\/qualitaet.jpg\",\"image_position\":\"center-center\",\"image_size\":\"cover\",\"padding\":\"xlarge\",\"padding_remove_bottom\":false,\"padding_remove_top\":false,\"style\":\"default\",\"title_breakpoint\":\"xl\",\"title_position\":\"top-left\",\"title_rotation\":\"left\",\"vertical_align\":\"\",\"width\":\"\"},\"children\":[{\"type\":\"row\",\"children\":[{\"type\":\"column\",\"props\":{\"image_position\":\"center-center\",\"position_sticky_breakpoint\":\"m\"}}]}],\"name\":\"Headerbild\"},{\"type\":\"section\",\"props\":{\"image_position\":\"center-center\",\"padding\":\"none\",\"style\":\"muted\",\"title_breakpoint\":\"xl\",\"title_position\":\"top-left\",\"title_rotation\":\"left\",\"vertical_align\":\"\",\"width\":\"default\"},\"children\":[{\"type\":\"row\",\"children\":[{\"type\":\"column\",\"props\":{\"image_position\":\"center-center\",\"position_sticky_breakpoint\":\"m\"},\"children\":[{\"type\":\"breadcrumbs\",\"props\":{\"home_text\":\"Home\",\"show_current\":true,\"show_home\":true}}]}]}],\"name\":\"Breadcrumbs\"},{\"type\":\"section\",\"props\":{\"image_position\":\"center-center\",\"padding\":\"small\",\"padding_remove_bottom\":false,\"style\":\"default\",\"title_breakpoint\":\"xl\",\"title_position\":\"top-left\",\"title_rotation\":\"left\",\"vertical_align\":\"\",\"width\":\"default\"},\"children\":[{\"type\":\"row\",\"props\":{\"layout\":\"2-3,1-3\"},\"children\":[{\"type\":\"column\",\"props\":{\"image_position\":\"center-center\",\"position_sticky_breakpoint\":\"m\",\"width_medium\":\"2-3\"},\"children\":[{\"type\":\"headline\",\"props\":{\"content\":\"Qualit\\u00e4t \",\"content_en_gb\":\"quality\",\"content_fr_fr\":\"qualit\\u00c9\",\"title_element\":\"h1\"}},{\"type\":\"text\",\"props\":{\"column_breakpoint\":\"m\",\"content\":\"\n\n<p><strong>Wir sind hoch qualifiziert. Bei uns finden Sie fachkundiges und geschultes Personal in allen Bereichen!<\\\/strong><\\\/p>\",\"content_en_gb\":\"\n\n<p><strong>We are highly qualified. We employ expert staff who have received extensive training in all our departments!<\\\/strong><\\\/p>\",\"content_fr_fr\":\"\n\n<p><strong>Nous sommes hautement qualifi\\u00e9s. Chez nous, vous trouverez du personnel form\\u00e9 et qualifi\\u00e9 dans tous les domaines&nbsp;!<\\\/strong><\\\/p>\",\"margin\":\"default\",\"margin_remove_top\":true}},{\"type\":\"list\",\"props\":{\"column_breakpoint\":\"s\",\"image_align\":\"left\",\"image_svg_color\":\"emphasis\",\"image_vertical_align\":true,\"list_element\":\"ul\",\"list_horizontal_separator\":\", \",\"list_marker\":\"disc\",\"list_marker_color\":\"emphasis\",\"list_type\":\"vertical\",\"show_image\":true,\"show_link\":true},\"children\":[{\"type\":\"list_item\",\"props\":{\"content\":\"\n\n<p>Erfahrene und kompetente Spezialisten<\\\/p>\",\"content_en_gb\":\"\n\n<p>Experienced experts<\\\/p>\",\"content_fr_fr\":\"\n\n<p>Des sp\\u00e9cialistes exp\\u00e9riment\\u00e9s et comp\\u00e9tents<\\\/p>\"}},{\"type\":\"list_item\",\"props\":{\"content\":\"Gro\\u00dfes Engagement und Verst\\u00e4ndnis f\\u00fcr Ihr Ge\\u00adsch\\u00e4ft\",\"content_en_gb\":\"\n\n<p>High level of commitment to and understanding of your business\\u00ad<\\\/p>\",\"content_fr_fr\":\"\n\n<p>Un engagement et une compr\\u00e9hension de votre secteur \\u00add'activit\\u00e9<\\\/p>\"}},{\"type\":\"list_item\",\"props\":{\"content\":\"Detailliertes Wissen \\u00fcber die eingesetzte Technik dienen einer effizienten Arbeit und Instandhaltung\",\"content_en_gb\":\"\n\n<p>Detailed knowledge of the technology being used ensures efficient work and maintenance processes<\\\/p>\",\"content_fr_fr\":\"\n\n<p>Des connaissances d\\u00e9taill\\u00e9es sur la technologie employ\\u00e9e favorisent l'efficacit\\u00e9 du travail et de l'entretien<\\\/p>\"}},{\"type\":\"list_item\",\"props\":{\"content\":\"Zielorientierte Zusammenarbeit\",\"content_en_gb\":\"\n\n<p>Target-focused partnership<\\\/p>\",\"content_fr_fr\":\"\n\n<p>Une collaboration cibl\\u00e9e<\\\/p>\"}},{\"type\":\"list_item\",\"props\":{\"content\":\"Gem\\u00e4\\u00df Ihren Vorstellungen auch rund um die Uhr\",\"content_en_gb\":\"\n\n<p>Around the clock as you would expect<\\\/p>\",\"content_fr_fr\":\"\n\n<p>En tout conformit\\u00e9 avec vos id\\u00e9es, \\u00e9galement 24 heures sur 24<\\\/p>\"}},{\"type\":\"list_item\",\"props\":{\"content\":\"Wir sind mit unserem Qualit\\u00e4tsmanagement zertifiziert nach ISO 9001\",\"content_en_gb\":\"\n\n<p>Our quality management is certified in accordance with\\u00ad ISO 9001<\\\/p>\",\"content_fr_fr\":\"\n\n<p>Notre gestion de la qualit\\u00e9 est certifi\\u00e9e \\u00adselon ISO 9001<\\\/p>\"}},{\"type\":\"list_item\",\"props\":{\"content\":\"Unser Umweltmanagement ist zertifiziert nach ISO 14001\",\"content_en_gb\":\"\n\n<p>Our environmental management is certified in accordance with ISO 14001<\\\/p>\",\"content_fr_fr\":\"\n\n<p>Notre gestion de l'environnement est certifi\\u00e9e selon ISO 14001<\\\/p>\"}},{\"type\":\"list_item\",\"props\":{\"content\":\"Ferner sind wir zertifiziert nach SCC**\",\"content_en_gb\":\"\n\n<p>We also have SCC** certification<\\\/p>\",\"content_fr_fr\":\"\n\n<p>Nous sommes, en outre, certifi\\u00e9s selon SCC**<\\\/p>\"}},{\"type\":\"list_item\",\"props\":{\"content\":\"Auditierungen von Herstellern und Kunden\",\"content_en_gb\":\"\n\n<p>Audits of manufacturers and customers<\\\/p>\",\"content_fr_fr\":\"\n\n<p>Audits des fabricants et des clients<\\\/p>\"}},{\"type\":\"list_item\",\"props\":{\"content\":\"Schwei\\u00dftechnische Zulassung nach CL1\",\"content_en_gb\":\"\n\n<p>Technical welding approval pursuant to CL1<\\\/p>\",\"content_fr_fr\":\"\n\n<p>Homologation pour le soudage selon CL1<\\\/p>\"}},{\"type\":\"list_item\",\"props\":{\"content\":\"EX-Zulassung\",\"content_en_gb\":\"\n\n<p>Ex approval<\\\/p>\",\"content_fr_fr\":\"\n\n<p>Homologation EX<\\\/p>\"}},{\"type\":\"list_item\",\"props\":{\"content\":\"Zertifizierung nach KTA 1401\",\"content_en_gb\":\"\n\n<p>Certified in accordance with KTA 1401<\\\/p>\",\"content_fr_fr\":\"\n\n<p>Certification selon KTA 1401<\\\/p>\"}},{\"type\":\"list_item\",\"props\":{\"content\":\"Beh\\u00f6rdliche Zulassung f\\u00fcr Asbestarbeiten\",\"content_en_gb\":\"\n\n<p>Official approval for working with asbestos<\\\/p>\",\"content_fr_fr\":\"\n\n<p>Homologation administrative pour effectuer les travaux li\\u00e9s \\u00e0 l'amiante<\\\/p>\"}},{\"type\":\"list_item\",\"props\":{\"content\":\"ITC Zertifizierung Thermographie nach ISO 18436\",\"content_en_gb\":\"\n\n<p>ITC thermography certification pursuant to ISO 18436<\\\/p>\",\"content_fr_fr\":\"\n\n<p>Certification ITC Thermographie selon ISO 18436<\\\/p>\"}}],\"name\":\"Liste\"},{\"type\":\"headline\",\"props\":{\"content\":\"Flexibel bei Zeit und Ort \\u2013 auch im Ausland und auf Schiffen.\",\"content_en_gb\":\"flexible in terms of time and location, including abroad and on ships.\",\"content_fr_fr\":\"flexibilit\\u00c9 dans le temps et dans l'espace \\u2013 \\u00c9galement \\u00c0 l'\\u00c9tranger et sur les navires.\",\"title_element\":\"h4\"}},{\"type\":\"image\",\"props\":{\"image\":\"wp-content\\\/uploads\\\/2024\\\/03\\\/amserv_qualitaet_2.jpg\",\"image_svg_color\":\"emphasis\",\"link\":\"download\\\/\",\"link_en_gb\":\"\\\/en\\\/download\",\"link_fr_fr\":\"\\\/fr\\\/telechargements\",\"margin\":\"default\"}}]},{\"type\":\"column\",\"props\":{\"image_position\":\"center-center\",\"position_sticky\":\"column\",\"position_sticky_breakpoint\":\"m\",\"position_sticky_offset\":\"80\",\"width_medium\":\"1-3\"},\"children\":[{\"type\":\"headline\",\"props\":{\"content\":\"Kontakt\",\"content_en_gb\":\"Contact\",\"content_fr_fr\":\"Contact\",\"title_element\":\"h4\"},\"name\":\"Sidebar Headline\"},{\"type\":\"text\",\"props\":{\"column_breakpoint\":\"m\",\"content\":\"\n\n<p><strong>AMServ<\\\/strong><br \\\/>Service f\\u00fcr rotierende<br \\\/>elektrische Maschinen<\\\/p>\",\"content_en_gb\":\"\n\n<p><strong>AMServ<\\\/strong><br \\\/>Service for rotating<br \/> electrical machines<\\\/p>\",\"content_fr_fr\":\"\n\n<p><strong>AMServ<\\\/strong><br \\\/>Service pour machines<br \/>\\u00e9lectriques tournantes<\\\/p>\",\"margin\":\"small\"},\"name\":\"Sidebar Text\"},{\"type\":\"list\",\"props\":{\"class\":\"sidebarContactList\",\"column_breakpoint\":\"m\",\"icon_color\":\"emphasis\",\"icon_width\":\"25\",\"image_align\":\"left\",\"image_svg_color\":\"emphasis\",\"image_svg_inline\":true,\"image_vertical_align\":false,\"image_width\":\"18\",\"list_element\":\"ul\",\"list_horizontal_separator\":\", \",\"list_type\":\"vertical\",\"show_image\":true,\"show_link\":true},\"children\":[{\"type\":\"list_item\",\"props\":{\"content\":\"\n\n<p><a href=\\\"tel:+498000267378\\\" class=\\\"google-event\\\" data-event-action=\\\"telefonnummer_geklickt\\\" data-event-category=\\\"Kontakt\\\" data-event-label=\\\"+498000267378\\\">+49 (0) 8000 267378<br \\\/>+49 (0) 8000 AMSERV<\\\/a><\\\/p>\",\"icon\":\"\",\"image\":\"wp-content\\\/uploads\\\/2024\\\/03\\\/phone.svg\"}},{\"type\":\"list_item\",\"props\":{\"content\":\"\n\n<p><a href=\\\"mailto:info@amserv.de\\\" class=\\\"google-event\\\" data-event-action=\\\"mailadresse_geklickt\\\" data-event-category=\\\"Kontakt\\\" data-event-label=\\\"info@amserv.de\\\">info@amserv.de<\\\/a><\\\/p>\",\"icon\":\"\",\"image\":\"wp-content\\\/uploads\\\/2024\\\/03\\\/envelope.svg\"}}],\"name\":\"Liste-Kontakt2\"}]}]}],\"name\":\"Zweispaltig\"}],\"version\":\"4.5.25\"} --><\/p>\n","protected":false},"excerpt":{"rendered":"<p>Qualit\u00e4t Wir sind hoch qualifiziert. Bei uns finden Sie fachkundiges und geschultes Personal in allen Bereichen! Erfahrene und kompetente Spezialisten Gro\u00dfes Engagement und Verst\u00e4ndnis f\u00fcr Ihr Ge\u00adsch\u00e4ft Detailliertes Wissen \u00fcber die eingesetzte Technik dienen einer effizienten Arbeit und Instandhaltung Zielorientierte Zusammenarbeit Gem\u00e4\u00df Ihren Vorstellungen auch rund um die Uhr Wir sind mit unserem Qualit\u00e4tsmanagement zertifiziert [&#8230;]<\/p>\n<p><a class=\"el-content uk-button uk-button-primary uk-margin-remove-bottom excerpt\" href=\"https:\/\/www.amserv.de\/fr\/societe\/qualite\/\">Continuer&#8230;<\/a><\/p>\n","protected":false},"author":2,"featured_media":0,"parent":33,"menu_order":0,"comment_status":"closed","ping_status":"closed","template":"","meta":{"footnotes":""},"class_list":["post-321","page","type-page","status-publish","hentry"],"_links":{"self":[{"href":"https:\/\/www.amserv.de\/fr\/wp-json\/wp\/v2\/pages\/321","targetHints":{"allow":["GET"]}}],"collection":[{"href":"https:\/\/www.amserv.de\/fr\/wp-json\/wp\/v2\/pages"}],"about":[{"href":"https:\/\/www.amserv.de\/fr\/wp-json\/wp\/v2\/types\/page"}],"author":[{"embeddable":true,"href":"https:\/\/www.amserv.de\/fr\/wp-json\/wp\/v2\/users\/2"}],"replies":[{"embeddable":true,"href":"https:\/\/www.amserv.de\/fr\/wp-json\/wp\/v2\/comments?post=321"}],"version-history":[{"count":47,"href":"https:\/\/www.amserv.de\/fr\/wp-json\/wp\/v2\/pages\/321\/revisions"}],"predecessor-version":[{"id":3083,"href":"https:\/\/www.amserv.de\/fr\/wp-json\/wp\/v2\/pages\/321\/revisions\/3083"}],"up":[{"embeddable":true,"href":"https:\/\/www.amserv.de\/fr\/wp-json\/wp\/v2\/pages\/33"}],"wp:attachment":[{"href":"https:\/\/www.amserv.de\/fr\/wp-json\/wp\/v2\/media?parent=321"}],"curies":[{"name":"wp","href":"https:\/\/api.w.org\/{rel}","templated":true}]}}