{"id":33,"date":"2024-02-23T12:04:46","date_gmt":"2024-02-23T11:04:46","guid":{"rendered":"https:\/\/www.amserv.de\/?page_id=33"},"modified":"2026-04-13T15:26:07","modified_gmt":"2026-04-13T13:26:07","slug":"unternehmen","status":"publish","type":"page","link":"https:\/\/www.amserv.de\/fr\/societe\/","title":{"rendered":"Compagnie"},"content":{"rendered":"<h1>\u00dcber uns <\/h1>\n<div>\n<p><strong>Reparatur, Neulieferung und Service sind Vertrauenssache.<\/strong><\/p>\n<\/div>\n<div>\n<p>Die AMServ-Dienstleistungsgruppe mit Ihren 4 Servicezentren ist Ihr kompetenter Ansprechpartner, wenn es um den effektiven Betrieb, die Zustandserfassung, Wartung, die Reparatur und Neulieferung von elektrischen rotierenden Maschinen aller Art geht.<\/p>\n<p>Wir sind die Spezialisten, die Ihre Komponenten auf Herz und Nieren pr\u00fcfen, eine Fehleranalyse durchf\u00fchren und anschlie\u00dfend fachgerecht instand setzen.<\/p>\n<\/div>\n<h4>Schnell, effizient, qualit\u00e4ts- und umweltbewusst.<\/h4>\n<div>\n<p>        <img decoding=\"async\" src=\"\/wp-content\/uploads\/2024\/02\/amserv_logo_ABB.jpg\" alt=\"\"><\/p>\n<div>\n<p>Wir von AMServ sind herstellerunabh\u00e4ngig t\u00e4tig.<\/p>\n<p>Als ABB-Vertriebs- und Servicepartner liefern wir Ihnen auch Originalersatzteile, Neumotoren und Komponenten von ABB. Unser Lieferspektrum umfasst auch den Verkauf von Frequenzumrichtern, Stromrichtern und weiteres Antriebszubeh\u00f6r. So k\u00f6nnen wir Ihnen jederzeit eine flexible, schnelle und auch kosteneffiziente L\u00f6sung bieten.<\/p>\n<p>Sie produzieren und wir stellen sicher, dass sich die Dinge weiter drehen!<\/p>\n<\/div>\n<\/div>\n<h4>Kontakt<\/h4>\n<div>\n<p><strong>AMServ<\/strong><br \/>Service f\u00fcr rotierende<br \/>elektrische Maschinen<\/p>\n<\/div>\n<ul>\n<li>\n<p>        <img decoding=\"async\" src=\"\/wp-content\/uploads\/2024\/03\/phone.svg\" alt=\"\"><\/p>\n<div>\n<p><a href=\"tel:+498000267378\" class=\"google-event\" data-event-action=\"telefonnummer_geklickt\" data-event-category=\"Kontakt\" data-event-label=\"+498000267378\">+49 (0) 8000 267378<br \/>+49 (0) 8000 AMSERV<\/a><\/p>\n<\/div>\n<\/li>\n<li>\n<p>        <img decoding=\"async\" src=\"\/wp-content\/uploads\/2024\/03\/envelope.svg\" alt=\"\"><\/p>\n<div>\n<p><a href=\"mailto:info@amserv.de\" class=\"google-event\" data-event-action=\"mailadresse_geklickt\" data-event-category=\"Kontakt\" data-event-label=\"info@amserv.de\">info@amserv.de<\/a><\/p>\n<\/div>\n<\/li>\n<\/ul>\n<p><video src=\"\/wp-content\/uploads\/2024\/02\/video1-480p.mp4\" poster=\"\/wp-content\/uploads\/2024\/02\/Kraftwerk-Walchensee-Poster.jpg\"><\/video><\/p>\n<p><!--more--><br \/>\n<!-- {\"type\":\"layout\",\"children\":[{\"type\":\"section\",\"props\":{\"image\":\"wp-content\\\/uploads\\\/2024\\\/02\\\/ueber_uns.jpg\",\"image_position\":\"center-center\",\"image_size\":\"cover\",\"padding\":\"xlarge\",\"padding_remove_bottom\":false,\"padding_remove_top\":false,\"style\":\"default\",\"title_breakpoint\":\"xl\",\"title_position\":\"top-left\",\"title_rotation\":\"left\",\"vertical_align\":\"\",\"width\":\"\"},\"children\":[{\"type\":\"row\",\"children\":[{\"type\":\"column\",\"props\":{\"image_position\":\"center-center\",\"position_sticky_breakpoint\":\"m\"}}]}],\"name\":\"Headerbild\"},{\"type\":\"section\",\"props\":{\"image_position\":\"center-center\",\"padding\":\"none\",\"style\":\"muted\",\"title_breakpoint\":\"xl\",\"title_position\":\"top-left\",\"title_rotation\":\"left\",\"vertical_align\":\"\",\"width\":\"default\"},\"children\":[{\"type\":\"row\",\"children\":[{\"type\":\"column\",\"props\":{\"image_position\":\"center-center\",\"position_sticky_breakpoint\":\"m\"},\"children\":[{\"type\":\"breadcrumbs\",\"props\":{\"home_text\":\"Home\",\"show_current\":true,\"show_home\":true}}]}]}],\"name\":\"Breadcrumbs\"},{\"type\":\"section\",\"props\":{\"image_position\":\"center-center\",\"padding\":\"small\",\"padding_remove_bottom\":false,\"style\":\"default\",\"title_breakpoint\":\"xl\",\"title_position\":\"top-left\",\"title_rotation\":\"left\",\"vertical_align\":\"\",\"width\":\"default\"},\"children\":[{\"type\":\"row\",\"props\":{\"layout\":\"2-3,1-3\"},\"children\":[{\"type\":\"column\",\"props\":{\"image_position\":\"center-center\",\"position_sticky_breakpoint\":\"m\",\"width_medium\":\"2-3\"},\"children\":[{\"type\":\"headline\",\"props\":{\"content\":\"\\u00dcber uns \",\"content_en_gb\":\"About us\",\"content_fr_fr\":\"\\u00c0 propos de nous\",\"title_element\":\"h1\"}},{\"type\":\"text\",\"props\":{\"column_breakpoint\":\"m\",\"content\":\"\n\n<p><strong>Reparatur, Neulieferung und Service sind Vertrauenssache.<\\\/strong><\\\/p>\",\"content_en_gb\":\"\n\n<p><strong>Repairs, new deliveries and service<\\\/strong><span>\\u00a0<\\\/span><strong>are a question of trust<\\\/strong><\\\/p>\",\"content_fr_fr\":\"\n\n<p><strong>Toute r\\u00e9paration, toute nouvelle livraison et tout service<\\\/strong><span>\\u00a0<\\\/span><strong>reposent sur la confiance<\\\/strong><\\\/p>\",\"margin\":\"default\",\"margin_remove_top\":true}},{\"type\":\"text\",\"props\":{\"column_breakpoint\":\"m\",\"content\":\"\n\n<p>Die AMServ-Dienstleistungsgruppe mit Ihren 4 Servicezentren ist Ihr kompetenter Ansprechpartner, wenn es um den effektiven Betrieb, die Zustandserfassung, Wartung, die Reparatur und Neulieferung von elektrischen rotierenden Maschinen aller Art geht.<\\\/p>\\n\n\n<p>Wir sind die Spezialisten, die Ihre Komponenten auf Herz und Nieren pr\\u00fcfen, eine Fehleranalyse durchf\\u00fchren und anschlie\\u00dfend fachgerecht instand setzen.<\\\/p>\",\"content_en_gb\":\"\n\n<p>The AMServ service group with its 4 service centres is your expert partner for effective operation, condition assessment, maintenance, repair and new delivery of all kinds of electrical rotating machines.<\\\/p>\\n\n\n<p>We are the specialists who check all aspects of your components professionaly, carry out an error analysis and then repair them properly and expertly.<\\\/p>\",\"content_fr_fr\":\"\n\n<p>Le groupe de prestations de service AMServ avec ses 4 centres de service est votre interlocuteur comp\\u00e9tent quand il s'agit d'exploitation efficace, de d\\u00e9tection d'\\u00e9tat, de maintenance, de r\\u00e9paration et de nouvelle livraison de machines rotatives \\u00e9lectriques en tout genre.<\\\/p>\\n\n\n<p>Nous sommes les sp\\u00e9cialistes qui examinent vos composants sous toutes les coutures, proc\\u00e8dent \\u00e0 l'analyse des pannes puis effectuent la remise en \\u00e9tat dans les r\\u00e8gles de l'art.<\\\/p>\",\"margin\":\"default\"}},{\"type\":\"headline\",\"props\":{\"content\":\"Schnell, effizient, qualit\\u00e4ts- und umweltbewusst.\",\"content_en_gb\":\"fast, efficient, excellent quality and environmentally friendly.\",\"content_fr_fr\":\"rapides, efficaces, soucieux de la qualit\\u00c9 et de l'environnement.\",\"title_element\":\"h4\"}},{\"type\":\"panel\",\"props\":{\"content\":\"\n\n<p>Wir von AMServ sind herstellerunabh\\u00e4ngig t\\u00e4tig.<\\\/p>\\n\n\n<p>Als ABB-Vertriebs- und Servicepartner liefern wir Ihnen auch Originalersatzteile, Neumotoren und Komponenten von ABB. Unser Lieferspektrum umfasst auch den Verkauf von Frequenzumrichtern, Stromrichtern und weiteres Antriebszubeh\\u00f6r. So k\\u00f6nnen wir Ihnen jederzeit eine flexible, schnelle und auch kosteneffiziente L\\u00f6sung bieten.<\\\/p>\\n\n\n<p>Sie produzieren und wir stellen sicher, dass sich die Dinge weiter drehen!<\\\/p>\",\"content_column_breakpoint\":\"m\",\"content_en_gb\":\"\n\n<p>At <span>AMServ, we work independently of any manufacturer.<\\\/span><\\\/p>\\n\n\n<p><span>As an ABB sales and service partner, we can also supply you with original spare parts, new motors and components from ABB. Our scope of supply also includes the sale of frequency converters, power converters and other drive equipment. This means that we can provide you with a flexible, fast and cost-effective solution at any time.<\\\/span><\\\/p>\\n\n\n<p>You can concentrate on production and we keep things turning!<\\\/p>\",\"content_fr_fr\":\"\n\n<p>Chez AMServ, nous agissons ind\\u00e9pendamment des fabricants.<\\\/p>\\n\n\n<p>En tant que concessionnaire et service apr\\u00e8s-vente ABB, nous vous approvisionnons \\u00e9galement en pi\\u00e8ces de rechange d'origine, en moteurs neufs et en composants d'ABB. Notre gamme de livraison comprend \\u00e9galement la vente de convertisseurs de fr\\u00e9quence, de convertisseurs de courant et d'autres accessoires d'entra\\u00eenement. Nous pouvons ainsi vous proposer, \\u00e0 tout moment, une solution flexible, rapide et aussi rentable.<\\\/p>\\n\n\n<p>Vous fabriquez et nous veillons \\u00e0 ce que les choses continuent \\u00e0 tourner&nbsp;!<\\\/p>\",\"icon_width\":80,\"image\":\"wp-content\\\/uploads\\\/2024\\\/02\\\/amserv_logo_ABB.jpg\",\"image_align\":\"left\",\"image_grid_breakpoint\":\"s\",\"image_grid_column_gap\":\"small\",\"image_grid_width\":\"1-3\",\"image_svg_color\":\"emphasis\",\"link_style\":\"default\",\"link_text\":\"Read more\",\"margin\":\"default\",\"meta_align\":\"below-title\",\"meta_element\":\"div\",\"meta_style\":\"text-meta\",\"title_align\":\"top\",\"title_element\":\"h3\",\"title_grid_breakpoint\":\"m\",\"title_grid_width\":\"1-2\",\"title_hover_style\":\"reset\"}}]},{\"type\":\"column\",\"props\":{\"image_position\":\"center-center\",\"position_sticky\":\"column\",\"position_sticky_breakpoint\":\"m\",\"position_sticky_offset\":\"80\",\"width_medium\":\"1-3\"},\"children\":[{\"type\":\"headline\",\"props\":{\"content\":\"Kontakt\",\"content_en_gb\":\"Contact\",\"content_fr_fr\":\"Contact\",\"title_element\":\"h4\"}},{\"type\":\"text\",\"props\":{\"column_breakpoint\":\"m\",\"content\":\"\n\n<p><strong>AMServ<\\\/strong><br \\\/>Service f\\u00fcr rotierende<br \\\/>elektrische Maschinen<\\\/p>\",\"content_en_gb\":\"\n\n<p><strong>AMServ<\\\/strong><br \\\/>Service for rotating<br \/> electrical machines<\\\/p>\",\"content_fr_fr\":\"\n\n<p><strong>AMServ<\\\/strong><br \\\/>Service pour machines<br \/>\\u00e9lectriques tournantes<\\\/p>\",\"margin\":\"small\"}},{\"type\":\"list\",\"props\":{\"class\":\"sidebarContactList\",\"column_breakpoint\":\"m\",\"icon_color\":\"emphasis\",\"icon_width\":\"25\",\"image_align\":\"left\",\"image_svg_color\":\"emphasis\",\"image_svg_inline\":true,\"image_vertical_align\":false,\"image_width\":\"18\",\"list_element\":\"ul\",\"list_horizontal_separator\":\", \",\"list_type\":\"vertical\",\"show_image\":true,\"show_link\":true},\"children\":[{\"type\":\"list_item\",\"props\":{\"content\":\"\n\n<p><a href=\\\"tel:+498000267378\\\" class=\\\"google-event\\\" data-event-action=\\\"telefonnummer_geklickt\\\" data-event-category=\\\"Kontakt\\\" data-event-label=\\\"+498000267378\\\">+49 (0) 8000 267378<br \\\/>+49 (0) 8000 AMSERV<\\\/a><\\\/p>\",\"icon\":\"\",\"image\":\"wp-content\\\/uploads\\\/2024\\\/03\\\/phone.svg\"}},{\"type\":\"list_item\",\"props\":{\"content\":\"\n\n<p><a href=\\\"mailto:info@amserv.de\\\" class=\\\"google-event\\\" data-event-action=\\\"mailadresse_geklickt\\\" data-event-category=\\\"Kontakt\\\" data-event-label=\\\"info@amserv.de\\\">info@amserv.de<\\\/a><\\\/p>\",\"icon\":\"\",\"image\":\"wp-content\\\/uploads\\\/2024\\\/03\\\/envelope.svg\"}}],\"name\":\"Liste-Kontakt2\"}]}]}],\"name\":\"Zweispaltig\"},{\"type\":\"section\",\"props\":{\"image_position\":\"center-center\",\"style\":\"default\",\"title_breakpoint\":\"xl\",\"title_position\":\"top-left\",\"title_rotation\":\"left\",\"vertical_align\":\"\",\"width\":\"default\"},\"children\":[{\"type\":\"row\",\"children\":[{\"type\":\"column\",\"props\":{\"image_position\":\"center-center\",\"position_sticky_breakpoint\":\"m\"},\"children\":[{\"type\":\"video\",\"props\":{\"margin\":\"default\",\"video\":\"wp-content\\\/uploads\\\/2024\\\/02\\\/video1-480p.mp4\",\"video_controls\":true,\"video_poster\":\"wp-content\\\/uploads\\\/2024\\\/02\\\/Kraftwerk-Walchensee-Poster.jpg\"}}]}]}]}],\"version\":\"4.5.25\"} --><\/p>\n","protected":false},"excerpt":{"rendered":"<p>\u00dcber uns Reparatur, Neulieferung und Service sind Vertrauenssache. Die AMServ-Dienstleistungsgruppe mit Ihren 4 Servicezentren ist Ihr kompetenter Ansprechpartner, wenn es um den effektiven Betrieb, die Zustandserfassung, Wartung, die Reparatur und Neulieferung von elektrischen rotierenden Maschinen aller Art geht. Wir sind die Spezialisten, die Ihre Komponenten auf Herz und Nieren pr\u00fcfen, eine Fehleranalyse durchf\u00fchren und anschlie\u00dfend [&#8230;]<\/p>\n<p><a class=\"el-content uk-button uk-button-primary uk-margin-remove-bottom excerpt\" href=\"https:\/\/www.amserv.de\/fr\/societe\/\">Continuer&#8230;<\/a><\/p>\n","protected":false},"author":2,"featured_media":0,"parent":0,"menu_order":0,"comment_status":"closed","ping_status":"closed","template":"","meta":{"footnotes":""},"class_list":["post-33","page","type-page","status-publish","hentry"],"_links":{"self":[{"href":"https:\/\/www.amserv.de\/fr\/wp-json\/wp\/v2\/pages\/33","targetHints":{"allow":["GET"]}}],"collection":[{"href":"https:\/\/www.amserv.de\/fr\/wp-json\/wp\/v2\/pages"}],"about":[{"href":"https:\/\/www.amserv.de\/fr\/wp-json\/wp\/v2\/types\/page"}],"author":[{"embeddable":true,"href":"https:\/\/www.amserv.de\/fr\/wp-json\/wp\/v2\/users\/2"}],"replies":[{"embeddable":true,"href":"https:\/\/www.amserv.de\/fr\/wp-json\/wp\/v2\/comments?post=33"}],"version-history":[{"count":140,"href":"https:\/\/www.amserv.de\/fr\/wp-json\/wp\/v2\/pages\/33\/revisions"}],"predecessor-version":[{"id":3081,"href":"https:\/\/www.amserv.de\/fr\/wp-json\/wp\/v2\/pages\/33\/revisions\/3081"}],"wp:attachment":[{"href":"https:\/\/www.amserv.de\/fr\/wp-json\/wp\/v2\/media?parent=33"}],"curies":[{"name":"wp","href":"https:\/\/api.w.org\/{rel}","templated":true}]}}