{"id":334,"date":"2024-03-07T22:37:54","date_gmt":"2024-03-07T21:37:54","guid":{"rendered":"https:\/\/www.amserv.de\/?page_id=334"},"modified":"2026-04-13T15:38:19","modified_gmt":"2026-04-13T13:38:19","slug":"servomotoren-reparatur-wartung-instandsetzung","status":"publish","type":"page","link":"https:\/\/www.amserv.de\/fr\/service\/servomoteurs\/","title":{"rendered":"Servomoteurs"},"content":{"rendered":"<h1>Reparatur, Wartung und Instandsetzung von Servomotoren<\/h1>\n<div>\n<p><strong>Servomotoren sind in gro\u00dfen Mengen in verschiedenste Produktionsanlagen eingebaut und verantwortlich f\u00fcr den reibungslosen Ablauf in den Fertigungen.<\/strong><\/p>\n<\/div>\n<div>\n<p>Ob bei DC-, Drehstrom- oder Brushless- Servomotoren mit Gebereinrichtungen wie Tachos, Inkrementalgebern oder Resolvern sowie bei angebauten Bremsen oder Getrieben &#8211; AMServ repariert und \u00fcberholt die Servomotoren unabh\u00e4ngig vom Hersteller.<\/p>\n<p>Neben der rein mechanischen und elektrotechnischen Reparatur ist die \u00dcberpr\u00fcfung der Wirksamkeit in Bezug auf die Gr\u00f6\u00dfe und die Dynamik des Magnetfeldes und damit des Drehmoments ein wesentlicher Faktor f\u00fcr die Qualit\u00e4t der Instandsetzung von Servomotoren.<\/p>\n<p>AMServ verf\u00fcgt hierf\u00fcr \u00fcber umfangreiche Test- und Pr\u00fcfeinrichtungen.<\/p>\n<\/div>\n<h4>Wir reparieren alle Fabrikate:<\/h4>\n<ul>\n<li>\n<div>BBC \/ ABB<\/div>\n<\/li>\n<li>\n<div>Siemens<\/div>\n<\/li>\n<li>\n<div>Bosch<\/div>\n<\/li>\n<li>\n<div>Baum\u00fcller<\/div>\n<\/li>\n<li>\n<div>Parvex<\/div>\n<\/li>\n<li>\n<div>Lenze<\/div>\n<\/li>\n<li>\n<div>Mavilor<\/div>\n<\/li>\n<li>\n<div>Control Techniques<\/div>\n<\/li>\n<li>\n<div>Stromag<\/div>\n<\/li>\n<li>\n<div>Lust<\/div>\n<\/li>\n<li>\n<div>Und viele mehr&#8230;<\/div>\n<\/li>\n<\/ul>\n<div><\/div>\n<h4>Kontakt<\/h4>\n<div>\n<p><strong>AMServ<\/strong><br \/>Service f\u00fcr rotierende<br \/>elektrische Maschinen<\/p>\n<\/div>\n<ul>\n<li>\n<p>        <img decoding=\"async\" src=\"\/wp-content\/uploads\/2024\/03\/phone.svg\" alt=\"\"><\/p>\n<div>\n<p><a href=\"tel:+498000267378\" class=\"google-event\" data-event-action=\"telefonnummer_geklickt\" data-event-category=\"Kontakt\" data-event-label=\"+498000267378\">+49 (0) 8000 267378<br \/>+49 (0) 8000 AMSERV<\/a><\/p>\n<\/div>\n<\/li>\n<li>\n<p>        <img decoding=\"async\" src=\"\/wp-content\/uploads\/2024\/03\/envelope.svg\" alt=\"\"><\/p>\n<div>\n<p><a href=\"mailto:info@amserv.de\" class=\"google-event\" data-event-action=\"mailadresse_geklickt\" data-event-category=\"Kontakt\" data-event-label=\"info@amserv.de\">info@amserv.de<\/a><\/p>\n<\/div>\n<\/li>\n<\/ul>\n<p><!--more--><br \/>\n<!-- {\"type\":\"layout\",\"children\":[{\"type\":\"section\",\"props\":{\"image\":\"wp-content\\\/uploads\\\/2024\\\/03\\\/servomororen.jpg\",\"image_position\":\"center-center\",\"image_size\":\"cover\",\"padding\":\"xlarge\",\"padding_remove_bottom\":false,\"padding_remove_top\":false,\"style\":\"default\",\"title_breakpoint\":\"xl\",\"title_position\":\"top-left\",\"title_rotation\":\"left\",\"vertical_align\":\"\",\"width\":\"\"},\"children\":[{\"type\":\"row\",\"children\":[{\"type\":\"column\",\"props\":{\"image_position\":\"center-center\",\"position_sticky_breakpoint\":\"m\"}}]}],\"name\":\"Headerbild\"},{\"type\":\"section\",\"props\":{\"image_position\":\"center-center\",\"padding\":\"none\",\"style\":\"muted\",\"title_breakpoint\":\"xl\",\"title_position\":\"top-left\",\"title_rotation\":\"left\",\"vertical_align\":\"\",\"width\":\"default\"},\"children\":[{\"type\":\"row\",\"children\":[{\"type\":\"column\",\"props\":{\"image_position\":\"center-center\",\"position_sticky_breakpoint\":\"m\"},\"children\":[{\"type\":\"breadcrumbs\",\"props\":{\"home_text\":\"Home\",\"show_current\":true,\"show_home\":true}}]}]}],\"name\":\"Breadcrumbs\"},{\"type\":\"section\",\"props\":{\"image_position\":\"center-center\",\"padding\":\"small\",\"padding_remove_bottom\":false,\"style\":\"default\",\"title_breakpoint\":\"xl\",\"title_position\":\"top-left\",\"title_rotation\":\"left\",\"vertical_align\":\"\",\"width\":\"default\"},\"children\":[{\"type\":\"row\",\"props\":{\"layout\":\"2-3,1-3\"},\"children\":[{\"type\":\"column\",\"props\":{\"image_position\":\"center-center\",\"position_sticky_breakpoint\":\"m\",\"width_medium\":\"2-3\"},\"children\":[{\"type\":\"headline\",\"props\":{\"content\":\"Reparatur, Wartung und Instandsetzung von Servomotoren\",\"content_en_gb\":\"repair, maintenance and overhaul of servomotors\",\"content_fr_fr\":\"r\\u00c9paration, maintenance et entretien de servomoteurs\",\"title_element\":\"h1\"}},{\"type\":\"text\",\"props\":{\"column_breakpoint\":\"m\",\"content\":\"\n\n<p><strong>Servomotoren sind in gro\\u00dfen Mengen in verschiedenste Produktionsanlagen eingebaut und verantwortlich f\\u00fcr den reibungslosen Ablauf in den Fertigungen.<\\\/strong><\\\/p>\",\"content_en_gb\":\"\n\n<p><strong>Servomotors are installed in large quantities in a broad range of production facilities and are responsible for ensuring seamless production processes.<\\\/strong><\\\/p>\",\"content_fr_fr\":\"\n\n<p><strong>Les servomoteurs sont incorpor\\u00e9s en grandes quantit\\u00e9s dans les installations de production les plus diverses et responsables du bon d\\u00e9roulement des fabrications.<\\\/strong><\\\/p>\",\"margin\":\"default\",\"margin_remove_top\":true}},{\"type\":\"text\",\"props\":{\"column_breakpoint\":\"m\",\"content\":\"\n\n<p>Ob bei DC-, Drehstrom- oder Brushless- Servomotoren mit Gebereinrichtungen wie Tachos, Inkrementalgebern oder Resolvern sowie bei angebauten Bremsen oder Getrieben - AMServ repariert und \\u00fcberholt die Servomotoren unabh\\u00e4ngig vom Hersteller.<\\\/p>\\n\n\n<p>Neben der rein mechanischen und elektrotechnischen Reparatur ist die \\u00dcberpr\\u00fcfung der Wirksamkeit in Bezug auf die Gr\\u00f6\\u00dfe und die Dynamik des Magnetfeldes und damit des Drehmoments ein wesentlicher Faktor f\\u00fcr die Qualit\\u00e4t der Instandsetzung von Servomotoren.<\\\/p>\\n\n\n<p>AMServ verf\\u00fcgt hierf\\u00fcr \\u00fcber umfangreiche Test- und Pr\\u00fcfeinrichtungen.<\\\/p>\",\"content_en_gb\":\"\n\n<p>Whether you are working with DC, AC, brushless servomotors with encoder systems, such as tachos, incremental encoders or resolvers, as well as built-on brakes or gears, AMServ repairs and overhauls servomotors made by any manufacturer.<\\\/p>\\n\n\n<p>In addition to the purely mechanical, electrical and technical aspects of the repair, the review of the efficiency also takes a look at the size and dynamics of the magnetic field and therefore the torque, which is a significant factor in determining the quality of the repair of servomotors.<\\\/p>\\n\n\n<p>AMServ has a comprehensive range of testing equipment in order to do this.<\\\/p>\",\"content_fr_fr\":\"\n\n<p>Qu'il s'agisse de servomoteurs \\u00e0 courant continu, \\u00e0 courant triphas\\u00e9 ou sans balais avec des sondes comme des tachym\\u00e8tres, des codeurs incr\\u00e9mentaux ou des r\\u00e9solveurs ou qu'il s'agisse de freins ou d'engrenages rapport\\u00e9s \\u2013 AMServ r\\u00e9pare et r\\u00e9vise les servomoteurs, quel que soit le fabricant.<\\\/p>\\n\n\n<p>Outre la r\\u00e9paration purement m\\u00e9canique et \\u00e9lectrotechnique, le contr\\u00f4le de l'efficacit\\u00e9 en mati\\u00e8re de grandeur et de dynamisme du champ magn\\u00e9tique et ainsi du couple est un facteur essentiel de la qualit\\u00e9 de l'entretien des servomoteurs.<\\\/p>\\n\n\n<p>AMServ dispose, pour cela, d'importantes installations d'essais et de contr\\u00f4le.<\\\/p>\",\"margin\":\"default\"}},{\"type\":\"headline\",\"props\":{\"content\":\"Wir reparieren alle Fabrikate:\",\"content_en_gb\":\"we repair all brands:\",\"content_fr_fr\":\"nous r\\u00c9parons toutes les marques&nbsp;:\",\"title_element\":\"h4\"}},{\"type\":\"list\",\"props\":{\"column\":\"1-2\",\"column_breakpoint\":\"s\",\"image_align\":\"left\",\"image_svg_color\":\"emphasis\",\"image_vertical_align\":true,\"list_element\":\"ul\",\"list_horizontal_separator\":\", \",\"list_marker\":\"disc\",\"list_marker_color\":\"emphasis\",\"list_type\":\"vertical\",\"show_image\":false,\"show_link\":false},\"children\":[{\"type\":\"list_item\",\"props\":{\"content\":\"BBC \\\/ ABB\"}},{\"type\":\"list_item\",\"props\":{\"content\":\"Siemens\"}},{\"type\":\"list_item\",\"props\":{\"content\":\"Bosch\"}},{\"type\":\"list_item\",\"props\":{\"content\":\"Baum\\u00fcller\"}},{\"type\":\"list_item\",\"props\":{\"content\":\"Parvex\"}},{\"type\":\"list_item\",\"props\":{\"content\":\"Lenze\"}},{\"type\":\"list_item\",\"props\":{\"content\":\"Mavilor\"}},{\"type\":\"list_item\",\"props\":{\"content\":\"Control Techniques\"}},{\"type\":\"list_item\",\"props\":{\"content\":\"Stromag\"}},{\"type\":\"list_item\",\"props\":{\"content\":\"Lust\"}},{\"type\":\"list_item\",\"props\":{\"content\":\"Und viele mehr...\",\"content_en_gb\":\"\n\n<p>And many more...<\\\/p>\",\"content_fr_fr\":\"\n\n<p>Et plus encore...<\\\/p>\"}}],\"name\":\"Liste zweispaltig\"},{\"type\":\"text\",\"props\":{\"column_breakpoint\":\"m\",\"content\":\"[smartslider3 slider=\\\"7\\\"]\",\"margin\":\"medium\"},\"name\":\"Slider eingebettet (via Shortcode)\"}]},{\"type\":\"column\",\"props\":{\"image_position\":\"center-center\",\"position_sticky\":\"column\",\"position_sticky_breakpoint\":\"m\",\"position_sticky_offset\":\"80\",\"width_medium\":\"1-3\"},\"children\":[{\"type\":\"headline\",\"props\":{\"content\":\"Kontakt\",\"content_en_gb\":\"Contact\",\"content_fr_fr\":\"Contact\",\"title_element\":\"h4\"},\"name\":\"Sidebar Headline\"},{\"type\":\"text\",\"props\":{\"column_breakpoint\":\"m\",\"content\":\"\n\n<p><strong>AMServ<\\\/strong><br \\\/>Service f\\u00fcr rotierende<br \\\/>elektrische Maschinen<\\\/p>\",\"content_en_gb\":\"\n\n<p><strong>AMServ<\\\/strong><br \\\/>Service for rotating<br \/> electrical machines<\\\/p>\",\"content_fr_fr\":\"\n\n<p><strong>AMServ<\\\/strong><br \\\/>Service pour machines<br \/>\\u00e9lectriques tournantes<\\\/p>\",\"margin\":\"small\"},\"name\":\"Sidebar Text\"},{\"type\":\"list\",\"props\":{\"class\":\"sidebarContactList\",\"column_breakpoint\":\"m\",\"icon_color\":\"emphasis\",\"icon_width\":\"25\",\"image_align\":\"left\",\"image_svg_color\":\"emphasis\",\"image_svg_inline\":true,\"image_vertical_align\":false,\"image_width\":\"18\",\"list_element\":\"ul\",\"list_horizontal_separator\":\", \",\"list_type\":\"vertical\",\"show_image\":true,\"show_link\":true},\"children\":[{\"type\":\"list_item\",\"props\":{\"content\":\"\n\n<p><a href=\\\"tel:+498000267378\\\" class=\\\"google-event\\\" data-event-action=\\\"telefonnummer_geklickt\\\" data-event-category=\\\"Kontakt\\\" data-event-label=\\\"+498000267378\\\">+49 (0) 8000 267378<br \\\/>+49 (0) 8000 AMSERV<\\\/a><\\\/p>\",\"icon\":\"\",\"image\":\"wp-content\\\/uploads\\\/2024\\\/03\\\/phone.svg\"}},{\"type\":\"list_item\",\"props\":{\"content\":\"\n\n<p><a href=\\\"mailto:info@amserv.de\\\" class=\\\"google-event\\\" data-event-action=\\\"mailadresse_geklickt\\\" data-event-category=\\\"Kontakt\\\" data-event-label=\\\"info@amserv.de\\\">info@amserv.de<\\\/a><\\\/p>\",\"icon\":\"\",\"image\":\"wp-content\\\/uploads\\\/2024\\\/03\\\/envelope.svg\"}}],\"name\":\"Liste-Kontakt2\"}]}]}],\"name\":\"Zweispaltig\"}],\"version\":\"4.5.25\"} --><\/p>\n","protected":false},"excerpt":{"rendered":"<p>Reparatur, Wartung und Instandsetzung von Servomotoren Servomotoren sind in gro\u00dfen Mengen in verschiedenste Produktionsanlagen eingebaut und verantwortlich f\u00fcr den reibungslosen Ablauf in den Fertigungen. Ob bei DC-, Drehstrom- oder Brushless- Servomotoren mit Gebereinrichtungen wie Tachos, Inkrementalgebern oder Resolvern sowie bei angebauten Bremsen oder Getrieben &#8211; AMServ repariert und \u00fcberholt die Servomotoren unabh\u00e4ngig vom Hersteller. Neben [&#8230;]<\/p>\n<p><a class=\"el-content uk-button uk-button-primary uk-margin-remove-bottom excerpt\" href=\"https:\/\/www.amserv.de\/fr\/service\/servomoteurs\/\">Continuer&#8230;<\/a><\/p>\n","protected":false},"author":2,"featured_media":0,"parent":35,"menu_order":0,"comment_status":"closed","ping_status":"closed","template":"","meta":{"footnotes":""},"class_list":["post-334","page","type-page","status-publish","hentry"],"_links":{"self":[{"href":"https:\/\/www.amserv.de\/fr\/wp-json\/wp\/v2\/pages\/334","targetHints":{"allow":["GET"]}}],"collection":[{"href":"https:\/\/www.amserv.de\/fr\/wp-json\/wp\/v2\/pages"}],"about":[{"href":"https:\/\/www.amserv.de\/fr\/wp-json\/wp\/v2\/types\/page"}],"author":[{"embeddable":true,"href":"https:\/\/www.amserv.de\/fr\/wp-json\/wp\/v2\/users\/2"}],"replies":[{"embeddable":true,"href":"https:\/\/www.amserv.de\/fr\/wp-json\/wp\/v2\/comments?post=334"}],"version-history":[{"count":20,"href":"https:\/\/www.amserv.de\/fr\/wp-json\/wp\/v2\/pages\/334\/revisions"}],"predecessor-version":[{"id":3093,"href":"https:\/\/www.amserv.de\/fr\/wp-json\/wp\/v2\/pages\/334\/revisions\/3093"}],"up":[{"embeddable":true,"href":"https:\/\/www.amserv.de\/fr\/wp-json\/wp\/v2\/pages\/35"}],"wp:attachment":[{"href":"https:\/\/www.amserv.de\/fr\/wp-json\/wp\/v2\/media?parent=334"}],"curies":[{"name":"wp","href":"https:\/\/api.w.org\/{rel}","templated":true}]}}