{"id":341,"date":"2024-03-07T22:39:21","date_gmt":"2024-03-07T21:39:21","guid":{"rendered":"https:\/\/www.amserv.de\/?page_id=341"},"modified":"2026-04-13T15:41:54","modified_gmt":"2026-04-13T13:41:54","slug":"messtechnik-diagnose-motoren-generatoren","status":"publish","type":"page","link":"https:\/\/www.amserv.de\/fr\/service\/metrologie-et-diagnostic\/","title":{"rendered":"M\u00e9trologie et diagnostic"},"content":{"rendered":"<h1>Messtechnik und Diagnose von Motoren und Generatoren <\/h1>\n<div>\n<p><strong>Als Betreiber von Motoren und Generatoren k\u00f6nnen Sie durch unsere modernen Pr\u00fcf- und Diagnosetechniken mehr \u00fcber den Zustand Ihrer Maschinen erfahren.<\/strong><\/p>\n<\/div>\n<div>\n<p>Nur durch vorausschauende Diagnose sind kosteng\u00fcnstige Instandhaltung und h\u00f6chste Anlagenverf\u00fcgbarkeit erreichbar. Spezielle und st\u00e4ndig weiterentwickelte Messverfahren sowie die Fachkompetenz unserer Mitarbeiter erlauben Aussagen \u00fcber kritische Zust\u00e4nde und n\u00f6tige Instandsetzungsschritte.<\/p>\n<p>Durch wiederkehrende Messungen und den Vergleich der Resultate schaffen wir die Voraussetzungen f\u00fcr eine sichere Einsch\u00e4tzung. Da absolute Messwerte maschinenspezifisch sind, gibt erst die zeitliche Entwicklung mehrerer Messgr\u00f6\u00dfen ein sicheres Bild \u00fcber den Zustand Ihrer Maschine und m\u00f6glicher Ver\u00e4nderungen. Unsere modernen Pr\u00fcfmethoden, wie zum Beispiel Teilentladungs- und Verlustfaktormessungen oder thermographische und endoskopische Untersuchungen aber auch Schwingungsanalysen an elektrischen Maschinen, f\u00fchren zu einer h\u00f6chstm\u00f6glichen Verf\u00fcgbarkeit Ihrer Anlagen.<\/p>\n<p>Auf der Basis dieser Messungen k\u00f6nnen wir Aussagen \u00fcber den Zustand der Wicklungsisolation, die Qualit\u00e4t der Ausrichtung oder der Lager treffen.<\/p>\n<\/div>\n<div><\/div>\n<h4>Unsere Messtechnik- &amp; Diagnose-Schwerpunkte<\/h4>\n<ul>\n<li>\n<div>Wicklungswiderstandsmessungen<\/div>\n<\/li>\n<li>\n<div>Isolationswiderstandsmessungen inkl. Ermittlung des Polarisationsindex (PI) und des Dielektrischen-Absorptions-Verh\u00e4ltnisses (DAR) <\/div>\n<\/li>\n<li>\n<div>Windungsschlusspr\u00fcfungen<\/div>\n<\/li>\n<li>\n<div>Teilentladungsmessungen<\/div>\n<\/li>\n<li>\n<div>Verlustfaktormessungen (tan\u03b4)<\/div>\n<\/li>\n<li>\n<div>Messung von Lagerstr\u00f6men<\/div>\n<\/li>\n<li>\n<div>Thermographie<\/div>\n<\/li>\n<li>\n<div>\n<p>Endoskopische Untersuchungen<\/p>\n<\/div>\n<\/li>\n<li>\n<div>Schwingungsmessungen mit Frequenzanalysen<\/div>\n<\/li>\n<li>\n<div>W\u00e4lzlagerdiagnose<\/div>\n<\/li>\n<\/ul>\n<h4>Kontakt<\/h4>\n<div>\n<p><strong>AMServ<\/strong><br \/>Service f\u00fcr rotierende<br \/>elektrische Maschinen<\/p>\n<\/div>\n<ul>\n<li>\n<p>        <img decoding=\"async\" src=\"\/wp-content\/uploads\/2024\/03\/phone.svg\" alt=\"\"><\/p>\n<div>\n<p><a href=\"tel:+498000267378\" class=\"google-event\" data-event-action=\"telefonnummer_geklickt\" data-event-category=\"Kontakt\" data-event-label=\"+498000267378\">+49 (0) 8000 267378<br \/>+49 (0) 8000 AMSERV<\/a><\/p>\n<\/div>\n<\/li>\n<li>\n<p>        <img decoding=\"async\" src=\"\/wp-content\/uploads\/2024\/03\/envelope.svg\" alt=\"\"><\/p>\n<div>\n<p><a href=\"mailto:info@amserv.de\" class=\"google-event\" data-event-action=\"mailadresse_geklickt\" data-event-category=\"Kontakt\" data-event-label=\"info@amserv.de\">info@amserv.de<\/a><\/p>\n<\/div>\n<\/li>\n<\/ul>\n<p><!--more--><br \/>\n<!-- {\"type\":\"layout\",\"children\":[{\"type\":\"section\",\"props\":{\"image\":\"wp-content\\\/uploads\\\/2024\\\/03\\\/header_messtechnik.jpg\",\"image_position\":\"center-center\",\"image_size\":\"cover\",\"padding\":\"xlarge\",\"padding_remove_bottom\":false,\"padding_remove_top\":false,\"style\":\"default\",\"title_breakpoint\":\"xl\",\"title_position\":\"top-left\",\"title_rotation\":\"left\",\"vertical_align\":\"\",\"width\":\"\"},\"children\":[{\"type\":\"row\",\"children\":[{\"type\":\"column\",\"props\":{\"image_position\":\"center-center\",\"position_sticky_breakpoint\":\"m\"}}]}],\"name\":\"Headerbild\"},{\"type\":\"section\",\"props\":{\"image_position\":\"center-center\",\"padding\":\"none\",\"style\":\"muted\",\"title_breakpoint\":\"xl\",\"title_position\":\"top-left\",\"title_rotation\":\"left\",\"vertical_align\":\"\",\"width\":\"default\"},\"children\":[{\"type\":\"row\",\"children\":[{\"type\":\"column\",\"props\":{\"image_position\":\"center-center\",\"position_sticky_breakpoint\":\"m\"},\"children\":[{\"type\":\"breadcrumbs\",\"props\":{\"home_text\":\"Home\",\"show_current\":true,\"show_home\":true}}]}]}],\"name\":\"Breadcrumbs\"},{\"type\":\"section\",\"props\":{\"image_position\":\"center-center\",\"padding\":\"small\",\"padding_remove_bottom\":false,\"style\":\"default\",\"title_breakpoint\":\"xl\",\"title_position\":\"top-left\",\"title_rotation\":\"left\",\"vertical_align\":\"\",\"width\":\"default\"},\"children\":[{\"type\":\"row\",\"props\":{\"layout\":\"2-3,1-3\"},\"children\":[{\"type\":\"column\",\"props\":{\"image_position\":\"center-center\",\"position_sticky_breakpoint\":\"m\",\"width_medium\":\"2-3\"},\"children\":[{\"type\":\"headline\",\"props\":{\"content\":\"Messtechnik und Diagnose von Motoren und Generatoren \",\"content_en_gb\":\"measurement technology and diagnostics for motors and generators\",\"content_fr_fr\":\"m\\u00c9trologie et diagnostic de moteurs et g\\u00c9n\\u00c9rateurs\",\"title_element\":\"h1\"}},{\"type\":\"text\",\"props\":{\"column_breakpoint\":\"m\",\"content\":\"\n\n<p><strong>Als Betreiber von Motoren und Generatoren k\\u00f6nnen Sie durch unsere modernen Pr\\u00fcf- und Diagnosetechniken mehr \\u00fcber den Zustand Ihrer Maschinen erfahren.<\\\/strong><\\\/p>\",\"content_en_gb\":\"\n\n<p><strong>As an operator of motors and generators, you can find out more about the condition of your machines using our modern testing and diagnostic technology.<\\\/strong><\\\/p>\",\"content_fr_fr\":\"\n\n<p><strong>En tant qu'op\\u00e9rateur de moteurs et de g\\u00e9n\\u00e9rateurs, vous pouvez en savoir plus sur l'\\u00e9tat de vos machines gr\\u00e2ce \\u00e0 nos techniques modernes de test et de diagnostic.<\\\/strong><\\\/p>\",\"margin\":\"default\",\"margin_remove_top\":true}},{\"type\":\"text\",\"props\":{\"column_breakpoint\":\"m\",\"content\":\"\n\n<p>Nur durch vorausschauende Diagnose sind kosteng\\u00fcnstige Instandhaltung und h\\u00f6chste Anlagenverf\\u00fcgbarkeit erreichbar. Spezielle und st\\u00e4ndig weiterentwickelte Messverfahren sowie die Fachkompetenz unserer Mitarbeiter erlauben Aussagen \\u00fcber kritische Zust\\u00e4nde und n\\u00f6tige Instandsetzungsschritte.<\\\/p>\\n\n\n<p>Durch wiederkehrende Messungen und den Vergleich der Resultate schaffen wir die Voraussetzungen f\\u00fcr eine sichere Einsch\\u00e4tzung. Da absolute Messwerte maschinenspezifisch sind, gibt erst die zeitliche Entwicklung mehrerer Messgr\\u00f6\\u00dfen ein sicheres Bild \\u00fcber den Zustand Ihrer Maschine und m\\u00f6glicher Ver\\u00e4nderungen. Unsere modernen Pr\\u00fcfmethoden, wie zum Beispiel Teilentladungs- und Verlustfaktormessungen oder thermographische und endoskopische Untersuchungen aber auch Schwingungsanalysen an elektrischen Maschinen, f\\u00fchren zu einer h\\u00f6chstm\\u00f6glichen Verf\\u00fcgbarkeit Ihrer Anlagen.<\\\/p>\\n\n\n<p>Auf der Basis dieser Messungen k\\u00f6nnen wir Aussagen \\u00fcber den Zustand der Wicklungsisolation, die Qualit\\u00e4t der Ausrichtung oder der Lager treffen.<\\\/p>\",\"content_en_gb\":\"\n\n<p>Cost-effective maintenance and the highest levels of system availability can only be achieved by using predictive diagnostics. Special measurement processes which are further developed on an ongoing basis, as well as the specialist knowledge of our employees, allow us to make conclusions about critical conditions and the necessary repair steps.<\\\/p>\\n\n\n<p>Recurring measurements and the comparison of the results ensure that we meet the prerequisites for accurate assessments. Since absolute measurement values are machine-specific, the development of several measurements over time provides an accurate picture of the condition of your machine and possible changes.<br \\\/>Our modern testing methods, such as partial discharge and dissipation factor measurement, as well as thermographic and endoscopic investigations, plus vibration analyses for electrical machines, help to ensure that your systems achieve the highest possible level of availability.<\\\/p>\\n\n\n<p>On the basis of these measurements, we can draw conclusions about the condition of the winding insulation, the quality of the alignment or the bearing.<\\\/p>\",\"content_fr_fr\":\"\n\n<p>Seul un diagnostic pr\\u00e9dictif peut permettre un entretien \\u00e9conomique et une disponibilit\\u00e9 maximale de votre installation. Des m\\u00e9thodes de mesure sp\\u00e9ciales et perfectionn\\u00e9es en permanence ainsi que la comp\\u00e9tence professionnelle de nos employ\\u00e9s permettent de se prononcer sur les \\u00e9tats critiques et les phases d'entretien n\\u00e9cessaires.<\\\/p>\\n\n\n<p>Nous cr\\u00e9ons les conditions pour une \\u00e9valuation fiable en r\\u00e9it\\u00e9rant les mesures et en comparant les r\\u00e9sultats. Les valeurs de mesure absolues \\u00e9tant sp\\u00e9cifiques \\u00e0 la machine, seule l'\\u00e9volution temporelle de plusieurs grandeurs de mesure peut fournir une image fiable de l'\\u00e9tat de votre machine et des modifications possibles.<br \\\/>Nos m\\u00e9thodes d'essai modernes comme, par exemple, les mesures de d\\u00e9charge partielle et de facteur de perte ou les analyses thermographiques et endoscopiques, ainsi que les analyses des vibrations des machines \\u00e9lectriques, sont la garantie d'une disponibilit\\u00e9 maximale de vos installations.<\\\/p>\\n\n\n<p>Ces mesures nous permettent de nous prononcer sur l'\\u00e9tat de l'isolation de l'enroulement, la qualit\\u00e9 de l'alignement ou des paliers.<\\\/p>\",\"margin\":\"default\"}},{\"type\":\"text\",\"props\":{\"column_breakpoint\":\"m\",\"content\":\"[smartslider3 slider=\\\"10\\\"]\",\"margin\":\"medium\"},\"name\":\"Slider eingebettet (via Shortcode)\"},{\"type\":\"headline\",\"props\":{\"content\":\"Unsere Messtechnik- &amp; Diagnose-Schwerpunkte\",\"content_en_gb\":\"our key areas of expertise in measurement technology and diagnostics\",\"content_fr_fr\":\"les points forts de &amp; notre m\\u00c9trologie et diagnostic\",\"title_element\":\"h4\"}},{\"type\":\"list\",\"props\":{\"column\":\"1-2\",\"column_breakpoint\":\"s\",\"image_align\":\"left\",\"image_svg_color\":\"emphasis\",\"image_vertical_align\":true,\"list_element\":\"ul\",\"list_horizontal_separator\":\", \",\"list_marker\":\"disc\",\"list_marker_color\":\"emphasis\",\"list_type\":\"vertical\",\"show_image\":false,\"show_link\":false},\"children\":[{\"type\":\"list_item\",\"props\":{\"content\":\"Wicklungswiderstandsmessungen\",\"content_en_gb\":\"\n\n<p>Winding resistance measurements<\\\/p>\",\"content_fr_fr\":\"\n\n<p>Mesures de r\\u00e9sistance d'enroulements<\\\/p>\"}},{\"type\":\"list_item\",\"props\":{\"content\":\"Isolationswiderstandsmessungen inkl. Ermittlung des Polarisationsindex (PI) und des Dielektrischen-Absorptions-Verh\\u00e4ltnisses (DAR) \",\"content_en_gb\":\"\n\n<p>Insulation resistance measurements, including determination of the polarisation index (PI) and the dielectric absorption ratio (DAR)<\\\/p>\",\"content_fr_fr\":\"\n\n<p>Mesures de r\\u00e9sistance d'isolement, y compris la d\\u00e9termination de l'indice de polarisation (PI) et du rapport d'absorption di\\u00e9lectrique (DAR)<\\\/p>\"}},{\"type\":\"list_item\",\"props\":{\"content\":\"Windungsschlusspr\\u00fcfungen\",\"content_en_gb\":\"\n\n<p>Shorted coil tests<\\\/p>\",\"content_fr_fr\":\"\n\n<p>Contr\\u00f4les finals des enroulements<\\\/p>\"}},{\"type\":\"list_item\",\"props\":{\"content\":\"Teilentladungsmessungen\",\"content_en_gb\":\"\n\n<p>Partial discharge measurements<\\\/p>\",\"content_fr_fr\":\"\n\n<p>Mesures de d\\u00e9charge partielle<\\\/p>\"}},{\"type\":\"list_item\",\"props\":{\"content\":\"Verlustfaktormessungen (tan\\u03b4)\",\"content_en_gb\":\"\n\n<p>Dissipation factor measurements (loss-tangent test - tan\\u03b4<\\\/p>\",\"content_fr_fr\":\"\n\n<p>Mesures de facteur de perte (tan\\u03b4)<\\\/p>\"}},{\"type\":\"list_item\",\"props\":{\"content\":\"Messung von Lagerstr\\u00f6men\",\"content_en_gb\":\"\n\n<p>Measurement of bearing currents<\\\/p>\",\"content_fr_fr\":\"\n\n<p>Mesure de courants de paliers<\\\/p>\"}},{\"type\":\"list_item\",\"props\":{\"content\":\"Thermographie\",\"content_en_gb\":\"\n\n<p>Thermography<\\\/p>\",\"content_fr_fr\":\"\n\n<p>Thermographie<\\\/p>\"}},{\"type\":\"list_item\",\"props\":{\"content\":\"\n\n<p>Endoskopische Untersuchungen<\\\/p>\",\"content_en_gb\":\"\n\n<p>Endoscopic investigations<\\\/p>\",\"content_fr_fr\":\"\n\n<p>Analyses endoscopiques<\\\/p>\"}},{\"type\":\"list_item\",\"props\":{\"content\":\"Schwingungsmessungen mit Frequenzanalysen\",\"content_en_gb\":\"\n\n<p>Vibration measurements with frequency analyses<\\\/p>\",\"content_fr_fr\":\"\n\n<p>Mesures des vibrations avec analyses de fr\\u00e9quence<\\\/p>\"}},{\"type\":\"list_item\",\"props\":{\"content\":\"W\\u00e4lzlagerdiagnose\",\"content_en_gb\":\"\n\n<p>Rolling bearing diagnostics<\\\/p>\",\"content_fr_fr\":\"\n\n<p>Diagnostic des paliers \\u00e0 rouleaux<\\\/p>\"}}],\"name\":\"Liste zweispaltig\"}]},{\"type\":\"column\",\"props\":{\"image_position\":\"center-center\",\"position_sticky\":\"column\",\"position_sticky_breakpoint\":\"m\",\"position_sticky_offset\":\"80\",\"width_medium\":\"1-3\"},\"children\":[{\"type\":\"headline\",\"props\":{\"content\":\"Kontakt\",\"content_en_gb\":\"Contact\",\"content_fr_fr\":\"Contact\",\"title_element\":\"h4\"},\"name\":\"Sidebar Headline\"},{\"type\":\"text\",\"props\":{\"column_breakpoint\":\"m\",\"content\":\"\n\n<p><strong>AMServ<\\\/strong><br \\\/>Service f\\u00fcr rotierende<br \\\/>elektrische Maschinen<\\\/p>\",\"content_en_gb\":\"\n\n<p><strong>AMServ<\\\/strong><br \\\/>Service for rotating<br \/> electrical machines<\\\/p>\",\"content_fr_fr\":\"\n\n<p><strong>AMServ<\\\/strong><br \\\/>Service pour machines<br \/>\\u00e9lectriques tournantes<\\\/p>\",\"margin\":\"small\"},\"name\":\"Sidebar Text\"},{\"type\":\"list\",\"props\":{\"class\":\"sidebarContactList\",\"column_breakpoint\":\"m\",\"icon_color\":\"emphasis\",\"icon_width\":\"25\",\"image_align\":\"left\",\"image_svg_color\":\"emphasis\",\"image_svg_inline\":true,\"image_vertical_align\":false,\"image_width\":\"18\",\"list_element\":\"ul\",\"list_horizontal_separator\":\", \",\"list_type\":\"vertical\",\"show_image\":true,\"show_link\":true},\"children\":[{\"type\":\"list_item\",\"props\":{\"content\":\"\n\n<p><a href=\\\"tel:+498000267378\\\" class=\\\"google-event\\\" data-event-action=\\\"telefonnummer_geklickt\\\" data-event-category=\\\"Kontakt\\\" data-event-label=\\\"+498000267378\\\">+49 (0) 8000 267378<br \\\/>+49 (0) 8000 AMSERV<\\\/a><\\\/p>\",\"icon\":\"\",\"image\":\"wp-content\\\/uploads\\\/2024\\\/03\\\/phone.svg\"}},{\"type\":\"list_item\",\"props\":{\"content\":\"\n\n<p><a href=\\\"mailto:info@amserv.de\\\" class=\\\"google-event\\\" data-event-action=\\\"mailadresse_geklickt\\\" data-event-category=\\\"Kontakt\\\" data-event-label=\\\"info@amserv.de\\\">info@amserv.de<\\\/a><\\\/p>\",\"icon\":\"\",\"image\":\"wp-content\\\/uploads\\\/2024\\\/03\\\/envelope.svg\"}}],\"name\":\"Liste-Kontakt2\"}]}]}],\"name\":\"Zweispaltig\"}],\"version\":\"4.5.25\"} --><\/p>\n","protected":false},"excerpt":{"rendered":"<p>Messtechnik und Diagnose von Motoren und Generatoren Als Betreiber von Motoren und Generatoren k\u00f6nnen Sie durch unsere modernen Pr\u00fcf- und Diagnosetechniken mehr \u00fcber den Zustand Ihrer Maschinen erfahren. Nur durch vorausschauende Diagnose sind kosteng\u00fcnstige Instandhaltung und h\u00f6chste Anlagenverf\u00fcgbarkeit erreichbar. Spezielle und st\u00e4ndig weiterentwickelte Messverfahren sowie die Fachkompetenz unserer Mitarbeiter erlauben Aussagen \u00fcber kritische Zust\u00e4nde und [&#8230;]<\/p>\n<p><a class=\"el-content uk-button uk-button-primary uk-margin-remove-bottom excerpt\" href=\"https:\/\/www.amserv.de\/fr\/service\/metrologie-et-diagnostic\/\">Continuer&#8230;<\/a><\/p>\n","protected":false},"author":2,"featured_media":0,"parent":35,"menu_order":0,"comment_status":"closed","ping_status":"closed","template":"","meta":{"footnotes":""},"class_list":["post-341","page","type-page","status-publish","hentry"],"_links":{"self":[{"href":"https:\/\/www.amserv.de\/fr\/wp-json\/wp\/v2\/pages\/341","targetHints":{"allow":["GET"]}}],"collection":[{"href":"https:\/\/www.amserv.de\/fr\/wp-json\/wp\/v2\/pages"}],"about":[{"href":"https:\/\/www.amserv.de\/fr\/wp-json\/wp\/v2\/types\/page"}],"author":[{"embeddable":true,"href":"https:\/\/www.amserv.de\/fr\/wp-json\/wp\/v2\/users\/2"}],"replies":[{"embeddable":true,"href":"https:\/\/www.amserv.de\/fr\/wp-json\/wp\/v2\/comments?post=341"}],"version-history":[{"count":36,"href":"https:\/\/www.amserv.de\/fr\/wp-json\/wp\/v2\/pages\/341\/revisions"}],"predecessor-version":[{"id":3096,"href":"https:\/\/www.amserv.de\/fr\/wp-json\/wp\/v2\/pages\/341\/revisions\/3096"}],"up":[{"embeddable":true,"href":"https:\/\/www.amserv.de\/fr\/wp-json\/wp\/v2\/pages\/35"}],"wp:attachment":[{"href":"https:\/\/www.amserv.de\/fr\/wp-json\/wp\/v2\/media?parent=341"}],"curies":[{"name":"wp","href":"https:\/\/api.w.org\/{rel}","templated":true}]}}