{"id":343,"date":"2024-03-07T22:39:36","date_gmt":"2024-03-07T21:39:36","guid":{"rendered":"https:\/\/www.amserv.de\/?page_id=343"},"modified":"2026-04-13T15:42:40","modified_gmt":"2026-04-13T13:42:40","slug":"vor-ort-service","status":"publish","type":"page","link":"https:\/\/www.amserv.de\/fr\/service\/service-sur-place\/","title":{"rendered":"Service sur place"},"content":{"rendered":"<h1>Vor-Ort-Service <\/h1>\n<div>\n<p><strong>Montage und Instandhaltung<\/strong><\/p>\n<\/div>\n<div>\n<p>Immer k\u00fcrzere Stillstandszeiten machen eine zuverl\u00e4ssige und reibungslose Wartung und Instandhaltung erforderlich. Wir unterst\u00fctzen Sie dabei mit erfahrenem Personal aus unseren Werkst\u00e4tten.<\/p>\n<p>Zur schnellen Bearbeitung verf\u00fcgen wir \u00fcber umfangreiches Spezialwerkzeug, geeignete Messger\u00e4te und die Erfahrung vieler erfolgreicher Eins\u00e4tze.<\/p>\n<p>Wir nehmen den Schaden auf und beraten Sie, ob die Reparatur oder der Austausch sinnvoll ist, so dass Sie eine optimale Entscheidung treffen k\u00f6nnen. Dabei sind wir v\u00f6llig unabh\u00e4ngig von den Herstellern der Maschinen.<\/p>\n<\/div>\n<div><\/div>\n<h4>Wir f\u00fchren f\u00fcr Sie durch:<\/h4>\n<ul>\n<li>\n<div>Umsetzen von Maschinen<\/div>\n<\/li>\n<li>\n<div>Betriebswuchten<\/div>\n<\/li>\n<li>\n<div>Ausrichten mit Computer und Laseroptik, auch von Maschinenstr\u00e4ngen<\/div>\n<\/li>\n<li>\n<div>Revisionen an Wasserkraft- und anderen Gene\u00adratoren und Gro\u00dfmotoren<\/div>\n<\/li>\n<li>\n<div>\u00dcberholen und Abdichten von Getrieben<\/div>\n<\/li>\n<li>\n<div>\u00dcberdrehen von Kollektoren und Schleifrin\u00adgen, auch auf der Anlage<\/div>\n<\/li>\n<li>\n<div>\u00dcberpr\u00fcfung und Reinigung von Luft-\/Wasserk\u00fchlern<\/div>\n<\/li>\n<li>\n<div>Aufstellen neuer Maschinen<\/div>\n<\/li>\n<li>\n<div>Montage und Demontage<\/div>\n<\/li>\n<li>\n<div>Inbetriebnahme<\/div>\n<\/li>\n<li>\n<div>Elektrische und mechanische Diagnose<\/div>\n<\/li>\n<li>\n<div>Umbauten, Optimierungen und Anpassungen<\/div>\n<\/li>\n<li>\n<div>Lagertausch<\/div>\n<\/li>\n<li>\n<div>Wochenend- und Feiertagseins\u00e4tze<\/div>\n<\/li>\n<li>\n<div>Vorbeugende Instandhaltungen<\/div>\n<\/li>\n<li>\n<div>Condition Monitoring<\/div>\n<\/li>\n<li>\n<div>Objektbezogene Servicevertr\u00e4ge<\/div>\n<\/li>\n<\/ul>\n<h4>Wir reparieren f\u00fcr Sie:<\/h4>\n<ul>\n<li>\n<div>Hochspannungsmotoren<\/div>\n<\/li>\n<li>\n<div>Niederspannungsmotoren<\/div>\n<\/li>\n<li>\n<div>Gleichstrommotoren<\/div>\n<\/li>\n<li>\n<div>Umformers\u00e4tze<\/div>\n<\/li>\n<li>\n<div>Mittelfrequenzgeneratoren<\/div>\n<\/li>\n<li>\n<div>Kranmotoren<\/div>\n<\/li>\n<li>\n<div>Servoantriebe<\/div>\n<\/li>\n<li>\n<div>Stellantriebe<\/div>\n<\/li>\n<li>\n<div>R\u00fchrspulen<\/div>\n<\/li>\n<li>\n<div>Anlasser<\/div>\n<\/li>\n<li>\n<div>Erregermaschinen<\/div>\n<\/li>\n<\/ul>\n<h4>Flexibel, zuverl\u00e4ssig und schnell \u2013 auch an Feiertagen und Wochenenden.<\/h4>\n<h4>Kontakt<\/h4>\n<div>\n<p><strong>AMServ<\/strong><br \/>Service f\u00fcr rotierende<br \/>elektrische Maschinen<\/p>\n<\/div>\n<ul>\n<li>\n<p>        <img decoding=\"async\" src=\"\/wp-content\/uploads\/2024\/03\/phone.svg\" alt=\"\"><\/p>\n<div>\n<p><a href=\"tel:+498000267378\" class=\"google-event\" data-event-action=\"telefonnummer_geklickt\" data-event-category=\"Kontakt\" data-event-label=\"+498000267378\">+49 (0) 8000 267378<br \/>+49 (0) 8000 AMSERV<\/a><\/p>\n<\/div>\n<\/li>\n<li>\n<p>        <img decoding=\"async\" src=\"\/wp-content\/uploads\/2024\/03\/envelope.svg\" alt=\"\"><\/p>\n<div>\n<p><a href=\"mailto:info@amserv.de\" class=\"google-event\" data-event-action=\"mailadresse_geklickt\" data-event-category=\"Kontakt\" data-event-label=\"info@amserv.de\">info@amserv.de<\/a><\/p>\n<\/div>\n<\/li>\n<\/ul>\n<p><!--more--><br \/>\n<!-- {\"type\":\"layout\",\"children\":[{\"type\":\"section\",\"props\":{\"image\":\"wp-content\\\/uploads\\\/2024\\\/03\\\/vor-ort-service.jpg\",\"image_position\":\"center-center\",\"image_size\":\"cover\",\"padding\":\"xlarge\",\"padding_remove_bottom\":false,\"padding_remove_top\":false,\"style\":\"default\",\"title_breakpoint\":\"xl\",\"title_position\":\"top-left\",\"title_rotation\":\"left\",\"vertical_align\":\"\",\"width\":\"\"},\"children\":[{\"type\":\"row\",\"children\":[{\"type\":\"column\",\"props\":{\"image_position\":\"center-center\",\"position_sticky_breakpoint\":\"m\"}}]}],\"name\":\"Headerbild\"},{\"type\":\"section\",\"props\":{\"image_position\":\"center-center\",\"padding\":\"none\",\"style\":\"muted\",\"title_breakpoint\":\"xl\",\"title_position\":\"top-left\",\"title_rotation\":\"left\",\"vertical_align\":\"\",\"width\":\"default\"},\"children\":[{\"type\":\"row\",\"children\":[{\"type\":\"column\",\"props\":{\"image_position\":\"center-center\",\"position_sticky_breakpoint\":\"m\"},\"children\":[{\"type\":\"breadcrumbs\",\"props\":{\"home_text\":\"Home\",\"show_current\":true,\"show_home\":true}}]}]}],\"name\":\"Breadcrumbs\"},{\"type\":\"section\",\"props\":{\"image_position\":\"center-center\",\"padding\":\"small\",\"padding_remove_bottom\":false,\"style\":\"default\",\"title_breakpoint\":\"xl\",\"title_position\":\"top-left\",\"title_rotation\":\"left\",\"vertical_align\":\"\",\"width\":\"default\"},\"children\":[{\"type\":\"row\",\"props\":{\"layout\":\"2-3,1-3\"},\"children\":[{\"type\":\"column\",\"props\":{\"image_position\":\"center-center\",\"position_sticky_breakpoint\":\"m\",\"width_medium\":\"2-3\"},\"children\":[{\"type\":\"headline\",\"props\":{\"content\":\"Vor-Ort-Service \",\"content_en_gb\":\"on-site service\",\"content_fr_fr\":\"service sur place\",\"title_element\":\"h1\"}},{\"type\":\"text\",\"props\":{\"column_breakpoint\":\"m\",\"content\":\"\n\n<p><strong>Montage und Instandhaltung<\\\/strong><\\\/p>\",\"content_en_gb\":\"\n\n<p class=\\\"Pa1\\\"><strong><span class=\\\"A2\\\">Assembly and maintenance<\\\/span><\\\/strong><\\\/p>\",\"content_fr_fr\":\"\n\n<p class=\\\"Pa1\\\"><strong><span class=\\\"A2\\\">Montage et entretien<\\\/span><\\\/strong><\\\/p>\",\"margin\":\"default\",\"margin_remove_top\":true}},{\"type\":\"text\",\"props\":{\"column_breakpoint\":\"m\",\"content\":\"\n\n<p>Immer k\\u00fcrzere Stillstandszeiten machen eine zuverl\\u00e4ssige und reibungslose Wartung und Instandhaltung erforderlich. Wir unterst\\u00fctzen Sie dabei mit erfahrenem Personal aus unseren Werkst\\u00e4tten.<\\\/p>\\n\n\n<p>Zur schnellen Bearbeitung verf\\u00fcgen wir \\u00fcber umfangreiches Spezialwerkzeug, geeignete Messger\\u00e4te und die Erfahrung vieler erfolgreicher Eins\\u00e4tze.<\\\/p>\\n\n\n<p>Wir nehmen den Schaden auf und beraten Sie, ob die Reparatur oder der Austausch sinnvoll ist, so dass Sie eine optimale Entscheidung treffen k\\u00f6nnen. Dabei sind wir v\\u00f6llig unabh\\u00e4ngig von den Herstellern der Maschinen.<\\\/p>\",\"content_en_gb\":\"\n\n<p class=\\\"Pa1\\\"><span class=\\\"A0\\\">Downtime is getting shorter and shorter, which makes reliable and seamless maintenance and servicing necessary. Our experienced staff at our workshops will support you in this process.<\\\/span><\\\/p>\\n\n\n<p class=\\\"Pa1\\\"><span class=\\\"A0\\\">In order to process any issues quickly, we have a broad range of special tools, suitable measuring equipment and experience gained in many successful past projects.<\\\/span><\\\/p>\\n\n\n<p class=\\\"Pa1\\\"><span class=\\\"A0\\\">We assess the fault and advise you whether repair or replacement is advisable so that you can make the best decision. We are entirely independent from the machine manufacturers in this process.<\\\/span><\\\/p>\",\"content_fr_fr\":\"\n\n<p class=\\\"Pa1\\\"><span class=\\\"A0\\\">Les temps d'arr\\u00eat toujours plus courts rendent obligatoires une maintenance et un entretien fiables et sans probl\\u00e8mes. Nous vous assistons dans cette t\\u00e2che avec le personnel exp\\u00e9riment\\u00e9 de nos ateliers.<\\\/span><\\\/p>\\n\n\n<p class=\\\"Pa1\\\"><span class=\\\"A0\\\">Pour une r\\u00e9ponse rapide, nous disposons d'un important outillage sp\\u00e9cial, d'instruments de mesure appropri\\u00e9s et de l'exp\\u00e9rience acquise au cours d'innombrables interventions efficaces.<\\\/span><\\\/p>\\n\n\n<p class=\\\"Pa1\\\"><span class=\\\"A0\\\">Nous enregistrons le dommage et vous indiquons s'il est pr\\u00e9f\\u00e9rable de proc\\u00e9der \\u00e0 la r\\u00e9paration ou au remplacement pour vous permettre de prendre la meilleure d\\u00e9cision possible. Nous sommes totalement ind\\u00e9pendants des fabricants de ces machines.<\\\/span><\\\/p>\",\"margin\":\"default\"}},{\"type\":\"text\",\"props\":{\"column_breakpoint\":\"m\",\"content\":\"[smartslider3 slider=\\\"3\\\"]\",\"margin\":\"default\"},\"name\":\"Slider eingebettet (via Shortcode)\"},{\"type\":\"fragment\",\"props\":{\"margin\":\"default\"},\"children\":[{\"type\":\"row\",\"props\":{\"layout\":\"1-2,1-2\",\"row_gap\":\"medium\"},\"children\":[{\"type\":\"column\",\"props\":{\"image_position\":\"center-center\",\"position_sticky_breakpoint\":\"m\",\"width_medium\":\"1-2\"},\"children\":[{\"type\":\"headline\",\"props\":{\"content\":\"Wir f\\u00fchren f\\u00fcr Sie durch:\",\"content_en_gb\":\"we carry out the following work for you:\",\"content_fr_fr\":\"nous effectuons pour vous les t\\u00c2ches suivantes&nbsp;:\",\"title_element\":\"h4\"}},{\"type\":\"list\",\"props\":{\"column_breakpoint\":\"s\",\"image_align\":\"left\",\"image_svg_color\":\"emphasis\",\"image_vertical_align\":true,\"list_element\":\"ul\",\"list_horizontal_separator\":\", \",\"list_marker\":\"disc\",\"list_marker_color\":\"emphasis\",\"list_type\":\"vertical\",\"show_image\":false,\"show_link\":false},\"children\":[{\"type\":\"list_item\",\"props\":{\"content\":\"Umsetzen von Maschinen\",\"content_en_gb\":\"\n\n<p>Relocating machines<\\\/p>\",\"content_fr_fr\":\"\n\n<p>D\\u00e9placement de machines<\\\/p>\"}},{\"type\":\"list_item\",\"props\":{\"content\":\"Betriebswuchten\",\"content_en_gb\":\"\n\n<p>Field balancing<\\\/p>\",\"content_fr_fr\":\"\n\n<p>\\u00c9quilibrage op\\u00e9rationnel<\\\/p>\"}},{\"type\":\"list_item\",\"props\":{\"content\":\"Ausrichten mit Computer und Laseroptik, auch von Maschinenstr\\u00e4ngen\",\"content_en_gb\":\"\n\n<p>Alignment using computers and laser optics, including for machinery trains<\\\/p>\",\"content_fr_fr\":\"\n\n<p>Alignement avec ordinateur et laser, \\u00e9galement de trains de machines<\\\/p>\"}},{\"type\":\"list_item\",\"props\":{\"content\":\"Revisionen an Wasserkraft- und anderen Gene\\u00adratoren und Gro\\u00dfmotoren\",\"content_en_gb\":\"\n\n<p>Inspections for hydropower generators and other generators\\u00ad and large motors<\\\/p>\",\"content_fr_fr\":\"\n\n<p>R\\u00e9visions de g\\u00e9n\\u00e9rateurs hydro\\u00e9lectriques et autres \\u00adg\\u00e9n\\u00e9rateurs et gros moteurs<\\\/p>\"}},{\"type\":\"list_item\",\"props\":{\"content\":\"\\u00dcberholen und Abdichten von Getrieben\",\"content_en_gb\":\"\n\n<p>Overhaul and sealing of gears<\\\/p>\",\"content_fr_fr\":\"\n\n<p>R\\u00e9vision et \\u00e9tanch\\u00e9it\\u00e9 des engrenages<\\\/p>\"}},{\"type\":\"list_item\",\"props\":{\"content\":\"\\u00dcberdrehen von Kollektoren und Schleifrin\\u00adgen, auch auf der Anlage\",\"content_en_gb\":\"\n\n<p>Over-revving of collectors and collector rings\\u00ad, including on the system<\\\/p>\",\"content_fr_fr\":\"\n\n<p>Surfilage des collecteurs et bagues collectrices\\u00ad, \\u00e9galement sur l'installation<\\\/p>\"}},{\"type\":\"list_item\",\"props\":{\"content\":\"\\u00dcberpr\\u00fcfung und Reinigung von Luft-\\\/Wasserk\\u00fchlern\",\"content_en_gb\":\"\n\n<p>Inspection and cleaning of air\\\/water coolers<\\\/p>\",\"content_fr_fr\":\"\n\n<p>Contr\\u00f4le et nettoyage des refroidisseurs air\\\/eau<\\\/p>\"}},{\"type\":\"list_item\",\"props\":{\"content\":\"Aufstellen neuer Maschinen\",\"content_en_gb\":\"\n\n<p>Setting up new machines<\\\/p>\",\"content_fr_fr\":\"\n\n<p>Mise en place de machines neuves<\\\/p>\"}},{\"type\":\"list_item\",\"props\":{\"content\":\"Montage und Demontage\",\"content_en_gb\":\"\n\n<p>Assembly and disassembly<\\\/p>\",\"content_fr_fr\":\"\n\n<p>Montage et d\\u00e9montage<\\\/p>\"}},{\"type\":\"list_item\",\"props\":{\"content\":\"Inbetriebnahme\",\"content_en_gb\":\"\n\n<p>Commissioning<\\\/p>\",\"content_fr_fr\":\"\n\n<p>Mise en service<\\\/p>\"}},{\"type\":\"list_item\",\"props\":{\"content\":\"Elektrische und mechanische Diagnose\",\"content_en_gb\":\"\n\n<p>Electrical and mechanical diagnostics<\\\/p>\",\"content_fr_fr\":\"\n\n<p>Diagnostic \\u00e9lectrique et m\\u00e9canique<\\\/p>\"}},{\"type\":\"list_item\",\"props\":{\"content\":\"Umbauten, Optimierungen und Anpassungen\",\"content_en_gb\":\"\n\n<p>Modifications, optimisation and adaptations<\\\/p>\",\"content_fr_fr\":\"\n\n<p>Transformations, optimisations et adaptations<\\\/p>\"}},{\"type\":\"list_item\",\"props\":{\"content\":\"Lagertausch\",\"content_en_gb\":\"\n\n<p>Transformations, optimisations et adaptations<\\\/p>\",\"content_fr_fr\":\"\n\n<p>Remplacement des paliers<\\\/p>\"}},{\"type\":\"list_item\",\"props\":{\"content\":\"Wochenend- und Feiertagseins\\u00e4tze\",\"content_en_gb\":\"\n\n<p>Weekend and public holiday work<\\\/p>\",\"content_fr_fr\":\"\n\n<p>Interventions durant les week-ends et jours f\\u00e9ri\\u00e9s<\\\/p>\"}},{\"type\":\"list_item\",\"props\":{\"content\":\"Vorbeugende Instandhaltungen\",\"content_en_gb\":\"\n\n<p>Preventive maintenance<\\\/p>\",\"content_fr_fr\":\"\n\n<p>Entretiens pr\\u00e9ventifs<\\\/p>\"}},{\"type\":\"list_item\",\"props\":{\"content\":\"Condition Monitoring\",\"content_en_gb\":\"\n\n<p>Condition Monitoring<\\\/p>\",\"content_fr_fr\":\"\n\n<p>Surveillance d'\\u00e9tat<\\\/p>\"}},{\"type\":\"list_item\",\"props\":{\"content\":\"Objektbezogene Servicevertr\\u00e4ge\",\"content_en_gb\":\"\n\n<p>Service contracts for specific objects<\\\/p>\",\"content_fr_fr\":\"\n\n<p>Contrats de service sp\\u00e9cifiques aux objets<\\\/p>\"}}],\"name\":\"Liste\"}]},{\"type\":\"column\",\"props\":{\"image_position\":\"center-center\",\"position_sticky_breakpoint\":\"m\",\"width_medium\":\"1-2\"},\"children\":[{\"type\":\"headline\",\"props\":{\"content\":\"Wir reparieren f\\u00fcr Sie:\",\"content_en_gb\":\"we repair the following for you:\",\"content_fr_fr\":\"nous r\\u00c9parons pour vous&nbsp;:\",\"title_element\":\"h4\"}},{\"type\":\"list\",\"props\":{\"column_breakpoint\":\"s\",\"image_align\":\"left\",\"image_svg_color\":\"emphasis\",\"image_vertical_align\":true,\"list_element\":\"ul\",\"list_horizontal_separator\":\", \",\"list_marker\":\"disc\",\"list_marker_color\":\"emphasis\",\"list_type\":\"vertical\",\"show_image\":false,\"show_link\":false},\"children\":[{\"type\":\"list_item\",\"props\":{\"content\":\"Hochspannungsmotoren\",\"content_en_gb\":\"\n\n<p>High voltage motors<\\\/p>\",\"content_fr_fr\":\"\n\n<p>Moteurs haute tension<\\\/p>\"}},{\"type\":\"list_item\",\"props\":{\"content\":\"Niederspannungsmotoren\",\"content_en_gb\":\"\n\n<p>Low voltage motors<\\\/p>\",\"content_fr_fr\":\"\n\n<p>Moteurs basse tension<\\\/p>\"}},{\"type\":\"list_item\",\"props\":{\"content\":\"Gleichstrommotoren\",\"content_en_gb\":\"\n\n<p>DC motors<\\\/p>\",\"content_fr_fr\":\"\n\n<p>Moteurs \\u00e0 courant continu<\\\/p>\"}},{\"type\":\"list_item\",\"props\":{\"content\":\"Umformers\\u00e4tze\",\"content_en_gb\":\"\n\n<p>Converter sets<\\\/p>\",\"content_fr_fr\":\"\n\n<p>Groupes convertisseurs<\\\/p>\"}},{\"type\":\"list_item\",\"props\":{\"content\":\"Mittelfrequenzgeneratoren\",\"content_en_gb\":\"\n\n<p>Medium frequency generators<\\\/p>\",\"content_fr_fr\":\"\n\n<p>G\\u00e9n\\u00e9rateurs de moyenne fr\\u00e9quence<\\\/p>\"}},{\"type\":\"list_item\",\"props\":{\"content\":\"Kranmotoren\",\"content_en_gb\":\"\n\n<p>Crane motors<\\\/p>\",\"content_fr_fr\":\"\n\n<p>Moteurs de grues<\\\/p>\"}},{\"type\":\"list_item\",\"props\":{\"content\":\"Servoantriebe\",\"content_en_gb\":\"\n\n<p>Servo drives<\\\/p>\",\"content_fr_fr\":\"\n\n<p>Entra\\u00eenements asservis<\\\/p>\"}},{\"type\":\"list_item\",\"props\":{\"content\":\"Stellantriebe\",\"content_en_gb\":\"\n\n<p>Actuators<\\\/p>\",\"content_fr_fr\":\"\n\n<p>Actuators<\\\/p>\"}},{\"type\":\"list_item\",\"props\":{\"content\":\"R\\u00fchrspulen\",\"content_en_gb\":\"\n\n<p>Stirring coils<\\\/p>\",\"content_fr_fr\":\"\n\n<p>Brasseurs<\\\/p>\"}},{\"type\":\"list_item\",\"props\":{\"content\":\"Anlasser\",\"content_en_gb\":\"\n\n<p>Starter motors<\\\/p>\",\"content_fr_fr\":\"\n\n<p>D\\u00e9marreurs<\\\/p>\"}},{\"type\":\"list_item\",\"props\":{\"content\":\"Erregermaschinen\",\"content_en_gb\":\"\n\n<p>Excitation devices<\\\/p>\",\"content_fr_fr\":\"\n\n<p>Excitatrices<\\\/p>\"}}],\"name\":\"Liste\"},{\"type\":\"headline\",\"props\":{\"content\":\"Flexibel, zuverl\\u00e4ssig und schnell \\u2013 auch an Feiertagen und Wochenenden.\",\"content_en_gb\":\"flexible, reliable and fast: even on public holidays and on weekends.\",\"content_fr_fr\":\"de mani\\u00c8re flexible, fiable et rapide \\u2013 \\u00c9galement durant les jours f\\u00c9ri\\u00c9s et les week-ends.\",\"title_element\":\"h4\"}}]}]}]}]},{\"type\":\"column\",\"props\":{\"image_position\":\"center-center\",\"position_sticky\":\"column\",\"position_sticky_breakpoint\":\"m\",\"position_sticky_offset\":\"80\",\"width_medium\":\"1-3\"},\"children\":[{\"type\":\"headline\",\"props\":{\"content\":\"Kontakt\",\"content_en_gb\":\"Contact\",\"content_fr_fr\":\"Contact\",\"title_element\":\"h4\"},\"name\":\"Sidebar Headline\"},{\"type\":\"text\",\"props\":{\"column_breakpoint\":\"m\",\"content\":\"\n\n<p><strong>AMServ<\\\/strong><br \\\/>Service f\\u00fcr rotierende<br \\\/>elektrische Maschinen<\\\/p>\",\"content_en_gb\":\"\n\n<p><strong>AMServ<\\\/strong><br \\\/>Service for rotating<br \/> electrical machines<\\\/p>\",\"content_fr_fr\":\"\n\n<p><strong>AMServ<\\\/strong><br \\\/>Service pour machines<br \/>\\u00e9lectriques tournantes<\\\/p>\",\"margin\":\"small\"},\"name\":\"Sidebar Text\"},{\"type\":\"list\",\"props\":{\"class\":\"sidebarContactList\",\"column_breakpoint\":\"m\",\"icon_color\":\"emphasis\",\"icon_width\":\"25\",\"image_align\":\"left\",\"image_svg_color\":\"emphasis\",\"image_svg_inline\":true,\"image_vertical_align\":false,\"image_width\":\"18\",\"list_element\":\"ul\",\"list_horizontal_separator\":\", \",\"list_type\":\"vertical\",\"show_image\":true,\"show_link\":true},\"children\":[{\"type\":\"list_item\",\"props\":{\"content\":\"\n\n<p><a href=\\\"tel:+498000267378\\\" class=\\\"google-event\\\" data-event-action=\\\"telefonnummer_geklickt\\\" data-event-category=\\\"Kontakt\\\" data-event-label=\\\"+498000267378\\\">+49 (0) 8000 267378<br \\\/>+49 (0) 8000 AMSERV<\\\/a><\\\/p>\",\"icon\":\"\",\"image\":\"wp-content\\\/uploads\\\/2024\\\/03\\\/phone.svg\"}},{\"type\":\"list_item\",\"props\":{\"content\":\"\n\n<p><a href=\\\"mailto:info@amserv.de\\\" class=\\\"google-event\\\" data-event-action=\\\"mailadresse_geklickt\\\" data-event-category=\\\"Kontakt\\\" data-event-label=\\\"info@amserv.de\\\">info@amserv.de<\\\/a><\\\/p>\",\"icon\":\"\",\"image\":\"wp-content\\\/uploads\\\/2024\\\/03\\\/envelope.svg\"}}],\"name\":\"Liste-Kontakt2\"}]}]}],\"name\":\"Zweispaltig\"}],\"version\":\"4.5.25\"} --><\/p>\n","protected":false},"excerpt":{"rendered":"<p>Vor-Ort-Service Montage und Instandhaltung Immer k\u00fcrzere Stillstandszeiten machen eine zuverl\u00e4ssige und reibungslose Wartung und Instandhaltung erforderlich. Wir unterst\u00fctzen Sie dabei mit erfahrenem Personal aus unseren Werkst\u00e4tten. Zur schnellen Bearbeitung verf\u00fcgen wir \u00fcber umfangreiches Spezialwerkzeug, geeignete Messger\u00e4te und die Erfahrung vieler erfolgreicher Eins\u00e4tze. Wir nehmen den Schaden auf und beraten Sie, ob die Reparatur oder der [&#8230;]<\/p>\n<p><a class=\"el-content uk-button uk-button-primary uk-margin-remove-bottom excerpt\" href=\"https:\/\/www.amserv.de\/fr\/service\/service-sur-place\/\">Continuer&#8230;<\/a><\/p>\n","protected":false},"author":2,"featured_media":0,"parent":35,"menu_order":0,"comment_status":"closed","ping_status":"closed","template":"","meta":{"footnotes":""},"class_list":["post-343","page","type-page","status-publish","hentry"],"_links":{"self":[{"href":"https:\/\/www.amserv.de\/fr\/wp-json\/wp\/v2\/pages\/343","targetHints":{"allow":["GET"]}}],"collection":[{"href":"https:\/\/www.amserv.de\/fr\/wp-json\/wp\/v2\/pages"}],"about":[{"href":"https:\/\/www.amserv.de\/fr\/wp-json\/wp\/v2\/types\/page"}],"author":[{"embeddable":true,"href":"https:\/\/www.amserv.de\/fr\/wp-json\/wp\/v2\/users\/2"}],"replies":[{"embeddable":true,"href":"https:\/\/www.amserv.de\/fr\/wp-json\/wp\/v2\/comments?post=343"}],"version-history":[{"count":78,"href":"https:\/\/www.amserv.de\/fr\/wp-json\/wp\/v2\/pages\/343\/revisions"}],"predecessor-version":[{"id":3097,"href":"https:\/\/www.amserv.de\/fr\/wp-json\/wp\/v2\/pages\/343\/revisions\/3097"}],"up":[{"embeddable":true,"href":"https:\/\/www.amserv.de\/fr\/wp-json\/wp\/v2\/pages\/35"}],"wp:attachment":[{"href":"https:\/\/www.amserv.de\/fr\/wp-json\/wp\/v2\/media?parent=343"}],"curies":[{"name":"wp","href":"https:\/\/api.w.org\/{rel}","templated":true}]}}