{"id":351,"date":"2024-03-07T22:43:29","date_gmt":"2024-03-07T21:43:29","guid":{"rendered":"https:\/\/www.amserv.de\/?page_id=351"},"modified":"2026-04-14T15:50:46","modified_gmt":"2026-04-14T13:50:46","slug":"infrastruktur","status":"publish","type":"page","link":"https:\/\/www.amserv.de\/fr\/domaines-d-application\/infrastructure\/","title":{"rendered":"Infrastructure"},"content":{"rendered":"<h1>Infrastruktur <\/h1>\n<div>\n<p><strong>Wir k\u00fcmmern uns um die Wartung und Reparatur der Antriebe f\u00fcr Pumpen- und L\u00fcftereinheiten.<\/strong><\/p>\n<\/div>\n<div>\n<p>Unsere Kunden aus den Bereichen der Wasserversorgung, Wasserentsorgung und Geb\u00e4udetechnik in privaten und \u00f6ffentlichen Bereichen vertrauen auf unsere Kompetenz.<\/p>\n<\/div>\n<h4>Kontakt<\/h4>\n<div>\n<p><strong>AMServ<\/strong><br \/>Service f\u00fcr rotierende<br \/>elektrische Maschinen<\/p>\n<\/div>\n<ul>\n<li>\n<p>        <img decoding=\"async\" src=\"\/wp-content\/uploads\/2024\/03\/phone.svg\" alt=\"\"><\/p>\n<div>\n<p><a href=\"tel:+498000267378\" class=\"google-event\" data-event-action=\"telefonnummer_geklickt\" data-event-category=\"Kontakt\" data-event-label=\"+498000267378\">+49 (0) 8000 267378<br \/>+49 (0) 8000 AMSERV<\/a><\/p>\n<\/div>\n<\/li>\n<li>\n<p>        <img decoding=\"async\" src=\"\/wp-content\/uploads\/2024\/03\/envelope.svg\" alt=\"\"><\/p>\n<div>\n<p><a href=\"mailto:info@amserv.de\" class=\"google-event\" data-event-action=\"mailadresse_geklickt\" data-event-category=\"Kontakt\" data-event-label=\"info@amserv.de\">info@amserv.de<\/a><\/p>\n<\/div>\n<\/li>\n<\/ul>\n<h3>Einsatzbereiche in der Infrastruktur im \u00dcberblick<\/h3>\n<ul>\n<li>\n<h3>Wasserversorgung<\/h3>\n<p><a href=\"\/einsatzbereiche\/infrastruktur\/wasserversorgung\/\">Wasserversorgung<\/a><\/p>\n<\/li>\n<li>\n<h3>Wasserentsorgung<\/h3>\n<p><a href=\"\/einsatzbereiche\/infrastruktur\/wasserentsorgung\/\">Wasserentsorgung<\/a><\/p>\n<\/li>\n<li>\n<h3>Geb\u00e4udetechnik<\/h3>\n<p><a href=\"\/einsatzbereiche\/infrastruktur\/gebaeudetechnik\/\">Geb\u00e4udetechnik<\/a><\/p>\n<\/li>\n<\/ul>\n<p><!--more--><br \/>\n<!-- {\"type\":\"layout\",\"children\":[{\"type\":\"section\",\"props\":{\"image\":\"wp-content\\\/uploads\\\/2024\\\/03\\\/header_infrastruktur.jpg\",\"image_position\":\"center-center\",\"image_size\":\"cover\",\"padding\":\"xlarge\",\"padding_remove_bottom\":false,\"padding_remove_top\":false,\"style\":\"default\",\"title_breakpoint\":\"xl\",\"title_position\":\"top-left\",\"title_rotation\":\"left\",\"vertical_align\":\"\",\"width\":\"\"},\"children\":[{\"type\":\"row\",\"children\":[{\"type\":\"column\",\"props\":{\"image_position\":\"center-center\",\"position_sticky_breakpoint\":\"m\"}}]}],\"name\":\"Headerbild\"},{\"type\":\"section\",\"props\":{\"image_position\":\"center-center\",\"padding\":\"none\",\"style\":\"muted\",\"title_breakpoint\":\"xl\",\"title_position\":\"top-left\",\"title_rotation\":\"left\",\"vertical_align\":\"\",\"width\":\"default\"},\"children\":[{\"type\":\"row\",\"children\":[{\"type\":\"column\",\"props\":{\"image_position\":\"center-center\",\"position_sticky_breakpoint\":\"m\"},\"children\":[{\"type\":\"breadcrumbs\",\"props\":{\"home_text\":\"Home\",\"show_current\":true,\"show_home\":true}}]}]}],\"name\":\"Breadcrumbs\"},{\"type\":\"section\",\"props\":{\"image_position\":\"center-center\",\"padding\":\"small\",\"padding_remove_bottom\":false,\"style\":\"default\",\"title_breakpoint\":\"xl\",\"title_position\":\"top-left\",\"title_rotation\":\"left\",\"vertical_align\":\"\",\"width\":\"default\"},\"children\":[{\"type\":\"row\",\"props\":{\"layout\":\"2-3,1-3\"},\"children\":[{\"type\":\"column\",\"props\":{\"image_position\":\"center-center\",\"position_sticky_breakpoint\":\"m\",\"width_medium\":\"2-3\"},\"children\":[{\"type\":\"headline\",\"props\":{\"content\":\"Infrastruktur \",\"content_en_gb\":\"infrastructure\",\"content_fr_fr\":\"infrastructure\",\"title_element\":\"h1\"}},{\"type\":\"text\",\"props\":{\"column_breakpoint\":\"m\",\"content\":\"\n\n<p><strong>Wir k\\u00fcmmern uns um die Wartung und Reparatur der Antriebe f\\u00fcr Pumpen- und L\\u00fcftereinheiten.<\\\/strong><\\\/p>\",\"content_en_gb\":\"\n\n<p><strong>We handle maintenance and repairs for drives for pump and fan units.<\\\/strong><\\\/p>\",\"content_fr_fr\":\"\n\n<p><strong>Nous nous occupons de la maintenance et de la r\\u00e9paration des entra\\u00eenements de pompes et de ventilateurs.<\\\/strong><\\\/p>\",\"margin\":\"default\",\"margin_remove_top\":true}},{\"type\":\"text\",\"props\":{\"column_breakpoint\":\"m\",\"content\":\"\n\n<p>Unsere Kunden aus den Bereichen der Wasserversorgung, Wasserentsorgung und Geb\\u00e4udetechnik in privaten und \\u00f6ffentlichen Bereichen vertrauen auf unsere Kompetenz.<\\\/p>\",\"content_en_gb\":\"<main id=\\\"content\\\" class=\\\"span8\\\">\\n\n\n<div class=\\\"item-page\\\" itemscope=\\\"\\\" itemtype=\\\"https:\\\/\\\/schema.org\\\/Article\\\">\\n\n\n<div itemprop=\\\"articleBody\\\">\\n\n\n<p>Our customers from the fields of water supply, water disposal and building technology in the private and public sectors place their trust in our expertise.<\\\/p>\\n<\\\/div>\\n<\\\/div>\\n<\\\/main>\",\"content_fr_fr\":\"<main id=\\\"content\\\" class=\\\"span8\\\">\\n\n\n<div class=\\\"item-page\\\" itemscope=\\\"\\\" itemtype=\\\"https:\\\/\\\/schema.org\\\/Article\\\">\\n\n\n<div itemprop=\\\"articleBody\\\">\\n\n\n<p>Nos clients des secteurs de l'approvisionnement en eau, de l'\\u00e9vacuation des eaux et de l'immotique des secteurs priv\\u00e9s et publics ont confiance en notre comp\\u00e9tence.<\\\/p>\\n<\\\/div>\\n<\\\/div>\\n<\\\/main>\",\"margin\":\"default\"}}]},{\"type\":\"column\",\"props\":{\"image_position\":\"center-center\",\"position_sticky\":\"column\",\"position_sticky_breakpoint\":\"m\",\"position_sticky_offset\":\"80\",\"width_medium\":\"1-3\"},\"children\":[{\"type\":\"headline\",\"props\":{\"content\":\"Kontakt\",\"content_en_gb\":\"Contact\",\"content_fr_fr\":\"Contact\",\"title_element\":\"h4\"},\"name\":\"Sidebar Headline\"},{\"type\":\"text\",\"props\":{\"column_breakpoint\":\"m\",\"content\":\"\n\n<p><strong>AMServ<\\\/strong><br \\\/>Service f\\u00fcr rotierende<br \\\/>elektrische Maschinen<\\\/p>\",\"content_en_gb\":\"\n\n<p><strong>AMServ<\\\/strong><br \\\/>Service for rotating<br \/> electrical machines<\\\/p>\",\"content_fr_fr\":\"\n\n<p><strong>AMServ<\\\/strong><br \\\/>Service pour machines<br \/>\\u00e9lectriques tournantes<\\\/p>\",\"margin\":\"small\"},\"name\":\"Sidebar Text\"},{\"type\":\"list\",\"props\":{\"class\":\"sidebarContactList\",\"column_breakpoint\":\"m\",\"icon_color\":\"emphasis\",\"icon_width\":\"25\",\"image_align\":\"left\",\"image_svg_color\":\"emphasis\",\"image_svg_inline\":true,\"image_vertical_align\":false,\"image_width\":\"18\",\"list_element\":\"ul\",\"list_horizontal_separator\":\", \",\"list_type\":\"vertical\",\"show_image\":true,\"show_link\":true},\"children\":[{\"type\":\"list_item\",\"props\":{\"content\":\"\n\n<p><a href=\\\"tel:+498000267378\\\" class=\\\"google-event\\\" data-event-action=\\\"telefonnummer_geklickt\\\" data-event-category=\\\"Kontakt\\\" data-event-label=\\\"+498000267378\\\">+49 (0) 8000 267378<br \\\/>+49 (0) 8000 AMSERV<\\\/a><\\\/p>\",\"icon\":\"\",\"image\":\"wp-content\\\/uploads\\\/2024\\\/03\\\/phone.svg\"}},{\"type\":\"list_item\",\"props\":{\"content\":\"\n\n<p><a href=\\\"mailto:info@amserv.de\\\" class=\\\"google-event\\\" data-event-action=\\\"mailadresse_geklickt\\\" data-event-category=\\\"Kontakt\\\" data-event-label=\\\"info@amserv.de\\\">info@amserv.de<\\\/a><\\\/p>\",\"icon\":\"\",\"image\":\"wp-content\\\/uploads\\\/2024\\\/03\\\/envelope.svg\"}}],\"name\":\"Liste-Kontakt2\"}]}]}],\"name\":\"Zweispaltig\"},{\"type\":\"section\",\"props\":{\"image_position\":\"center-center\",\"padding\":\"small\",\"style\":\"muted\",\"title_breakpoint\":\"xl\",\"title_position\":\"top-left\",\"title_rotation\":\"left\",\"vertical_align\":\"\",\"width\":\"default\"},\"children\":[{\"type\":\"row\",\"children\":[{\"type\":\"column\",\"props\":{\"image_position\":\"center-center\",\"position_sticky_breakpoint\":\"m\"},\"children\":[{\"type\":\"headline\",\"props\":{\"content\":\"Einsatzbereiche in der Infrastruktur im \\u00dcberblick\",\"content_en_gb\":\"areas of application in infrastructure at a glance\",\"content_fr_fr\":\"aper\\u00c7u des domaines d'application dans l'infrastructure\",\"margin\":\"medium\",\"text_align\":\"center\",\"text_align_fallback\":\"left\",\"title_color\":\"primary\",\"title_element\":\"h3\"}},{\"type\":\"panel-slider\",\"props\":{\"content_column_breakpoint\":\"m\",\"css\":\".el-title {display:none;}\",\"icon_width\":80,\"image_align\":\"top\",\"image_grid_breakpoint\":\"m\",\"image_grid_width\":\"1-2\",\"image_svg_color\":\"emphasis\",\"link_fullwidth\":true,\"link_margin\":\"remove\",\"link_style\":\"primary\",\"link_text\":\"Read more\",\"margin\":\"default\",\"meta_align\":\"below-title\",\"meta_element\":\"div\",\"meta_style\":\"text-meta\",\"nav\":\"dotnav\",\"nav_align\":\"center\",\"nav_breakpoint\":\"\",\"panel_match\":true,\"panel_padding\":\"default\",\"panel_style\":\"card-default\",\"show_content\":false,\"show_hover_image\":true,\"show_hover_video\":true,\"show_image\":false,\"show_link\":true,\"show_meta\":false,\"show_title\":true,\"show_video\":true,\"slidenav\":\"outside\",\"slidenav_breakpoint\":\"xl\",\"slidenav_margin\":\"medium\",\"slidenav_outside_breakpoint\":\"xl\",\"slider_autoplay_pause\":true,\"slider_gap\":\"small\",\"slider_width\":\"fixed\",\"slider_width_default\":\"1-1\",\"slider_width_medium\":\"1-3\",\"slider_width_small\":\"1-2\",\"title_align\":\"top\",\"title_element\":\"h3\",\"title_grid_breakpoint\":\"m\",\"title_grid_width\":\"1-2\",\"title_hover_style\":\"reset\"},\"children\":[{\"type\":\"panel-slider_item\",\"props\":{\"link\":\"einsatzbereiche\\\/infrastruktur\\\/wasserversorgung\\\/\",\"link_en_gb\":\"\\\/en\\\/areas-of-application\\\/infrastructure\\\/water-supply\",\"link_fr_fr\":\"\\\/fr\\\/domaines-d-application\\\/infrastructure\\\/approvisionnement-en-eau\",\"link_text\":\"Wasserversorgung\",\"link_text_en_gb\":\"water supply\",\"link_text_fr_fr\":\"approvisionnement en eau\",\"title\":\"Wasserversorgung\"}},{\"type\":\"panel-slider_item\",\"props\":{\"link\":\"einsatzbereiche\\\/infrastruktur\\\/wasserentsorgung\\\/\",\"link_en_gb\":\"\\\/en\\\/areas-of-application\\\/infrastructure\\\/water-disposal\",\"link_fr_fr\":\"\\\/fr\\\/domaines-d-application\\\/infrastructure\\\/evacuation-des-eaux\",\"link_text\":\"Wasserentsorgung\",\"link_text_en_gb\":\"water disposal\",\"link_text_fr_fr\":\"\\u00c9vacuation des eaux\",\"title\":\"Wasserentsorgung\"}},{\"type\":\"panel-slider_item\",\"props\":{\"link\":\"einsatzbereiche\\\/infrastruktur\\\/gebaeudetechnik\\\/\",\"link_en_gb\":\"\\\/en\\\/areas-of-application\\\/infrastructure\\\/building-technology\",\"link_fr_fr\":\"\\\/fr\\\/domaines-d-application\\\/infrastructure\\\/immotique\",\"link_text\":\"Geb\\u00e4udetechnik\",\"link_text_en_gb\":\"building technology\",\"link_text_fr_fr\":\"immotique\",\"title\":\"Geb\\u00e4udetechnik\"}}]}]}]}],\"name\":\"Panel Slider (nur Buttons)\"}],\"version\":\"4.5.25\"} --><\/p>\n","protected":false},"excerpt":{"rendered":"<p>Infrastruktur Wir k\u00fcmmern uns um die Wartung und Reparatur der Antriebe f\u00fcr Pumpen- und L\u00fcftereinheiten. Unsere Kunden aus den Bereichen der Wasserversorgung, Wasserentsorgung und Geb\u00e4udetechnik in privaten und \u00f6ffentlichen Bereichen vertrauen auf unsere Kompetenz. Kontakt AMServService f\u00fcr rotierendeelektrische Maschinen +49 (0) 8000 267378+49 (0) 8000 AMSERV info@amserv.de Einsatzbereiche in der Infrastruktur im \u00dcberblick Wasserversorgung Wasserversorgung [&#8230;]<\/p>\n<p><a class=\"el-content uk-button uk-button-primary uk-margin-remove-bottom excerpt\" href=\"https:\/\/www.amserv.de\/fr\/domaines-d-application\/infrastructure\/\">Continuer&#8230;<\/a><\/p>\n","protected":false},"author":2,"featured_media":0,"parent":39,"menu_order":0,"comment_status":"closed","ping_status":"closed","template":"","meta":{"footnotes":""},"class_list":["post-351","page","type-page","status-publish","hentry"],"_links":{"self":[{"href":"https:\/\/www.amserv.de\/fr\/wp-json\/wp\/v2\/pages\/351","targetHints":{"allow":["GET"]}}],"collection":[{"href":"https:\/\/www.amserv.de\/fr\/wp-json\/wp\/v2\/pages"}],"about":[{"href":"https:\/\/www.amserv.de\/fr\/wp-json\/wp\/v2\/types\/page"}],"author":[{"embeddable":true,"href":"https:\/\/www.amserv.de\/fr\/wp-json\/wp\/v2\/users\/2"}],"replies":[{"embeddable":true,"href":"https:\/\/www.amserv.de\/fr\/wp-json\/wp\/v2\/comments?post=351"}],"version-history":[{"count":21,"href":"https:\/\/www.amserv.de\/fr\/wp-json\/wp\/v2\/pages\/351\/revisions"}],"predecessor-version":[{"id":3115,"href":"https:\/\/www.amserv.de\/fr\/wp-json\/wp\/v2\/pages\/351\/revisions\/3115"}],"up":[{"embeddable":true,"href":"https:\/\/www.amserv.de\/fr\/wp-json\/wp\/v2\/pages\/39"}],"wp:attachment":[{"href":"https:\/\/www.amserv.de\/fr\/wp-json\/wp\/v2\/media?parent=351"}],"curies":[{"name":"wp","href":"https:\/\/api.w.org\/{rel}","templated":true}]}}