{"id":359,"date":"2024-03-07T22:45:15","date_gmt":"2024-03-07T21:45:15","guid":{"rendered":"https:\/\/www.amserv.de\/?page_id=359"},"modified":"2026-04-14T12:12:36","modified_gmt":"2026-04-14T10:12:36","slug":"windkraft","status":"publish","type":"page","link":"https:\/\/www.amserv.de\/fr\/domaines-d-application\/production-d-energie\/energie-eolienne\/","title":{"rendered":"\u00c9nergie \u00e9olienne"},"content":{"rendered":"<h1>Windkraft \u2013 Reparatur, Instandhaltung und Optimierung<\/h1>\n<div>\n<p><strong>Die Windenergie leistet einen wesentlichen Anteil an unserer Energieversorgung. AMServ hilft bei Reparatur, Instandhaltung und Optimierung von Windkraftanlagen.<\/strong><\/p>\n<\/div>\n<div>\n<p><span>Wir von der AMServ liefern den passenden\u00a0<\/span><a href=\"\/service\">Service<\/a><span>\u00a0f\u00fcr das breite Spektrum der\u00a0<\/span><a href=\"\/service\/generatoren-reparatur-wartung-instandsetzung\">Generatoren<\/a><span>\u00a0auf den Windkraftanlagen. Wir bieten unseren Kunden eine termingerechte und kosteneffiziente L\u00f6sung um schnellstm\u00f6gliche Verf\u00fcgbarkeit zu gew\u00e4hrleisten und Ausfallzeiten zu minimieren. Zudem werden, Im Vergleich zu einer Neubeschaffung, mit der Reparatur Ihres Generators kostbare Ressourcen geschont und ungewollte Emissionen verhindert.<\/span><\/p>\n<\/div>\n<p><img decoding=\"async\" src=\"\/wp-content\/uploads\/2024\/03\/windkraft_galerie.jpg\" alt=\"\"><\/p>\n<h4>Wir bieten:<\/h4>\n<ul>\n<li>\n<div>Wicklungsbefundung vor Ort<\/div>\n<\/li>\n<li>\n<div>Schwingungsanalyse vor Ort<\/div>\n<\/li>\n<li>\n<div>Lageranalyse vor Ort<\/div>\n<\/li>\n<li>\n<div>Generatorgrund\u00fcberholung<\/div>\n<\/li>\n<li>\n<div>Generatorneuwicklung<\/div>\n<\/li>\n<li>\n<p><a href=\"\/produkte\/ersatzteile\/\">Ersatzteillieferung<\/a><\/p>\n<\/li>\n<li>\n<div>Erneuerung von Schleifringen<\/div>\n<\/li>\n<li>\n<div>K\u00fchler\u00fcberholung<\/div>\n<\/li>\n<li>\n<div>Eisenverlustmessung<\/div>\n<\/li>\n<li>\n<div>Thermografie<\/div>\n<\/li>\n<\/ul>\n<h4>Kontakt<\/h4>\n<div>\n<p><strong>AMServ<\/strong><br \/>Service f\u00fcr rotierende<br \/>elektrische Maschinen<\/p>\n<\/div>\n<ul>\n<li>\n<p>        <img decoding=\"async\" src=\"\/wp-content\/uploads\/2024\/03\/phone.svg\" alt=\"\"><\/p>\n<div>\n<p><a href=\"tel:+498000267378\" class=\"google-event\" data-event-action=\"telefonnummer_geklickt\" data-event-category=\"Kontakt\" data-event-label=\"+498000267378\">+49 (0) 8000 267378<br \/>+49 (0) 8000 AMSERV<\/a><\/p>\n<\/div>\n<\/li>\n<li>\n<p>        <img decoding=\"async\" src=\"\/wp-content\/uploads\/2024\/03\/envelope.svg\" alt=\"\"><\/p>\n<div>\n<p><a href=\"mailto:info@amserv.de\" class=\"google-event\" data-event-action=\"mailadresse_geklickt\" data-event-category=\"Kontakt\" data-event-label=\"info@amserv.de\">info@amserv.de<\/a><\/p>\n<\/div>\n<\/li>\n<\/ul>\n<p><!--more--><br \/>\n<!-- {\"type\":\"layout\",\"children\":[{\"type\":\"section\",\"props\":{\"image\":\"wp-content\\\/uploads\\\/2024\\\/03\\\/Windkraft.jpg\",\"image_position\":\"center-center\",\"image_size\":\"cover\",\"padding\":\"xlarge\",\"padding_remove_bottom\":false,\"padding_remove_top\":false,\"style\":\"default\",\"title_breakpoint\":\"xl\",\"title_position\":\"top-left\",\"title_rotation\":\"left\",\"vertical_align\":\"\",\"width\":\"\"},\"children\":[{\"type\":\"row\",\"children\":[{\"type\":\"column\",\"props\":{\"image_position\":\"center-center\",\"position_sticky_breakpoint\":\"m\"}}]}],\"name\":\"Headerbild\"},{\"type\":\"section\",\"props\":{\"image_position\":\"center-center\",\"padding\":\"none\",\"style\":\"muted\",\"title_breakpoint\":\"xl\",\"title_position\":\"top-left\",\"title_rotation\":\"left\",\"vertical_align\":\"\",\"width\":\"default\"},\"children\":[{\"type\":\"row\",\"children\":[{\"type\":\"column\",\"props\":{\"image_position\":\"center-center\",\"position_sticky_breakpoint\":\"m\"},\"children\":[{\"type\":\"breadcrumbs\",\"props\":{\"home_text\":\"Home\",\"show_current\":true,\"show_home\":true}}]}]}],\"name\":\"Breadcrumbs\"},{\"type\":\"section\",\"props\":{\"image_position\":\"center-center\",\"padding\":\"small\",\"padding_remove_bottom\":false,\"style\":\"default\",\"title_breakpoint\":\"xl\",\"title_position\":\"top-left\",\"title_rotation\":\"left\",\"vertical_align\":\"\",\"width\":\"default\"},\"children\":[{\"type\":\"row\",\"props\":{\"layout\":\"2-3,1-3\"},\"children\":[{\"type\":\"column\",\"props\":{\"image_position\":\"center-center\",\"position_sticky_breakpoint\":\"m\",\"width_medium\":\"2-3\"},\"children\":[{\"type\":\"headline\",\"props\":{\"content\":\"Windkraft \\u2013 Reparatur, Instandhaltung und Optimierung\",\"content_en_gb\":\"wind power: repair, maintenance and optimisation\",\"content_fr_fr\":\"\\u00c9nergie \\u00c9olienne \\u2013 r\\u00c9paration, entretien et optimisation\",\"title_element\":\"h1\"}},{\"type\":\"text\",\"props\":{\"column_breakpoint\":\"m\",\"content\":\"\n\n<p><strong>Die Windenergie leistet einen wesentlichen Anteil an unserer Energieversorgung. AMServ hilft bei Reparatur, Instandhaltung und Optimierung von Windkraftanlagen.<\\\/strong><\\\/p>\",\"content_en_gb\":\"\n\n<p><strong>Wind energy forms a significant proportion of our energy supply. AMServ helps with the repair, maintenance and optimisation of wind turbines.<\\\/strong><\\\/p>\",\"content_fr_fr\":\"\n\n<p><strong>L'\\u00e9nergie \\u00e9olienne contribue grandement \\u00e0 la fourniture en \\u00e9nergie \\u00e9lectrique. AMServ propose son aide lors de la r\\u00e9paration, de l'entretien et de l'optimisation d'\\u00e9oliennes.<\\\/strong><\\\/p>\",\"margin\":\"default\",\"margin_remove_top\":true}},{\"type\":\"text\",\"props\":{\"column_breakpoint\":\"m\",\"content\":\"\n\n<p><span>Wir von der AMServ liefern den passenden\\u00a0<\\\/span><a href=\\\"\\\/service\\\">Service<\\\/a><span>\\u00a0f\\u00fcr das breite Spektrum der\\u00a0<\\\/span><a href=\\\"\\\/service\\\/generatoren-reparatur-wartung-instandsetzung\\\">Generatoren<\\\/a><span>\\u00a0auf den Windkraftanlagen. Wir bieten unseren Kunden eine termingerechte und kosteneffiziente L\\u00f6sung um schnellstm\\u00f6gliche Verf\\u00fcgbarkeit zu gew\\u00e4hrleisten und Ausfallzeiten zu minimieren. Zudem werden, Im Vergleich zu einer Neubeschaffung, mit der Reparatur Ihres Generators kostbare Ressourcen geschont und ungewollte Emissionen verhindert.<\\\/span><\\\/p>\",\"content_en_gb\":\"\n\n<p><span>At AMServ, we provide the right <a href=\\\"\\\/en\\\/service\\\/\\\">service<\\\/a>\\u00a0<\\\/span><a href=\\\"https:\\\/\\\/www.amserv.de\\\/service\\\"><\\\/a><span>for the broad range of\\u00a0<\\\/span><a href=\\\"\\\/en\\\/service\\\/generators\\\/\\\">generators<\\\/a><span>\\u00a0used with wind turbines. We provide our customers with a prompt and cost-effective solution in order to guarantee the fastest-possible availability and minimise downtime. In addition, in comparison with new procurement, repairing your generator protects valuable resources and prevents unwanted emissions.<\\\/span><\\\/p>\",\"content_fr_fr\":\"\n\n<p><span>Chez AMServ, nous fournissons le\\u00a0<\\\/span><a href=\\\"\\\/fr\\\/service\\\">service<\\\/a><span>\\u00a0appropri\\u00e9 pour la grande gamme de\\u00a0<\\\/span><a href=\\\"\\\/fr\\\/service\\\/generateurs\\\">g\\u00e9n\\u00e9rateurs<\\\/a><span>\\u00a0utilis\\u00e9s sur les \\u00e9oliennes. Nous proposons \\u00e0 nos clients une solution \\u00e9conomique et dans les d\\u00e9lais pour garantir une disponibilit\\u00e9 rapide et r\\u00e9duire les temps d'arr\\u00eat. En outre, compar\\u00e9e \\u00e0 une nouvelle acquisition, la r\\u00e9paration de votre g\\u00e9n\\u00e9rateur permet d'\\u00e9conomiser de pr\\u00e9cieuses ressources et d'\\u00e9viter les \\u00e9missions accidentelles.<\\\/span><\\\/p>\",\"margin\":\"default\"}},{\"type\":\"image\",\"props\":{\"image\":\"wp-content\\\/uploads\\\/2024\\\/03\\\/windkraft_galerie.jpg\",\"image_svg_color\":\"emphasis\",\"margin\":\"medium\"}},{\"type\":\"headline\",\"props\":{\"content\":\"Wir bieten:\",\"content_en_gb\":\"we can offer:\",\"content_fr_fr\":\"ce que nous proposons&nbsp;:\",\"title_element\":\"h4\"}},{\"type\":\"list\",\"props\":{\"column\":\"1-2\",\"column_breakpoint\":\"s\",\"image_align\":\"left\",\"image_svg_color\":\"emphasis\",\"image_vertical_align\":true,\"list_element\":\"ul\",\"list_horizontal_separator\":\", \",\"list_marker\":\"disc\",\"list_marker_color\":\"emphasis\",\"list_type\":\"vertical\",\"show_image\":false,\"show_link\":true},\"children\":[{\"type\":\"list_item\",\"props\":{\"content\":\"Wicklungsbefundung vor Ort\",\"content_en_gb\":\"\n\n<p>On-site winding diagnostics<\\\/p>\",\"content_fr_fr\":\"\n\n<p>\\u00e9tat des enroulements sur place<\\\/p>\"}},{\"type\":\"list_item\",\"props\":{\"content\":\"Schwingungsanalyse vor Ort\",\"content_en_gb\":\"\n\n<p>On-site vibration analysis<\\\/p>\",\"content_fr_fr\":\"\n\n<p>analyse des vibrations sur place<\\\/p>\"}},{\"type\":\"list_item\",\"props\":{\"content\":\"Lageranalyse vor Ort\",\"content_en_gb\":\"\n\n<p>On-site bearing analysis<\\\/p>\",\"content_fr_fr\":\"\n\n<p>analyse des paliers sur place<\\\/p>\"}},{\"type\":\"list_item\",\"props\":{\"content\":\"Generatorgrund\\u00fcberholung\",\"content_en_gb\":\"\n\n<p>Major generator overhauls<\\\/p>\",\"content_fr_fr\":\"\n\n<p>r\\u00e9vision g\\u00e9n\\u00e9rale des g\\u00e9n\\u00e9rateurs<\\\/p>\"}},{\"type\":\"list_item\",\"props\":{\"content\":\"Generatorneuwicklung\",\"content_en_gb\":\"\n\n<p>Rewinding for generators<\\\/p>\",\"content_fr_fr\":\"\n\n<p>rebobinage des g\\u00e9n\\u00e9rateurs<\\\/p>\"}},{\"type\":\"list_item\",\"props\":{\"content\":\"Ersatzteillieferung\",\"content_en_gb\":\"\n\n<p>Supply of spare parts<\\\/p>\",\"content_fr_fr\":\"\n\n<p>fourniture de pi\\u00e8ces de rechange<\\\/p>\",\"link\":\"produkte\\\/ersatzteile\\\/\",\"link_en_gb\":\"\\\/en\\\/products\\\/spare-parts\\\/\",\"link_fr_fr\":\"\\\/fr\\\/produits\\\/pieces-de-rechange\\\/\"}},{\"type\":\"list_item\",\"props\":{\"content\":\"Erneuerung von Schleifringen\",\"content_en_gb\":\"\n\n<p>Replacement of collector rings<\\\/p>\",\"content_fr_fr\":\"\n\n<p>remplacement de bagues collectrices<\\\/p>\"}},{\"type\":\"list_item\",\"props\":{\"content\":\"K\\u00fchler\\u00fcberholung\",\"content_en_gb\":\"\n\n<p>Cooler overhaul<\\\/p>\",\"content_fr_fr\":\"\n\n<p>r\\u00e9vision des refroidisseurs<\\\/p>\"}},{\"type\":\"list_item\",\"props\":{\"content\":\"Eisenverlustmessung\",\"content_en_gb\":\"\n\n<p>Iron loss measurement<\\\/p>\",\"content_fr_fr\":\"\n\n<p>mesure de la perte en fer<\\\/p>\"}},{\"type\":\"list_item\",\"props\":{\"content\":\"Thermografie\",\"content_en_gb\":\"\n\n<p>Thermography<\\\/p>\",\"content_fr_fr\":\"\n\n<p>thermographie<\\\/p>\"}}],\"name\":\"Liste\"}]},{\"type\":\"column\",\"props\":{\"image_position\":\"center-center\",\"position_sticky\":\"column\",\"position_sticky_breakpoint\":\"m\",\"position_sticky_offset\":\"80\",\"width_medium\":\"1-3\"},\"children\":[{\"type\":\"headline\",\"props\":{\"content\":\"Kontakt\",\"content_en_gb\":\"Contact\",\"content_fr_fr\":\"Contact\",\"title_element\":\"h4\"},\"name\":\"Sidebar Headline\"},{\"type\":\"text\",\"props\":{\"column_breakpoint\":\"m\",\"content\":\"\n\n<p><strong>AMServ<\\\/strong><br \\\/>Service f\\u00fcr rotierende<br \\\/>elektrische Maschinen<\\\/p>\",\"content_en_gb\":\"\n\n<p><strong>AMServ<\\\/strong><br \\\/>Service for rotating<br \/> electrical machines<\\\/p>\",\"content_fr_fr\":\"\n\n<p><strong>AMServ<\\\/strong><br \\\/>Service pour machines<br \/>\\u00e9lectriques tournantes<\\\/p>\",\"margin\":\"small\"},\"name\":\"Sidebar Text\"},{\"type\":\"list\",\"props\":{\"class\":\"sidebarContactList\",\"column_breakpoint\":\"m\",\"icon_color\":\"emphasis\",\"icon_width\":\"25\",\"image_align\":\"left\",\"image_svg_color\":\"emphasis\",\"image_svg_inline\":true,\"image_vertical_align\":false,\"image_width\":\"18\",\"list_element\":\"ul\",\"list_horizontal_separator\":\", \",\"list_type\":\"vertical\",\"show_image\":true,\"show_link\":true},\"children\":[{\"type\":\"list_item\",\"props\":{\"content\":\"\n\n<p><a href=\\\"tel:+498000267378\\\" class=\\\"google-event\\\" data-event-action=\\\"telefonnummer_geklickt\\\" data-event-category=\\\"Kontakt\\\" data-event-label=\\\"+498000267378\\\">+49 (0) 8000 267378<br \\\/>+49 (0) 8000 AMSERV<\\\/a><\\\/p>\",\"icon\":\"\",\"image\":\"wp-content\\\/uploads\\\/2024\\\/03\\\/phone.svg\"}},{\"type\":\"list_item\",\"props\":{\"content\":\"\n\n<p><a href=\\\"mailto:info@amserv.de\\\" class=\\\"google-event\\\" data-event-action=\\\"mailadresse_geklickt\\\" data-event-category=\\\"Kontakt\\\" data-event-label=\\\"info@amserv.de\\\">info@amserv.de<\\\/a><\\\/p>\",\"icon\":\"\",\"image\":\"wp-content\\\/uploads\\\/2024\\\/03\\\/envelope.svg\"}}],\"name\":\"Liste-Kontakt2\"}]}]}],\"name\":\"Zweispaltig\"}],\"version\":\"4.5.25\"} --><\/p>\n","protected":false},"excerpt":{"rendered":"<p>Windkraft \u2013 Reparatur, Instandhaltung und Optimierung Die Windenergie leistet einen wesentlichen Anteil an unserer Energieversorgung. AMServ hilft bei Reparatur, Instandhaltung und Optimierung von Windkraftanlagen. Wir von der AMServ liefern den passenden\u00a0Service\u00a0f\u00fcr das breite Spektrum der\u00a0Generatoren\u00a0auf den Windkraftanlagen. Wir bieten unseren Kunden eine termingerechte und kosteneffiziente L\u00f6sung um schnellstm\u00f6gliche Verf\u00fcgbarkeit zu gew\u00e4hrleisten und Ausfallzeiten zu minimieren. [&#8230;]<\/p>\n<p><a class=\"el-content uk-button uk-button-primary uk-margin-remove-bottom excerpt\" href=\"https:\/\/www.amserv.de\/fr\/domaines-d-application\/production-d-energie\/energie-eolienne\/\">Continuer&#8230;<\/a><\/p>\n","protected":false},"author":2,"featured_media":0,"parent":243,"menu_order":0,"comment_status":"closed","ping_status":"closed","template":"","meta":{"footnotes":""},"class_list":["post-359","page","type-page","status-publish","hentry"],"_links":{"self":[{"href":"https:\/\/www.amserv.de\/fr\/wp-json\/wp\/v2\/pages\/359","targetHints":{"allow":["GET"]}}],"collection":[{"href":"https:\/\/www.amserv.de\/fr\/wp-json\/wp\/v2\/pages"}],"about":[{"href":"https:\/\/www.amserv.de\/fr\/wp-json\/wp\/v2\/types\/page"}],"author":[{"embeddable":true,"href":"https:\/\/www.amserv.de\/fr\/wp-json\/wp\/v2\/users\/2"}],"replies":[{"embeddable":true,"href":"https:\/\/www.amserv.de\/fr\/wp-json\/wp\/v2\/comments?post=359"}],"version-history":[{"count":51,"href":"https:\/\/www.amserv.de\/fr\/wp-json\/wp\/v2\/pages\/359\/revisions"}],"predecessor-version":[{"id":3106,"href":"https:\/\/www.amserv.de\/fr\/wp-json\/wp\/v2\/pages\/359\/revisions\/3106"}],"up":[{"embeddable":true,"href":"https:\/\/www.amserv.de\/fr\/wp-json\/wp\/v2\/pages\/243"}],"wp:attachment":[{"href":"https:\/\/www.amserv.de\/fr\/wp-json\/wp\/v2\/media?parent=359"}],"curies":[{"name":"wp","href":"https:\/\/api.w.org\/{rel}","templated":true}]}}