{"id":365,"date":"2024-03-07T22:46:23","date_gmt":"2024-03-07T21:46:23","guid":{"rendered":"https:\/\/www.amserv.de\/?page_id=365"},"modified":"2026-04-14T15:38:52","modified_gmt":"2026-04-14T13:38:52","slug":"chemie-petrochemie","status":"publish","type":"page","link":"https:\/\/www.amserv.de\/fr\/domaines-d-application\/industrie\/chimie-petrochimie\/","title":{"rendered":"Chimie \/ P\u00e9trochimie"},"content":{"rendered":"<h1>Chemie \/ Petrochemie <\/h1>\n<div>\n<p><strong>Als Lieferant und Dienstleister von einigen der gr\u00f6\u00dften Chemie-, Petrochemie- und Raffineriekonzernen Europas sind wir neben der Instandsetzung von Nieder- und Hochspannungsmotoren auch qualifiziert und zugelassen um die Instandsetzung von explosionsgesch\u00fctzten Motoren durchzuf\u00fchren.<\/strong><\/p>\n<\/div>\n<div>\n<p>Um diesen Anforderungen gerecht zu werden, stellen wir unser\u00a0<a href=\"\/unternehmen\/qualitaet\">Qualit\u00e4tsmanagement<\/a>\u00a0in regelm\u00e4\u00dfigen Abst\u00e4nden auf die Probe. Unsere Techniker und Monteure unterst\u00fctzen bei Instandsetzungen im Werk und\u00a0<a href=\"\/service\/vor-ort-service\">vor Ort<\/a><span>\u00a0durch ihr umfangreiches Fachwissen und die f\u00fcr uns obligatorischen Schulungen im Bereich Explosionsschutz.<\/span><\/p>\n<\/div>\n<h4>Unser Service:<\/h4>\n<ul>\n<li>\n<div>\n<p>Instandsetzung von Stellantrieben und <a href=\"\/service\/vor-ort-service\">Motoren<\/a> aller Art<\/p>\n<\/div>\n<\/li>\n<li>\n<div>Montageeins\u00e4tze vor Ort<\/div>\n<\/li>\n<\/ul>\n<h4>Kontakt<\/h4>\n<div>\n<p><strong>AMServ<\/strong><br \/>Service f\u00fcr rotierende<br \/>elektrische Maschinen<\/p>\n<\/div>\n<ul>\n<li>\n<p>        <img decoding=\"async\" src=\"\/wp-content\/uploads\/2024\/03\/phone.svg\" alt=\"\"><\/p>\n<div>\n<p><a href=\"tel:+498000267378\" class=\"google-event\" data-event-action=\"telefonnummer_geklickt\" data-event-category=\"Kontakt\" data-event-label=\"+498000267378\">+49 (0) 8000 267378<br \/>+49 (0) 8000 AMSERV<\/a><\/p>\n<\/div>\n<\/li>\n<li>\n<p>        <img decoding=\"async\" src=\"\/wp-content\/uploads\/2024\/03\/envelope.svg\" alt=\"\"><\/p>\n<div>\n<p><a href=\"mailto:info@amserv.de\" class=\"google-event\" data-event-action=\"mailadresse_geklickt\" data-event-category=\"Kontakt\" data-event-label=\"info@amserv.de\">info@amserv.de<\/a><\/p>\n<\/div>\n<\/li>\n<\/ul>\n<p><!--more--><br \/>\n<!-- {\"type\":\"layout\",\"children\":[{\"type\":\"section\",\"props\":{\"image\":\"wp-content\\\/uploads\\\/2024\\\/03\\\/header_chemie.jpg\",\"image_position\":\"center-center\",\"image_size\":\"cover\",\"padding\":\"xlarge\",\"padding_remove_bottom\":false,\"padding_remove_top\":false,\"style\":\"default\",\"title_breakpoint\":\"xl\",\"title_position\":\"top-left\",\"title_rotation\":\"left\",\"vertical_align\":\"\",\"width\":\"\"},\"children\":[{\"type\":\"row\",\"children\":[{\"type\":\"column\",\"props\":{\"image_position\":\"center-center\",\"position_sticky_breakpoint\":\"m\"}}]}],\"name\":\"Headerbild\"},{\"type\":\"section\",\"props\":{\"image_position\":\"center-center\",\"padding\":\"none\",\"style\":\"muted\",\"title_breakpoint\":\"xl\",\"title_position\":\"top-left\",\"title_rotation\":\"left\",\"vertical_align\":\"\",\"width\":\"default\"},\"children\":[{\"type\":\"row\",\"children\":[{\"type\":\"column\",\"props\":{\"image_position\":\"center-center\",\"position_sticky_breakpoint\":\"m\"},\"children\":[{\"type\":\"breadcrumbs\",\"props\":{\"home_text\":\"Home\",\"show_current\":true,\"show_home\":true}}]}]}],\"name\":\"Breadcrumbs\"},{\"type\":\"section\",\"props\":{\"image_position\":\"center-center\",\"padding\":\"small\",\"padding_remove_bottom\":false,\"style\":\"default\",\"title_breakpoint\":\"xl\",\"title_position\":\"top-left\",\"title_rotation\":\"left\",\"vertical_align\":\"\",\"width\":\"default\"},\"children\":[{\"type\":\"row\",\"props\":{\"layout\":\"2-3,1-3\"},\"children\":[{\"type\":\"column\",\"props\":{\"image_position\":\"center-center\",\"position_sticky_breakpoint\":\"m\",\"width_medium\":\"2-3\"},\"children\":[{\"type\":\"headline\",\"props\":{\"content\":\"Chemie \\\/ Petrochemie \",\"content_en_gb\":\"chemical and petrochemical industry\",\"content_fr_fr\":\"chimie \\\/ p\\u00c9trochimie\",\"title_element\":\"h1\"}},{\"type\":\"text\",\"props\":{\"column_breakpoint\":\"m\",\"content\":\"\n\n<p><strong>Als Lieferant und Dienstleister von einigen der gr\\u00f6\\u00dften Chemie-, Petrochemie- und Raffineriekonzernen Europas sind wir neben der Instandsetzung von Nieder- und Hochspannungsmotoren auch qualifiziert und zugelassen um die Instandsetzung von explosionsgesch\\u00fctzten Motoren durchzuf\\u00fchren.<\\\/strong><\\\/p>\",\"content_en_gb\":\"\n\n<p><strong>As a supplier and service provider to some of the largest chemical, petrochemical and refinery groups in Europe, we are qualified and authorised to carry out maintenance on explosion-proof motors, as well as maintenance on low and high voltage motors.<\\\/strong><\\\/p>\",\"content_fr_fr\":\"\n\n<p><strong>En tant que fournisseur et prestataire de services de certains des plus grands groupes chimiques, p\\u00e9trochimiques et raffineries d'Europe, nous sommes non seulement qualifi\\u00e9s et agr\\u00e9\\u00e9s pour l'entretien de moteurs basse et haute tension, mais \\u00e9galement pour l'entretien de moteurs antid\\u00e9flagrants.<\\\/strong><\\\/p>\",\"margin\":\"default\",\"margin_remove_top\":true}},{\"type\":\"text\",\"props\":{\"column_breakpoint\":\"m\",\"content\":\"\n\n<p>Um diesen Anforderungen gerecht zu werden, stellen wir unser\\u00a0<a href=\\\"\\\/unternehmen\\\/qualitaet\\\">Qualit\\u00e4tsmanagement<\\\/a>\\u00a0in regelm\\u00e4\\u00dfigen Abst\\u00e4nden auf die Probe. Unsere Techniker und Monteure unterst\\u00fctzen bei Instandsetzungen im Werk und\\u00a0<a href=\\\"\\\/service\\\/vor-ort-service\\\">vor Ort<\\\/a><span>\\u00a0durch ihr umfangreiches Fachwissen und die f\\u00fcr uns obligatorischen Schulungen im Bereich Explosionsschutz.<\\\/span><\\\/p>\",\"content_en_gb\":\"\n\n<p>In order to meet these high standards, we put our quality management to the test at regular intervals. Our technicians and fitters provide support in maintenance tasks at our premises and on-site thanks to their extensive specialist knowledge and our mandatory training sessions in the field of explosion protection.<\\\/p>\",\"content_fr_fr\":\"\n\n<p>Nous mettons r\\u00e9guli\\u00e8rement \\u00e0 l'\\u00e9preuve notre gestion de la qualit\\u00e9 afin de satisfaire \\u00e0 ces exigences. Nos techniciens et monteurs apportent leur soutien lors des travaux d'entretiens en usine et sur place, mettant \\u00e0 profit leurs vastes connaissances sp\\u00e9cialis\\u00e9es et les formations obligatoires dans le domaine de la protection contre les explosions.<\\\/p>\",\"margin\":\"default\"}},{\"type\":\"headline\",\"props\":{\"content\":\"Unser Service:\",\"content_en_gb\":\"our services:\",\"content_fr_fr\":\"notre service&nbsp;:\",\"title_element\":\"h4\"}},{\"type\":\"list\",\"props\":{\"column_breakpoint\":\"s\",\"image_align\":\"left\",\"image_svg_color\":\"emphasis\",\"image_vertical_align\":true,\"list_element\":\"ul\",\"list_horizontal_separator\":\", \",\"list_marker\":\"disc\",\"list_marker_color\":\"emphasis\",\"list_type\":\"vertical\",\"show_image\":false,\"show_link\":false},\"children\":[{\"type\":\"list_item\",\"props\":{\"content\":\"\n\n<p>Instandsetzung von Stellantrieben und <a href=\\\"\\\/service\\\/vor-ort-service\\\">Motoren<\\\/a> aller Art<\\\/p>\",\"content_en_gb\":\"\n\n<p>Maintenance of all kinds of actuators and motors<\\\/p>\",\"content_fr_fr\":\"\n\n<p>entretien d'actionneurs et moteurs en tout genre<\\\/p>\"}},{\"type\":\"list_item\",\"props\":{\"content\":\"Montageeins\\u00e4tze vor Ort\",\"content_en_gb\":\"\n\n<p>On-site assembly project<\\\/p>\",\"content_fr_fr\":\"\n\n<p>montages sur place<\\\/p>\"}}],\"name\":\"Liste\"}]},{\"type\":\"column\",\"props\":{\"image_position\":\"center-center\",\"position_sticky\":\"column\",\"position_sticky_breakpoint\":\"m\",\"position_sticky_offset\":\"80\",\"width_medium\":\"1-3\"},\"children\":[{\"type\":\"headline\",\"props\":{\"content\":\"Kontakt\",\"content_en_gb\":\"Contact\",\"content_fr_fr\":\"Contact\",\"title_element\":\"h4\"},\"name\":\"Sidebar Headline\"},{\"type\":\"text\",\"props\":{\"column_breakpoint\":\"m\",\"content\":\"\n\n<p><strong>AMServ<\\\/strong><br \\\/>Service f\\u00fcr rotierende<br \\\/>elektrische Maschinen<\\\/p>\",\"content_en_gb\":\"\n\n<p><strong>AMServ<\\\/strong><br \\\/>Service for rotating<br \/> electrical machines<\\\/p>\",\"content_fr_fr\":\"\n\n<p><strong>AMServ<\\\/strong><br \\\/>Service pour machines<br \/>\\u00e9lectriques tournantes<\\\/p>\",\"margin\":\"small\"},\"name\":\"Sidebar Text\"},{\"type\":\"list\",\"props\":{\"class\":\"sidebarContactList\",\"column_breakpoint\":\"m\",\"icon_color\":\"emphasis\",\"icon_width\":\"25\",\"image_align\":\"left\",\"image_svg_color\":\"emphasis\",\"image_svg_inline\":true,\"image_vertical_align\":false,\"image_width\":\"18\",\"list_element\":\"ul\",\"list_horizontal_separator\":\", \",\"list_type\":\"vertical\",\"show_image\":true,\"show_link\":true},\"children\":[{\"type\":\"list_item\",\"props\":{\"content\":\"\n\n<p><a href=\\\"tel:+498000267378\\\" class=\\\"google-event\\\" data-event-action=\\\"telefonnummer_geklickt\\\" data-event-category=\\\"Kontakt\\\" data-event-label=\\\"+498000267378\\\">+49 (0) 8000 267378<br \\\/>+49 (0) 8000 AMSERV<\\\/a><\\\/p>\",\"icon\":\"\",\"image\":\"wp-content\\\/uploads\\\/2024\\\/03\\\/phone.svg\"}},{\"type\":\"list_item\",\"props\":{\"content\":\"\n\n<p><a href=\\\"mailto:info@amserv.de\\\" class=\\\"google-event\\\" data-event-action=\\\"mailadresse_geklickt\\\" data-event-category=\\\"Kontakt\\\" data-event-label=\\\"info@amserv.de\\\">info@amserv.de<\\\/a><\\\/p>\",\"icon\":\"\",\"image\":\"wp-content\\\/uploads\\\/2024\\\/03\\\/envelope.svg\"}}],\"name\":\"Liste-Kontakt2\"}]}]}],\"name\":\"Zweispaltig\"}],\"version\":\"4.5.25\"} --><\/p>\n","protected":false},"excerpt":{"rendered":"<p>Chemie \/ Petrochemie Als Lieferant und Dienstleister von einigen der gr\u00f6\u00dften Chemie-, Petrochemie- und Raffineriekonzernen Europas sind wir neben der Instandsetzung von Nieder- und Hochspannungsmotoren auch qualifiziert und zugelassen um die Instandsetzung von explosionsgesch\u00fctzten Motoren durchzuf\u00fchren. Um diesen Anforderungen gerecht zu werden, stellen wir unser\u00a0Qualit\u00e4tsmanagement\u00a0in regelm\u00e4\u00dfigen Abst\u00e4nden auf die Probe. Unsere Techniker und Monteure unterst\u00fctzen [&#8230;]<\/p>\n<p><a class=\"el-content uk-button uk-button-primary uk-margin-remove-bottom excerpt\" href=\"https:\/\/www.amserv.de\/fr\/domaines-d-application\/industrie\/chimie-petrochimie\/\">Continuer&#8230;<\/a><\/p>\n","protected":false},"author":2,"featured_media":0,"parent":349,"menu_order":0,"comment_status":"closed","ping_status":"closed","template":"","meta":{"footnotes":""},"class_list":["post-365","page","type-page","status-publish","hentry"],"_links":{"self":[{"href":"https:\/\/www.amserv.de\/fr\/wp-json\/wp\/v2\/pages\/365","targetHints":{"allow":["GET"]}}],"collection":[{"href":"https:\/\/www.amserv.de\/fr\/wp-json\/wp\/v2\/pages"}],"about":[{"href":"https:\/\/www.amserv.de\/fr\/wp-json\/wp\/v2\/types\/page"}],"author":[{"embeddable":true,"href":"https:\/\/www.amserv.de\/fr\/wp-json\/wp\/v2\/users\/2"}],"replies":[{"embeddable":true,"href":"https:\/\/www.amserv.de\/fr\/wp-json\/wp\/v2\/comments?post=365"}],"version-history":[{"count":18,"href":"https:\/\/www.amserv.de\/fr\/wp-json\/wp\/v2\/pages\/365\/revisions"}],"predecessor-version":[{"id":3111,"href":"https:\/\/www.amserv.de\/fr\/wp-json\/wp\/v2\/pages\/365\/revisions\/3111"}],"up":[{"embeddable":true,"href":"https:\/\/www.amserv.de\/fr\/wp-json\/wp\/v2\/pages\/349"}],"wp:attachment":[{"href":"https:\/\/www.amserv.de\/fr\/wp-json\/wp\/v2\/media?parent=365"}],"curies":[{"name":"wp","href":"https:\/\/api.w.org\/{rel}","templated":true}]}}