{"id":367,"date":"2024-03-07T22:46:41","date_gmt":"2024-03-07T21:46:41","guid":{"rendered":"https:\/\/www.amserv.de\/?page_id=367"},"modified":"2026-04-14T15:46:32","modified_gmt":"2026-04-14T13:46:32","slug":"papier-druck","status":"publish","type":"page","link":"https:\/\/www.amserv.de\/fr\/domaines-d-application\/industrie\/papetiere-et-imprimerie\/","title":{"rendered":"Papeti\u00e8re et imprimerie"},"content":{"rendered":"<h1>Papierindustrie &amp; Druckindustrie <\/h1>\n<div>\n<p><strong>Eine ganz besondere Branche f\u00fcr die wir t\u00e4tig sind, ist die Papier- und Druckindustrie.<\/strong><\/p>\n<\/div>\n<div>\n<p>Um Papier oder papier\u00e4hnliche Produkte herstellen und sp\u00e4ter bedrucken zu k\u00f6nnen, werden vom Servomotor bis hin zum Hochspannungsmotor alle Arten von\u00a0<a href=\"\/service\">Motoren<\/a>\u00a0ben\u00f6tigt. F\u00fcr all diese Antriebe stehen wir mit unseren Spezialisten zur Verf\u00fcgung und sorgen f\u00fcr einen reibungslosen Durchlauf des Papieres.<\/p>\n<\/div>\n<h4>Unser Service:<\/h4>\n<ul>\n<li>\n<div>\n<p><a href=\"\/service\/vor-ort-service\">Serviceeins\u00e4tze vor Ort<\/a> an Antrieben aller Art<\/p>\n<\/div>\n<\/li>\n<li>\n<div>De- und Remontagen vor Ort<\/div>\n<\/li>\n<li>\n<div>Werksrevisionen von s\u00e4mtlichen Nieder- und Hochspannungsantrieben<\/div>\n<\/li>\n<li>\n<div><a href=\"\/service\/messtechnik-diagnose-motoren-generatoren\">Messtechnische \u00dcberpr\u00fcfung<\/a> von s\u00e4mtlichen Antrieben<\/div>\n<\/li>\n<\/ul>\n<h4>Kontakt<\/h4>\n<div>\n<p><strong>AMServ<\/strong><br \/>Service f\u00fcr rotierende<br \/>elektrische Maschinen<\/p>\n<\/div>\n<ul>\n<li>\n<p>        <img decoding=\"async\" src=\"\/wp-content\/uploads\/2024\/03\/phone.svg\" alt=\"\"><\/p>\n<div>\n<p><a href=\"tel:+498000267378\" class=\"google-event\" data-event-action=\"telefonnummer_geklickt\" data-event-category=\"Kontakt\" data-event-label=\"+498000267378\">+49 (0) 8000 267378<br \/>+49 (0) 8000 AMSERV<\/a><\/p>\n<\/div>\n<\/li>\n<li>\n<p>        <img decoding=\"async\" src=\"\/wp-content\/uploads\/2024\/03\/envelope.svg\" alt=\"\"><\/p>\n<div>\n<p><a href=\"mailto:info@amserv.de\" class=\"google-event\" data-event-action=\"mailadresse_geklickt\" data-event-category=\"Kontakt\" data-event-label=\"info@amserv.de\">info@amserv.de<\/a><\/p>\n<\/div>\n<\/li>\n<\/ul>\n<p><!--more--><br \/>\n<!-- {\"type\":\"layout\",\"children\":[{\"type\":\"section\",\"props\":{\"image\":\"wp-content\\\/uploads\\\/2024\\\/03\\\/papier.jpg\",\"image_position\":\"center-center\",\"image_size\":\"cover\",\"padding\":\"xlarge\",\"padding_remove_bottom\":false,\"padding_remove_top\":false,\"style\":\"default\",\"title_breakpoint\":\"xl\",\"title_position\":\"top-left\",\"title_rotation\":\"left\",\"vertical_align\":\"\",\"width\":\"\"},\"children\":[{\"type\":\"row\",\"children\":[{\"type\":\"column\",\"props\":{\"image_position\":\"center-center\",\"position_sticky_breakpoint\":\"m\"}}]}],\"name\":\"Headerbild\"},{\"type\":\"section\",\"props\":{\"image_position\":\"center-center\",\"padding\":\"none\",\"style\":\"muted\",\"title_breakpoint\":\"xl\",\"title_position\":\"top-left\",\"title_rotation\":\"left\",\"vertical_align\":\"\",\"width\":\"default\"},\"children\":[{\"type\":\"row\",\"children\":[{\"type\":\"column\",\"props\":{\"image_position\":\"center-center\",\"position_sticky_breakpoint\":\"m\"},\"children\":[{\"type\":\"breadcrumbs\",\"props\":{\"home_text\":\"Home\",\"show_current\":true,\"show_home\":true}}]}]}],\"name\":\"Breadcrumbs\"},{\"type\":\"section\",\"props\":{\"image_position\":\"center-center\",\"padding\":\"small\",\"padding_remove_bottom\":false,\"style\":\"default\",\"title_breakpoint\":\"xl\",\"title_position\":\"top-left\",\"title_rotation\":\"left\",\"vertical_align\":\"\",\"width\":\"default\"},\"children\":[{\"type\":\"row\",\"props\":{\"layout\":\"2-3,1-3\"},\"children\":[{\"type\":\"column\",\"props\":{\"image_position\":\"center-center\",\"position_sticky_breakpoint\":\"m\",\"width_medium\":\"2-3\"},\"children\":[{\"type\":\"headline\",\"props\":{\"content\":\"Papierindustrie &amp; Druckindustrie \",\"content_en_gb\":\"paper industry &amp; printing\",\"content_fr_fr\":\"industrie papeti\\u00c8re et imprimerie\",\"title_element\":\"h1\"}},{\"type\":\"text\",\"props\":{\"column_breakpoint\":\"m\",\"content\":\"\n\n<p><strong>Eine ganz besondere Branche f\\u00fcr die wir t\\u00e4tig sind, ist die Papier- und Druckindustrie.<\\\/strong><\\\/p>\",\"content_en_gb\":\"\n\n<p><strong>One unique sector that we work for is the paper and printing industry.<\\\/strong><\\\/p>\",\"content_fr_fr\":\"\n\n<p><strong>L'industrie du papier et de l'imprimerie est une branche tr\\u00e8s particuli\\u00e8re pour laquelle nous travaillons.<\\\/strong><\\\/p>\",\"margin\":\"default\",\"margin_remove_top\":true}},{\"type\":\"text\",\"props\":{\"column_breakpoint\":\"m\",\"content\":\"\n\n<p>Um Papier oder papier\\u00e4hnliche Produkte herstellen und sp\\u00e4ter bedrucken zu k\\u00f6nnen, werden vom Servomotor bis hin zum Hochspannungsmotor alle Arten von\\u00a0<a href=\\\"\\\/service\\\">Motoren<\\\/a>\\u00a0ben\\u00f6tigt. F\\u00fcr all diese Antriebe stehen wir mit unseren Spezialisten zur Verf\\u00fcgung und sorgen f\\u00fcr einen reibungslosen Durchlauf des Papieres.<\\\/p>\",\"content_en_gb\":\"\n\n<p>In order to produce paper or similar products and be able to print on these at a later stage, all kinds of motors, from servomotors up to high-voltage motors, are required. Our specialists are available to provide support with these drives and ensure that paper production runs smoothly.<\\\/p>\",\"content_fr_fr\":\"\n\n<p>Pour pouvoir fabriquer du papier ou des produits similaires et les imprimer plus tard, il faut des moteurs en tout genre, des servomoteurs aux moteurs haute tension. Nous sommes \\u00e0 disposition avec nos sp\\u00e9cialistes pour tous ces entra\\u00eenements et pour garantir une production sans faille du papier.<\\\/p>\",\"margin\":\"default\"}},{\"type\":\"headline\",\"props\":{\"content\":\"Unser Service:\",\"content_en_gb\":\"our services:\",\"content_fr_fr\":\"notre service&nbsp;:\",\"title_element\":\"h4\"}},{\"type\":\"list\",\"props\":{\"column_breakpoint\":\"s\",\"image_align\":\"left\",\"image_svg_color\":\"emphasis\",\"image_vertical_align\":true,\"list_element\":\"ul\",\"list_horizontal_separator\":\", \",\"list_marker\":\"disc\",\"list_marker_color\":\"emphasis\",\"list_type\":\"vertical\",\"show_image\":false,\"show_link\":true},\"children\":[{\"type\":\"list_item\",\"props\":{\"content\":\"\n\n<p><a href=\\\"\\\/service\\\/vor-ort-service\\\">Serviceeins\\u00e4tze vor Ort<\\\/a> an Antrieben aller Art<\\\/p>\",\"content_en_gb\":\"\n\n<p>On-site service activities for all kinds of drive<\\\/p>\",\"content_fr_fr\":\"\n\n<p>interventions de maintenance sur place pour les entra\\u00eenements en tout genre<\\\/p>\"}},{\"type\":\"list_item\",\"props\":{\"content\":\"De- und Remontagen vor Ort\",\"content_en_gb\":\"\n\n<p>On-site disassembly and reassembly<\\\/p>\",\"content_fr_fr\":\"\n\n<p>d\\u00e9montages et remontages sur place<\\\/p>\"}},{\"type\":\"list_item\",\"props\":{\"content\":\"Werksrevisionen von s\\u00e4mtlichen Nieder- und Hochspannungsantrieben\",\"content_en_gb\":\"\n\n<p>Overhauls of all low and high voltage drives<\\\/p>\",\"content_fr_fr\":\"\n\n<p>r\\u00e9visions en atelier de tous les entra\\u00eenements basse et haute tension<\\\/p>\"}},{\"type\":\"list_item\",\"props\":{\"content\":\"<a href=\\\"\\\/service\\\/messtechnik-diagnose-motoren-generatoren\\\">Messtechnische \\u00dcberpr\\u00fcfung<\\\/a> von s\\u00e4mtlichen Antrieben\",\"content_en_gb\":\"\n\n<p>Technical measurement inspections of all drives<\\\/p>\",\"content_fr_fr\":\"\n\n<p>contr\\u00f4le m\\u00e9trologique de tous les entra\\u00eenements<\\\/p>\"}}],\"name\":\"Liste\"}]},{\"type\":\"column\",\"props\":{\"image_position\":\"center-center\",\"position_sticky\":\"column\",\"position_sticky_breakpoint\":\"m\",\"position_sticky_offset\":\"80\",\"width_medium\":\"1-3\"},\"children\":[{\"type\":\"headline\",\"props\":{\"content\":\"Kontakt\",\"content_en_gb\":\"Contact\",\"content_fr_fr\":\"Contact\",\"title_element\":\"h4\"},\"name\":\"Sidebar Headline\"},{\"type\":\"text\",\"props\":{\"column_breakpoint\":\"m\",\"content\":\"\n\n<p><strong>AMServ<\\\/strong><br \\\/>Service f\\u00fcr rotierende<br \\\/>elektrische Maschinen<\\\/p>\",\"content_en_gb\":\"\n\n<p><strong>AMServ<\\\/strong><br \\\/>Service for rotating<br \/> electrical machines<\\\/p>\",\"content_fr_fr\":\"\n\n<p><strong>AMServ<\\\/strong><br \\\/>Service pour machines<br \/>\\u00e9lectriques tournantes<\\\/p>\",\"margin\":\"small\"},\"name\":\"Sidebar Text\"},{\"type\":\"list\",\"props\":{\"class\":\"sidebarContactList\",\"column_breakpoint\":\"m\",\"icon_color\":\"emphasis\",\"icon_width\":\"25\",\"image_align\":\"left\",\"image_svg_color\":\"emphasis\",\"image_svg_inline\":true,\"image_vertical_align\":false,\"image_width\":\"18\",\"list_element\":\"ul\",\"list_horizontal_separator\":\", \",\"list_type\":\"vertical\",\"show_image\":true,\"show_link\":true},\"children\":[{\"type\":\"list_item\",\"props\":{\"content\":\"\n\n<p><a href=\\\"tel:+498000267378\\\" class=\\\"google-event\\\" data-event-action=\\\"telefonnummer_geklickt\\\" data-event-category=\\\"Kontakt\\\" data-event-label=\\\"+498000267378\\\">+49 (0) 8000 267378<br \\\/>+49 (0) 8000 AMSERV<\\\/a><\\\/p>\",\"icon\":\"\",\"image\":\"wp-content\\\/uploads\\\/2024\\\/03\\\/phone.svg\"}},{\"type\":\"list_item\",\"props\":{\"content\":\"\n\n<p><a href=\\\"mailto:info@amserv.de\\\" class=\\\"google-event\\\" data-event-action=\\\"mailadresse_geklickt\\\" data-event-category=\\\"Kontakt\\\" data-event-label=\\\"info@amserv.de\\\">info@amserv.de<\\\/a><\\\/p>\",\"icon\":\"\",\"image\":\"wp-content\\\/uploads\\\/2024\\\/03\\\/envelope.svg\"}}],\"name\":\"Liste-Kontakt2\"}]}]}],\"name\":\"Zweispaltig\"}],\"version\":\"4.5.25\"} --><\/p>\n","protected":false},"excerpt":{"rendered":"<p>Papierindustrie &amp; Druckindustrie Eine ganz besondere Branche f\u00fcr die wir t\u00e4tig sind, ist die Papier- und Druckindustrie. Um Papier oder papier\u00e4hnliche Produkte herstellen und sp\u00e4ter bedrucken zu k\u00f6nnen, werden vom Servomotor bis hin zum Hochspannungsmotor alle Arten von\u00a0Motoren\u00a0ben\u00f6tigt. F\u00fcr all diese Antriebe stehen wir mit unseren Spezialisten zur Verf\u00fcgung und sorgen f\u00fcr einen reibungslosen Durchlauf [&#8230;]<\/p>\n<p><a class=\"el-content uk-button uk-button-primary uk-margin-remove-bottom excerpt\" href=\"https:\/\/www.amserv.de\/fr\/domaines-d-application\/industrie\/papetiere-et-imprimerie\/\">Continuer&#8230;<\/a><\/p>\n","protected":false},"author":2,"featured_media":0,"parent":349,"menu_order":0,"comment_status":"closed","ping_status":"closed","template":"","meta":{"footnotes":""},"class_list":["post-367","page","type-page","status-publish","hentry"],"_links":{"self":[{"href":"https:\/\/www.amserv.de\/fr\/wp-json\/wp\/v2\/pages\/367","targetHints":{"allow":["GET"]}}],"collection":[{"href":"https:\/\/www.amserv.de\/fr\/wp-json\/wp\/v2\/pages"}],"about":[{"href":"https:\/\/www.amserv.de\/fr\/wp-json\/wp\/v2\/types\/page"}],"author":[{"embeddable":true,"href":"https:\/\/www.amserv.de\/fr\/wp-json\/wp\/v2\/users\/2"}],"replies":[{"embeddable":true,"href":"https:\/\/www.amserv.de\/fr\/wp-json\/wp\/v2\/comments?post=367"}],"version-history":[{"count":26,"href":"https:\/\/www.amserv.de\/fr\/wp-json\/wp\/v2\/pages\/367\/revisions"}],"predecessor-version":[{"id":3112,"href":"https:\/\/www.amserv.de\/fr\/wp-json\/wp\/v2\/pages\/367\/revisions\/3112"}],"up":[{"embeddable":true,"href":"https:\/\/www.amserv.de\/fr\/wp-json\/wp\/v2\/pages\/349"}],"wp:attachment":[{"href":"https:\/\/www.amserv.de\/fr\/wp-json\/wp\/v2\/media?parent=367"}],"curies":[{"name":"wp","href":"https:\/\/api.w.org\/{rel}","templated":true}]}}