{"id":371,"date":"2024-03-07T22:47:19","date_gmt":"2024-03-07T21:47:19","guid":{"rendered":"https:\/\/www.amserv.de\/?page_id=371"},"modified":"2026-04-14T15:50:02","modified_gmt":"2026-04-14T13:50:02","slug":"zement","status":"publish","type":"page","link":"https:\/\/www.amserv.de\/fr\/domaines-d-application\/industrie\/ciment\/","title":{"rendered":"Ciment"},"content":{"rendered":"<h1>Zementindustrie <\/h1>\n<div>\n<p><strong>Egal ob Monumental-, Br\u00fccken-, Tunnel- oder Hausbau, den meisten Bauvorhaben liegt als eines der wichtigsten Materialien Zement zu Grunde.<\/strong><\/p>\n<\/div>\n<div>\n<p>Bei der Herstellung von Zement werden f\u00fcr die unterschiedlichsten Vorg\u00e4nge Motoren ben\u00f6tigt. Durch unsere jahrzehntelange Erfahrung in diesem Bereich stehen wir vielen Zementherstellern mit Rat und Tat zur Seite.<\/p>\n<p>Wir k\u00fcmmern uns, dass sich die Antriebsmaschinen von Drehofen, M\u00fchle und Co. durch Wartung und Reparatur weiterdrehen.<\/p>\n<\/div>\n<h4>Unser Service:<\/h4>\n<ul>\n<li>\n<div>Unterst\u00fctzung bei Abstellungen<\/div>\n<\/li>\n<li>\n<div>Revisionsarbeiten an Zementm\u00fchlenantrieben<\/div>\n<\/li>\n<li>\n<div>Werks\u00fcberholung von <a href=\"\/service\/\">Motoren aller Art<\/a><\/div>\n<\/li>\n<\/ul>\n<h4>Kontakt<\/h4>\n<div>\n<p><strong>AMServ<\/strong><br \/>Service f\u00fcr rotierende<br \/>elektrische Maschinen<\/p>\n<\/div>\n<ul>\n<li>\n<p>        <img decoding=\"async\" src=\"\/wp-content\/uploads\/2024\/03\/phone.svg\" alt=\"\"><\/p>\n<div>\n<p><a href=\"tel:+498000267378\" class=\"google-event\" data-event-action=\"telefonnummer_geklickt\" data-event-category=\"Kontakt\" data-event-label=\"+498000267378\">+49 (0) 8000 267378<br \/>+49 (0) 8000 AMSERV<\/a><\/p>\n<\/div>\n<\/li>\n<li>\n<p>        <img decoding=\"async\" src=\"\/wp-content\/uploads\/2024\/03\/envelope.svg\" alt=\"\"><\/p>\n<div>\n<p><a href=\"mailto:info@amserv.de\" class=\"google-event\" data-event-action=\"mailadresse_geklickt\" data-event-category=\"Kontakt\" data-event-label=\"info@amserv.de\">info@amserv.de<\/a><\/p>\n<\/div>\n<\/li>\n<\/ul>\n<p><!--more--><br \/>\n<!-- {\"type\":\"layout\",\"children\":[{\"type\":\"section\",\"props\":{\"image\":\"wp-content\\\/uploads\\\/2024\\\/03\\\/zement.jpg\",\"image_position\":\"center-center\",\"image_size\":\"cover\",\"padding\":\"xlarge\",\"padding_remove_bottom\":false,\"padding_remove_top\":false,\"style\":\"default\",\"title_breakpoint\":\"xl\",\"title_position\":\"top-left\",\"title_rotation\":\"left\",\"vertical_align\":\"\",\"width\":\"\"},\"children\":[{\"type\":\"row\",\"children\":[{\"type\":\"column\",\"props\":{\"image_position\":\"center-center\",\"position_sticky_breakpoint\":\"m\"}}]}],\"name\":\"Headerbild\"},{\"type\":\"section\",\"props\":{\"image_position\":\"center-center\",\"padding\":\"none\",\"style\":\"muted\",\"title_breakpoint\":\"xl\",\"title_position\":\"top-left\",\"title_rotation\":\"left\",\"vertical_align\":\"\",\"width\":\"default\"},\"children\":[{\"type\":\"row\",\"children\":[{\"type\":\"column\",\"props\":{\"image_position\":\"center-center\",\"position_sticky_breakpoint\":\"m\"},\"children\":[{\"type\":\"breadcrumbs\",\"props\":{\"home_text\":\"Home\",\"show_current\":true,\"show_home\":true}}]}]}],\"name\":\"Breadcrumbs\"},{\"type\":\"section\",\"props\":{\"image_position\":\"center-center\",\"padding\":\"small\",\"padding_remove_bottom\":false,\"style\":\"default\",\"title_breakpoint\":\"xl\",\"title_position\":\"top-left\",\"title_rotation\":\"left\",\"vertical_align\":\"\",\"width\":\"default\"},\"children\":[{\"type\":\"row\",\"props\":{\"layout\":\"2-3,1-3\"},\"children\":[{\"type\":\"column\",\"props\":{\"image_position\":\"center-center\",\"position_sticky_breakpoint\":\"m\",\"width_medium\":\"2-3\"},\"children\":[{\"type\":\"headline\",\"props\":{\"content\":\"Zementindustrie \",\"content_en_gb\":\"cement industry\",\"content_fr_fr\":\"industrie du ciment\",\"title_element\":\"h1\"}},{\"type\":\"text\",\"props\":{\"column_breakpoint\":\"m\",\"content\":\"\n\n<p><strong>Egal ob Monumental-, Br\\u00fccken-, Tunnel- oder Hausbau, den meisten Bauvorhaben liegt als eines der wichtigsten Materialien Zement zu Grunde.<\\\/strong><\\\/p>\",\"content_en_gb\":\"\n\n<p><strong>Whether you are working with monumental, bridge, tunnel or house construction, one of the most important materials in all building projects is cement.<\\\/strong><\\\/p>\",\"content_fr_fr\":\"\n\n<p><strong>Qu'il s'agisse de constructions monumentales, de constructions de ponts, de tunnels ou de maisons, la plupart des projets de construction sont bas\\u00e9s sur le ciment comme l'un des mat\\u00e9riaux les plus importants.<\\\/strong><\\\/p>\",\"margin\":\"default\",\"margin_remove_top\":true}},{\"type\":\"text\",\"props\":{\"column_breakpoint\":\"m\",\"content\":\"\n\n<p>Bei der Herstellung von Zement werden f\\u00fcr die unterschiedlichsten Vorg\\u00e4nge Motoren ben\\u00f6tigt. Durch unsere jahrzehntelange Erfahrung in diesem Bereich stehen wir vielen Zementherstellern mit Rat und Tat zur Seite.<\\\/p>\\n\n\n<p>Wir k\\u00fcmmern uns, dass sich die Antriebsmaschinen von Drehofen, M\\u00fchle und Co. durch Wartung und Reparatur weiterdrehen.<\\\/p>\",\"content_en_gb\":\"\n\n<p>Motors are required for a broad range of processes in cement production. Thanks to our decades of experience in this field, we are able to provide comprehensive support to many cement manufacturers.<\\\/p>\\n\n\n<p>We ensure that the drive machines of rotary furnaces, mills, etc. continue to work thanks to maintenance and repairs.<\\\/p>\",\"content_fr_fr\":\"\n\n<p>Les moteurs sont n\\u00e9cessaires pour une grande vari\\u00e9t\\u00e9 de processus lors de la production du ciment. Gr\\u00e2ce \\u00e0 notre exp\\u00e9rience de plusieurs d\\u00e9cennies dans ce domaine, nous sommes en mesure de fournir tout l'appui possible \\u00e0 de nombreux producteurs de ciment.<\\\/p>\\n\n\n<p>Nous veillons \\u00e0 ce que les machines motrices des fours rotatifs, broyeurs, etc. continuent \\u00e0 tourner pendant la maintenance et la r\\u00e9paration.<\\\/p>\",\"margin\":\"default\"}},{\"type\":\"headline\",\"props\":{\"content\":\"Unser Service:\",\"content_en_gb\":\"our services:\",\"content_fr_fr\":\"notre service&nbsp;:\",\"title_element\":\"h4\"}},{\"type\":\"list\",\"props\":{\"column_breakpoint\":\"s\",\"image_align\":\"left\",\"image_svg_color\":\"emphasis\",\"image_vertical_align\":true,\"list_element\":\"ul\",\"list_horizontal_separator\":\", \",\"list_marker\":\"disc\",\"list_marker_color\":\"emphasis\",\"list_type\":\"vertical\",\"show_image\":false,\"show_link\":true},\"children\":[{\"type\":\"list_item\",\"props\":{\"content\":\"Unterst\\u00fctzung bei Abstellungen\",\"content_en_gb\":\"\n\n<p>Support with shutdown<\\\/p>\",\"content_fr_fr\":\"\n\n<p>assistance lors des arr\\u00eats d'exploitation<\\\/p>\"}},{\"type\":\"list_item\",\"props\":{\"content\":\"Revisionsarbeiten an Zementm\\u00fchlenantrieben\",\"content_en_gb\":\"\n\n<p>Inspection work for cement mill drives<\\\/p>\",\"content_fr_fr\":\"\n\n<p>travaux de r\\u00e9vision sur les entra\\u00eenements de broyeurs de ciment<\\\/p>\"}},{\"type\":\"list_item\",\"props\":{\"content\":\"Werks\\u00fcberholung von <a href=\\\"\\\/service\\\/\\\">Motoren aller Art<\\\/a>\",\"content_en_gb\":\"\n\n<p>Factory overhauls for all kinds of motor<\\\/p>\",\"content_fr_fr\":\"\n\n<p>r\\u00e9vision en atelier de moteurs en tout genre<\\\/p>\"}}],\"name\":\"Liste\"}]},{\"type\":\"column\",\"props\":{\"image_position\":\"center-center\",\"position_sticky\":\"column\",\"position_sticky_breakpoint\":\"m\",\"position_sticky_offset\":\"80\",\"width_medium\":\"1-3\"},\"children\":[{\"type\":\"headline\",\"props\":{\"content\":\"Kontakt\",\"content_en_gb\":\"Contact\",\"content_fr_fr\":\"Contact\",\"title_element\":\"h4\"},\"name\":\"Sidebar Headline\"},{\"type\":\"text\",\"props\":{\"column_breakpoint\":\"m\",\"content\":\"\n\n<p><strong>AMServ<\\\/strong><br \\\/>Service f\\u00fcr rotierende<br \\\/>elektrische Maschinen<\\\/p>\",\"content_en_gb\":\"\n\n<p><strong>AMServ<\\\/strong><br \\\/>Service for rotating<br \/> electrical machines<\\\/p>\",\"content_fr_fr\":\"\n\n<p><strong>AMServ<\\\/strong><br \\\/>Service pour machines<br \/>\\u00e9lectriques tournantes<\\\/p>\",\"margin\":\"small\"},\"name\":\"Sidebar Text\"},{\"type\":\"list\",\"props\":{\"class\":\"sidebarContactList\",\"column_breakpoint\":\"m\",\"icon_color\":\"emphasis\",\"icon_width\":\"25\",\"image_align\":\"left\",\"image_svg_color\":\"emphasis\",\"image_svg_inline\":true,\"image_vertical_align\":false,\"image_width\":\"18\",\"list_element\":\"ul\",\"list_horizontal_separator\":\", \",\"list_type\":\"vertical\",\"show_image\":true,\"show_link\":true},\"children\":[{\"type\":\"list_item\",\"props\":{\"content\":\"\n\n<p><a href=\\\"tel:+498000267378\\\" class=\\\"google-event\\\" data-event-action=\\\"telefonnummer_geklickt\\\" data-event-category=\\\"Kontakt\\\" data-event-label=\\\"+498000267378\\\">+49 (0) 8000 267378<br \\\/>+49 (0) 8000 AMSERV<\\\/a><\\\/p>\",\"icon\":\"\",\"image\":\"wp-content\\\/uploads\\\/2024\\\/03\\\/phone.svg\"}},{\"type\":\"list_item\",\"props\":{\"content\":\"\n\n<p><a href=\\\"mailto:info@amserv.de\\\" class=\\\"google-event\\\" data-event-action=\\\"mailadresse_geklickt\\\" data-event-category=\\\"Kontakt\\\" data-event-label=\\\"info@amserv.de\\\">info@amserv.de<\\\/a><\\\/p>\",\"icon\":\"\",\"image\":\"wp-content\\\/uploads\\\/2024\\\/03\\\/envelope.svg\"}}],\"name\":\"Liste-Kontakt2\"}]}]}],\"name\":\"Zweispaltig\"}],\"version\":\"4.5.25\"} --><\/p>\n","protected":false},"excerpt":{"rendered":"<p>Zementindustrie Egal ob Monumental-, Br\u00fccken-, Tunnel- oder Hausbau, den meisten Bauvorhaben liegt als eines der wichtigsten Materialien Zement zu Grunde. Bei der Herstellung von Zement werden f\u00fcr die unterschiedlichsten Vorg\u00e4nge Motoren ben\u00f6tigt. Durch unsere jahrzehntelange Erfahrung in diesem Bereich stehen wir vielen Zementherstellern mit Rat und Tat zur Seite. Wir k\u00fcmmern uns, dass sich die [&#8230;]<\/p>\n<p><a class=\"el-content uk-button uk-button-primary uk-margin-remove-bottom excerpt\" href=\"https:\/\/www.amserv.de\/fr\/domaines-d-application\/industrie\/ciment\/\">Continuer&#8230;<\/a><\/p>\n","protected":false},"author":2,"featured_media":0,"parent":349,"menu_order":0,"comment_status":"closed","ping_status":"closed","template":"","meta":{"footnotes":""},"class_list":["post-371","page","type-page","status-publish","hentry"],"_links":{"self":[{"href":"https:\/\/www.amserv.de\/fr\/wp-json\/wp\/v2\/pages\/371","targetHints":{"allow":["GET"]}}],"collection":[{"href":"https:\/\/www.amserv.de\/fr\/wp-json\/wp\/v2\/pages"}],"about":[{"href":"https:\/\/www.amserv.de\/fr\/wp-json\/wp\/v2\/types\/page"}],"author":[{"embeddable":true,"href":"https:\/\/www.amserv.de\/fr\/wp-json\/wp\/v2\/users\/2"}],"replies":[{"embeddable":true,"href":"https:\/\/www.amserv.de\/fr\/wp-json\/wp\/v2\/comments?post=371"}],"version-history":[{"count":21,"href":"https:\/\/www.amserv.de\/fr\/wp-json\/wp\/v2\/pages\/371\/revisions"}],"predecessor-version":[{"id":3114,"href":"https:\/\/www.amserv.de\/fr\/wp-json\/wp\/v2\/pages\/371\/revisions\/3114"}],"up":[{"embeddable":true,"href":"https:\/\/www.amserv.de\/fr\/wp-json\/wp\/v2\/pages\/349"}],"wp:attachment":[{"href":"https:\/\/www.amserv.de\/fr\/wp-json\/wp\/v2\/media?parent=371"}],"curies":[{"name":"wp","href":"https:\/\/api.w.org\/{rel}","templated":true}]}}