{"id":552,"date":"2024-03-08T02:24:50","date_gmt":"2024-03-08T01:24:50","guid":{"rendered":"https:\/\/www.amserv.de\/?page_id=552"},"modified":"2026-04-14T15:56:59","modified_gmt":"2026-04-14T13:56:59","slug":"impressum","status":"publish","type":"page","link":"https:\/\/www.amserv.de\/fr\/mentions-legales\/","title":{"rendered":"Mentions l\u00e9gales"},"content":{"rendered":"<h1>Impressum<\/h1>\n<h4>AMServ Verwaltungs GmbH<\/h4>\n<div>\n<p><strong>Handelsregisternummer<\/strong><br \/><span>HRB 20673<\/span><\/p>\n<\/div>\n<h4>AMServ Mitte GmbH &amp; Co. KG<\/h4>\n<div>\n<p><strong>Handelsregisternummer<\/strong><br \/><span>HRA 14965<\/span><br \/><strong>Umsatzsteuer-Identifikationsnummer<\/strong><span><\/span><br \/><span>DE814103235<\/span><\/p>\n<\/div>\n<h4>AMServ Nord GmbH &amp; Co. KG<\/h4>\n<div>\n<p><strong>Handelsregisternummer<\/strong><br \/><span>HRA 14967<\/span><br \/><strong>Umsatzsteuer-Identifikationsnummer<\/strong><span><\/span><br \/><span>DE814103251<\/span><\/p>\n<\/div>\n<h4>AMServ S\u00fcd GmbH &amp; Co. KG<\/h4>\n<div>\n<p><strong>Handelsregisternummer<\/strong><br \/><span>HRA 14968<\/span><br \/><strong>Umsatzsteuer-Identifikationsnummer<\/strong><span><\/span><br \/><span>DE814103325<\/span><\/p>\n<\/div>\n<h4>AMServ West GmbH &amp; Co. KG<\/h4>\n<div>\n<p><strong>Handelsregisternummer<\/strong><br \/><span>HRA 14969<\/span><br \/><strong>Umsatzsteuer-Identifikationsnummer<\/strong><span><\/span><br \/><span>DE814103309<\/span><\/p>\n<\/div>\n<div>\n<p>Es sind Gesellschaften nach deutschem Recht. Die Gesellschaften haben alle ihren Sitz in 86356 Neus\u00e4\u00df, Oskar-von-Miller Str. 2, Deutschland und sind im Handelsregister des Amtsgerichtes Augsburg eingetragen.<\/p>\n<p>Die Kommanditgesellschaften werden vertreten durch die pers\u00f6nlich haftende AMServ VerwaltungsGmbH. Diese wiederum wird vertreten durch ihre Gesch\u00e4ftsf\u00fchrer Herrn Karl Georg Kommissari und Matthias Christian Vogel.<\/p>\n<p>Die Anschrift der Gesellschaften: Oskar-von-Miller Str. 2, 86356 Neus\u00e4\u00df, Deutschland<br \/>Telefon: +49 821 48001-0<br \/>E-Mail:<span>\u00a0<\/span><a class=\"google-event\" href=\"mailto:info@amserv.de\" data-event-action=\"mailadresse_geklickt\" data-event-category=\"Klick\" data-event-label=\"info@amserv.de\">info@amserv.de<\/a><\/p>\n<\/div>\n<div>\n<p>AMServ ist eine eingetragene Marke, registriert mit der Registernummer 304 65 297 beim Deutschen Patent- und Markenamt, M\u00fcnchen, Deutschland und mit der Nr. 004778072 sowie 004778783 als Gemeinschaftsmarke beim HABM \u2013 Harmonisierungsamt f\u00fcr den Binnenmarkt, Alicante registriert.<\/p>\n<\/div>\n<h4>Copyright notice<\/h4>\n<div>All information published on this world wide web domain is provided as is without any representation or warranty of any kind either express or implied including but not limited to implied warranties for merchantability, fitness for a particular purpose or non-infringement. Any AMServ documentation may include technical inaccuracies or typographical errors. Changes and additions may be made by AMServ from time to time to any information contained herein. We accept no liability for any loss or damage caused by software or viruses.<\/div>\n<h4>Design, Konzeption und Umsetzung<\/h4>\n<div>\n<p>elbgraphen Werbeagentur GmbH<br \/><a target=\"_blank\" href=\"https:\/\/www.elbgraphen.de\/\" rel=\"noopener\">www.elbgraphen.de<\/a><\/p>\n<\/div>\n<h4>Bilder<\/h4>\n<div>\n<p>Alle ver\u00f6ffentlichten Bilder auf dieser Website unterliegen dem Urheberrecht. Eine Verwertung bedarf daher der Zustimmung der jeweiligen Urhebers.<\/p>\n<p>Bildnachweise auf<span>\u00a0<\/span><a href=\"https:\/\/www.amserv.de\/\">www.amserv.de<\/a><br \/><strong>stock.adobe.com<\/strong><br \/>1706894, Urheber: SemA<br \/>9810082, Urheber: Sylvain COLLET<br \/>44657202, Urheber: don57<br \/>55602107, Urheber: elilena<br \/>117341849, Urheber: serjiob74<br \/>141226249, Urheber: Mike Mareen<br \/>142958776, Urheber: eyetronic<br \/>143280631, Urheber: urbans78<br \/>164572599, Urheber: Werner<br \/>191758150, Urheber: peterschreiber.media<br \/>203253387, Urheber: ReeldealHD images<br \/>242328099, Urheber: rcfotostock<br \/>244094814, Urheber: Smileus<\/p>\n<p><strong>iStock.com<\/strong><br \/>910156076, Urheber: romaset<\/p>\n<p><strong>Headermotiv \u201eWasserkraft\u201c:<\/strong><span>\u00a0<\/span>Uniper Kraftwerke GmbH<\/p>\n<p><strong>Headermotiv \u201eStahl\u201c:<\/strong><span>\u00a0<\/span>Saarstahl AG<\/p>\n<p><strong>Headermotiv \u201eWasserversorgung\u201c:<\/strong><span>\u00a0<\/span>Sipplingen, Bodensee<\/p>\n<p><strong>Restliche Motive:<\/strong><span>\u00a0<\/span>AMServ Verwaltungs GmbH<\/p>\n<\/div>\n<h4>Kontakt<\/h4>\n<div>\n<p><strong>AMServ<\/strong><br \/>Service f\u00fcr rotierende<br \/>elektrische Maschinen<\/p>\n<\/div>\n<ul>\n<li>\n<p>        <img decoding=\"async\" src=\"\/wp-content\/uploads\/2024\/03\/phone.svg\" alt=\"\"><\/p>\n<div>\n<p><a href=\"tel:+498000267378\" class=\"google-event\" data-event-action=\"telefonnummer_geklickt\" data-event-category=\"Kontakt\" data-event-label=\"+498000267378\">+49 (0) 8000 267378<br \/>+49 (0) 8000 AMSERV<\/a><\/p>\n<\/div>\n<\/li>\n<li>\n<p>        <img decoding=\"async\" src=\"\/wp-content\/uploads\/2024\/03\/envelope.svg\" alt=\"\"><\/p>\n<div>\n<p><a href=\"mailto:info@amserv.de\" class=\"google-event\" data-event-action=\"mailadresse_geklickt\" data-event-category=\"Kontakt\" data-event-label=\"info@amserv.de\">info@amserv.de<\/a><\/p>\n<\/div>\n<\/li>\n<\/ul>\n<p><!--more--><br \/>\n<!-- {\"type\":\"layout\",\"children\":[{\"type\":\"section\",\"props\":{\"image_position\":\"center-center\",\"padding\":\"none\",\"style\":\"muted\",\"title_breakpoint\":\"xl\",\"title_position\":\"top-left\",\"title_rotation\":\"left\",\"vertical_align\":\"\",\"width\":\"default\"},\"children\":[{\"type\":\"row\",\"children\":[{\"type\":\"column\",\"props\":{\"image_position\":\"center-center\",\"position_sticky_breakpoint\":\"m\"},\"children\":[{\"type\":\"breadcrumbs\",\"props\":{\"home_text\":\"Home\",\"show_current\":true,\"show_home\":true}}]}]}],\"name\":\"Breadcrumbs\"},{\"type\":\"section\",\"props\":{\"image_position\":\"center-center\",\"padding\":\"small\",\"padding_remove_bottom\":false,\"style\":\"default\",\"title_breakpoint\":\"xl\",\"title_position\":\"top-left\",\"title_rotation\":\"left\",\"vertical_align\":\"\",\"width\":\"default\"},\"children\":[{\"type\":\"row\",\"props\":{\"layout\":\"2-3,1-3\"},\"children\":[{\"type\":\"column\",\"props\":{\"image_position\":\"center-center\",\"position_sticky_breakpoint\":\"m\",\"width_medium\":\"2-3\"},\"children\":[{\"type\":\"headline\",\"props\":{\"content\":\"Impressum\",\"content_en_gb\":\"Site notice\",\"content_fr_fr\":\"Mentions l\\u00e9gales\",\"title_element\":\"h1\"}},{\"type\":\"headline\",\"props\":{\"content\":\"AMServ Verwaltungs GmbH\",\"title_element\":\"h4\"}},{\"type\":\"text\",\"props\":{\"column_breakpoint\":\"m\",\"content\":\"\n\n<p><strong>Handelsregisternummer<\\\/strong><br \\\/><span>HRB 20673<\\\/span><\\\/p>\",\"content_en_gb\":\"\n\n<p><strong>Commercial register number<\\\/strong><br \\\/><span>HRB 20673<\\\/span><\\\/p>\",\"content_fr_fr\":\"\n\n<p><strong>registre du commerce et des soci\\u00e9t\\u00e9s<\\\/strong><br \\\/><span>HRB 20673<\\\/span><\\\/p>\",\"margin\":\"small\"}},{\"type\":\"headline\",\"props\":{\"content\":\"AMServ Mitte GmbH &amp; Co. KG\",\"title_element\":\"h4\"}},{\"type\":\"text\",\"props\":{\"column_breakpoint\":\"m\",\"content\":\"\n\n<p><strong>Handelsregisternummer<\\\/strong><br \\\/><span>HRA 14965<\\\/span><br \\\/><strong>Umsatzsteuer-Identifikationsnummer<\\\/strong><span><\\\/span><br \\\/><span>DE814103235<\\\/span><\\\/p>\",\"content_en_gb\":\"\n\n<p><strong>Commercial register number<\\\/strong><br \\\/><span>HRA 14965<\\\/span><br \\\/><strong>VAT identification number<\\\/strong><span><\\\/span><br \\\/><span>DE814103235<\\\/span><\\\/p>\",\"content_fr_fr\":\"\n\n<p><strong>registre du commerce et des soci\\u00e9t\\u00e9s<\\\/strong><br \\\/><span>HRA 14965<\\\/span><br \\\/><strong>TVA intracommunautaire<\\\/strong><span><\\\/span><br \\\/><span>DE814103235<\\\/span><\\\/p>\",\"margin\":\"small\"}},{\"type\":\"headline\",\"props\":{\"content\":\"AMServ Nord GmbH &amp; Co. KG\",\"title_element\":\"h4\"}},{\"type\":\"text\",\"props\":{\"column_breakpoint\":\"m\",\"content\":\"\n\n<p><strong>Handelsregisternummer<\\\/strong><br \\\/><span>HRA 14967<\\\/span><br \\\/><strong>Umsatzsteuer-Identifikationsnummer<\\\/strong><span><\\\/span><br \\\/><span>DE814103251<\\\/span><\\\/p>\",\"content_en_gb\":\"\n\n<p><strong>Commercial register number<\\\/strong><br \\\/><span>HRA 14967<\\\/span><br \\\/><strong>VAT identification number<\\\/strong><span><\\\/span><br \\\/><span>DE81410325<\\\/span><\\\/p>\",\"content_fr_fr\":\"\n\n<p><strong>registre du commerce et des soci\\u00e9t\\u00e9s<\\\/strong><br \\\/><span>HRA 14967<\\\/span><br \\\/><strong>TVA intracommunautaire<\\\/strong><span><\\\/span><br \\\/><span>DE814103251<\\\/span><\\\/p>\",\"margin\":\"small\"}},{\"type\":\"headline\",\"props\":{\"content\":\"AMServ S\\u00fcd GmbH &amp; Co. KG\",\"title_element\":\"h4\"}},{\"type\":\"text\",\"props\":{\"column_breakpoint\":\"m\",\"content\":\"\n\n<p><strong>Handelsregisternummer<\\\/strong><br \\\/><span>HRA 14968<\\\/span><br \\\/><strong>Umsatzsteuer-Identifikationsnummer<\\\/strong><span><\\\/span><br \\\/><span>DE814103325<\\\/span><\\\/p>\",\"content_en_gb\":\"\n\n<p><strong>Commercial register number<\\\/strong><br \\\/><span>HRA 14968<\\\/span><br \\\/><strong>VAT identification number<\\\/strong><span><\\\/span><br \\\/><span>DE814103325<\\\/span><\\\/p>\",\"content_fr_fr\":\"\n\n<p><strong>registre du commerce et des soci\\u00e9t\\u00e9s<\\\/strong><br \\\/><span>HRA 14968<\\\/span><br \\\/><strong>TVA intracommunautaire<\\\/strong><span><\\\/span><br \\\/><span>DE814103325<\\\/span><\\\/p>\",\"margin\":\"small\"}},{\"type\":\"headline\",\"props\":{\"content\":\"AMServ West GmbH &amp; Co. KG\",\"title_element\":\"h4\"}},{\"type\":\"text\",\"props\":{\"column_breakpoint\":\"m\",\"content\":\"\n\n<p><strong>Handelsregisternummer<\\\/strong><br \\\/><span>HRA 14969<\\\/span><br \\\/><strong>Umsatzsteuer-Identifikationsnummer<\\\/strong><span><\\\/span><br \\\/><span>DE814103309<\\\/span><\\\/p>\",\"content_en_gb\":\"\n\n<p><strong>Commercial register number<\\\/strong><br \\\/><span>HRA 14969<\\\/span><br \\\/><strong>VAT identification number<\\\/strong><span><\\\/span><br \\\/><span>DE814103309<\\\/span><\\\/p>\",\"content_fr_fr\":\"\n\n<p><strong>registre du commerce et des soci\\u00e9t\\u00e9s<\\\/strong><br \\\/><span>HRA 14969<\\\/span><br \\\/><strong>TVA intracommunautaire<\\\/strong><span><\\\/span><br \\\/><span>DE814103309<\\\/span><\\\/p>\",\"margin\":\"small\"}},{\"type\":\"text\",\"props\":{\"column_breakpoint\":\"m\",\"content\":\"\n\n<p>Es sind Gesellschaften nach deutschem Recht. Die Gesellschaften haben alle ihren Sitz in 86356 Neus\\u00e4\\u00df, Oskar-von-Miller Str. 2, Deutschland und sind im Handelsregister des Amtsgerichtes Augsburg eingetragen.<\\\/p>\\n\n\n<p>Die Kommanditgesellschaften werden vertreten durch die pers\\u00f6nlich haftende AMServ VerwaltungsGmbH. Diese wiederum wird vertreten durch ihre Gesch\\u00e4ftsf\\u00fchrer Herrn Karl Georg Kommissari und Matthias Christian Vogel.<\\\/p>\\n\n\n<p>Die Anschrift der Gesellschaften: Oskar-von-Miller Str. 2, 86356 Neus\\u00e4\\u00df, Deutschland<br \\\/>Telefon: +49 821 48001-0<br \\\/>E-Mail:<span>\\u00a0<\\\/span><a class=\\\"google-event\\\" href=\\\"mailto:info@amserv.de\\\" data-event-action=\\\"mailadresse_geklickt\\\" data-event-category=\\\"Klick\\\" data-event-label=\\\"info@amserv.de\\\">info@amserv.de<\\\/a><\\\/p>\",\"content_en_gb\":\"\n\n<p>These are companies under German law. The companies all have their registered office at 86356 Neus\\u00e4\\u00df, Oskar-von-Miller Str. 2, Germany and are entered in the commercial register of the Augsburg District Court.<\\\/p>\\n\n\n<p>The limited partnerships are represented by the individually liable AMServ VerwaltungsGmbH. This company is, in turn, represented by its managing directors Mr Karl Georg Kommissari and Matthias Christian Vogel.<\\\/p>\\n\n\n<p>The company addresses: Oskar-von-Miller Str. 2, 86356 Neus\\u00e4\\u00df, Germany<br \\\/>Telephone: +49 821 48001-0<br \\\/>Email:<span>\\u00a0<\\\/span><span id=\\\"cloak3cc4a064b4ed86631771269d69cfe7d8\\\"><a class=\\\"google-event\\\" href=\\\"mailto:info@amserv.de\\\" data-event-action=\\\"Klick\\\" data-event-category=\\\"Mailadresse\\\" data-event-label=\\\"info@amserv.de\\\">info@amserv.de<\\\/a><\\\/span><\\\/p>\",\"content_fr_fr\":\"\n\n<p>Ce sont des soci\\u00e9t\\u00e9s r\\u00e9gies par le droit allemand. Le si\\u00e8ge social de toutes les soci\\u00e9t\\u00e9s se situe \\u00e0 86356 Neus\\u00e4\\u00df, Oskar-von-Miller Str. 2, en Allemagne, et elles sont toutes port\\u00e9es au registre du commerce du tribunal cantonal d'Augsbourg.<\\\/p>\\n\n\n<p>Les soci\\u00e9t\\u00e9s en commandite sont repr\\u00e9sent\\u00e9es par la soci\\u00e9t\\u00e9 personnellement responsable AMServ VerwaltungsGmbH. Celle-ci est elle-m\\u00eame repr\\u00e9sent\\u00e9e par son g\\u00e9rant Monsieur Karl Georg Kommissari<span> et Matthias Christian Vogel.<\\\/span><\\\/p>\\n\n\n<p>L'adresse des soci\\u00e9t\\u00e9s\\u00a0: Oskar-von-Miller Str. 2, 86356 Neus\\u00e4\\u00df, Allemagne<br \\\/>T\\u00e9l\\u00e9phone\\u00a0: +49 821 48001-0<br \\\/>E-Mail:<span>\\u00a0<\\\/span><span id=\\\"cloak2ed75a83de431a2f74558aa5559364d3\\\"><a class=\\\"google-event\\\" href=\\\"mailto:info@amserv.de\\\" data-event-action=\\\"Klick\\\" data-event-category=\\\"Mailadresse\\\" data-event-label=\\\"info@amserv.de\\\">info@amserv.de<\\\/a><\\\/span><\\\/p>\",\"margin\":\"default\"}},{\"type\":\"text\",\"props\":{\"column_breakpoint\":\"m\",\"content\":\"\n\n<p>AMServ ist eine eingetragene Marke, registriert mit der Registernummer 304 65 297 beim Deutschen Patent- und Markenamt, M\\u00fcnchen, Deutschland und mit der Nr. 004778072 sowie 004778783 als Gemeinschaftsmarke beim HABM \\u2013 Harmonisierungsamt f\\u00fcr den Binnenmarkt, Alicante registriert.<\\\/p>\",\"content_en_gb\":\"\n\n<p><span>AMServ is a registered trade mark, registered under Number 304 65 297 at the German Patent and Trademark Office, Munich, Germany and under Number 004778072 and 004778783 as a community trade mark at the Office for Harmonisation in the Internal Market in Alicante.<\\\/span><\\\/p>\",\"content_fr_fr\":\"\n\n<p><span>AMServ est une marque d\\u00e9pos\\u00e9e, enregistr\\u00e9e sous le num\\u00e9ro 304 65 297 aupr\\u00e8s de l'Office allemand des brevets et des marques \\u00e0 Munich en Allemagne, et est enregistr\\u00e9e sous le num\\u00e9ro 004778072 ainsi que 004778783 comme marque communautaire aupr\\u00e8s de l'OHMI \\u2013 Office de l'harmonisation dans le march\\u00e9 int\\u00e9rieur, Alicante.<\\\/span><\\\/p>\",\"margin\":\"default\"}},{\"type\":\"headline\",\"props\":{\"content\":\"Copyright notice\",\"content_en_gb\":\"Copyright notice\",\"content_fr_fr\":\"avis de droit d'auteur\",\"title_element\":\"h4\"}},{\"type\":\"text\",\"props\":{\"column_breakpoint\":\"m\",\"content\":\"All information published on this world wide web domain is provided as is without any representation or warranty of any kind either express or implied including but not limited to implied warranties for merchantability, fitness for a particular purpose or non-infringement. Any AMServ documentation may include technical inaccuracies or typographical errors. Changes and additions may be made by AMServ from time to time to any information contained herein. We accept no liability for any loss or damage caused by software or viruses.\",\"content_en_gb\":\"\n\n<p><span>All information published on this world wide web domain is provided as is without any representation or warranty of any kind either express or implied including but not limited to implied warranties for merchantability, fitness for a particular purpose or non-infringement. Any AMServ documentation may include technical inaccuracies or typographical errors. Changes and additions may be made by AMServ from time to time to any information contained herein. We accept no liability for any loss or damage caused by software or viruses.<\\\/span><\\\/p>\",\"content_fr_fr\":\"\n\n<p><span>Toute information publi\\u00e9e sur ce domaine Internet est fournie telle quelle, sans aucune repr\\u00e9sentation ou garantie d'aucune sorte, expresse ou implicite, y compris mais sans s'y limiter, les garanties implicites de qualit\\u00e9 marchande, d'adaptation \\u00e0 un usage particulier ou de non-contrefa\\u00e7on. La documentation d'AMServ peut contenir des inexactitudes techniques ou des erreurs typographiques. AMServ se r\\u00e9serve le droit d'apporter \\u00e0 tout moment des modifications et des ajouts aux informations contenues dans le pr\\u00e9sent document. Nous d\\u00e9clinons toute responsabilit\\u00e9 en cas de perte ou de dommage caus\\u00e9(e) par un logiciel ou un virus.<\\\/span><\\\/p>\",\"margin\":\"small\"}},{\"type\":\"headline\",\"props\":{\"content\":\"Design, Konzeption und Umsetzung\",\"content_en_gb\":\"design, concept and implementation\",\"content_fr_fr\":\"design, conception et mise en page\",\"title_element\":\"h4\"}},{\"type\":\"text\",\"props\":{\"column_breakpoint\":\"m\",\"content\":\"\n\n<p>elbgraphen Werbeagentur GmbH<br \\\/><a target=\\\"_blank\\\" href=\\\"https:\\\/\\\/www.elbgraphen.de\\\/\\\" rel=\\\"noopener\\\">www.elbgraphen.de<\\\/a><\\\/p>\",\"margin\":\"small\"}},{\"type\":\"headline\",\"props\":{\"content\":\"Bilder\",\"content_en_gb\":\"images\",\"content_fr_fr\":\"photos\",\"title_element\":\"h4\"}},{\"type\":\"text\",\"props\":{\"column_breakpoint\":\"m\",\"content\":\"\n\n<p>Alle ver\\u00f6ffentlichten Bilder auf dieser Website unterliegen dem Urheberrecht. Eine Verwertung bedarf daher der Zustimmung der jeweiligen Urhebers.<\\\/p>\\n\n\n<p>Bildnachweise auf<span>\\u00a0<\\\/span><a href=\\\"https:\\\/\\\/www.amserv.de\\\/\\\">www.amserv.de<\\\/a><br \\\/><strong>stock.adobe.com<\\\/strong><br \\\/>1706894, Urheber: SemA<br \\\/>9810082, Urheber: Sylvain COLLET<br \\\/>44657202, Urheber: don57<br \\\/>55602107, Urheber: elilena<br \\\/>117341849, Urheber: serjiob74<br \\\/>141226249, Urheber: Mike Mareen<br \\\/>142958776, Urheber: eyetronic<br \\\/>143280631, Urheber: urbans78<br \\\/>164572599, Urheber: Werner<br \\\/>191758150, Urheber: peterschreiber.media<br \\\/>203253387, Urheber: ReeldealHD images<br \\\/>242328099, Urheber: rcfotostock<br \\\/>244094814, Urheber: Smileus<\\\/p>\\n\n\n<p><strong>iStock.com<\\\/strong><br \\\/>910156076, Urheber: romaset<\\\/p>\\n\n\n<p><strong>Headermotiv \\u201eWasserkraft\\u201c:<\\\/strong><span>\\u00a0<\\\/span>Uniper Kraftwerke GmbH<\\\/p>\\n\n\n<p><strong>Headermotiv \\u201eStahl\\u201c:<\\\/strong><span>\\u00a0<\\\/span>Saarstahl AG<\\\/p>\\n\n\n<p><strong>Headermotiv \\u201eWasserversorgung\\u201c:<\\\/strong><span>\\u00a0<\\\/span>Sipplingen, Bodensee<\\\/p>\\n\n\n<p><strong>Restliche Motive:<\\\/strong><span>\\u00a0<\\\/span>AMServ Verwaltungs GmbH<\\\/p>\",\"content_en_gb\":\"\n\n<p>All images published on this website are protected under copyright law. The permission of the respective copyright holder is required to use any images.<\\\/p>\\n\n\n<p>Picture credits on<span>\\u00a0<\\\/span><a href=\\\"https:\\\/\\\/www.amserv.de\\\/\\\">www.amserv.de<\\\/a><br \\\/><strong>stock.adobe.com<\\\/strong><br \\\/>1706894, Copyright holder: SemA<br \\\/>9810082, Copyright holder: Sylvain COLLET<br \\\/>44657202, Copyright holder: don57<br \\\/>55602107, Copyright holder: elilena<br \\\/>117341849, Copyright holder: serjiob74<br \\\/>141226249, Copyright holder: Mike Mareen<br \\\/>142958776, Copyright holder: eyetronic<br \\\/>143280631, Copyright holder: urbans78<br \\\/>164572599, Copyright holder: Werner<br \\\/>191758150, Copyright holder: peterschreiber.media<br \\\/>203253387, Copyright holder: ReeldealHD images<br \\\/>242328099, Copyright holder: rcfotostock<br \\\/>244094814, Copyright holder: Smileus<\\\/p>\\n\n\n<p><strong>iStock.com<\\\/strong><br \\\/>910156076, Copyright holder: romaset<\\\/p>\\n\n\n<p><strong>Header image \\u201cWater power\\u201d:<\\\/strong><span>\\u00a0<\\\/span>Uniper Kraftwerke GmbH<\\\/p>\\n\n\n<p><strong>Header image \\u201cSteel\\u201d:<\\\/strong><span>\\u00a0<\\\/span>Saarstahl AG<\\\/p>\\n\n\n<p><strong>Header image \\u201cWater supply\\u201d:<\\\/strong><span>\\u00a0<\\\/span>Sipplingen, Lake Constance<\\\/p>\\n\n\n<p><strong>Other images:<\\\/strong><span>\\u00a0<\\\/span>AMServ Verwaltungs GmbH<\\\/p>\",\"content_fr_fr\":\"\n\n<p>Toutes les photos publi\\u00e9es sur ce site sont soumises au droit d'auteur. Toute utilisation requiert donc le consentement de l'auteur respectif.<\\\/p>\\n\n\n<p>Cr\\u00e9dits photos sur<span>\\u00a0<\\\/span><a href=\\\"https:\\\/\\\/www.amserv.de\\\/\\\">www.amserv.de<\\\/a><br \\\/><strong>stock.adobe.com<\\\/strong><br \\\/>1706894, auteur\\u00a0: SemA<br \\\/>9810082, auteur\\u00a0: Sylvain COLLET<br \\\/>44657202, auteur\\u00a0: don57<br \\\/>55602107, auteur\\u00a0: elilena<br \\\/>117341849, auteur\\u00a0: serjiob74<br \\\/>141226249, auteur\\u00a0: Mike Mareen<br \\\/>142958776, auteur\\u00a0: eyetronic<br \\\/>143280631, auteur\\u00a0: urbans78<br \\\/>164572599, auteur\\u00a0: Werner<br \\\/>191758150, auteur\\u00a0: peterschreiber.media<br \\\/>203253387, auteur\\u00a0: ReeldealHD images<br \\\/>242328099, auteur\\u00a0: rcfotostock<br \\\/>244094814, auteur\\u00a0: Smileus<\\\/p>\\n\n\n<p><strong>iStock.com<\\\/strong><br \\\/>910156076, auteur\\u00a0: romaset<\\\/p>\\n\n\n<p><strong>motif de l'en-t\\u00eate \\u00ab\\u00a0\\u00c9nergie hydraulique\\u00a0\\u00bb\\u00a0:<\\\/strong><span>\\u00a0<\\\/span>Uniper Kraftwerke GmbH<\\\/p>\\n\n\n<p><strong>motif de l'en-t\\u00eate \\u00ab\\u00a0Acier\\u00a0\\u00bb\\u00a0:<\\\/strong><span>\\u00a0<\\\/span>Saarstahl AG<\\\/p>\\n\n\n<p><strong>motif de l'en-t\\u00eate \\u00ab\\u00a0Approvisionnement en eau\\u00a0\\u00bb\\u00a0:<\\\/strong><span>\\u00a0<\\\/span>Sipplingen, Lac de Constance<\\\/p>\\n\n\n<p><strong>Autres motifs\\u00a0:<\\\/strong><span>\\u00a0<\\\/span>AMServ Verwaltungs GmbH<\\\/p>\",\"margin\":\"small\"}}]},{\"type\":\"column\",\"props\":{\"image_position\":\"center-center\",\"position_sticky\":\"column\",\"position_sticky_breakpoint\":\"m\",\"position_sticky_offset\":\"80\",\"width_medium\":\"1-3\"},\"children\":[{\"type\":\"headline\",\"props\":{\"content\":\"Kontakt\",\"content_en_gb\":\"Contact\",\"content_fr_fr\":\"Contact\",\"title_element\":\"h4\"},\"name\":\"Sidebar Headline\"},{\"type\":\"text\",\"props\":{\"column_breakpoint\":\"m\",\"content\":\"\n\n<p><strong>AMServ<\\\/strong><br \\\/>Service f\\u00fcr rotierende<br \\\/>elektrische Maschinen<\\\/p>\",\"content_en_gb\":\"\n\n<p><strong>AMServ<\\\/strong><br \\\/>Service for rotating<br \/> electrical machines<\\\/p>\",\"content_fr_fr\":\"\n\n<p><strong>AMServ<\\\/strong><br \\\/>Service pour machines<br \/>\\u00e9lectriques tournantes<\\\/p>\",\"margin\":\"small\"},\"name\":\"Sidebar Text\"},{\"type\":\"list\",\"props\":{\"class\":\"sidebarContactList\",\"column_breakpoint\":\"m\",\"icon_color\":\"emphasis\",\"icon_width\":\"25\",\"image_align\":\"left\",\"image_svg_color\":\"emphasis\",\"image_svg_inline\":true,\"image_vertical_align\":false,\"image_width\":\"18\",\"list_element\":\"ul\",\"list_horizontal_separator\":\", \",\"list_type\":\"vertical\",\"show_image\":true,\"show_link\":true},\"children\":[{\"type\":\"list_item\",\"props\":{\"content\":\"\n\n<p><a href=\\\"tel:+498000267378\\\" class=\\\"google-event\\\" data-event-action=\\\"telefonnummer_geklickt\\\" data-event-category=\\\"Kontakt\\\" data-event-label=\\\"+498000267378\\\">+49 (0) 8000 267378<br \\\/>+49 (0) 8000 AMSERV<\\\/a><\\\/p>\",\"icon\":\"\",\"image\":\"wp-content\\\/uploads\\\/2024\\\/03\\\/phone.svg\"}},{\"type\":\"list_item\",\"props\":{\"content\":\"\n\n<p><a href=\\\"mailto:info@amserv.de\\\" class=\\\"google-event\\\" data-event-action=\\\"mailadresse_geklickt\\\" data-event-category=\\\"Kontakt\\\" data-event-label=\\\"info@amserv.de\\\">info@amserv.de<\\\/a><\\\/p>\",\"icon\":\"\",\"image\":\"wp-content\\\/uploads\\\/2024\\\/03\\\/envelope.svg\"}}],\"name\":\"Liste-Kontakt2\"}]}]}],\"name\":\"Zweispaltig\"}],\"version\":\"4.5.25\"} --><\/p>\n","protected":false},"excerpt":{"rendered":"<p>Impressum AMServ Verwaltungs GmbH HandelsregisternummerHRB 20673 AMServ Mitte GmbH &amp; Co. KG HandelsregisternummerHRA 14965Umsatzsteuer-IdentifikationsnummerDE814103235 AMServ Nord GmbH &amp; Co. KG HandelsregisternummerHRA 14967Umsatzsteuer-IdentifikationsnummerDE814103251 AMServ S\u00fcd GmbH &amp; Co. KG HandelsregisternummerHRA 14968Umsatzsteuer-IdentifikationsnummerDE814103325 AMServ West GmbH &amp; Co. KG HandelsregisternummerHRA 14969Umsatzsteuer-IdentifikationsnummerDE814103309 Es sind Gesellschaften nach deutschem Recht. Die Gesellschaften haben alle ihren Sitz in 86356 Neus\u00e4\u00df, Oskar-von-Miller Str. [&#8230;]<\/p>\n<p><a class=\"el-content uk-button uk-button-primary uk-margin-remove-bottom excerpt\" href=\"https:\/\/www.amserv.de\/fr\/mentions-legales\/\">Continuer&#8230;<\/a><\/p>\n","protected":false},"author":2,"featured_media":0,"parent":0,"menu_order":0,"comment_status":"closed","ping_status":"closed","template":"","meta":{"footnotes":""},"class_list":["post-552","page","type-page","status-publish","hentry"],"_links":{"self":[{"href":"https:\/\/www.amserv.de\/fr\/wp-json\/wp\/v2\/pages\/552","targetHints":{"allow":["GET"]}}],"collection":[{"href":"https:\/\/www.amserv.de\/fr\/wp-json\/wp\/v2\/pages"}],"about":[{"href":"https:\/\/www.amserv.de\/fr\/wp-json\/wp\/v2\/types\/page"}],"author":[{"embeddable":true,"href":"https:\/\/www.amserv.de\/fr\/wp-json\/wp\/v2\/users\/2"}],"replies":[{"embeddable":true,"href":"https:\/\/www.amserv.de\/fr\/wp-json\/wp\/v2\/comments?post=552"}],"version-history":[{"count":50,"href":"https:\/\/www.amserv.de\/fr\/wp-json\/wp\/v2\/pages\/552\/revisions"}],"predecessor-version":[{"id":3122,"href":"https:\/\/www.amserv.de\/fr\/wp-json\/wp\/v2\/pages\/552\/revisions\/3122"}],"wp:attachment":[{"href":"https:\/\/www.amserv.de\/fr\/wp-json\/wp\/v2\/media?parent=552"}],"curies":[{"name":"wp","href":"https:\/\/api.w.org\/{rel}","templated":true}]}}